{"id":882,"date":"2024-05-08T10:20:08","date_gmt":"2024-05-08T13:20:08","guid":{"rendered":"http:\/\/www.argus-engenharia.com.br\/?page_id=882"},"modified":"2025-02-04T17:57:00","modified_gmt":"2025-02-04T20:57:00","slug":"ouvidoria","status":"publish","type":"page","link":"https:\/\/www.argus-engenharia.com.br\/site\/ouvidoria\/","title":{"rendered":"Ouvidoria"},"content":{"rendered":"<h1>Ouvidoria<\/h1>\n<div>Esse canal \u00e9 exclusivo para relatar pr\u00e1ticas ou atos que sejam contr\u00e1rios ao nosso C\u00f3digo de \u00c9tica e Conduta. Assuntos diversos n\u00e3o ser\u00e3o tratados por esse canal.<\/div>\n<div>Todos as den\u00fancias ser\u00e3o tratadas com total confidencialidade e o denunciante ter\u00e1 resguardado o sigilo de sua identidade, respeito e \u00e9tica no processo de den\u00fancia, assim como investiga\u00e7\u00e3o imparcial.<\/div>\n<div>O denunciante receber\u00e1 esclarecimentos e retorno cab\u00edveis sobre a den\u00fancia realizada desde que sua identidade seja informada. A den\u00fancia an\u00f4nima ser\u00e1 tratada, mas n\u00e3o garante um retorno ao denunciante.<\/div>\n<div>Voc\u00ea n\u00e3o precisa se identificar, as mensagens enviadas por esta p\u00e1gina s\u00e3o an\u00f4nimas.<\/div>\n<div>Envie sua mensagem:<\/div>\n<div>\n\n<div class=\"wpcf7 no-js\" id=\"wpcf7-f916-o1\" lang=\"pt-BR\" dir=\"ltr\" data-wpcf7-id=\"916\">\n<div class=\"screen-reader-response\"><p role=\"status\" aria-live=\"polite\" aria-atomic=\"true\"><\/p> <ul><\/ul><\/div>\n<form action=\"\/site\/wp-json\/wp\/v2\/pages\/882#wpcf7-f916-o1\" method=\"post\" class=\"wpcf7-form init\" aria-label=\"Formul\u00e1rios de contato\" novalidate=\"novalidate\" data-status=\"init\">\n<fieldset class=\"hidden-fields-container\"><input type=\"hidden\" name=\"_wpcf7\" value=\"916\" \/><input type=\"hidden\" name=\"_wpcf7_version\" value=\"6.1.5\" \/><input type=\"hidden\" name=\"_wpcf7_locale\" value=\"pt_BR\" \/><input type=\"hidden\" name=\"_wpcf7_unit_tag\" value=\"wpcf7-f916-o1\" \/><input type=\"hidden\" name=\"_wpcf7_container_post\" value=\"0\" \/><input type=\"hidden\" name=\"_wpcf7_posted_data_hash\" value=\"\" \/><input type=\"hidden\" name=\"_wpcf7_recaptcha_response\" value=\"\" \/>\n<\/fieldset>\n<div class=\"uk-margin\">\n\t<p><span class=\"wpcf7-form-control-wrap\" data-name=\"arg-nome\"><input size=\"40\" maxlength=\"400\" class=\"wpcf7-form-control wpcf7-text uk-input\" aria-invalid=\"false\" placeholder=\"Seu nome\" value=\"\" type=\"text\" name=\"arg-nome\" \/><\/span>\n\t<\/p>\n<\/div>\n<div class=\"uk-margin\">\n\t<p><span class=\"wpcf7-form-control-wrap\" data-name=\"arg-mail\"><input size=\"40\" maxlength=\"400\" class=\"wpcf7-form-control wpcf7-email wpcf7-text wpcf7-validates-as-email uk-input\" aria-invalid=\"false\" placeholder=\"Seu e-mail\" value=\"\" type=\"email\" name=\"arg-mail\" \/><\/span>\n\t<\/p>\n<\/div>\n<div class=\"uk-margin\">\n\t<p><span class=\"wpcf7-form-control-wrap\" data-name=\"arg-fone\"><input size=\"40\" maxlength=\"400\" class=\"wpcf7-form-control wpcf7-text uk-input\" aria-invalid=\"false\" placeholder=\"Seu telefone\" value=\"\" type=\"text\" name=\"arg-fone\" \/><\/span>\n\t<\/p>\n<\/div>\n<div class=\"uk-margin\">\n\t<p><span class=\"wpcf7-form-control-wrap\" data-name=\"arg-msg\"><textarea cols=\"40\" rows=\"3\" maxlength=\"2000\" class=\"wpcf7-form-control wpcf7-textarea wpcf7-validates-as-required uk-textarea\" aria-required=\"true\" aria-invalid=\"false\" placeholder=\"Sua mensagem\" name=\"arg-msg\"><\/textarea><\/span>\n\t<\/p>\n<\/div>\n<div class=\"uk-margin\">\n\t<p><input class=\"wpcf7-form-control wpcf7-submit has-spinner uk-button uk-button-default\" type=\"submit\" value=\"Enviar\" \/>\n\t<\/p>\n<\/div><div class=\"wpcf7-response-output\" aria-hidden=\"true\"><\/div>\n<\/form>\n<\/div>\n<\/div>\n<p><!--more--><br \/>\n<!-- {\"type\":\"layout\",\"children\":[{\"type\":\"section\",\"props\":{\"image_position\":\"center-center\",\"style\":\"default\",\"title_breakpoint\":\"xl\",\"title_position\":\"top-left\",\"title_rotation\":\"left\",\"vertical_align\":\"middle\",\"width\":\"default\"},\"children\":[{\"type\":\"row\",\"props\":{\"layout\":\"1-2,1-2\"},\"children\":[{\"type\":\"column\",\"props\":{\"image_position\":\"center-center\",\"padding\":\"small\",\"position_sticky_breakpoint\":\"m\",\"style\":\"tile-primary\",\"vertical_align\":\"middle\",\"width_medium\":\"1-2\"},\"children\":[{\"type\":\"headline\",\"props\":{\"content\":\"Ouvidoria\",\"title_decoration\":\"divider\",\"title_element\":\"h1\"}},{\"type\":\"text\",\"props\":{\"column_breakpoint\":\"m\",\"content\":\"Esse canal \\u00e9 exclusivo para relatar pr\\u00e1ticas ou atos que sejam contr\\u00e1rios ao nosso C\\u00f3digo de \\u00c9tica e Conduta. Assuntos diversos n\\u00e3o ser\\u00e3o tratados por esse canal.\",\"margin\":\"default\"}},{\"type\":\"text\",\"props\":{\"column_breakpoint\":\"m\",\"content\":\"Todos as den\\u00fancias ser\\u00e3o tratadas com total confidencialidade e o denunciante ter\\u00e1 resguardado o sigilo de sua identidade, respeito e \\u00e9tica no processo de den\\u00fancia, assim como investiga\\u00e7\\u00e3o imparcial.\",\"margin\":\"default\"}},{\"type\":\"text\",\"props\":{\"column_breakpoint\":\"m\",\"content\":\"O denunciante receber\\u00e1 esclarecimentos e retorno cab\\u00edveis sobre a den\\u00fancia realizada desde que sua identidade seja informada. A den\\u00fancia an\\u00f4nima ser\\u00e1 tratada, mas n\\u00e3o garante um retorno ao denunciante.\",\"margin\":\"default\"}}]},{\"type\":\"column\",\"props\":{\"image_position\":\"center-center\",\"position_sticky_breakpoint\":\"m\",\"style\":\"card-primary\",\"width_medium\":\"1-2\"},\"children\":[{\"type\":\"text\",\"props\":{\"column_breakpoint\":\"m\",\"content\":\"Voc\\u00ea n\\u00e3o precisa se identificar, as mensagens enviadas por esta p\\u00e1gina s\\u00e3o an\\u00f4nimas.\",\"margin\":\"default\",\"text_style\":\"meta\"}},{\"type\":\"text\",\"props\":{\"column_breakpoint\":\"m\",\"content\":\"Envie sua mensagem:\",\"margin\":\"default\"}},{\"type\":\"html\",\"props\":{\"content\":\"[contact-form-7 id=\\\"7616fac\\\" title=\\\"Contato Ouvidoria\\\"]\"}}]}]}]}],\"version\":\"4.1.3\"} --><\/p>\n","protected":false},"excerpt":{"rendered":"<p>Ouvidoria Esse canal \u00e9 exclusivo para relatar pr\u00e1ticas ou atos que sejam contr\u00e1rios ao nosso C\u00f3digo de \u00c9tica e Conduta. Assuntos diversos n\u00e3o ser\u00e3o tratados por esse canal. Todos as den\u00fancias ser\u00e3o tratadas com total confidencialidade e o denunciante ter\u00e1 resguardado o sigilo de sua identidade, respeito e \u00e9tica no processo de den\u00fancia, assim como [&hellip;]<\/p>\n","protected":false},"author":1,"featured_media":0,"parent":0,"menu_order":0,"comment_status":"closed","ping_status":"closed","template":"","meta":{"_joinchat":[],"footnotes":""},"class_list":["post-882","page","type-page","status-publish","hentry"],"yoast_head":"<!-- This site is optimized with the Yoast SEO plugin v27.5 - https:\/\/yoast.com\/product\/yoast-seo-wordpress\/ -->\n<title>Ouvidoria - Argus Engenharia<\/title>\n<meta name=\"robots\" content=\"index, follow, max-snippet:-1, max-image-preview:large, max-video-preview:-1\" \/>\n<link rel=\"canonical\" href=\"http:\/\/www.argus-engenharia.com.br\/ouvidoria\/\" \/>\n<meta property=\"og:locale\" content=\"pt_BR\" \/>\n<meta property=\"og:type\" content=\"article\" \/>\n<meta property=\"og:title\" content=\"Ouvidoria - Argus Engenharia\" \/>\n<meta property=\"og:description\" content=\"Ouvidoria Esse canal \u00e9 exclusivo para relatar pr\u00e1ticas ou atos que sejam contr\u00e1rios ao nosso C\u00f3digo de \u00c9tica e Conduta. Assuntos diversos n\u00e3o ser\u00e3o tratados por esse canal. Todos as den\u00fancias ser\u00e3o tratadas com total confidencialidade e o denunciante ter\u00e1 resguardado o sigilo de sua identidade, respeito e \u00e9tica no processo de den\u00fancia, assim como [&hellip;]\" \/>\n<meta property=\"og:url\" content=\"http:\/\/www.argus-engenharia.com.br\/ouvidoria\/\" \/>\n<meta property=\"og:site_name\" content=\"Argus Engenharia\" \/>\n<meta property=\"article:modified_time\" content=\"2025-02-04T20:57:00+00:00\" \/>\n<meta name=\"twitter:card\" content=\"summary_large_image\" \/>\n<meta name=\"twitter:label1\" content=\"Est. tempo de leitura\" \/>\n\t<meta name=\"twitter:data1\" content=\"1 minuto\" \/>\n<script type=\"application\/ld+json\" class=\"yoast-schema-graph\">{\"@context\":\"https:\\\/\\\/schema.org\",\"@graph\":[{\"@type\":\"WebPage\",\"@id\":\"http:\\\/\\\/www.argus-engenharia.com.br\\\/ouvidoria\\\/\",\"url\":\"http:\\\/\\\/www.argus-engenharia.com.br\\\/ouvidoria\\\/\",\"name\":\"Ouvidoria - Argus Engenharia\",\"isPartOf\":{\"@id\":\"http:\\\/\\\/www.argus-engenharia.com.br\\\/#website\"},\"datePublished\":\"2024-05-08T13:20:08+00:00\",\"dateModified\":\"2025-02-04T20:57:00+00:00\",\"breadcrumb\":{\"@id\":\"http:\\\/\\\/www.argus-engenharia.com.br\\\/ouvidoria\\\/#breadcrumb\"},\"inLanguage\":\"pt-BR\",\"potentialAction\":[{\"@type\":\"ReadAction\",\"target\":[\"http:\\\/\\\/www.argus-engenharia.com.br\\\/ouvidoria\\\/\"]}]},{\"@type\":\"BreadcrumbList\",\"@id\":\"http:\\\/\\\/www.argus-engenharia.com.br\\\/ouvidoria\\\/#breadcrumb\",\"itemListElement\":[{\"@type\":\"ListItem\",\"position\":1,\"name\":\"In\u00edcio\",\"item\":\"http:\\\/\\\/www.argus-engenharia.com.br\\\/\"},{\"@type\":\"ListItem\",\"position\":2,\"name\":\"Ouvidoria\"}]},{\"@type\":\"WebSite\",\"@id\":\"http:\\\/\\\/www.argus-engenharia.com.br\\\/#website\",\"url\":\"http:\\\/\\\/www.argus-engenharia.com.br\\\/\",\"name\":\"Argus Engenharia\",\"description\":\"Produtos e Sistemas contra Inc\u00eandio\",\"publisher\":{\"@id\":\"http:\\\/\\\/www.argus-engenharia.com.br\\\/#organization\"},\"potentialAction\":[{\"@type\":\"SearchAction\",\"target\":{\"@type\":\"EntryPoint\",\"urlTemplate\":\"http:\\\/\\\/www.argus-engenharia.com.br\\\/?s={search_term_string}\"},\"query-input\":{\"@type\":\"PropertyValueSpecification\",\"valueRequired\":true,\"valueName\":\"search_term_string\"}}],\"inLanguage\":\"pt-BR\"},{\"@type\":\"Organization\",\"@id\":\"http:\\\/\\\/www.argus-engenharia.com.br\\\/#organization\",\"name\":\"Argus Engenharia\",\"url\":\"http:\\\/\\\/www.argus-engenharia.com.br\\\/\",\"logo\":{\"@type\":\"ImageObject\",\"inLanguage\":\"pt-BR\",\"@id\":\"http:\\\/\\\/www.argus-engenharia.com.br\\\/#\\\/schema\\\/logo\\\/image\\\/\",\"url\":\"http:\\\/\\\/www.argus-engenharia.com.br\\\/site\\\/wp-content\\\/uploads\\\/2023\\\/10\\\/arg-logo-cor.svg\",\"contentUrl\":\"http:\\\/\\\/www.argus-engenharia.com.br\\\/site\\\/wp-content\\\/uploads\\\/2023\\\/10\\\/arg-logo-cor.svg\",\"width\":1,\"height\":1,\"caption\":\"Argus Engenharia\"},\"image\":{\"@id\":\"http:\\\/\\\/www.argus-engenharia.com.br\\\/#\\\/schema\\\/logo\\\/image\\\/\"},\"sameAs\":[\"https:\\\/\\\/www.linkedin.com\\\/company\\\/argus-produtos-e-sistemas-contra-inc-ndio\\\/\",\"https:\\\/\\\/www.instagram.com\\\/argusengenhariabrasil\"]}]}<\/script>\n<!-- \/ Yoast SEO plugin. -->","yoast_head_json":{"title":"Ouvidoria - Argus Engenharia","robots":{"index":"index","follow":"follow","max-snippet":"max-snippet:-1","max-image-preview":"max-image-preview:large","max-video-preview":"max-video-preview:-1"},"canonical":"http:\/\/www.argus-engenharia.com.br\/ouvidoria\/","og_locale":"pt_BR","og_type":"article","og_title":"Ouvidoria - Argus Engenharia","og_description":"Ouvidoria Esse canal \u00e9 exclusivo para relatar pr\u00e1ticas ou atos que sejam contr\u00e1rios ao nosso C\u00f3digo de \u00c9tica e Conduta. Assuntos diversos n\u00e3o ser\u00e3o tratados por esse canal. Todos as den\u00fancias ser\u00e3o tratadas com total confidencialidade e o denunciante ter\u00e1 resguardado o sigilo de sua identidade, respeito e \u00e9tica no processo de den\u00fancia, assim como [&hellip;]","og_url":"http:\/\/www.argus-engenharia.com.br\/ouvidoria\/","og_site_name":"Argus Engenharia","article_modified_time":"2025-02-04T20:57:00+00:00","twitter_card":"summary_large_image","twitter_misc":{"Est. tempo de leitura":"1 minuto"},"schema":{"@context":"https:\/\/schema.org","@graph":[{"@type":"WebPage","@id":"http:\/\/www.argus-engenharia.com.br\/ouvidoria\/","url":"http:\/\/www.argus-engenharia.com.br\/ouvidoria\/","name":"Ouvidoria - Argus Engenharia","isPartOf":{"@id":"http:\/\/www.argus-engenharia.com.br\/#website"},"datePublished":"2024-05-08T13:20:08+00:00","dateModified":"2025-02-04T20:57:00+00:00","breadcrumb":{"@id":"http:\/\/www.argus-engenharia.com.br\/ouvidoria\/#breadcrumb"},"inLanguage":"pt-BR","potentialAction":[{"@type":"ReadAction","target":["http:\/\/www.argus-engenharia.com.br\/ouvidoria\/"]}]},{"@type":"BreadcrumbList","@id":"http:\/\/www.argus-engenharia.com.br\/ouvidoria\/#breadcrumb","itemListElement":[{"@type":"ListItem","position":1,"name":"In\u00edcio","item":"http:\/\/www.argus-engenharia.com.br\/"},{"@type":"ListItem","position":2,"name":"Ouvidoria"}]},{"@type":"WebSite","@id":"http:\/\/www.argus-engenharia.com.br\/#website","url":"http:\/\/www.argus-engenharia.com.br\/","name":"Argus Engenharia","description":"Produtos e Sistemas contra Inc\u00eandio","publisher":{"@id":"http:\/\/www.argus-engenharia.com.br\/#organization"},"potentialAction":[{"@type":"SearchAction","target":{"@type":"EntryPoint","urlTemplate":"http:\/\/www.argus-engenharia.com.br\/?s={search_term_string}"},"query-input":{"@type":"PropertyValueSpecification","valueRequired":true,"valueName":"search_term_string"}}],"inLanguage":"pt-BR"},{"@type":"Organization","@id":"http:\/\/www.argus-engenharia.com.br\/#organization","name":"Argus Engenharia","url":"http:\/\/www.argus-engenharia.com.br\/","logo":{"@type":"ImageObject","inLanguage":"pt-BR","@id":"http:\/\/www.argus-engenharia.com.br\/#\/schema\/logo\/image\/","url":"http:\/\/www.argus-engenharia.com.br\/site\/wp-content\/uploads\/2023\/10\/arg-logo-cor.svg","contentUrl":"http:\/\/www.argus-engenharia.com.br\/site\/wp-content\/uploads\/2023\/10\/arg-logo-cor.svg","width":1,"height":1,"caption":"Argus Engenharia"},"image":{"@id":"http:\/\/www.argus-engenharia.com.br\/#\/schema\/logo\/image\/"},"sameAs":["https:\/\/www.linkedin.com\/company\/argus-produtos-e-sistemas-contra-inc-ndio\/","https:\/\/www.instagram.com\/argusengenhariabrasil"]}]}},"_links":{"self":[{"href":"https:\/\/www.argus-engenharia.com.br\/site\/wp-json\/wp\/v2\/pages\/882","targetHints":{"allow":["GET"]}}],"collection":[{"href":"https:\/\/www.argus-engenharia.com.br\/site\/wp-json\/wp\/v2\/pages"}],"about":[{"href":"https:\/\/www.argus-engenharia.com.br\/site\/wp-json\/wp\/v2\/types\/page"}],"author":[{"embeddable":true,"href":"https:\/\/www.argus-engenharia.com.br\/site\/wp-json\/wp\/v2\/users\/1"}],"replies":[{"embeddable":true,"href":"https:\/\/www.argus-engenharia.com.br\/site\/wp-json\/wp\/v2\/comments?post=882"}],"version-history":[{"count":7,"href":"https:\/\/www.argus-engenharia.com.br\/site\/wp-json\/wp\/v2\/pages\/882\/revisions"}],"predecessor-version":[{"id":1144,"href":"https:\/\/www.argus-engenharia.com.br\/site\/wp-json\/wp\/v2\/pages\/882\/revisions\/1144"}],"wp:attachment":[{"href":"https:\/\/www.argus-engenharia.com.br\/site\/wp-json\/wp\/v2\/media?parent=882"}],"curies":[{"name":"wp","href":"https:\/\/api.w.org\/{rel}","templated":true}]}}