{"id":671,"date":"2024-02-16T16:58:58","date_gmt":"2024-02-16T19:58:58","guid":{"rendered":"https:\/\/www.argus-engenharia.com.br\/site\/?page_id=671"},"modified":"2024-05-14T16:53:34","modified_gmt":"2024-05-14T19:53:34","slug":"supressao-por-co2-alta-e-baixa-pressao","status":"publish","type":"page","link":"https:\/\/www.argus-engenharia.com.br\/site\/sistemas-produtos\/supressao-por-co2-alta-e-baixa-pressao\/","title":{"rendered":"Supress\u00e3o por CO2 Alta e Baixa Press\u00e3o"},"content":{"rendered":"<h1>SISTEMAS DE G\u00c1S<\/h1>\n<h1>SUPRESS\u00c3O POR CO2 ALTA PRESS\u00c3O<\/h1>\n<div>O di\u00f3xido de carbono (CO2) \u00e9 encontrado naturalmente na atmosfera e se caracteriza por ser um g\u00e1s inodoro, incolor, n\u00e3o corrosivo e n\u00e3o condutor de eletricidade podendo ser utilizado como um agente supressor de inc\u00eandio.<\/div>\n<div>O m\u00e9todo de extin\u00e7\u00e3o deste g\u00e1s \u00e9 atrav\u00e9s da absor\u00e7\u00e3o do oxig\u00eanio no ambiente, ou seja, extingue a chama por abafamento, reduzindo significativamente os n\u00edveis de oxig\u00eanio do ambiente protegido. Portanto, este tipo de sistema \u00e9 indicado apenas em locais sem a presen\u00e7a ou circula\u00e7\u00e3o de pessoas.<\/div>\n<p><img decoding=\"async\" src=\"\/site\/wp-content\/uploads\/2024\/02\/arg-gas-co2-int.jpg\" alt=\"\"><\/p>\n<hr>\n<div>O sistema fixo de CO\u00b2 pode ser atuado de forma autom\u00e1tica (atrav\u00e9s do sistema de detec\u00e7\u00e3o) ou manual, sendo projetado de acordo com o risco existente, volume do ambiente e caracter\u00edstica da \u00e1rea a ser protegida, podendo ser do tipo inunda\u00e7\u00e3o total ou aplica\u00e7\u00e3o local.<\/div>\n<div>Este sistema \u00e9 basicamente constitu\u00eddo pelo agente extintor CO2, cilindros de a\u00e7o com capacidade de 45kg, v\u00e1lvula de cilindro, cabe\u00e7a de descarga, cabe\u00e7a e comando el\u00e9trico, difusores, mangueira de descarga, tubula\u00e7\u00f5es, conex\u00f5es e suportes.<\/div>\n<div>O sistema autom\u00e1tico \u00e9 monitorado por detectores pontuais de fuma\u00e7a, detectores pontuais t\u00e9rmicos ou detectores por aspira\u00e7\u00e3o que, para maior seguran\u00e7a, ser\u00e3o ligados em la\u00e7os cruzados.<\/div>\n<div>Em caso de inc\u00eandio, estes detectores ser\u00e3o atuados e enviar\u00e3o um sinal el\u00e9trico \u00e0 central de detec\u00e7\u00e3o e alarme que, imediatamente, identificar\u00e1 e sinalizar\u00e1 o evento disparando um pr\u00e9-alarme, alertando os ocupantes do local em emerg\u00eancia para evacua\u00e7\u00e3o e a brigada de inc\u00eandio para as provid\u00eancias necess\u00e1rias.<\/div>\n<p>\n    <a href=\"\/site\/contato\/\">FALE CONOSCO<\/a>\n<\/p>\n<div>O sistema de detec\u00e7\u00e3o ser\u00e1 respons\u00e1vel pelo desencadeamento do processo autom\u00e1tico de extin\u00e7\u00e3o, t\u00e3o logo haja a atua\u00e7\u00e3o de um segundo detector de outro la\u00e7o, que envia um sinal el\u00e9trico ao painel central de detec\u00e7\u00e3o e alarme que cessa o pr\u00e9-alarme e dispara o alarme de evacua\u00e7\u00e3o (cont\u00ednuo) para a desocupa\u00e7\u00e3o total da \u00e1rea, pois a descarga do g\u00e1s \u00e9 iminente.<\/div>\n<div>A descarga ocorrer\u00e1 ap\u00f3s um tempo de retardo predeterminado de acordo com a caracter\u00edstica de evacua\u00e7\u00e3o da \u00e1rea (geralmente de 30 a 60 segundos).<\/div>\n<div>O sistema possui v\u00e1lvula de bloqueio mec\u00e2nica que dever\u00e1 ser fechada sempre que algum profissional for adentrar um ambiente protegido por sistemas de supress\u00e3o por CO2, n\u00e3o sendo permitido o uso de chaves de aborto conforme normas pertinentes. <\/div>\n<div>O sistema de supress\u00e3o por CO2 \u00e9 indicado apenas em locais onde n\u00e3o ocorre a presen\u00e7a ou circula\u00e7\u00e3o constante de pessoas, tais como: salas de transformadores, cabines de pintura, salas de compressores, tanques de armazenamento de l\u00edquidos inflam\u00e1veis, equipamentos rotativos el\u00e9tricos, geradores de usinas hidroel\u00e9tricas, silos de carv\u00e3o, filtros de manga, etc.<\/div>\n<p><!--more--><br \/>\n<!-- {\"type\":\"layout\",\"children\":[{\"type\":\"section\",\"props\":{\"image_position\":\"center-center\",\"style\":\"default\",\"title_breakpoint\":\"xl\",\"title_position\":\"top-left\",\"title_rotation\":\"left\",\"vertical_align\":\"middle\",\"width\":\"default\"},\"children\":[{\"type\":\"row\",\"props\":{\"id\":\"firepro\"},\"children\":[{\"type\":\"column\",\"props\":{\"image_position\":\"center-center\",\"padding\":\"xsmall\",\"position_sticky_breakpoint\":\"m\"},\"children\":[{\"type\":\"headline\",\"props\":{\"content\":\"SISTEMAS DE G\\u00c1S\",\"title_color\":\"primary\",\"title_decoration\":\"bullet\",\"title_element\":\"h1\",\"title_style\":\"h2\"}}]}]},{\"type\":\"row\",\"props\":{\"id\":\"co2\",\"layout\":\"1-2,1-2\"},\"children\":[{\"type\":\"column\",\"props\":{\"image_position\":\"center-center\",\"position_sticky_breakpoint\":\"m\",\"vertical_align\":\"middle\",\"width_medium\":\"1-2\"},\"children\":[{\"type\":\"headline\",\"props\":{\"content\":\"SUPRESS\\u00c3O POR CO2 ALTA PRESS\\u00c3O\",\"title_element\":\"h1\",\"title_style\":\"h2\"}},{\"type\":\"text\",\"props\":{\"column_breakpoint\":\"m\",\"content\":\"O di\\u00f3xido de carbono (CO2) \\u00e9 encontrado naturalmente na atmosfera e se caracteriza por ser um g\\u00e1s inodoro, incolor, n\\u00e3o corrosivo e n\\u00e3o condutor de eletricidade podendo ser utilizado como um agente supressor de inc\\u00eandio.\",\"margin\":\"default\"}},{\"type\":\"text\",\"props\":{\"column_breakpoint\":\"m\",\"content\":\"O m\\u00e9todo de extin\\u00e7\\u00e3o deste g\\u00e1s \\u00e9 atrav\\u00e9s da absor\\u00e7\\u00e3o do oxig\\u00eanio no ambiente, ou seja, extingue a chama por abafamento, reduzindo significativamente os n\\u00edveis de oxig\\u00eanio do ambiente protegido. Portanto, este tipo de sistema \\u00e9 indicado apenas em locais sem a presen\\u00e7a ou circula\\u00e7\\u00e3o de pessoas.\",\"margin\":\"default\"}}]},{\"type\":\"column\",\"props\":{\"image_position\":\"center-center\",\"position_sticky_breakpoint\":\"m\",\"width_medium\":\"1-2\"},\"children\":[{\"type\":\"image\",\"props\":{\"image\":\"wp-content\\\/uploads\\\/2024\\\/02\\\/arg-gas-co2-int.jpg\",\"image_svg_color\":\"emphasis\",\"margin\":\"default\"}}]}]},{\"type\":\"row\",\"children\":[{\"type\":\"column\",\"props\":{\"image_position\":\"center-center\",\"position_sticky_breakpoint\":\"m\"},\"children\":[{\"type\":\"divider\",\"props\":{\"divider_element\":\"hr\"}}]}]},{\"type\":\"row\",\"props\":{\"divider\":true,\"layout\":\"1-2,1-2\"},\"children\":[{\"type\":\"column\",\"props\":{\"image_position\":\"center-center\",\"position_sticky_breakpoint\":\"m\",\"width_medium\":\"1-2\"},\"children\":[{\"type\":\"text\",\"props\":{\"column_breakpoint\":\"m\",\"content\":\"O sistema fixo de CO\\u00b2 pode ser atuado de forma autom\\u00e1tica (atrav\\u00e9s do sistema de detec\\u00e7\\u00e3o) ou manual, sendo projetado de acordo com o risco existente, volume do ambiente e caracter\\u00edstica da \\u00e1rea a ser protegida, podendo ser do tipo inunda\\u00e7\\u00e3o total ou aplica\\u00e7\\u00e3o local.\",\"margin\":\"default\"}},{\"type\":\"text\",\"props\":{\"column_breakpoint\":\"m\",\"content\":\"Este sistema \\u00e9 basicamente constitu\\u00eddo pelo agente extintor CO2, cilindros de a\\u00e7o com capacidade de 45kg, v\\u00e1lvula de cilindro, cabe\\u00e7a de descarga, cabe\\u00e7a e comando el\\u00e9trico, difusores, mangueira de descarga, tubula\\u00e7\\u00f5es, conex\\u00f5es e suportes.\",\"margin\":\"default\"}},{\"type\":\"text\",\"props\":{\"column_breakpoint\":\"m\",\"content\":\"O sistema autom\\u00e1tico \\u00e9 monitorado por detectores pontuais de fuma\\u00e7a, detectores pontuais t\\u00e9rmicos ou detectores por aspira\\u00e7\\u00e3o que, para maior seguran\\u00e7a, ser\\u00e3o ligados em la\\u00e7os cruzados.\",\"margin\":\"default\"}},{\"type\":\"text\",\"props\":{\"column_breakpoint\":\"m\",\"content\":\"Em caso de inc\\u00eandio, estes detectores ser\\u00e3o atuados e enviar\\u00e3o um sinal el\\u00e9trico \\u00e0 central de detec\\u00e7\\u00e3o e alarme que, imediatamente, identificar\\u00e1 e sinalizar\\u00e1 o evento disparando um pr\\u00e9-alarme, alertando os ocupantes do local em emerg\\u00eancia para evacua\\u00e7\\u00e3o e a brigada de inc\\u00eandio para as provid\\u00eancias necess\\u00e1rias.\",\"margin\":\"default\"}},{\"type\":\"button\",\"props\":{\"button_size\":\"large\",\"grid_column_gap\":\"small\",\"grid_row_gap\":\"small\",\"margin\":\"default\"},\"children\":[{\"type\":\"button_item\",\"props\":{\"button_style\":\"default\",\"content\":\"FALE CONOSCO\",\"icon\":\"comment\",\"icon_align\":\"left\",\"link\":\"contato\\\/\"}}]}]},{\"type\":\"column\",\"props\":{\"image_position\":\"center-center\",\"position_sticky_breakpoint\":\"m\",\"width_medium\":\"1-2\"},\"children\":[{\"type\":\"text\",\"props\":{\"column_breakpoint\":\"m\",\"content\":\"O sistema de detec\\u00e7\\u00e3o ser\\u00e1 respons\\u00e1vel pelo desencadeamento do processo autom\\u00e1tico de extin\\u00e7\\u00e3o, t\\u00e3o logo haja a atua\\u00e7\\u00e3o de um segundo detector de outro la\\u00e7o, que envia um sinal el\\u00e9trico ao painel central de detec\\u00e7\\u00e3o e alarme que cessa o pr\\u00e9-alarme e dispara o alarme de evacua\\u00e7\\u00e3o (cont\\u00ednuo) para a desocupa\\u00e7\\u00e3o total da \\u00e1rea, pois a descarga do g\\u00e1s \\u00e9 iminente.\",\"margin\":\"default\"}},{\"type\":\"text\",\"props\":{\"column_breakpoint\":\"m\",\"content\":\"A descarga ocorrer\\u00e1 ap\\u00f3s um tempo de retardo predeterminado de acordo com a caracter\\u00edstica de evacua\\u00e7\\u00e3o da \\u00e1rea (geralmente de 30 a 60 segundos).\",\"margin\":\"default\"}},{\"type\":\"text\",\"props\":{\"column_breakpoint\":\"m\",\"content\":\"O sistema possui v\\u00e1lvula de bloqueio mec\\u00e2nica que dever\\u00e1 ser fechada sempre que algum profissional for adentrar um ambiente protegido por sistemas de supress\\u00e3o por CO2, n\\u00e3o sendo permitido o uso de chaves de aborto conforme normas pertinentes. \",\"margin\":\"default\"}},{\"type\":\"text\",\"props\":{\"column_breakpoint\":\"m\",\"content\":\"O sistema de supress\\u00e3o por CO2 \\u00e9 indicado apenas em locais onde n\\u00e3o ocorre a presen\\u00e7a ou circula\\u00e7\\u00e3o constante de pessoas, tais como: salas de transformadores, cabines de pintura, salas de compressores, tanques de armazenamento de l\\u00edquidos inflam\\u00e1veis, equipamentos rotativos el\\u00e9tricos, geradores de usinas hidroel\\u00e9tricas, silos de carv\\u00e3o, filtros de manga, etc.\",\"margin\":\"default\"}}]}]}]}],\"version\":\"4.1.3\"} --><\/p>\n","protected":false},"excerpt":{"rendered":"<p>SISTEMAS DE G\u00c1S SUPRESS\u00c3O POR CO2 ALTA PRESS\u00c3O O di\u00f3xido de carbono (CO2) \u00e9 encontrado naturalmente na atmosfera e se caracteriza por ser um g\u00e1s inodoro, incolor, n\u00e3o corrosivo e n\u00e3o condutor de eletricidade podendo ser utilizado como um agente supressor de inc\u00eandio. O m\u00e9todo de extin\u00e7\u00e3o deste g\u00e1s \u00e9 atrav\u00e9s da absor\u00e7\u00e3o do oxig\u00eanio [&hellip;]<\/p>\n","protected":false},"author":1,"featured_media":0,"parent":33,"menu_order":0,"comment_status":"closed","ping_status":"closed","template":"","meta":{"_joinchat":[],"footnotes":""},"class_list":["post-671","page","type-page","status-publish","hentry"],"yoast_head":"<!-- This site is optimized with the Yoast SEO plugin v27.5 - https:\/\/yoast.com\/product\/yoast-seo-wordpress\/ -->\n<title>Supress\u00e3o por CO2 Alta e Baixa Press\u00e3o - Argus Engenharia<\/title>\n<meta name=\"robots\" content=\"index, follow, max-snippet:-1, max-image-preview:large, max-video-preview:-1\" \/>\n<link rel=\"canonical\" href=\"https:\/\/www.argus-engenharia.com.br\/site\/sistemas-produtos\/supressao-por-co2-alta-e-baixa-pressao\/\" \/>\n<meta property=\"og:locale\" content=\"pt_BR\" \/>\n<meta property=\"og:type\" content=\"article\" \/>\n<meta property=\"og:title\" content=\"Supress\u00e3o por CO2 Alta e Baixa Press\u00e3o - Argus Engenharia\" \/>\n<meta property=\"og:description\" content=\"SISTEMAS DE G\u00c1S SUPRESS\u00c3O POR CO2 ALTA PRESS\u00c3O O di\u00f3xido de carbono (CO2) \u00e9 encontrado naturalmente na atmosfera e se caracteriza por ser um g\u00e1s inodoro, incolor, n\u00e3o corrosivo e n\u00e3o condutor de eletricidade podendo ser utilizado como um agente supressor de inc\u00eandio. O m\u00e9todo de extin\u00e7\u00e3o deste g\u00e1s \u00e9 atrav\u00e9s da absor\u00e7\u00e3o do oxig\u00eanio [&hellip;]\" \/>\n<meta property=\"og:url\" content=\"https:\/\/www.argus-engenharia.com.br\/site\/sistemas-produtos\/supressao-por-co2-alta-e-baixa-pressao\/\" \/>\n<meta property=\"og:site_name\" content=\"Argus Engenharia\" \/>\n<meta property=\"article:modified_time\" content=\"2024-05-14T19:53:34+00:00\" \/>\n<meta name=\"twitter:card\" content=\"summary_large_image\" \/>\n<meta name=\"twitter:label1\" content=\"Est. tempo de leitura\" \/>\n\t<meta name=\"twitter:data1\" content=\"2 minutos\" \/>\n<script type=\"application\/ld+json\" class=\"yoast-schema-graph\">{\"@context\":\"https:\\\/\\\/schema.org\",\"@graph\":[{\"@type\":\"WebPage\",\"@id\":\"https:\\\/\\\/www.argus-engenharia.com.br\\\/site\\\/sistemas-produtos\\\/supressao-por-co2-alta-e-baixa-pressao\\\/\",\"url\":\"https:\\\/\\\/www.argus-engenharia.com.br\\\/site\\\/sistemas-produtos\\\/supressao-por-co2-alta-e-baixa-pressao\\\/\",\"name\":\"Supress\u00e3o por CO2 Alta e Baixa Press\u00e3o - Argus Engenharia\",\"isPartOf\":{\"@id\":\"http:\\\/\\\/www.argus-engenharia.com.br\\\/#website\"},\"datePublished\":\"2024-02-16T19:58:58+00:00\",\"dateModified\":\"2024-05-14T19:53:34+00:00\",\"breadcrumb\":{\"@id\":\"https:\\\/\\\/www.argus-engenharia.com.br\\\/site\\\/sistemas-produtos\\\/supressao-por-co2-alta-e-baixa-pressao\\\/#breadcrumb\"},\"inLanguage\":\"pt-BR\",\"potentialAction\":[{\"@type\":\"ReadAction\",\"target\":[\"https:\\\/\\\/www.argus-engenharia.com.br\\\/site\\\/sistemas-produtos\\\/supressao-por-co2-alta-e-baixa-pressao\\\/\"]}]},{\"@type\":\"BreadcrumbList\",\"@id\":\"https:\\\/\\\/www.argus-engenharia.com.br\\\/site\\\/sistemas-produtos\\\/supressao-por-co2-alta-e-baixa-pressao\\\/#breadcrumb\",\"itemListElement\":[{\"@type\":\"ListItem\",\"position\":1,\"name\":\"In\u00edcio\",\"item\":\"http:\\\/\\\/www.argus-engenharia.com.br\\\/\"},{\"@type\":\"ListItem\",\"position\":2,\"name\":\"SISTEMAS E PRODUTOS\",\"item\":\"https:\\\/\\\/www.argus-engenharia.com.br\\\/site\\\/sistemas-produtos\\\/\"},{\"@type\":\"ListItem\",\"position\":3,\"name\":\"Supress\u00e3o por CO2 Alta e Baixa Press\u00e3o\"}]},{\"@type\":\"WebSite\",\"@id\":\"http:\\\/\\\/www.argus-engenharia.com.br\\\/#website\",\"url\":\"http:\\\/\\\/www.argus-engenharia.com.br\\\/\",\"name\":\"Argus Engenharia\",\"description\":\"Produtos e Sistemas contra Inc\u00eandio\",\"publisher\":{\"@id\":\"http:\\\/\\\/www.argus-engenharia.com.br\\\/#organization\"},\"potentialAction\":[{\"@type\":\"SearchAction\",\"target\":{\"@type\":\"EntryPoint\",\"urlTemplate\":\"http:\\\/\\\/www.argus-engenharia.com.br\\\/?s={search_term_string}\"},\"query-input\":{\"@type\":\"PropertyValueSpecification\",\"valueRequired\":true,\"valueName\":\"search_term_string\"}}],\"inLanguage\":\"pt-BR\"},{\"@type\":\"Organization\",\"@id\":\"http:\\\/\\\/www.argus-engenharia.com.br\\\/#organization\",\"name\":\"Argus Engenharia\",\"url\":\"http:\\\/\\\/www.argus-engenharia.com.br\\\/\",\"logo\":{\"@type\":\"ImageObject\",\"inLanguage\":\"pt-BR\",\"@id\":\"http:\\\/\\\/www.argus-engenharia.com.br\\\/#\\\/schema\\\/logo\\\/image\\\/\",\"url\":\"http:\\\/\\\/www.argus-engenharia.com.br\\\/site\\\/wp-content\\\/uploads\\\/2023\\\/10\\\/arg-logo-cor.svg\",\"contentUrl\":\"http:\\\/\\\/www.argus-engenharia.com.br\\\/site\\\/wp-content\\\/uploads\\\/2023\\\/10\\\/arg-logo-cor.svg\",\"width\":1,\"height\":1,\"caption\":\"Argus Engenharia\"},\"image\":{\"@id\":\"http:\\\/\\\/www.argus-engenharia.com.br\\\/#\\\/schema\\\/logo\\\/image\\\/\"},\"sameAs\":[\"https:\\\/\\\/www.linkedin.com\\\/company\\\/argus-produtos-e-sistemas-contra-inc-ndio\\\/\",\"https:\\\/\\\/www.instagram.com\\\/argusengenhariabrasil\"]}]}<\/script>\n<!-- \/ Yoast SEO plugin. -->","yoast_head_json":{"title":"Supress\u00e3o por CO2 Alta e Baixa Press\u00e3o - Argus Engenharia","robots":{"index":"index","follow":"follow","max-snippet":"max-snippet:-1","max-image-preview":"max-image-preview:large","max-video-preview":"max-video-preview:-1"},"canonical":"https:\/\/www.argus-engenharia.com.br\/site\/sistemas-produtos\/supressao-por-co2-alta-e-baixa-pressao\/","og_locale":"pt_BR","og_type":"article","og_title":"Supress\u00e3o por CO2 Alta e Baixa Press\u00e3o - Argus Engenharia","og_description":"SISTEMAS DE G\u00c1S SUPRESS\u00c3O POR CO2 ALTA PRESS\u00c3O O di\u00f3xido de carbono (CO2) \u00e9 encontrado naturalmente na atmosfera e se caracteriza por ser um g\u00e1s inodoro, incolor, n\u00e3o corrosivo e n\u00e3o condutor de eletricidade podendo ser utilizado como um agente supressor de inc\u00eandio. O m\u00e9todo de extin\u00e7\u00e3o deste g\u00e1s \u00e9 atrav\u00e9s da absor\u00e7\u00e3o do oxig\u00eanio [&hellip;]","og_url":"https:\/\/www.argus-engenharia.com.br\/site\/sistemas-produtos\/supressao-por-co2-alta-e-baixa-pressao\/","og_site_name":"Argus Engenharia","article_modified_time":"2024-05-14T19:53:34+00:00","twitter_card":"summary_large_image","twitter_misc":{"Est. tempo de leitura":"2 minutos"},"schema":{"@context":"https:\/\/schema.org","@graph":[{"@type":"WebPage","@id":"https:\/\/www.argus-engenharia.com.br\/site\/sistemas-produtos\/supressao-por-co2-alta-e-baixa-pressao\/","url":"https:\/\/www.argus-engenharia.com.br\/site\/sistemas-produtos\/supressao-por-co2-alta-e-baixa-pressao\/","name":"Supress\u00e3o por CO2 Alta e Baixa Press\u00e3o - Argus Engenharia","isPartOf":{"@id":"http:\/\/www.argus-engenharia.com.br\/#website"},"datePublished":"2024-02-16T19:58:58+00:00","dateModified":"2024-05-14T19:53:34+00:00","breadcrumb":{"@id":"https:\/\/www.argus-engenharia.com.br\/site\/sistemas-produtos\/supressao-por-co2-alta-e-baixa-pressao\/#breadcrumb"},"inLanguage":"pt-BR","potentialAction":[{"@type":"ReadAction","target":["https:\/\/www.argus-engenharia.com.br\/site\/sistemas-produtos\/supressao-por-co2-alta-e-baixa-pressao\/"]}]},{"@type":"BreadcrumbList","@id":"https:\/\/www.argus-engenharia.com.br\/site\/sistemas-produtos\/supressao-por-co2-alta-e-baixa-pressao\/#breadcrumb","itemListElement":[{"@type":"ListItem","position":1,"name":"In\u00edcio","item":"http:\/\/www.argus-engenharia.com.br\/"},{"@type":"ListItem","position":2,"name":"SISTEMAS E PRODUTOS","item":"https:\/\/www.argus-engenharia.com.br\/site\/sistemas-produtos\/"},{"@type":"ListItem","position":3,"name":"Supress\u00e3o por CO2 Alta e Baixa Press\u00e3o"}]},{"@type":"WebSite","@id":"http:\/\/www.argus-engenharia.com.br\/#website","url":"http:\/\/www.argus-engenharia.com.br\/","name":"Argus Engenharia","description":"Produtos e Sistemas contra Inc\u00eandio","publisher":{"@id":"http:\/\/www.argus-engenharia.com.br\/#organization"},"potentialAction":[{"@type":"SearchAction","target":{"@type":"EntryPoint","urlTemplate":"http:\/\/www.argus-engenharia.com.br\/?s={search_term_string}"},"query-input":{"@type":"PropertyValueSpecification","valueRequired":true,"valueName":"search_term_string"}}],"inLanguage":"pt-BR"},{"@type":"Organization","@id":"http:\/\/www.argus-engenharia.com.br\/#organization","name":"Argus Engenharia","url":"http:\/\/www.argus-engenharia.com.br\/","logo":{"@type":"ImageObject","inLanguage":"pt-BR","@id":"http:\/\/www.argus-engenharia.com.br\/#\/schema\/logo\/image\/","url":"http:\/\/www.argus-engenharia.com.br\/site\/wp-content\/uploads\/2023\/10\/arg-logo-cor.svg","contentUrl":"http:\/\/www.argus-engenharia.com.br\/site\/wp-content\/uploads\/2023\/10\/arg-logo-cor.svg","width":1,"height":1,"caption":"Argus Engenharia"},"image":{"@id":"http:\/\/www.argus-engenharia.com.br\/#\/schema\/logo\/image\/"},"sameAs":["https:\/\/www.linkedin.com\/company\/argus-produtos-e-sistemas-contra-inc-ndio\/","https:\/\/www.instagram.com\/argusengenhariabrasil"]}]}},"_links":{"self":[{"href":"https:\/\/www.argus-engenharia.com.br\/site\/wp-json\/wp\/v2\/pages\/671","targetHints":{"allow":["GET"]}}],"collection":[{"href":"https:\/\/www.argus-engenharia.com.br\/site\/wp-json\/wp\/v2\/pages"}],"about":[{"href":"https:\/\/www.argus-engenharia.com.br\/site\/wp-json\/wp\/v2\/types\/page"}],"author":[{"embeddable":true,"href":"https:\/\/www.argus-engenharia.com.br\/site\/wp-json\/wp\/v2\/users\/1"}],"replies":[{"embeddable":true,"href":"https:\/\/www.argus-engenharia.com.br\/site\/wp-json\/wp\/v2\/comments?post=671"}],"version-history":[{"count":5,"href":"https:\/\/www.argus-engenharia.com.br\/site\/wp-json\/wp\/v2\/pages\/671\/revisions"}],"predecessor-version":[{"id":889,"href":"https:\/\/www.argus-engenharia.com.br\/site\/wp-json\/wp\/v2\/pages\/671\/revisions\/889"}],"up":[{"embeddable":true,"href":"https:\/\/www.argus-engenharia.com.br\/site\/wp-json\/wp\/v2\/pages\/33"}],"wp:attachment":[{"href":"https:\/\/www.argus-engenharia.com.br\/site\/wp-json\/wp\/v2\/media?parent=671"}],"curies":[{"name":"wp","href":"https:\/\/api.w.org\/{rel}","templated":true}]}}