{"id":667,"date":"2024-02-16T16:58:34","date_gmt":"2024-02-16T19:58:34","guid":{"rendered":"https:\/\/www.argus-engenharia.com.br\/site\/?page_id=667"},"modified":"2024-06-26T10:52:49","modified_gmt":"2024-06-26T13:52:49","slug":"supressao-por-novec-1230","status":"publish","type":"page","link":"https:\/\/www.argus-engenharia.com.br\/site\/sistemas-produtos\/supressao-por-novec-1230\/","title":{"rendered":"Supress\u00e3o por Novec\u2122 1230"},"content":{"rendered":"<h1>SISTEMAS DE G\u00c1S<\/h1>\n<h1>Supress\u00e3o por Novec\u2122 1230<\/h1>\n<div>O NOVEC\u2122 1230 \u00e9 um agente limpo, listado na NFPA 2001, usado em sistemas de supress\u00e3o por inunda\u00e7\u00e3o total. O agente tem o menor impacto sobre o meio ambiente dentre todos os gases listados pela NFPA 2001, com tempo de vida na atmosfera de apenas cinco dias e Potencial de Destrui\u00e7\u00e3o da Camada de Oz\u00f4nio igual a zero (ODP = 0). Mesmo quando um sistema de NOVEC\u2122 1230 \u00e9 descarregado, sua r\u00e1pida atua\u00e7\u00e3o interrompe um poss\u00edvel impacto devastador causado por um inc\u00eandio descontrolado.<\/div>\n<div>Quimicamente, o NOVEC\u2122 1230 \u00e9 uma cetona fluorada \u2013 CF3CF2C(O) CF (CF3) 2 \u2013 e em condi\u00e7\u00f5es normais \u00e9 um l\u00edquido pressurizado e armazenado com nitrog\u00eanio; flu\u00eddo incolor, inodoro, n\u00e3o condutor de eletricidade e, por n\u00e3o deixar res\u00edduos, \u00e9 considerado um agente \u201climpo\u201d. A extin\u00e7\u00e3o do fogo se d\u00e1 por uma combina\u00e7\u00e3o qu\u00edmica e f\u00edsica agindo sobre a chama, n\u00e3o alterando significativamente a concentra\u00e7\u00e3o de oxig\u00eanio do ambiente. O NOVEC\u2122 1230 pode ser usado em ambientes ocupados por pessoas, pois n\u00e3o \u00e9 t\u00f3xico nem causa problemas \u00e0 sa\u00fade humana.<\/div>\n<p><img decoding=\"async\" src=\"\/site\/wp-content\/uploads\/2024\/01\/gas-01.jpg\" alt=\"\"><\/p>\n<h1>Mecanismos de Extin\u00e7\u00e3o<\/h1>\n<div>O NOVEC\u2122 1230 extingue o inc\u00eandio por resfriamento e interfer\u00eancia qu\u00edmica em virtude de ser um excelente condutor t\u00e9rmico. O NOVEC\u2122 1230 reduz a energia t\u00e9rmica do inc\u00eandio a um ponto em que a rea\u00e7\u00e3o de combust\u00e3o n\u00e3o consegue se sustentar.<\/div>\n<div>A concentra\u00e7\u00e3o m\u00ednima utilizada como base para projeto \u00e9 de 4.2% (classe A), 5.85% (classe B) e 4,5% (classe C \u2013 Tens\u00f5es de at\u00e9 480 VAC). Com o NOAEL \u2013 No observed adverse effect level (n\u00edvel de efeito adverso n\u00e3o observado) de 10%, maior margem de seguran\u00e7a para as \u00e1reas ocupadas dentre todas as solu\u00e7\u00f5es de mercado.<\/div>\n<div>O agente supressor NOVEC-1230 \u00e9 propagado e uniformemente distribu\u00eddo no local protegido pelo sistema e, ao contr\u00e1rio de outros agentes gasosos, o efeito da inunda\u00e7\u00e3o total \u00e9 conseguido sem aumentar significativamente a press\u00e3o da \u00e1rea protegida.<\/div>\n<p>\n    <a href=\"\/site\/contato\/\">FALE CONOSCO<\/a>\n<\/p>\n<h1>Risco \u00e0s Pessoas<\/h1>\n<div>A descarga de NOVEC\u2122 1230 para extin\u00e7\u00e3o do fogo n\u00e3o oferece perigo \u00e0s pessoas desde que respeitados os \u00edndices de concentra\u00e7\u00e3o citados na norma NFPA 2001.<\/div>\n<div>A exposi\u00e7\u00e3o ao agente extintor n\u00e3o \u00e9 t\u00f3xica, mas todos os cuidados devem ser tomados para evitar a inala\u00e7\u00e3o de produtos da decomposi\u00e7\u00e3o do agente extintor na presen\u00e7a de chama aberta e gases provenientes da pr\u00f3pria combust\u00e3o.<\/div>\n<div>O sistema compreende basicamente uma rede de difusores interligados por uma tubula\u00e7\u00e3o de a\u00e7o preto Schedule 40 ao cilindro de baixa press\u00e3o correspondente.<\/div>\n<div>As principais aplica\u00e7\u00f5es do sistema com agente supressor NOVEC\u2122 1230  s\u00e3o prote\u00e7\u00e3o de Eletrocentros, salas de servidores, CPDs, data centers, salas cofres, salas de controle, salas de telecomunica\u00e7\u00f5es, ERBs (esta\u00e7\u00f5es r\u00e1dio base), salas de pain\u00e9is el\u00e9tricos, por\u00f5es de cabos, salas de arquivo, salas de testes, torres de comando a\u00e9reo, etc.<\/div>\n<div>Todos os materiais espec\u00edficos pertencentes ao sistema de supress\u00e3o por agente supressor NOVEC\u2122 1230, tais como: cilindro, agente supressor, v\u00e1lvula, cabe\u00e7a de comando el\u00e9trica e difusores s\u00e3o listados pela UL e aprovados pela FM.<\/div>\n<p><!--more--><br \/>\n<!-- {\"type\":\"layout\",\"children\":[{\"type\":\"section\",\"props\":{\"id\":\"sistemas\",\"image_position\":\"center-center\",\"style\":\"default\",\"title_breakpoint\":\"xl\",\"title_position\":\"top-left\",\"title_rotation\":\"left\",\"vertical_align\":\"middle\",\"width\":\"default\"},\"children\":[{\"type\":\"row\",\"props\":{\"id\":\"firepro\"},\"children\":[{\"type\":\"column\",\"props\":{\"image_position\":\"center-center\",\"padding\":\"xsmall\",\"position_sticky_breakpoint\":\"m\"},\"children\":[{\"type\":\"headline\",\"props\":{\"content\":\"SISTEMAS DE G\\u00c1S\",\"title_color\":\"primary\",\"title_decoration\":\"bullet\",\"title_element\":\"h1\",\"title_style\":\"h2\"}}]}]},{\"type\":\"row\",\"props\":{\"id\":\"novec\",\"layout\":\"1-2,1-2\"},\"children\":[{\"type\":\"column\",\"props\":{\"image_position\":\"center-center\",\"position_sticky_breakpoint\":\"m\",\"vertical_align\":\"middle\",\"width_medium\":\"1-2\"},\"children\":[{\"type\":\"headline\",\"props\":{\"content\":\"Supress\\u00e3o por Novec\\u2122 1230\",\"margin\":\"default\",\"title_element\":\"h1\",\"title_style\":\"h2\"}},{\"type\":\"text\",\"props\":{\"column_breakpoint\":\"m\",\"content\":\"O NOVEC\\u2122 1230 \\u00e9 um agente limpo, listado na NFPA 2001, usado em sistemas de supress\\u00e3o por inunda\\u00e7\\u00e3o total. O agente tem o menor impacto sobre o meio ambiente dentre todos os gases listados pela NFPA 2001, com tempo de vida na atmosfera de apenas cinco dias e Potencial de Destrui\\u00e7\\u00e3o da Camada de Oz\\u00f4nio igual a zero (ODP = 0). Mesmo quando um sistema de NOVEC\\u2122 1230 \\u00e9 descarregado, sua r\\u00e1pida atua\\u00e7\\u00e3o interrompe um poss\\u00edvel impacto devastador causado por um inc\\u00eandio descontrolado.\",\"margin\":\"default\"}},{\"type\":\"text\",\"props\":{\"column_breakpoint\":\"m\",\"content\":\"Quimicamente, o NOVEC\\u2122 1230 \\u00e9 uma cetona fluorada \\u2013 CF3CF2C(O) CF (CF3) 2 \\u2013 e em condi\\u00e7\\u00f5es normais \\u00e9 um l\\u00edquido pressurizado e armazenado com nitrog\\u00eanio; flu\\u00eddo incolor, inodoro, n\\u00e3o condutor de eletricidade e, por n\\u00e3o deixar res\\u00edduos, \\u00e9 considerado um agente \\u201climpo\\u201d. A extin\\u00e7\\u00e3o do fogo se d\\u00e1 por uma combina\\u00e7\\u00e3o qu\\u00edmica e f\\u00edsica agindo sobre a chama, n\\u00e3o alterando significativamente a concentra\\u00e7\\u00e3o de oxig\\u00eanio do ambiente. O NOVEC\\u2122 1230 pode ser usado em ambientes ocupados por pessoas, pois n\\u00e3o \\u00e9 t\\u00f3xico nem causa problemas \\u00e0 sa\\u00fade humana.\",\"margin\":\"default\"}}]},{\"type\":\"column\",\"props\":{\"image_position\":\"center-center\",\"position_sticky_breakpoint\":\"m\",\"width_medium\":\"1-2\"},\"children\":[{\"type\":\"image\",\"props\":{\"image\":\"wp-content\\\/uploads\\\/2024\\\/01\\\/gas-01.jpg\",\"image_svg_color\":\"emphasis\",\"margin\":\"default\"}}]}]}],\"name\":\"SISTEMAS-OLD\"},{\"type\":\"section\",\"props\":{\"image\":\"wp-content\\\/uploads\\\/2023\\\/10\\\/bg-red-sobre.jpg\",\"image_effect\":\"fixed\",\"image_position\":\"center-center\",\"image_size\":\"cover\",\"padding\":\"large\",\"style\":\"primary\",\"title_breakpoint\":\"xl\",\"title_position\":\"top-left\",\"title_rotation\":\"left\",\"vertical_align\":\"middle\",\"width\":\"default\"},\"children\":[{\"type\":\"row\",\"props\":{\"column_gap\":\"large\",\"divider\":true,\"layout\":\"1-2,1-2\"},\"children\":[{\"type\":\"column\",\"props\":{\"image_position\":\"center-center\",\"position_sticky_breakpoint\":\"m\",\"width_medium\":\"1-2\"},\"children\":[{\"type\":\"headline\",\"props\":{\"content\":\"Mecanismos de Extin\\u00e7\\u00e3o\",\"title_element\":\"h1\",\"title_style\":\"h3\"}},{\"type\":\"text\",\"props\":{\"column_breakpoint\":\"m\",\"content\":\"O NOVEC\\u2122 1230 extingue o inc\\u00eandio por resfriamento e interfer\\u00eancia qu\\u00edmica em virtude de ser um excelente condutor t\\u00e9rmico. O NOVEC\\u2122 1230 reduz a energia t\\u00e9rmica do inc\\u00eandio a um ponto em que a rea\\u00e7\\u00e3o de combust\\u00e3o n\\u00e3o consegue se sustentar.\",\"margin\":\"default\"}},{\"type\":\"text\",\"props\":{\"column_breakpoint\":\"m\",\"content\":\"A concentra\\u00e7\\u00e3o m\\u00ednima utilizada como base para projeto \\u00e9 de 4.2% (classe A), 5.85% (classe B) e 4,5% (classe C \\u2013 Tens\\u00f5es de at\\u00e9 480 VAC). Com o NOAEL \\u2013 No observed adverse effect level (n\\u00edvel de efeito adverso n\\u00e3o observado) de 10%, maior margem de seguran\\u00e7a para as \\u00e1reas ocupadas dentre todas as solu\\u00e7\\u00f5es de mercado.\",\"margin\":\"default\"}},{\"type\":\"text\",\"props\":{\"column_breakpoint\":\"m\",\"content\":\"O agente supressor NOVEC-1230 \\u00e9 propagado e uniformemente distribu\\u00eddo no local protegido pelo sistema e, ao contr\\u00e1rio de outros agentes gasosos, o efeito da inunda\\u00e7\\u00e3o total \\u00e9 conseguido sem aumentar significativamente a press\\u00e3o da \\u00e1rea protegida.\",\"margin\":\"default\"}},{\"type\":\"button\",\"props\":{\"button_size\":\"large\",\"grid_column_gap\":\"small\",\"grid_row_gap\":\"small\",\"margin\":\"default\"},\"children\":[{\"type\":\"button_item\",\"props\":{\"button_style\":\"default\",\"content\":\"FALE CONOSCO\",\"icon\":\"comment\",\"icon_align\":\"left\",\"link\":\"contato\\\/\"}}]}]},{\"type\":\"column\",\"props\":{\"image_position\":\"center-center\",\"position_sticky_breakpoint\":\"m\",\"vertical_align\":\"middle\",\"width_medium\":\"1-2\"},\"children\":[{\"type\":\"headline\",\"props\":{\"content\":\"Risco \\u00e0s Pessoas\",\"title_element\":\"h1\",\"title_style\":\"h3\"}},{\"type\":\"text\",\"props\":{\"column_breakpoint\":\"m\",\"content\":\"A descarga de NOVEC\\u2122 1230 para extin\\u00e7\\u00e3o do fogo n\\u00e3o oferece perigo \\u00e0s pessoas desde que respeitados os \\u00edndices de concentra\\u00e7\\u00e3o citados na norma NFPA 2001.\",\"margin\":\"default\"}},{\"type\":\"text\",\"props\":{\"column_breakpoint\":\"m\",\"content\":\"A exposi\\u00e7\\u00e3o ao agente extintor n\\u00e3o \\u00e9 t\\u00f3xica, mas todos os cuidados devem ser tomados para evitar a inala\\u00e7\\u00e3o de produtos da decomposi\\u00e7\\u00e3o do agente extintor na presen\\u00e7a de chama aberta e gases provenientes da pr\\u00f3pria combust\\u00e3o.\",\"margin\":\"default\"}},{\"type\":\"text\",\"props\":{\"column_breakpoint\":\"m\",\"content\":\"O sistema compreende basicamente uma rede de difusores interligados por uma tubula\\u00e7\\u00e3o de a\\u00e7o preto Schedule 40 ao cilindro de baixa press\\u00e3o correspondente.\",\"margin\":\"default\"}},{\"type\":\"text\",\"props\":{\"column_breakpoint\":\"m\",\"content\":\"As principais aplica\\u00e7\\u00f5es do sistema com agente supressor NOVEC\\u2122 1230  s\\u00e3o prote\\u00e7\\u00e3o de Eletrocentros, salas de servidores, CPDs, data centers, salas cofres, salas de controle, salas de telecomunica\\u00e7\\u00f5es, ERBs (esta\\u00e7\\u00f5es r\\u00e1dio base), salas de pain\\u00e9is el\\u00e9tricos, por\\u00f5es de cabos, salas de arquivo, salas de testes, torres de comando a\\u00e9reo, etc.\",\"margin\":\"default\"}},{\"type\":\"text\",\"props\":{\"column_breakpoint\":\"m\",\"content\":\"Todos os materiais espec\\u00edficos pertencentes ao sistema de supress\\u00e3o por agente supressor NOVEC\\u2122 1230, tais como: cilindro, agente supressor, v\\u00e1lvula, cabe\\u00e7a de comando el\\u00e9trica e difusores s\\u00e3o listados pela UL e aprovados pela FM.\",\"margin\":\"default\"}}]}]}]}],\"version\":\"4.1.3\"} --><\/p>\n","protected":false},"excerpt":{"rendered":"<p>SISTEMAS DE G\u00c1S Supress\u00e3o por Novec\u2122 1230 O NOVEC\u2122 1230 \u00e9 um agente limpo, listado na NFPA 2001, usado em sistemas de supress\u00e3o por inunda\u00e7\u00e3o total. O agente tem o menor impacto sobre o meio ambiente dentre todos os gases listados pela NFPA 2001, com tempo de vida na atmosfera de apenas cinco dias e [&hellip;]<\/p>\n","protected":false},"author":1,"featured_media":0,"parent":33,"menu_order":0,"comment_status":"closed","ping_status":"closed","template":"","meta":{"_joinchat":[],"footnotes":""},"class_list":["post-667","page","type-page","status-publish","hentry"],"yoast_head":"<!-- This site is optimized with the Yoast SEO plugin v27.5 - https:\/\/yoast.com\/product\/yoast-seo-wordpress\/ -->\n<title>Supress\u00e3o por Novec\u2122 1230 - Argus Engenharia<\/title>\n<meta name=\"robots\" content=\"index, follow, max-snippet:-1, max-image-preview:large, max-video-preview:-1\" \/>\n<link rel=\"canonical\" href=\"https:\/\/www.argus-engenharia.com.br\/site\/sistemas-produtos\/supressao-por-novec-1230\/\" \/>\n<meta property=\"og:locale\" content=\"pt_BR\" \/>\n<meta property=\"og:type\" content=\"article\" \/>\n<meta property=\"og:title\" content=\"Supress\u00e3o por Novec\u2122 1230 - Argus Engenharia\" \/>\n<meta property=\"og:description\" content=\"SISTEMAS DE G\u00c1S Supress\u00e3o por Novec\u2122 1230 O NOVEC\u2122 1230 \u00e9 um agente limpo, listado na NFPA 2001, usado em sistemas de supress\u00e3o por inunda\u00e7\u00e3o total. O agente tem o menor impacto sobre o meio ambiente dentre todos os gases listados pela NFPA 2001, com tempo de vida na atmosfera de apenas cinco dias e [&hellip;]\" \/>\n<meta property=\"og:url\" content=\"https:\/\/www.argus-engenharia.com.br\/site\/sistemas-produtos\/supressao-por-novec-1230\/\" \/>\n<meta property=\"og:site_name\" content=\"Argus Engenharia\" \/>\n<meta property=\"article:modified_time\" content=\"2024-06-26T13:52:49+00:00\" \/>\n<meta name=\"twitter:card\" content=\"summary_large_image\" \/>\n<meta name=\"twitter:label1\" content=\"Est. tempo de leitura\" \/>\n\t<meta name=\"twitter:data1\" content=\"3 minutos\" \/>\n<script type=\"application\/ld+json\" class=\"yoast-schema-graph\">{\"@context\":\"https:\\\/\\\/schema.org\",\"@graph\":[{\"@type\":\"WebPage\",\"@id\":\"https:\\\/\\\/www.argus-engenharia.com.br\\\/site\\\/sistemas-produtos\\\/supressao-por-novec-1230\\\/\",\"url\":\"https:\\\/\\\/www.argus-engenharia.com.br\\\/site\\\/sistemas-produtos\\\/supressao-por-novec-1230\\\/\",\"name\":\"Supress\u00e3o por Novec\u2122 1230 - Argus Engenharia\",\"isPartOf\":{\"@id\":\"http:\\\/\\\/www.argus-engenharia.com.br\\\/#website\"},\"datePublished\":\"2024-02-16T19:58:34+00:00\",\"dateModified\":\"2024-06-26T13:52:49+00:00\",\"breadcrumb\":{\"@id\":\"https:\\\/\\\/www.argus-engenharia.com.br\\\/site\\\/sistemas-produtos\\\/supressao-por-novec-1230\\\/#breadcrumb\"},\"inLanguage\":\"pt-BR\",\"potentialAction\":[{\"@type\":\"ReadAction\",\"target\":[\"https:\\\/\\\/www.argus-engenharia.com.br\\\/site\\\/sistemas-produtos\\\/supressao-por-novec-1230\\\/\"]}]},{\"@type\":\"BreadcrumbList\",\"@id\":\"https:\\\/\\\/www.argus-engenharia.com.br\\\/site\\\/sistemas-produtos\\\/supressao-por-novec-1230\\\/#breadcrumb\",\"itemListElement\":[{\"@type\":\"ListItem\",\"position\":1,\"name\":\"In\u00edcio\",\"item\":\"http:\\\/\\\/www.argus-engenharia.com.br\\\/\"},{\"@type\":\"ListItem\",\"position\":2,\"name\":\"SISTEMAS E PRODUTOS\",\"item\":\"https:\\\/\\\/www.argus-engenharia.com.br\\\/site\\\/sistemas-produtos\\\/\"},{\"@type\":\"ListItem\",\"position\":3,\"name\":\"Supress\u00e3o por Novec\u2122 1230\"}]},{\"@type\":\"WebSite\",\"@id\":\"http:\\\/\\\/www.argus-engenharia.com.br\\\/#website\",\"url\":\"http:\\\/\\\/www.argus-engenharia.com.br\\\/\",\"name\":\"Argus Engenharia\",\"description\":\"Produtos e Sistemas contra Inc\u00eandio\",\"publisher\":{\"@id\":\"http:\\\/\\\/www.argus-engenharia.com.br\\\/#organization\"},\"potentialAction\":[{\"@type\":\"SearchAction\",\"target\":{\"@type\":\"EntryPoint\",\"urlTemplate\":\"http:\\\/\\\/www.argus-engenharia.com.br\\\/?s={search_term_string}\"},\"query-input\":{\"@type\":\"PropertyValueSpecification\",\"valueRequired\":true,\"valueName\":\"search_term_string\"}}],\"inLanguage\":\"pt-BR\"},{\"@type\":\"Organization\",\"@id\":\"http:\\\/\\\/www.argus-engenharia.com.br\\\/#organization\",\"name\":\"Argus Engenharia\",\"url\":\"http:\\\/\\\/www.argus-engenharia.com.br\\\/\",\"logo\":{\"@type\":\"ImageObject\",\"inLanguage\":\"pt-BR\",\"@id\":\"http:\\\/\\\/www.argus-engenharia.com.br\\\/#\\\/schema\\\/logo\\\/image\\\/\",\"url\":\"http:\\\/\\\/www.argus-engenharia.com.br\\\/site\\\/wp-content\\\/uploads\\\/2023\\\/10\\\/arg-logo-cor.svg\",\"contentUrl\":\"http:\\\/\\\/www.argus-engenharia.com.br\\\/site\\\/wp-content\\\/uploads\\\/2023\\\/10\\\/arg-logo-cor.svg\",\"width\":1,\"height\":1,\"caption\":\"Argus Engenharia\"},\"image\":{\"@id\":\"http:\\\/\\\/www.argus-engenharia.com.br\\\/#\\\/schema\\\/logo\\\/image\\\/\"},\"sameAs\":[\"https:\\\/\\\/www.linkedin.com\\\/company\\\/argus-produtos-e-sistemas-contra-inc-ndio\\\/\",\"https:\\\/\\\/www.instagram.com\\\/argusengenhariabrasil\"]}]}<\/script>\n<!-- \/ Yoast SEO plugin. -->","yoast_head_json":{"title":"Supress\u00e3o por Novec\u2122 1230 - Argus Engenharia","robots":{"index":"index","follow":"follow","max-snippet":"max-snippet:-1","max-image-preview":"max-image-preview:large","max-video-preview":"max-video-preview:-1"},"canonical":"https:\/\/www.argus-engenharia.com.br\/site\/sistemas-produtos\/supressao-por-novec-1230\/","og_locale":"pt_BR","og_type":"article","og_title":"Supress\u00e3o por Novec\u2122 1230 - Argus Engenharia","og_description":"SISTEMAS DE G\u00c1S Supress\u00e3o por Novec\u2122 1230 O NOVEC\u2122 1230 \u00e9 um agente limpo, listado na NFPA 2001, usado em sistemas de supress\u00e3o por inunda\u00e7\u00e3o total. O agente tem o menor impacto sobre o meio ambiente dentre todos os gases listados pela NFPA 2001, com tempo de vida na atmosfera de apenas cinco dias e [&hellip;]","og_url":"https:\/\/www.argus-engenharia.com.br\/site\/sistemas-produtos\/supressao-por-novec-1230\/","og_site_name":"Argus Engenharia","article_modified_time":"2024-06-26T13:52:49+00:00","twitter_card":"summary_large_image","twitter_misc":{"Est. tempo de leitura":"3 minutos"},"schema":{"@context":"https:\/\/schema.org","@graph":[{"@type":"WebPage","@id":"https:\/\/www.argus-engenharia.com.br\/site\/sistemas-produtos\/supressao-por-novec-1230\/","url":"https:\/\/www.argus-engenharia.com.br\/site\/sistemas-produtos\/supressao-por-novec-1230\/","name":"Supress\u00e3o por Novec\u2122 1230 - Argus Engenharia","isPartOf":{"@id":"http:\/\/www.argus-engenharia.com.br\/#website"},"datePublished":"2024-02-16T19:58:34+00:00","dateModified":"2024-06-26T13:52:49+00:00","breadcrumb":{"@id":"https:\/\/www.argus-engenharia.com.br\/site\/sistemas-produtos\/supressao-por-novec-1230\/#breadcrumb"},"inLanguage":"pt-BR","potentialAction":[{"@type":"ReadAction","target":["https:\/\/www.argus-engenharia.com.br\/site\/sistemas-produtos\/supressao-por-novec-1230\/"]}]},{"@type":"BreadcrumbList","@id":"https:\/\/www.argus-engenharia.com.br\/site\/sistemas-produtos\/supressao-por-novec-1230\/#breadcrumb","itemListElement":[{"@type":"ListItem","position":1,"name":"In\u00edcio","item":"http:\/\/www.argus-engenharia.com.br\/"},{"@type":"ListItem","position":2,"name":"SISTEMAS E PRODUTOS","item":"https:\/\/www.argus-engenharia.com.br\/site\/sistemas-produtos\/"},{"@type":"ListItem","position":3,"name":"Supress\u00e3o por Novec\u2122 1230"}]},{"@type":"WebSite","@id":"http:\/\/www.argus-engenharia.com.br\/#website","url":"http:\/\/www.argus-engenharia.com.br\/","name":"Argus Engenharia","description":"Produtos e Sistemas contra Inc\u00eandio","publisher":{"@id":"http:\/\/www.argus-engenharia.com.br\/#organization"},"potentialAction":[{"@type":"SearchAction","target":{"@type":"EntryPoint","urlTemplate":"http:\/\/www.argus-engenharia.com.br\/?s={search_term_string}"},"query-input":{"@type":"PropertyValueSpecification","valueRequired":true,"valueName":"search_term_string"}}],"inLanguage":"pt-BR"},{"@type":"Organization","@id":"http:\/\/www.argus-engenharia.com.br\/#organization","name":"Argus Engenharia","url":"http:\/\/www.argus-engenharia.com.br\/","logo":{"@type":"ImageObject","inLanguage":"pt-BR","@id":"http:\/\/www.argus-engenharia.com.br\/#\/schema\/logo\/image\/","url":"http:\/\/www.argus-engenharia.com.br\/site\/wp-content\/uploads\/2023\/10\/arg-logo-cor.svg","contentUrl":"http:\/\/www.argus-engenharia.com.br\/site\/wp-content\/uploads\/2023\/10\/arg-logo-cor.svg","width":1,"height":1,"caption":"Argus Engenharia"},"image":{"@id":"http:\/\/www.argus-engenharia.com.br\/#\/schema\/logo\/image\/"},"sameAs":["https:\/\/www.linkedin.com\/company\/argus-produtos-e-sistemas-contra-inc-ndio\/","https:\/\/www.instagram.com\/argusengenhariabrasil"]}]}},"_links":{"self":[{"href":"https:\/\/www.argus-engenharia.com.br\/site\/wp-json\/wp\/v2\/pages\/667","targetHints":{"allow":["GET"]}}],"collection":[{"href":"https:\/\/www.argus-engenharia.com.br\/site\/wp-json\/wp\/v2\/pages"}],"about":[{"href":"https:\/\/www.argus-engenharia.com.br\/site\/wp-json\/wp\/v2\/types\/page"}],"author":[{"embeddable":true,"href":"https:\/\/www.argus-engenharia.com.br\/site\/wp-json\/wp\/v2\/users\/1"}],"replies":[{"embeddable":true,"href":"https:\/\/www.argus-engenharia.com.br\/site\/wp-json\/wp\/v2\/comments?post=667"}],"version-history":[{"count":5,"href":"https:\/\/www.argus-engenharia.com.br\/site\/wp-json\/wp\/v2\/pages\/667\/revisions"}],"predecessor-version":[{"id":914,"href":"https:\/\/www.argus-engenharia.com.br\/site\/wp-json\/wp\/v2\/pages\/667\/revisions\/914"}],"up":[{"embeddable":true,"href":"https:\/\/www.argus-engenharia.com.br\/site\/wp-json\/wp\/v2\/pages\/33"}],"wp:attachment":[{"href":"https:\/\/www.argus-engenharia.com.br\/site\/wp-json\/wp\/v2\/media?parent=667"}],"curies":[{"name":"wp","href":"https:\/\/api.w.org\/{rel}","templated":true}]}}