{"id":663,"date":"2024-02-16T16:58:16","date_gmt":"2024-02-16T19:58:16","guid":{"rendered":"https:\/\/www.argus-engenharia.com.br\/site\/?page_id=663"},"modified":"2024-05-14T16:57:54","modified_gmt":"2024-05-14T19:57:54","slug":"sistema-de-sprinklers","status":"publish","type":"page","link":"https:\/\/www.argus-engenharia.com.br\/site\/sistemas-produtos\/sistema-de-sprinklers\/","title":{"rendered":"Sistema de Sprinklers"},"content":{"rendered":"<h1>SISTEMAS DE \u00c1GUA<\/h1>\n<h1>Sistema de Sprinklers<\/h1>\n<div>A instala\u00e7\u00e3o de um sistema de sprinklers consiste basicamente de uma rede de bicos de sprinklers adequadamente distribu\u00eddos e interligados por tubula\u00e7\u00f5es a\u00e9reas e conex\u00f5es. A rede deve ser fixada com suportes em quantidade suficiente, conforme determina\u00e7\u00e3o das normas pertinentes.<\/div>\n<div>O objetivo do sprinkler \u00e9 extinguir um inc\u00eandio de maneira r\u00e1pida e autom\u00e1tica logo no princ\u00edpio, antes que o fogo se propague e provoque maiores danos. O sistema de sprinklers autom\u00e1tico atua na extin\u00e7\u00e3o do fogo na \u00e1rea, pela pronta e cont\u00ednua descarga de \u00e1gua diretamente sobre o material em combust\u00e3o.<\/div>\n<div>Os sprinklers s\u00e3o projetados na rede com espa\u00e7amentos regulamentados para cada tipo de risco a ser protegido. Cada instala\u00e7\u00e3o, com um determinado n\u00famero de sprinklers, \u00e9 controlada por uma v\u00e1lvula de governo e alarme.<\/div>\n<div>Os componentes b\u00e1sicos dos bicos de sprinklers s\u00e3o: orif\u00edcio de entrada, ampola (elemento sensor) e o defletor.<\/div>\n<p><img decoding=\"async\" src=\"\/site\/wp-content\/uploads\/2024\/01\/agua-03.jpg\" alt=\"\"><\/p>\n<div>A fun\u00e7\u00e3o dos sprinklers \u00e9 reduzir ao m\u00ednimo os danos causados pelo fogo e tamb\u00e9m pela \u00e1gua. \u00c9 importante observar que os sprinklers somente ir\u00e3o funcionar sobre o local do inc\u00eandio, empregando assim apenas a quantidade de \u00e1gua estritamente necess\u00e1ria.<\/div>\n<div>O elemento sens\u00edvel dos sprinklers \u00e9 a ampola de vidro transparente, caracterizada pela sua resist\u00eancia e rigidez. Esta ampola e seu conte\u00fado s\u00e3o de natureza permanente e invari\u00e1vel, e n\u00e3o sofrem altera\u00e7\u00e3o com a passagem do tempo ou condi\u00e7\u00f5es atmosf\u00e9ricas.<\/div>\n<div>A ampola de vidro \u00e9 hermeticamente fechada e selada e cont\u00e9m um l\u00edquido altamente expans\u00edvel e sens\u00edvel ao calor, capaz de exercer uma for\u00e7a de rompimento elevada. No caso da temperatura se elevar acima de um limite predeterminado, a press\u00e3o criada pela expans\u00e3o do l\u00edquido rompe a ampola, dando passagem \u00e0 \u00e1gua que se espalha ao chocar-se contra o defletor, sendo espargida em forma de chuva sobre o foco de inc\u00eandio. Existem ainda, os modelos de sprinklers onde o elemento sensor \u00e9 constitu\u00eddo de um elo fus\u00edvel met\u00e1lico, em substitui\u00e7\u00e3o \u00e0 ampola de vidro.<\/div>\n<p><img decoding=\"async\" src=\"\/site\/wp-content\/uploads\/2024\/01\/agua-02.jpg\" alt=\"\"><\/p>\n<p>\n    <a href=\"\/site\/contato\/\">FALE CONOSCO<\/a>\n<\/p>\n<p><!--more--><br \/>\n<!-- {\"type\":\"layout\",\"children\":[{\"type\":\"section\",\"props\":{\"id\":\"sistemas\",\"image_position\":\"center-center\",\"style\":\"default\",\"title_breakpoint\":\"xl\",\"title_position\":\"top-left\",\"title_rotation\":\"left\",\"vertical_align\":\"middle\",\"width\":\"default\"},\"children\":[{\"type\":\"row\",\"props\":{\"id\":\"firepro\"},\"children\":[{\"type\":\"column\",\"props\":{\"image_position\":\"center-center\",\"padding\":\"xsmall\",\"position_sticky_breakpoint\":\"m\"},\"children\":[{\"type\":\"headline\",\"props\":{\"content\":\"SISTEMAS DE \\u00c1GUA\",\"title_color\":\"primary\",\"title_decoration\":\"bullet\",\"title_element\":\"h1\",\"title_style\":\"h2\"}}]}]},{\"type\":\"row\",\"props\":{\"id\":\"sprinkler\",\"layout\":\"1-2,1-2\"},\"children\":[{\"type\":\"column\",\"props\":{\"image_position\":\"center-center\",\"position_sticky_breakpoint\":\"m\",\"vertical_align\":\"middle\",\"width_medium\":\"1-2\"},\"children\":[{\"type\":\"headline\",\"props\":{\"content\":\"Sistema de Sprinklers\",\"margin\":\"default\",\"title_element\":\"h1\",\"title_style\":\"h2\"}},{\"type\":\"text\",\"props\":{\"column_breakpoint\":\"m\",\"content\":\"A instala\\u00e7\\u00e3o de um sistema de sprinklers consiste basicamente de uma rede de bicos de sprinklers adequadamente distribu\\u00eddos e interligados por tubula\\u00e7\\u00f5es a\\u00e9reas e conex\\u00f5es. A rede deve ser fixada com suportes em quantidade suficiente, conforme determina\\u00e7\\u00e3o das normas pertinentes.\",\"margin\":\"default\"}},{\"type\":\"text\",\"props\":{\"column_breakpoint\":\"m\",\"content\":\"O objetivo do sprinkler \\u00e9 extinguir um inc\\u00eandio de maneira r\\u00e1pida e autom\\u00e1tica logo no princ\\u00edpio, antes que o fogo se propague e provoque maiores danos. O sistema de sprinklers autom\\u00e1tico atua na extin\\u00e7\\u00e3o do fogo na \\u00e1rea, pela pronta e cont\\u00ednua descarga de \\u00e1gua diretamente sobre o material em combust\\u00e3o.\",\"margin\":\"default\"}},{\"type\":\"text\",\"props\":{\"column_breakpoint\":\"m\",\"content\":\"Os sprinklers s\\u00e3o projetados na rede com espa\\u00e7amentos regulamentados para cada tipo de risco a ser protegido. Cada instala\\u00e7\\u00e3o, com um determinado n\\u00famero de sprinklers, \\u00e9 controlada por uma v\\u00e1lvula de governo e alarme.\",\"margin\":\"default\"}},{\"type\":\"text\",\"props\":{\"column_breakpoint\":\"m\",\"content\":\"Os componentes b\\u00e1sicos dos bicos de sprinklers s\\u00e3o: orif\\u00edcio de entrada, ampola (elemento sensor) e o defletor.\",\"margin\":\"default\"}}]},{\"type\":\"column\",\"props\":{\"image_position\":\"center-center\",\"position_sticky_breakpoint\":\"m\",\"width_medium\":\"1-2\"},\"children\":[{\"type\":\"image\",\"props\":{\"image\":\"wp-content\\\/uploads\\\/2024\\\/01\\\/agua-03.jpg\",\"image_svg_color\":\"emphasis\",\"image_width\":\"900\",\"margin\":\"default\"}},{\"type\":\"text\",\"props\":{\"column_breakpoint\":\"m\",\"content\":\"A fun\\u00e7\\u00e3o dos sprinklers \\u00e9 reduzir ao m\\u00ednimo os danos causados pelo fogo e tamb\\u00e9m pela \\u00e1gua. \\u00c9 importante observar que os sprinklers somente ir\\u00e3o funcionar sobre o local do inc\\u00eandio, empregando assim apenas a quantidade de \\u00e1gua estritamente necess\\u00e1ria.\",\"margin\":\"default\",\"text_style\":\"lead\"}}]}]},{\"type\":\"row\",\"props\":{\"layout\":\"1-2,1-2\"},\"children\":[{\"type\":\"column\",\"props\":{\"image_position\":\"center-center\",\"position_sticky_breakpoint\":\"m\",\"vertical_align\":\"middle\",\"width_medium\":\"1-2\"},\"children\":[{\"type\":\"text\",\"props\":{\"column_breakpoint\":\"m\",\"content\":\"O elemento sens\\u00edvel dos sprinklers \\u00e9 a ampola de vidro transparente, caracterizada pela sua resist\\u00eancia e rigidez. Esta ampola e seu conte\\u00fado s\\u00e3o de natureza permanente e invari\\u00e1vel, e n\\u00e3o sofrem altera\\u00e7\\u00e3o com a passagem do tempo ou condi\\u00e7\\u00f5es atmosf\\u00e9ricas.\",\"margin\":\"default\"}},{\"type\":\"text\",\"props\":{\"column_breakpoint\":\"m\",\"content\":\"A ampola de vidro \\u00e9 hermeticamente fechada e selada e cont\\u00e9m um l\\u00edquido altamente expans\\u00edvel e sens\\u00edvel ao calor, capaz de exercer uma for\\u00e7a de rompimento elevada. No caso da temperatura se elevar acima de um limite predeterminado, a press\\u00e3o criada pela expans\\u00e3o do l\\u00edquido rompe a ampola, dando passagem \\u00e0 \\u00e1gua que se espalha ao chocar-se contra o defletor, sendo espargida em forma de chuva sobre o foco de inc\\u00eandio. Existem ainda, os modelos de sprinklers onde o elemento sensor \\u00e9 constitu\\u00eddo de um elo fus\\u00edvel met\\u00e1lico, em substitui\\u00e7\\u00e3o \\u00e0 ampola de vidro.\",\"margin\":\"default\"}}]},{\"type\":\"column\",\"props\":{\"image_position\":\"center-center\",\"position_sticky_breakpoint\":\"m\",\"width_medium\":\"1-2\"},\"children\":[{\"type\":\"image\",\"props\":{\"image\":\"wp-content\\\/uploads\\\/2024\\\/01\\\/agua-02.jpg\",\"image_svg_color\":\"emphasis\",\"image_width\":\"900\",\"margin\":\"default\"}}]}]},{\"type\":\"row\",\"children\":[{\"type\":\"column\",\"props\":{\"image_position\":\"center-center\",\"position_sticky_breakpoint\":\"m\"},\"children\":[{\"type\":\"button\",\"props\":{\"button_size\":\"large\",\"grid_column_gap\":\"small\",\"grid_row_gap\":\"small\",\"margin\":\"default\"},\"children\":[{\"type\":\"button_item\",\"props\":{\"button_style\":\"default\",\"content\":\"FALE CONOSCO\",\"icon\":\"comment\",\"icon_align\":\"left\",\"link\":\"contato\\\/\"}}]}]}]}],\"name\":\"SISTEMAS-OLD\"}],\"version\":\"4.1.3\"} --><\/p>\n","protected":false},"excerpt":{"rendered":"<p>SISTEMAS DE \u00c1GUA Sistema de Sprinklers A instala\u00e7\u00e3o de um sistema de sprinklers consiste basicamente de uma rede de bicos de sprinklers adequadamente distribu\u00eddos e interligados por tubula\u00e7\u00f5es a\u00e9reas e conex\u00f5es. A rede deve ser fixada com suportes em quantidade suficiente, conforme determina\u00e7\u00e3o das normas pertinentes. O objetivo do sprinkler \u00e9 extinguir um inc\u00eandio de [&hellip;]<\/p>\n","protected":false},"author":1,"featured_media":0,"parent":33,"menu_order":0,"comment_status":"closed","ping_status":"closed","template":"","meta":{"_joinchat":[],"footnotes":""},"class_list":["post-663","page","type-page","status-publish","hentry"],"yoast_head":"<!-- This site is optimized with the Yoast SEO plugin v27.5 - https:\/\/yoast.com\/product\/yoast-seo-wordpress\/ -->\n<title>Sistema de Sprinklers - Argus Engenharia<\/title>\n<meta name=\"robots\" content=\"index, follow, max-snippet:-1, max-image-preview:large, max-video-preview:-1\" \/>\n<link rel=\"canonical\" href=\"http:\/\/www.argus-engenharia.com.br\/sistemas-produtos\/sistema-de-sprinklers\/\" \/>\n<meta property=\"og:locale\" content=\"pt_BR\" \/>\n<meta property=\"og:type\" content=\"article\" \/>\n<meta property=\"og:title\" content=\"Sistema de Sprinklers - Argus Engenharia\" \/>\n<meta property=\"og:description\" content=\"SISTEMAS DE \u00c1GUA Sistema de Sprinklers A instala\u00e7\u00e3o de um sistema de sprinklers consiste basicamente de uma rede de bicos de sprinklers adequadamente distribu\u00eddos e interligados por tubula\u00e7\u00f5es a\u00e9reas e conex\u00f5es. A rede deve ser fixada com suportes em quantidade suficiente, conforme determina\u00e7\u00e3o das normas pertinentes. O objetivo do sprinkler \u00e9 extinguir um inc\u00eandio de [&hellip;]\" \/>\n<meta property=\"og:url\" content=\"http:\/\/www.argus-engenharia.com.br\/sistemas-produtos\/sistema-de-sprinklers\/\" \/>\n<meta property=\"og:site_name\" content=\"Argus Engenharia\" \/>\n<meta property=\"article:modified_time\" content=\"2024-05-14T19:57:54+00:00\" \/>\n<meta name=\"twitter:card\" content=\"summary_large_image\" \/>\n<meta name=\"twitter:label1\" content=\"Est. tempo de leitura\" \/>\n\t<meta name=\"twitter:data1\" content=\"2 minutos\" \/>\n<script type=\"application\/ld+json\" class=\"yoast-schema-graph\">{\"@context\":\"https:\\\/\\\/schema.org\",\"@graph\":[{\"@type\":\"WebPage\",\"@id\":\"http:\\\/\\\/www.argus-engenharia.com.br\\\/sistemas-produtos\\\/sistema-de-sprinklers\\\/\",\"url\":\"http:\\\/\\\/www.argus-engenharia.com.br\\\/sistemas-produtos\\\/sistema-de-sprinklers\\\/\",\"name\":\"Sistema de Sprinklers - Argus Engenharia\",\"isPartOf\":{\"@id\":\"http:\\\/\\\/www.argus-engenharia.com.br\\\/#website\"},\"datePublished\":\"2024-02-16T19:58:16+00:00\",\"dateModified\":\"2024-05-14T19:57:54+00:00\",\"breadcrumb\":{\"@id\":\"http:\\\/\\\/www.argus-engenharia.com.br\\\/sistemas-produtos\\\/sistema-de-sprinklers\\\/#breadcrumb\"},\"inLanguage\":\"pt-BR\",\"potentialAction\":[{\"@type\":\"ReadAction\",\"target\":[\"http:\\\/\\\/www.argus-engenharia.com.br\\\/sistemas-produtos\\\/sistema-de-sprinklers\\\/\"]}]},{\"@type\":\"BreadcrumbList\",\"@id\":\"http:\\\/\\\/www.argus-engenharia.com.br\\\/sistemas-produtos\\\/sistema-de-sprinklers\\\/#breadcrumb\",\"itemListElement\":[{\"@type\":\"ListItem\",\"position\":1,\"name\":\"In\u00edcio\",\"item\":\"http:\\\/\\\/www.argus-engenharia.com.br\\\/\"},{\"@type\":\"ListItem\",\"position\":2,\"name\":\"SISTEMAS E PRODUTOS\",\"item\":\"http:\\\/\\\/www.argus-engenharia.com.br\\\/sistemas-produtos\\\/\"},{\"@type\":\"ListItem\",\"position\":3,\"name\":\"Sistema de Sprinklers\"}]},{\"@type\":\"WebSite\",\"@id\":\"http:\\\/\\\/www.argus-engenharia.com.br\\\/#website\",\"url\":\"http:\\\/\\\/www.argus-engenharia.com.br\\\/\",\"name\":\"Argus Engenharia\",\"description\":\"Produtos e Sistemas contra Inc\u00eandio\",\"publisher\":{\"@id\":\"http:\\\/\\\/www.argus-engenharia.com.br\\\/#organization\"},\"potentialAction\":[{\"@type\":\"SearchAction\",\"target\":{\"@type\":\"EntryPoint\",\"urlTemplate\":\"http:\\\/\\\/www.argus-engenharia.com.br\\\/?s={search_term_string}\"},\"query-input\":{\"@type\":\"PropertyValueSpecification\",\"valueRequired\":true,\"valueName\":\"search_term_string\"}}],\"inLanguage\":\"pt-BR\"},{\"@type\":\"Organization\",\"@id\":\"http:\\\/\\\/www.argus-engenharia.com.br\\\/#organization\",\"name\":\"Argus Engenharia\",\"url\":\"http:\\\/\\\/www.argus-engenharia.com.br\\\/\",\"logo\":{\"@type\":\"ImageObject\",\"inLanguage\":\"pt-BR\",\"@id\":\"http:\\\/\\\/www.argus-engenharia.com.br\\\/#\\\/schema\\\/logo\\\/image\\\/\",\"url\":\"http:\\\/\\\/www.argus-engenharia.com.br\\\/site\\\/wp-content\\\/uploads\\\/2023\\\/10\\\/arg-logo-cor.svg\",\"contentUrl\":\"http:\\\/\\\/www.argus-engenharia.com.br\\\/site\\\/wp-content\\\/uploads\\\/2023\\\/10\\\/arg-logo-cor.svg\",\"width\":1,\"height\":1,\"caption\":\"Argus Engenharia\"},\"image\":{\"@id\":\"http:\\\/\\\/www.argus-engenharia.com.br\\\/#\\\/schema\\\/logo\\\/image\\\/\"},\"sameAs\":[\"https:\\\/\\\/www.linkedin.com\\\/company\\\/argus-produtos-e-sistemas-contra-inc-ndio\\\/\",\"https:\\\/\\\/www.instagram.com\\\/argusengenhariabrasil\"]}]}<\/script>\n<!-- \/ Yoast SEO plugin. -->","yoast_head_json":{"title":"Sistema de Sprinklers - Argus Engenharia","robots":{"index":"index","follow":"follow","max-snippet":"max-snippet:-1","max-image-preview":"max-image-preview:large","max-video-preview":"max-video-preview:-1"},"canonical":"http:\/\/www.argus-engenharia.com.br\/sistemas-produtos\/sistema-de-sprinklers\/","og_locale":"pt_BR","og_type":"article","og_title":"Sistema de Sprinklers - Argus Engenharia","og_description":"SISTEMAS DE \u00c1GUA Sistema de Sprinklers A instala\u00e7\u00e3o de um sistema de sprinklers consiste basicamente de uma rede de bicos de sprinklers adequadamente distribu\u00eddos e interligados por tubula\u00e7\u00f5es a\u00e9reas e conex\u00f5es. A rede deve ser fixada com suportes em quantidade suficiente, conforme determina\u00e7\u00e3o das normas pertinentes. O objetivo do sprinkler \u00e9 extinguir um inc\u00eandio de [&hellip;]","og_url":"http:\/\/www.argus-engenharia.com.br\/sistemas-produtos\/sistema-de-sprinklers\/","og_site_name":"Argus Engenharia","article_modified_time":"2024-05-14T19:57:54+00:00","twitter_card":"summary_large_image","twitter_misc":{"Est. tempo de leitura":"2 minutos"},"schema":{"@context":"https:\/\/schema.org","@graph":[{"@type":"WebPage","@id":"http:\/\/www.argus-engenharia.com.br\/sistemas-produtos\/sistema-de-sprinklers\/","url":"http:\/\/www.argus-engenharia.com.br\/sistemas-produtos\/sistema-de-sprinklers\/","name":"Sistema de Sprinklers - Argus Engenharia","isPartOf":{"@id":"http:\/\/www.argus-engenharia.com.br\/#website"},"datePublished":"2024-02-16T19:58:16+00:00","dateModified":"2024-05-14T19:57:54+00:00","breadcrumb":{"@id":"http:\/\/www.argus-engenharia.com.br\/sistemas-produtos\/sistema-de-sprinklers\/#breadcrumb"},"inLanguage":"pt-BR","potentialAction":[{"@type":"ReadAction","target":["http:\/\/www.argus-engenharia.com.br\/sistemas-produtos\/sistema-de-sprinklers\/"]}]},{"@type":"BreadcrumbList","@id":"http:\/\/www.argus-engenharia.com.br\/sistemas-produtos\/sistema-de-sprinklers\/#breadcrumb","itemListElement":[{"@type":"ListItem","position":1,"name":"In\u00edcio","item":"http:\/\/www.argus-engenharia.com.br\/"},{"@type":"ListItem","position":2,"name":"SISTEMAS E PRODUTOS","item":"http:\/\/www.argus-engenharia.com.br\/sistemas-produtos\/"},{"@type":"ListItem","position":3,"name":"Sistema de Sprinklers"}]},{"@type":"WebSite","@id":"http:\/\/www.argus-engenharia.com.br\/#website","url":"http:\/\/www.argus-engenharia.com.br\/","name":"Argus Engenharia","description":"Produtos e Sistemas contra Inc\u00eandio","publisher":{"@id":"http:\/\/www.argus-engenharia.com.br\/#organization"},"potentialAction":[{"@type":"SearchAction","target":{"@type":"EntryPoint","urlTemplate":"http:\/\/www.argus-engenharia.com.br\/?s={search_term_string}"},"query-input":{"@type":"PropertyValueSpecification","valueRequired":true,"valueName":"search_term_string"}}],"inLanguage":"pt-BR"},{"@type":"Organization","@id":"http:\/\/www.argus-engenharia.com.br\/#organization","name":"Argus Engenharia","url":"http:\/\/www.argus-engenharia.com.br\/","logo":{"@type":"ImageObject","inLanguage":"pt-BR","@id":"http:\/\/www.argus-engenharia.com.br\/#\/schema\/logo\/image\/","url":"http:\/\/www.argus-engenharia.com.br\/site\/wp-content\/uploads\/2023\/10\/arg-logo-cor.svg","contentUrl":"http:\/\/www.argus-engenharia.com.br\/site\/wp-content\/uploads\/2023\/10\/arg-logo-cor.svg","width":1,"height":1,"caption":"Argus Engenharia"},"image":{"@id":"http:\/\/www.argus-engenharia.com.br\/#\/schema\/logo\/image\/"},"sameAs":["https:\/\/www.linkedin.com\/company\/argus-produtos-e-sistemas-contra-inc-ndio\/","https:\/\/www.instagram.com\/argusengenhariabrasil"]}]}},"_links":{"self":[{"href":"https:\/\/www.argus-engenharia.com.br\/site\/wp-json\/wp\/v2\/pages\/663","targetHints":{"allow":["GET"]}}],"collection":[{"href":"https:\/\/www.argus-engenharia.com.br\/site\/wp-json\/wp\/v2\/pages"}],"about":[{"href":"https:\/\/www.argus-engenharia.com.br\/site\/wp-json\/wp\/v2\/types\/page"}],"author":[{"embeddable":true,"href":"https:\/\/www.argus-engenharia.com.br\/site\/wp-json\/wp\/v2\/users\/1"}],"replies":[{"embeddable":true,"href":"https:\/\/www.argus-engenharia.com.br\/site\/wp-json\/wp\/v2\/comments?post=663"}],"version-history":[{"count":3,"href":"https:\/\/www.argus-engenharia.com.br\/site\/wp-json\/wp\/v2\/pages\/663\/revisions"}],"predecessor-version":[{"id":897,"href":"https:\/\/www.argus-engenharia.com.br\/site\/wp-json\/wp\/v2\/pages\/663\/revisions\/897"}],"up":[{"embeddable":true,"href":"https:\/\/www.argus-engenharia.com.br\/site\/wp-json\/wp\/v2\/pages\/33"}],"wp:attachment":[{"href":"https:\/\/www.argus-engenharia.com.br\/site\/wp-json\/wp\/v2\/media?parent=663"}],"curies":[{"name":"wp","href":"https:\/\/api.w.org\/{rel}","templated":true}]}}