{"id":661,"date":"2024-02-16T16:58:06","date_gmt":"2024-02-16T19:58:06","guid":{"rendered":"https:\/\/www.argus-engenharia.com.br\/site\/?page_id=661"},"modified":"2024-05-14T16:57:28","modified_gmt":"2024-05-14T19:57:28","slug":"sistema-de-hidrantes","status":"publish","type":"page","link":"https:\/\/www.argus-engenharia.com.br\/site\/sistemas-produtos\/sistema-de-hidrantes\/","title":{"rendered":"Sistema de Hidrantes"},"content":{"rendered":"<h1>SISTEMAS DE \u00c1GUA<\/h1>\n<h1>Sistema de Hidrantes<\/h1>\n<div>O sistema de hidrantes \u00e9 instalado na tubula\u00e7\u00e3o geral de inc\u00eandio, sendo que sua press\u00e3o e vaz\u00e3o devem ser determinadas de acordo com a norma NFPA 14 e\/ou NBR 13714. O sistema \u00e9 constitu\u00eddo por uma rede de tubula\u00e7\u00e3o constantemente pressurizada pelas bombas de inc\u00eandio e acionadas por motor el\u00e9trico ou diesel, devendo entrar em funcionamento automaticamente quando houver abertura de qualquer ponto de hidrante.<\/div>\n<div>Os hidrantes podem ser simples (utilizados em \u00e1reas internas) ou duplos (utilizados em \u00e1reas externas e em \u00e1reas internas dependendo da situa\u00e7\u00e3o e do risco) e s\u00e3o compostos de registro controlador, adaptador tipo engate r\u00e1pido e tamp\u00e3o com engate r\u00e1pido para prote\u00e7\u00e3o contra detritos, animais ou insetos. O conjunto precisa de um abrigo met\u00e1lico para acomodar no seu interior os acess\u00f3rios (chave tipo engate r\u00e1pido, mangueiras de inc\u00eandio e esguichos).<\/div>\n<div>De acordo com a norma NBR 12779, toda mangueira de inc\u00eandio deve ser inspecionada a cada 6 meses e a cada 12 meses deve ser submetida \u00e0 manuten\u00e7\u00e3o e teste hidrost\u00e1tico. S\u00e3o comercializados basicamente dois tipos de mangueira de inc\u00eandio:\n<\/div>\n<ul>\n<li>\n<div>Mangueira com di\u00e2metro de 38 mm (1.1\/2\u201d) \u2013 lances de 15m ou 30m.<\/div>\n<\/li>\n<li>\n<div>Mangueira com di\u00e2metro de 63 mm (2.1\/2\u201d) \u2013 lances de 15m ou 30m.<\/div>\n<\/li>\n<\/ul>\n<p><img decoding=\"async\" src=\"\/site\/wp-content\/uploads\/2024\/01\/agua-01.jpg\" alt=\"\"><\/p>\n<p>\n    <a href=\"\/site\/contato\/\">FALE CONOSCO<\/a>\n<\/p>\n<p><!--more--><br \/>\n<!-- {\"type\":\"layout\",\"children\":[{\"type\":\"section\",\"props\":{\"id\":\"sistemas\",\"image_position\":\"center-center\",\"style\":\"default\",\"title_breakpoint\":\"xl\",\"title_position\":\"top-left\",\"title_rotation\":\"left\",\"vertical_align\":\"middle\",\"width\":\"default\"},\"children\":[{\"type\":\"row\",\"props\":{\"id\":\"firepro\"},\"children\":[{\"type\":\"column\",\"props\":{\"image_position\":\"center-center\",\"padding\":\"xsmall\",\"position_sticky_breakpoint\":\"m\"},\"children\":[{\"type\":\"headline\",\"props\":{\"content\":\"SISTEMAS DE \\u00c1GUA\",\"title_color\":\"primary\",\"title_decoration\":\"bullet\",\"title_element\":\"h1\",\"title_style\":\"h2\"}}]}]},{\"type\":\"row\",\"props\":{\"id\":\"hidrante\",\"layout\":\"1-2,1-2\"},\"children\":[{\"type\":\"column\",\"props\":{\"image_position\":\"center-center\",\"position_sticky_breakpoint\":\"m\",\"vertical_align\":\"middle\",\"width_medium\":\"1-2\"},\"children\":[{\"type\":\"headline\",\"props\":{\"content\":\"Sistema de Hidrantes\",\"margin\":\"default\",\"title_element\":\"h1\",\"title_style\":\"h2\"}},{\"type\":\"text\",\"props\":{\"column_breakpoint\":\"m\",\"content\":\"O sistema de hidrantes \\u00e9 instalado na tubula\\u00e7\\u00e3o geral de inc\\u00eandio, sendo que sua press\\u00e3o e vaz\\u00e3o devem ser determinadas de acordo com a norma NFPA 14 e\\\/ou NBR 13714. O sistema \\u00e9 constitu\\u00eddo por uma rede de tubula\\u00e7\\u00e3o constantemente pressurizada pelas bombas de inc\\u00eandio e acionadas por motor el\\u00e9trico ou diesel, devendo entrar em funcionamento automaticamente quando houver abertura de qualquer ponto de hidrante.\",\"margin\":\"default\"}},{\"type\":\"text\",\"props\":{\"column_breakpoint\":\"m\",\"content\":\"Os hidrantes podem ser simples (utilizados em \\u00e1reas internas) ou duplos (utilizados em \\u00e1reas externas e em \\u00e1reas internas dependendo da situa\\u00e7\\u00e3o e do risco) e s\\u00e3o compostos de registro controlador, adaptador tipo engate r\\u00e1pido e tamp\\u00e3o com engate r\\u00e1pido para prote\\u00e7\\u00e3o contra detritos, animais ou insetos. O conjunto precisa de um abrigo met\\u00e1lico para acomodar no seu interior os acess\\u00f3rios (chave tipo engate r\\u00e1pido, mangueiras de inc\\u00eandio e esguichos).\",\"margin\":\"default\"}},{\"type\":\"text\",\"props\":{\"column_breakpoint\":\"m\",\"content\":\"De acordo com a norma NBR 12779, toda mangueira de inc\\u00eandio deve ser inspecionada a cada 6 meses e a cada 12 meses deve ser submetida \\u00e0 manuten\\u00e7\\u00e3o e teste hidrost\\u00e1tico. S\\u00e3o comercializados basicamente dois tipos de mangueira de inc\\u00eandio:\\n\",\"margin\":\"default\"}},{\"type\":\"list\",\"props\":{\"column_breakpoint\":\"m\",\"icon\":\"triangle-right\",\"icon_color\":\"primary\",\"image_align\":\"left\",\"image_svg_color\":\"emphasis\",\"image_vertical_align\":false,\"list_element\":\"ul\",\"list_horizontal_separator\":\", \",\"list_type\":\"vertical\",\"show_image\":true,\"show_link\":true},\"children\":[{\"type\":\"list_item\",\"props\":{\"content\":\"Mangueira com di\\u00e2metro de 38 mm (1.1\\\/2\\u201d) \\u2013 lances de 15m ou 30m.\"}},{\"type\":\"list_item\",\"props\":{\"content\":\"Mangueira com di\\u00e2metro de 63 mm (2.1\\\/2\\u201d) \\u2013 lances de 15m ou 30m.\"}}]}]},{\"type\":\"column\",\"props\":{\"image_position\":\"center-center\",\"position_sticky_breakpoint\":\"m\",\"width_medium\":\"1-2\"},\"children\":[{\"type\":\"image\",\"props\":{\"image\":\"wp-content\\\/uploads\\\/2024\\\/01\\\/agua-01.jpg\",\"image_svg_color\":\"emphasis\",\"margin\":\"default\"}}]}]},{\"type\":\"row\",\"children\":[{\"type\":\"column\",\"props\":{\"image_position\":\"center-center\",\"position_sticky_breakpoint\":\"m\"},\"children\":[{\"type\":\"button\",\"props\":{\"button_size\":\"large\",\"grid_column_gap\":\"small\",\"grid_row_gap\":\"small\",\"margin\":\"default\"},\"children\":[{\"type\":\"button_item\",\"props\":{\"button_style\":\"default\",\"content\":\"FALE CONOSCO\",\"icon\":\"comment\",\"icon_align\":\"left\",\"link\":\"contato\\\/\"}}]}]}]}],\"name\":\"SISTEMAS-OLD\"}],\"version\":\"4.1.3\"} --><\/p>\n","protected":false},"excerpt":{"rendered":"<p>SISTEMAS DE \u00c1GUA Sistema de Hidrantes O sistema de hidrantes \u00e9 instalado na tubula\u00e7\u00e3o geral de inc\u00eandio, sendo que sua press\u00e3o e vaz\u00e3o devem ser determinadas de acordo com a norma NFPA 14 e\/ou NBR 13714. O sistema \u00e9 constitu\u00eddo por uma rede de tubula\u00e7\u00e3o constantemente pressurizada pelas bombas de inc\u00eandio e acionadas por motor [&hellip;]<\/p>\n","protected":false},"author":1,"featured_media":0,"parent":33,"menu_order":0,"comment_status":"closed","ping_status":"closed","template":"","meta":{"_joinchat":[],"footnotes":""},"class_list":["post-661","page","type-page","status-publish","hentry"],"yoast_head":"<!-- This site is optimized with the Yoast SEO plugin v27.5 - https:\/\/yoast.com\/product\/yoast-seo-wordpress\/ -->\n<title>Sistema de Hidrantes - Argus Engenharia<\/title>\n<meta name=\"robots\" content=\"index, follow, max-snippet:-1, max-image-preview:large, max-video-preview:-1\" \/>\n<link rel=\"canonical\" href=\"http:\/\/www.argus-engenharia.com.br\/sistemas-produtos\/sistema-de-hidrantes\/\" \/>\n<meta property=\"og:locale\" content=\"pt_BR\" \/>\n<meta property=\"og:type\" content=\"article\" \/>\n<meta property=\"og:title\" content=\"Sistema de Hidrantes - Argus Engenharia\" \/>\n<meta property=\"og:description\" content=\"SISTEMAS DE \u00c1GUA Sistema de Hidrantes O sistema de hidrantes \u00e9 instalado na tubula\u00e7\u00e3o geral de inc\u00eandio, sendo que sua press\u00e3o e vaz\u00e3o devem ser determinadas de acordo com a norma NFPA 14 e\/ou NBR 13714. O sistema \u00e9 constitu\u00eddo por uma rede de tubula\u00e7\u00e3o constantemente pressurizada pelas bombas de inc\u00eandio e acionadas por motor [&hellip;]\" \/>\n<meta property=\"og:url\" content=\"http:\/\/www.argus-engenharia.com.br\/sistemas-produtos\/sistema-de-hidrantes\/\" \/>\n<meta property=\"og:site_name\" content=\"Argus Engenharia\" \/>\n<meta property=\"article:modified_time\" content=\"2024-05-14T19:57:28+00:00\" \/>\n<meta name=\"twitter:card\" content=\"summary_large_image\" \/>\n<meta name=\"twitter:label1\" content=\"Est. tempo de leitura\" \/>\n\t<meta name=\"twitter:data1\" content=\"1 minuto\" \/>\n<script type=\"application\/ld+json\" class=\"yoast-schema-graph\">{\"@context\":\"https:\\\/\\\/schema.org\",\"@graph\":[{\"@type\":\"WebPage\",\"@id\":\"http:\\\/\\\/www.argus-engenharia.com.br\\\/sistemas-produtos\\\/sistema-de-hidrantes\\\/\",\"url\":\"http:\\\/\\\/www.argus-engenharia.com.br\\\/sistemas-produtos\\\/sistema-de-hidrantes\\\/\",\"name\":\"Sistema de Hidrantes - Argus Engenharia\",\"isPartOf\":{\"@id\":\"http:\\\/\\\/www.argus-engenharia.com.br\\\/#website\"},\"datePublished\":\"2024-02-16T19:58:06+00:00\",\"dateModified\":\"2024-05-14T19:57:28+00:00\",\"breadcrumb\":{\"@id\":\"http:\\\/\\\/www.argus-engenharia.com.br\\\/sistemas-produtos\\\/sistema-de-hidrantes\\\/#breadcrumb\"},\"inLanguage\":\"pt-BR\",\"potentialAction\":[{\"@type\":\"ReadAction\",\"target\":[\"http:\\\/\\\/www.argus-engenharia.com.br\\\/sistemas-produtos\\\/sistema-de-hidrantes\\\/\"]}]},{\"@type\":\"BreadcrumbList\",\"@id\":\"http:\\\/\\\/www.argus-engenharia.com.br\\\/sistemas-produtos\\\/sistema-de-hidrantes\\\/#breadcrumb\",\"itemListElement\":[{\"@type\":\"ListItem\",\"position\":1,\"name\":\"In\u00edcio\",\"item\":\"http:\\\/\\\/www.argus-engenharia.com.br\\\/\"},{\"@type\":\"ListItem\",\"position\":2,\"name\":\"SISTEMAS E PRODUTOS\",\"item\":\"http:\\\/\\\/www.argus-engenharia.com.br\\\/sistemas-produtos\\\/\"},{\"@type\":\"ListItem\",\"position\":3,\"name\":\"Sistema de Hidrantes\"}]},{\"@type\":\"WebSite\",\"@id\":\"http:\\\/\\\/www.argus-engenharia.com.br\\\/#website\",\"url\":\"http:\\\/\\\/www.argus-engenharia.com.br\\\/\",\"name\":\"Argus Engenharia\",\"description\":\"Produtos e Sistemas contra Inc\u00eandio\",\"publisher\":{\"@id\":\"http:\\\/\\\/www.argus-engenharia.com.br\\\/#organization\"},\"potentialAction\":[{\"@type\":\"SearchAction\",\"target\":{\"@type\":\"EntryPoint\",\"urlTemplate\":\"http:\\\/\\\/www.argus-engenharia.com.br\\\/?s={search_term_string}\"},\"query-input\":{\"@type\":\"PropertyValueSpecification\",\"valueRequired\":true,\"valueName\":\"search_term_string\"}}],\"inLanguage\":\"pt-BR\"},{\"@type\":\"Organization\",\"@id\":\"http:\\\/\\\/www.argus-engenharia.com.br\\\/#organization\",\"name\":\"Argus Engenharia\",\"url\":\"http:\\\/\\\/www.argus-engenharia.com.br\\\/\",\"logo\":{\"@type\":\"ImageObject\",\"inLanguage\":\"pt-BR\",\"@id\":\"http:\\\/\\\/www.argus-engenharia.com.br\\\/#\\\/schema\\\/logo\\\/image\\\/\",\"url\":\"http:\\\/\\\/www.argus-engenharia.com.br\\\/site\\\/wp-content\\\/uploads\\\/2023\\\/10\\\/arg-logo-cor.svg\",\"contentUrl\":\"http:\\\/\\\/www.argus-engenharia.com.br\\\/site\\\/wp-content\\\/uploads\\\/2023\\\/10\\\/arg-logo-cor.svg\",\"width\":1,\"height\":1,\"caption\":\"Argus Engenharia\"},\"image\":{\"@id\":\"http:\\\/\\\/www.argus-engenharia.com.br\\\/#\\\/schema\\\/logo\\\/image\\\/\"},\"sameAs\":[\"https:\\\/\\\/www.linkedin.com\\\/company\\\/argus-produtos-e-sistemas-contra-inc-ndio\\\/\",\"https:\\\/\\\/www.instagram.com\\\/argusengenhariabrasil\"]}]}<\/script>\n<!-- \/ Yoast SEO plugin. -->","yoast_head_json":{"title":"Sistema de Hidrantes - Argus Engenharia","robots":{"index":"index","follow":"follow","max-snippet":"max-snippet:-1","max-image-preview":"max-image-preview:large","max-video-preview":"max-video-preview:-1"},"canonical":"http:\/\/www.argus-engenharia.com.br\/sistemas-produtos\/sistema-de-hidrantes\/","og_locale":"pt_BR","og_type":"article","og_title":"Sistema de Hidrantes - Argus Engenharia","og_description":"SISTEMAS DE \u00c1GUA Sistema de Hidrantes O sistema de hidrantes \u00e9 instalado na tubula\u00e7\u00e3o geral de inc\u00eandio, sendo que sua press\u00e3o e vaz\u00e3o devem ser determinadas de acordo com a norma NFPA 14 e\/ou NBR 13714. O sistema \u00e9 constitu\u00eddo por uma rede de tubula\u00e7\u00e3o constantemente pressurizada pelas bombas de inc\u00eandio e acionadas por motor [&hellip;]","og_url":"http:\/\/www.argus-engenharia.com.br\/sistemas-produtos\/sistema-de-hidrantes\/","og_site_name":"Argus Engenharia","article_modified_time":"2024-05-14T19:57:28+00:00","twitter_card":"summary_large_image","twitter_misc":{"Est. tempo de leitura":"1 minuto"},"schema":{"@context":"https:\/\/schema.org","@graph":[{"@type":"WebPage","@id":"http:\/\/www.argus-engenharia.com.br\/sistemas-produtos\/sistema-de-hidrantes\/","url":"http:\/\/www.argus-engenharia.com.br\/sistemas-produtos\/sistema-de-hidrantes\/","name":"Sistema de Hidrantes - Argus Engenharia","isPartOf":{"@id":"http:\/\/www.argus-engenharia.com.br\/#website"},"datePublished":"2024-02-16T19:58:06+00:00","dateModified":"2024-05-14T19:57:28+00:00","breadcrumb":{"@id":"http:\/\/www.argus-engenharia.com.br\/sistemas-produtos\/sistema-de-hidrantes\/#breadcrumb"},"inLanguage":"pt-BR","potentialAction":[{"@type":"ReadAction","target":["http:\/\/www.argus-engenharia.com.br\/sistemas-produtos\/sistema-de-hidrantes\/"]}]},{"@type":"BreadcrumbList","@id":"http:\/\/www.argus-engenharia.com.br\/sistemas-produtos\/sistema-de-hidrantes\/#breadcrumb","itemListElement":[{"@type":"ListItem","position":1,"name":"In\u00edcio","item":"http:\/\/www.argus-engenharia.com.br\/"},{"@type":"ListItem","position":2,"name":"SISTEMAS E PRODUTOS","item":"http:\/\/www.argus-engenharia.com.br\/sistemas-produtos\/"},{"@type":"ListItem","position":3,"name":"Sistema de Hidrantes"}]},{"@type":"WebSite","@id":"http:\/\/www.argus-engenharia.com.br\/#website","url":"http:\/\/www.argus-engenharia.com.br\/","name":"Argus Engenharia","description":"Produtos e Sistemas contra Inc\u00eandio","publisher":{"@id":"http:\/\/www.argus-engenharia.com.br\/#organization"},"potentialAction":[{"@type":"SearchAction","target":{"@type":"EntryPoint","urlTemplate":"http:\/\/www.argus-engenharia.com.br\/?s={search_term_string}"},"query-input":{"@type":"PropertyValueSpecification","valueRequired":true,"valueName":"search_term_string"}}],"inLanguage":"pt-BR"},{"@type":"Organization","@id":"http:\/\/www.argus-engenharia.com.br\/#organization","name":"Argus Engenharia","url":"http:\/\/www.argus-engenharia.com.br\/","logo":{"@type":"ImageObject","inLanguage":"pt-BR","@id":"http:\/\/www.argus-engenharia.com.br\/#\/schema\/logo\/image\/","url":"http:\/\/www.argus-engenharia.com.br\/site\/wp-content\/uploads\/2023\/10\/arg-logo-cor.svg","contentUrl":"http:\/\/www.argus-engenharia.com.br\/site\/wp-content\/uploads\/2023\/10\/arg-logo-cor.svg","width":1,"height":1,"caption":"Argus Engenharia"},"image":{"@id":"http:\/\/www.argus-engenharia.com.br\/#\/schema\/logo\/image\/"},"sameAs":["https:\/\/www.linkedin.com\/company\/argus-produtos-e-sistemas-contra-inc-ndio\/","https:\/\/www.instagram.com\/argusengenhariabrasil"]}]}},"_links":{"self":[{"href":"https:\/\/www.argus-engenharia.com.br\/site\/wp-json\/wp\/v2\/pages\/661","targetHints":{"allow":["GET"]}}],"collection":[{"href":"https:\/\/www.argus-engenharia.com.br\/site\/wp-json\/wp\/v2\/pages"}],"about":[{"href":"https:\/\/www.argus-engenharia.com.br\/site\/wp-json\/wp\/v2\/types\/page"}],"author":[{"embeddable":true,"href":"https:\/\/www.argus-engenharia.com.br\/site\/wp-json\/wp\/v2\/users\/1"}],"replies":[{"embeddable":true,"href":"https:\/\/www.argus-engenharia.com.br\/site\/wp-json\/wp\/v2\/comments?post=661"}],"version-history":[{"count":3,"href":"https:\/\/www.argus-engenharia.com.br\/site\/wp-json\/wp\/v2\/pages\/661\/revisions"}],"predecessor-version":[{"id":896,"href":"https:\/\/www.argus-engenharia.com.br\/site\/wp-json\/wp\/v2\/pages\/661\/revisions\/896"}],"up":[{"embeddable":true,"href":"https:\/\/www.argus-engenharia.com.br\/site\/wp-json\/wp\/v2\/pages\/33"}],"wp:attachment":[{"href":"https:\/\/www.argus-engenharia.com.br\/site\/wp-json\/wp\/v2\/media?parent=661"}],"curies":[{"name":"wp","href":"https:\/\/api.w.org\/{rel}","templated":true}]}}