{"id":605,"date":"2024-01-25T18:21:51","date_gmt":"2024-01-25T21:21:51","guid":{"rendered":"https:\/\/www.argus-engenharia.com.br\/site\/?page_id=605"},"modified":"2024-05-14T16:58:42","modified_gmt":"2024-05-14T19:58:42","slug":"sistemas-de-espuma","status":"publish","type":"page","link":"https:\/\/www.argus-engenharia.com.br\/site\/sistemas-de-espuma\/","title":{"rendered":"Sistemas de Espuma"},"content":{"rendered":"<h1>SISTEMAS DE ESPUMA<\/h1>\n<div>Os sistemas de espuma s\u00e3o utilizados na extin\u00e7\u00e3o de inc\u00eandio envolvendo l\u00edquidos combust\u00edveis e inflam\u00e1veis, sejam eles hidrocarbonetos ou solventes polares.<\/div>\n<div>O fogo se mant\u00e9m \u201cvivo\u201d devido \u00e0 presen\u00e7a de quatro elementos: calor, combust\u00edvel, ar (oxig\u00eanio) e rea\u00e7\u00e3o qu\u00edmica em cadeia. Em circunst\u00e2ncias normais, excluindo-se um destes elementos o inc\u00eandio ser\u00e1 debelado.<\/div>\n<div>A espuma apaga o fogo primariamente por abafamento ou isolamento e, secundariamente, por resfriamento. As espumas s\u00e3o especialmente indicadas para extin\u00e7\u00e3o de inc\u00eandios em combust\u00edveis ou l\u00edquidos inflam\u00e1veis, ou seja, para inc\u00eandios pertencentes \u00e0 classe B.<\/div>\n<div>A espuma extingue um inc\u00eandio da seguinte forma:<\/div>\n<p><img decoding=\"async\" src=\"\/site\/wp-content\/uploads\/2024\/01\/espuma-01.jpg\" alt=\"\"><\/p>\n<ul>\n<li>\n<div>Cobrindo a \u00e1rea em chamas e isolando o ar do contato com os vapores inflam\u00e1veis;<\/div>\n<\/li>\n<li>\n<div>Isolando os vapores do contato com a superf\u00edcie em combust\u00e3o;<\/div>\n<\/li>\n<li>\n<div>Resfriando os combust\u00edveis e as \u00e1reas adjacentes;<\/div>\n<\/li>\n<li>\n<div>Suprimindo os vapores inflam\u00e1veis que podem misturar-se ao ar.<\/div>\n<\/li>\n<\/ul>\n<h5>Aplica\u00e7\u00f5es t\u00edpicas dos Sistemas de Espuma<\/h5>\n<ul>\n<li>\n<div>Refinarias;<\/div>\n<\/li>\n<li>\n<div>\u00c1reas de carregamento de combust\u00edvel;<\/div>\n<\/li>\n<li>\n<div>Tanques de estocagem de combust\u00edvel;<\/div>\n<\/li>\n<li>\n<div>Bacias de conten\u00e7\u00e3o;<\/div>\n<\/li>\n<li>\n<div>Hangares;<\/div>\n<\/li>\n<li>\n<div>Aeroportos;<\/div>\n<\/li>\n<li>\n<div>Esta\u00e7\u00f5es de bombeamento de produto;<\/div>\n<\/li>\n<li>\n<div>Plataformas;<\/div>\n<\/li>\n<li>\n<div>Industriais qu\u00edmicas e petroqu\u00edmicas;<\/div>\n<\/li>\n<li>\n<div>Armaz\u00e9m de combust\u00edvel.<\/div>\n<\/li>\n<\/ul>\n<div>A forma\u00e7\u00e3o de espuma envolve a mistura de \u00e1gua com o LGE (L\u00edquido Gerador de Espuma) numa concentra\u00e7\u00e3o pr\u00e9-determinada, que poder\u00e1 ser de 1%, 3% ou 6%, dependendo do LGE a ser utilizado, bem como do risco a ser protegido. Esta mistura, chamada de solu\u00e7\u00e3o de espuma, \u00e9 realizada atrav\u00e9s de um sistema de proporcionamento de espuma. Uma vez gerada a solu\u00e7\u00e3o de espuma esta alimentar\u00e1 um equipamento gerador de espuma, que ter\u00e1 a fun\u00e7\u00e3o de incorporar ar, formando assim a espuma expandida, que ser\u00e1 aplicada na \u00e1rea a ser protegida.<\/div>\n<div>A sele\u00e7\u00e3o correta dos equipamentos necess\u00e1rios de um sistema de espuma depender\u00e1 basicamente de uma an\u00e1lise t\u00e9cnica adequada do risco a ser protegido, bem como de um levantamento dos recursos dispon\u00edveis na \u00e1rea, de modo a proporcionar ao cliente, um sistema eficiente, simples, economicamente vantajoso.<\/div>\n<div>Al\u00e9m disso, a Argus possui uma linha completa de LGEs. De fabrica\u00e7\u00e3o pr\u00f3pria e totalmente certificada pela ABNT, a linha ARGUS PRIME\u00ae satifaz \u00e0s exig\u00eancias da ABNT 15511. Veja detalhes na nossa p\u00e1gina de Produtos.<\/div>\n<h1>Ilustra\u00e7\u00e3o de um Sistema T\u00edpico de Espuma<\/h1>\n<p><img decoding=\"async\" src=\"\/site\/wp-content\/uploads\/2024\/01\/espuma-02.jpg\" alt=\"\"><\/p>\n<p>\n    <a href=\"\/site\/contato\/\">FALE CONOSCO<\/a>\n<\/p>\n<p><!--more--><br \/>\n<!-- {\"type\":\"layout\",\"children\":[{\"type\":\"section\",\"props\":{\"id\":\"sistemas\",\"image_position\":\"center-center\",\"style\":\"default\",\"title_breakpoint\":\"xl\",\"title_position\":\"top-left\",\"title_rotation\":\"left\",\"vertical_align\":\"middle\",\"width\":\"default\"},\"children\":[{\"type\":\"row\",\"props\":{\"id\":\"firepro\"},\"children\":[{\"type\":\"column\",\"props\":{\"image_position\":\"center-center\",\"padding\":\"xsmall\",\"position_sticky_breakpoint\":\"m\"},\"children\":[{\"type\":\"headline\",\"props\":{\"content\":\"SISTEMAS DE ESPUMA\",\"title_color\":\"primary\",\"title_decoration\":\"bullet\",\"title_element\":\"h1\",\"title_style\":\"h2\"}}]}]},{\"type\":\"row\",\"props\":{\"layout\":\"1-2,1-2\"},\"children\":[{\"type\":\"column\",\"props\":{\"image_position\":\"center-center\",\"position_sticky_breakpoint\":\"m\",\"vertical_align\":\"middle\",\"width_medium\":\"1-2\"},\"children\":[{\"type\":\"text\",\"props\":{\"column_breakpoint\":\"m\",\"content\":\"Os sistemas de espuma s\\u00e3o utilizados na extin\\u00e7\\u00e3o de inc\\u00eandio envolvendo l\\u00edquidos combust\\u00edveis e inflam\\u00e1veis, sejam eles hidrocarbonetos ou solventes polares.\",\"margin\":\"default\"}},{\"type\":\"text\",\"props\":{\"column_breakpoint\":\"m\",\"content\":\"O fogo se mant\\u00e9m \\u201cvivo\\u201d devido \\u00e0 presen\\u00e7a de quatro elementos: calor, combust\\u00edvel, ar (oxig\\u00eanio) e rea\\u00e7\\u00e3o qu\\u00edmica em cadeia. Em circunst\\u00e2ncias normais, excluindo-se um destes elementos o inc\\u00eandio ser\\u00e1 debelado.\",\"margin\":\"default\"}}]},{\"type\":\"column\",\"props\":{\"image_position\":\"center-center\",\"padding\":\"small\",\"position_sticky_breakpoint\":\"m\",\"style\":\"tile-muted\",\"width_medium\":\"1-2\"},\"children\":[{\"type\":\"text\",\"props\":{\"column_breakpoint\":\"m\",\"content\":\"A espuma apaga o fogo primariamente por abafamento ou isolamento e, secundariamente, por resfriamento. As espumas s\\u00e3o especialmente indicadas para extin\\u00e7\\u00e3o de inc\\u00eandios em combust\\u00edveis ou l\\u00edquidos inflam\\u00e1veis, ou seja, para inc\\u00eandios pertencentes \\u00e0 classe B.\",\"margin\":\"default\",\"text_style\":\"lead\"}}]}]},{\"type\":\"row\",\"props\":{\"layout\":\"1-2,1-2\"},\"children\":[{\"type\":\"column\",\"props\":{\"image_position\":\"center-center\",\"position_sticky_breakpoint\":\"m\",\"vertical_align\":\"middle\",\"width_medium\":\"1-2\"},\"children\":[{\"type\":\"text\",\"props\":{\"column_breakpoint\":\"m\",\"content\":\"A espuma extingue um inc\\u00eandio da seguinte forma:\",\"margin\":\"default\",\"text_align\":\"center\",\"text_style\":\"meta\"}},{\"type\":\"image\",\"props\":{\"image\":\"wp-content\\\/uploads\\\/2024\\\/01\\\/espuma-01.jpg\",\"image_svg_color\":\"emphasis\",\"image_width\":\"400\",\"margin\":\"default\",\"text_align\":\"center\"}}]},{\"type\":\"column\",\"props\":{\"image_position\":\"center-center\",\"position_sticky_breakpoint\":\"m\",\"style\":\"card-primary\",\"vertical_align\":\"middle\",\"width_medium\":\"1-2\"},\"children\":[{\"type\":\"list\",\"props\":{\"column_breakpoint\":\"m\",\"icon\":\"triangle-right\",\"icon_color\":\"primary\",\"image_align\":\"left\",\"image_svg_color\":\"emphasis\",\"image_vertical_align\":false,\"list_element\":\"ul\",\"list_horizontal_separator\":\", \",\"list_style\":\"divider\",\"list_type\":\"vertical\",\"show_image\":true,\"show_link\":true},\"children\":[{\"type\":\"list_item\",\"props\":{\"content\":\"Cobrindo a \\u00e1rea em chamas e isolando o ar do contato com os vapores inflam\\u00e1veis;\"}},{\"type\":\"list_item\",\"props\":{\"content\":\"Isolando os vapores do contato com a superf\\u00edcie em combust\\u00e3o;\"}},{\"type\":\"list_item\",\"props\":{\"content\":\"Resfriando os combust\\u00edveis e as \\u00e1reas adjacentes;\"}},{\"type\":\"list_item\",\"props\":{\"content\":\"Suprimindo os vapores inflam\\u00e1veis que podem misturar-se ao ar.\"}}]}]}]}],\"name\":\"SISTEMAS-OLD\"},{\"type\":\"section\",\"props\":{\"image\":\"wp-content\\\/uploads\\\/2023\\\/10\\\/bg-red-sobre.jpg\",\"image_effect\":\"fixed\",\"image_position\":\"center-center\",\"image_size\":\"cover\",\"padding\":\"large\",\"style\":\"primary\",\"title_breakpoint\":\"xl\",\"title_position\":\"top-left\",\"title_rotation\":\"left\",\"vertical_align\":\"middle\",\"width\":\"default\"},\"children\":[{\"type\":\"row\",\"props\":{\"column_gap\":\"large\",\"divider\":true,\"layout\":\"1-2,1-2\"},\"children\":[{\"type\":\"column\",\"props\":{\"image_position\":\"center-center\",\"position_sticky_breakpoint\":\"m\",\"vertical_align\":\"middle\",\"width_medium\":\"1-2\"},\"children\":[{\"type\":\"headline\",\"props\":{\"content\":\"Aplica\\u00e7\\u00f5es t\\u00edpicas dos Sistemas de Espuma\",\"title_element\":\"h5\",\"title_style\":\"h5\"}},{\"type\":\"list\",\"props\":{\"column_breakpoint\":\"m\",\"icon\":\"arrow-right\",\"image_align\":\"left\",\"image_svg_color\":\"emphasis\",\"image_vertical_align\":false,\"list_element\":\"ul\",\"list_horizontal_separator\":\", \",\"list_size\":\"large\",\"list_type\":\"vertical\",\"show_image\":true,\"show_link\":true},\"children\":[{\"type\":\"list_item\",\"props\":{\"content\":\"Refinarias;\"}},{\"type\":\"list_item\",\"props\":{\"content\":\"\\u00c1reas de carregamento de combust\\u00edvel;\"}},{\"type\":\"list_item\",\"props\":{\"content\":\"Tanques de estocagem de combust\\u00edvel;\"}},{\"type\":\"list_item\",\"props\":{\"content\":\"Bacias de conten\\u00e7\\u00e3o;\"}},{\"type\":\"list_item\",\"props\":{\"content\":\"Hangares;\"}},{\"type\":\"list_item\",\"props\":{\"content\":\"Aeroportos;\"}},{\"type\":\"list_item\",\"props\":{\"content\":\"Esta\\u00e7\\u00f5es de bombeamento de produto;\"}},{\"type\":\"list_item\",\"props\":{\"content\":\"Plataformas;\"}},{\"type\":\"list_item\",\"props\":{\"content\":\"Industriais qu\\u00edmicas e petroqu\\u00edmicas;\"}},{\"type\":\"list_item\",\"props\":{\"content\":\"Armaz\\u00e9m de combust\\u00edvel.\"}}]}]},{\"type\":\"column\",\"props\":{\"image_position\":\"center-center\",\"position_sticky_breakpoint\":\"m\",\"vertical_align\":\"middle\",\"width_medium\":\"1-2\"},\"children\":[{\"type\":\"text\",\"props\":{\"column_breakpoint\":\"m\",\"content\":\"A forma\\u00e7\\u00e3o de espuma envolve a mistura de \\u00e1gua com o LGE (L\\u00edquido Gerador de Espuma) numa concentra\\u00e7\\u00e3o pr\\u00e9-determinada, que poder\\u00e1 ser de 1%, 3% ou 6%, dependendo do LGE a ser utilizado, bem como do risco a ser protegido. Esta mistura, chamada de solu\\u00e7\\u00e3o de espuma, \\u00e9 realizada atrav\\u00e9s de um sistema de proporcionamento de espuma. Uma vez gerada a solu\\u00e7\\u00e3o de espuma esta alimentar\\u00e1 um equipamento gerador de espuma, que ter\\u00e1 a fun\\u00e7\\u00e3o de incorporar ar, formando assim a espuma expandida, que ser\\u00e1 aplicada na \\u00e1rea a ser protegida.\",\"margin\":\"default\"}},{\"type\":\"text\",\"props\":{\"column_breakpoint\":\"m\",\"content\":\"A sele\\u00e7\\u00e3o correta dos equipamentos necess\\u00e1rios de um sistema de espuma depender\\u00e1 basicamente de uma an\\u00e1lise t\\u00e9cnica adequada do risco a ser protegido, bem como de um levantamento dos recursos dispon\\u00edveis na \\u00e1rea, de modo a proporcionar ao cliente, um sistema eficiente, simples, economicamente vantajoso.\",\"margin\":\"default\"}},{\"type\":\"text\",\"props\":{\"column_breakpoint\":\"m\",\"content\":\"Al\\u00e9m disso, a Argus possui uma linha completa de LGEs. De fabrica\\u00e7\\u00e3o pr\\u00f3pria e totalmente certificada pela ABNT, a linha ARGUS PRIME\\u00ae satifaz \\u00e0s exig\\u00eancias da ABNT 15511. Veja detalhes na nossa p\\u00e1gina de Produtos.\",\"margin\":\"default\"}}]}]},{\"type\":\"row\",\"children\":[{\"type\":\"column\",\"props\":{\"image_position\":\"center-center\",\"padding\":\"small\",\"position_sticky_breakpoint\":\"m\",\"style\":\"tile-default\"},\"children\":[{\"type\":\"fragment\",\"props\":{\"margin\":\"default\"},\"children\":[{\"type\":\"row\",\"props\":{\"layout\":\"1-3,2-3\",\"width\":\"small\"},\"children\":[{\"type\":\"column\",\"props\":{\"image_position\":\"center-center\",\"position_sticky_breakpoint\":\"m\",\"vertical_align\":\"middle\",\"width_medium\":\"1-3\"},\"children\":[{\"type\":\"headline\",\"props\":{\"content\":\"Ilustra\\u00e7\\u00e3o de um Sistema T\\u00edpico de Espuma\",\"title_color\":\"primary\",\"title_element\":\"h1\",\"title_style\":\"h3\"}}]},{\"type\":\"column\",\"props\":{\"image_position\":\"center-center\",\"position_sticky_breakpoint\":\"m\",\"width_medium\":\"2-3\"},\"children\":[{\"type\":\"image\",\"props\":{\"image\":\"wp-content\\\/uploads\\\/2024\\\/01\\\/espuma-02.jpg\",\"image_svg_color\":\"emphasis\",\"margin\":\"default\"}}]}]}]}]}]},{\"type\":\"row\",\"children\":[{\"type\":\"column\",\"props\":{\"image_position\":\"center-center\",\"position_sticky_breakpoint\":\"m\"},\"children\":[{\"type\":\"button\",\"props\":{\"button_size\":\"large\",\"grid_column_gap\":\"small\",\"grid_row_gap\":\"small\",\"margin\":\"default\",\"text_align\":\"center\"},\"children\":[{\"type\":\"button_item\",\"props\":{\"button_style\":\"default\",\"content\":\"FALE CONOSCO\",\"icon\":\"comment\",\"icon_align\":\"left\",\"link\":\"contato\\\/\"}}]}]}]}]}],\"version\":\"4.1.3\"} --><\/p>\n","protected":false},"excerpt":{"rendered":"<p>SISTEMAS DE ESPUMA Os sistemas de espuma s\u00e3o utilizados na extin\u00e7\u00e3o de inc\u00eandio envolvendo l\u00edquidos combust\u00edveis e inflam\u00e1veis, sejam eles hidrocarbonetos ou solventes polares. O fogo se mant\u00e9m \u201cvivo\u201d devido \u00e0 presen\u00e7a de quatro elementos: calor, combust\u00edvel, ar (oxig\u00eanio) e rea\u00e7\u00e3o qu\u00edmica em cadeia. Em circunst\u00e2ncias normais, excluindo-se um destes elementos o inc\u00eandio ser\u00e1 debelado. [&hellip;]<\/p>\n","protected":false},"author":1,"featured_media":0,"parent":0,"menu_order":0,"comment_status":"closed","ping_status":"closed","template":"","meta":{"_joinchat":[],"footnotes":""},"class_list":["post-605","page","type-page","status-publish","hentry"],"yoast_head":"<!-- This site is optimized with the Yoast SEO plugin v27.5 - https:\/\/yoast.com\/product\/yoast-seo-wordpress\/ -->\n<title>Sistemas de Espuma - Argus Engenharia<\/title>\n<meta name=\"robots\" content=\"index, follow, max-snippet:-1, max-image-preview:large, max-video-preview:-1\" \/>\n<link rel=\"canonical\" href=\"https:\/\/www.argus-engenharia.com.br\/site\/sistemas-de-espuma\/\" \/>\n<meta property=\"og:locale\" content=\"pt_BR\" \/>\n<meta property=\"og:type\" content=\"article\" \/>\n<meta property=\"og:title\" content=\"Sistemas de Espuma - Argus Engenharia\" \/>\n<meta property=\"og:description\" content=\"SISTEMAS DE ESPUMA Os sistemas de espuma s\u00e3o utilizados na extin\u00e7\u00e3o de inc\u00eandio envolvendo l\u00edquidos combust\u00edveis e inflam\u00e1veis, sejam eles hidrocarbonetos ou solventes polares. O fogo se mant\u00e9m \u201cvivo\u201d devido \u00e0 presen\u00e7a de quatro elementos: calor, combust\u00edvel, ar (oxig\u00eanio) e rea\u00e7\u00e3o qu\u00edmica em cadeia. Em circunst\u00e2ncias normais, excluindo-se um destes elementos o inc\u00eandio ser\u00e1 debelado. [&hellip;]\" \/>\n<meta property=\"og:url\" content=\"https:\/\/www.argus-engenharia.com.br\/site\/sistemas-de-espuma\/\" \/>\n<meta property=\"og:site_name\" content=\"Argus Engenharia\" \/>\n<meta property=\"article:modified_time\" content=\"2024-05-14T19:58:42+00:00\" \/>\n<meta name=\"twitter:card\" content=\"summary_large_image\" \/>\n<meta name=\"twitter:label1\" content=\"Est. tempo de leitura\" \/>\n\t<meta name=\"twitter:data1\" content=\"2 minutos\" \/>\n<script type=\"application\/ld+json\" class=\"yoast-schema-graph\">{\"@context\":\"https:\\\/\\\/schema.org\",\"@graph\":[{\"@type\":\"WebPage\",\"@id\":\"https:\\\/\\\/www.argus-engenharia.com.br\\\/site\\\/sistemas-de-espuma\\\/\",\"url\":\"https:\\\/\\\/www.argus-engenharia.com.br\\\/site\\\/sistemas-de-espuma\\\/\",\"name\":\"Sistemas de Espuma - Argus Engenharia\",\"isPartOf\":{\"@id\":\"http:\\\/\\\/www.argus-engenharia.com.br\\\/#website\"},\"datePublished\":\"2024-01-25T21:21:51+00:00\",\"dateModified\":\"2024-05-14T19:58:42+00:00\",\"breadcrumb\":{\"@id\":\"https:\\\/\\\/www.argus-engenharia.com.br\\\/site\\\/sistemas-de-espuma\\\/#breadcrumb\"},\"inLanguage\":\"pt-BR\",\"potentialAction\":[{\"@type\":\"ReadAction\",\"target\":[\"https:\\\/\\\/www.argus-engenharia.com.br\\\/site\\\/sistemas-de-espuma\\\/\"]}]},{\"@type\":\"BreadcrumbList\",\"@id\":\"https:\\\/\\\/www.argus-engenharia.com.br\\\/site\\\/sistemas-de-espuma\\\/#breadcrumb\",\"itemListElement\":[{\"@type\":\"ListItem\",\"position\":1,\"name\":\"In\u00edcio\",\"item\":\"http:\\\/\\\/www.argus-engenharia.com.br\\\/\"},{\"@type\":\"ListItem\",\"position\":2,\"name\":\"Sistemas de Espuma\"}]},{\"@type\":\"WebSite\",\"@id\":\"http:\\\/\\\/www.argus-engenharia.com.br\\\/#website\",\"url\":\"http:\\\/\\\/www.argus-engenharia.com.br\\\/\",\"name\":\"Argus Engenharia\",\"description\":\"Produtos e Sistemas contra Inc\u00eandio\",\"publisher\":{\"@id\":\"http:\\\/\\\/www.argus-engenharia.com.br\\\/#organization\"},\"potentialAction\":[{\"@type\":\"SearchAction\",\"target\":{\"@type\":\"EntryPoint\",\"urlTemplate\":\"http:\\\/\\\/www.argus-engenharia.com.br\\\/?s={search_term_string}\"},\"query-input\":{\"@type\":\"PropertyValueSpecification\",\"valueRequired\":true,\"valueName\":\"search_term_string\"}}],\"inLanguage\":\"pt-BR\"},{\"@type\":\"Organization\",\"@id\":\"http:\\\/\\\/www.argus-engenharia.com.br\\\/#organization\",\"name\":\"Argus Engenharia\",\"url\":\"http:\\\/\\\/www.argus-engenharia.com.br\\\/\",\"logo\":{\"@type\":\"ImageObject\",\"inLanguage\":\"pt-BR\",\"@id\":\"http:\\\/\\\/www.argus-engenharia.com.br\\\/#\\\/schema\\\/logo\\\/image\\\/\",\"url\":\"http:\\\/\\\/www.argus-engenharia.com.br\\\/site\\\/wp-content\\\/uploads\\\/2023\\\/10\\\/arg-logo-cor.svg\",\"contentUrl\":\"http:\\\/\\\/www.argus-engenharia.com.br\\\/site\\\/wp-content\\\/uploads\\\/2023\\\/10\\\/arg-logo-cor.svg\",\"width\":1,\"height\":1,\"caption\":\"Argus Engenharia\"},\"image\":{\"@id\":\"http:\\\/\\\/www.argus-engenharia.com.br\\\/#\\\/schema\\\/logo\\\/image\\\/\"},\"sameAs\":[\"https:\\\/\\\/www.linkedin.com\\\/company\\\/argus-produtos-e-sistemas-contra-inc-ndio\\\/\",\"https:\\\/\\\/www.instagram.com\\\/argusengenhariabrasil\"]}]}<\/script>\n<!-- \/ Yoast SEO plugin. -->","yoast_head_json":{"title":"Sistemas de Espuma - Argus Engenharia","robots":{"index":"index","follow":"follow","max-snippet":"max-snippet:-1","max-image-preview":"max-image-preview:large","max-video-preview":"max-video-preview:-1"},"canonical":"https:\/\/www.argus-engenharia.com.br\/site\/sistemas-de-espuma\/","og_locale":"pt_BR","og_type":"article","og_title":"Sistemas de Espuma - Argus Engenharia","og_description":"SISTEMAS DE ESPUMA Os sistemas de espuma s\u00e3o utilizados na extin\u00e7\u00e3o de inc\u00eandio envolvendo l\u00edquidos combust\u00edveis e inflam\u00e1veis, sejam eles hidrocarbonetos ou solventes polares. O fogo se mant\u00e9m \u201cvivo\u201d devido \u00e0 presen\u00e7a de quatro elementos: calor, combust\u00edvel, ar (oxig\u00eanio) e rea\u00e7\u00e3o qu\u00edmica em cadeia. Em circunst\u00e2ncias normais, excluindo-se um destes elementos o inc\u00eandio ser\u00e1 debelado. [&hellip;]","og_url":"https:\/\/www.argus-engenharia.com.br\/site\/sistemas-de-espuma\/","og_site_name":"Argus Engenharia","article_modified_time":"2024-05-14T19:58:42+00:00","twitter_card":"summary_large_image","twitter_misc":{"Est. tempo de leitura":"2 minutos"},"schema":{"@context":"https:\/\/schema.org","@graph":[{"@type":"WebPage","@id":"https:\/\/www.argus-engenharia.com.br\/site\/sistemas-de-espuma\/","url":"https:\/\/www.argus-engenharia.com.br\/site\/sistemas-de-espuma\/","name":"Sistemas de Espuma - Argus Engenharia","isPartOf":{"@id":"http:\/\/www.argus-engenharia.com.br\/#website"},"datePublished":"2024-01-25T21:21:51+00:00","dateModified":"2024-05-14T19:58:42+00:00","breadcrumb":{"@id":"https:\/\/www.argus-engenharia.com.br\/site\/sistemas-de-espuma\/#breadcrumb"},"inLanguage":"pt-BR","potentialAction":[{"@type":"ReadAction","target":["https:\/\/www.argus-engenharia.com.br\/site\/sistemas-de-espuma\/"]}]},{"@type":"BreadcrumbList","@id":"https:\/\/www.argus-engenharia.com.br\/site\/sistemas-de-espuma\/#breadcrumb","itemListElement":[{"@type":"ListItem","position":1,"name":"In\u00edcio","item":"http:\/\/www.argus-engenharia.com.br\/"},{"@type":"ListItem","position":2,"name":"Sistemas de Espuma"}]},{"@type":"WebSite","@id":"http:\/\/www.argus-engenharia.com.br\/#website","url":"http:\/\/www.argus-engenharia.com.br\/","name":"Argus Engenharia","description":"Produtos e Sistemas contra Inc\u00eandio","publisher":{"@id":"http:\/\/www.argus-engenharia.com.br\/#organization"},"potentialAction":[{"@type":"SearchAction","target":{"@type":"EntryPoint","urlTemplate":"http:\/\/www.argus-engenharia.com.br\/?s={search_term_string}"},"query-input":{"@type":"PropertyValueSpecification","valueRequired":true,"valueName":"search_term_string"}}],"inLanguage":"pt-BR"},{"@type":"Organization","@id":"http:\/\/www.argus-engenharia.com.br\/#organization","name":"Argus Engenharia","url":"http:\/\/www.argus-engenharia.com.br\/","logo":{"@type":"ImageObject","inLanguage":"pt-BR","@id":"http:\/\/www.argus-engenharia.com.br\/#\/schema\/logo\/image\/","url":"http:\/\/www.argus-engenharia.com.br\/site\/wp-content\/uploads\/2023\/10\/arg-logo-cor.svg","contentUrl":"http:\/\/www.argus-engenharia.com.br\/site\/wp-content\/uploads\/2023\/10\/arg-logo-cor.svg","width":1,"height":1,"caption":"Argus Engenharia"},"image":{"@id":"http:\/\/www.argus-engenharia.com.br\/#\/schema\/logo\/image\/"},"sameAs":["https:\/\/www.linkedin.com\/company\/argus-produtos-e-sistemas-contra-inc-ndio\/","https:\/\/www.instagram.com\/argusengenhariabrasil"]}]}},"_links":{"self":[{"href":"https:\/\/www.argus-engenharia.com.br\/site\/wp-json\/wp\/v2\/pages\/605","targetHints":{"allow":["GET"]}}],"collection":[{"href":"https:\/\/www.argus-engenharia.com.br\/site\/wp-json\/wp\/v2\/pages"}],"about":[{"href":"https:\/\/www.argus-engenharia.com.br\/site\/wp-json\/wp\/v2\/types\/page"}],"author":[{"embeddable":true,"href":"https:\/\/www.argus-engenharia.com.br\/site\/wp-json\/wp\/v2\/users\/1"}],"replies":[{"embeddable":true,"href":"https:\/\/www.argus-engenharia.com.br\/site\/wp-json\/wp\/v2\/comments?post=605"}],"version-history":[{"count":11,"href":"https:\/\/www.argus-engenharia.com.br\/site\/wp-json\/wp\/v2\/pages\/605\/revisions"}],"predecessor-version":[{"id":899,"href":"https:\/\/www.argus-engenharia.com.br\/site\/wp-json\/wp\/v2\/pages\/605\/revisions\/899"}],"wp:attachment":[{"href":"https:\/\/www.argus-engenharia.com.br\/site\/wp-json\/wp\/v2\/media?parent=605"}],"curies":[{"name":"wp","href":"https:\/\/api.w.org\/{rel}","templated":true}]}}