{"id":523,"date":"2024-01-25T16:27:16","date_gmt":"2024-01-25T19:27:16","guid":{"rendered":"https:\/\/www.argus-engenharia.com.br\/site\/?page_id=523"},"modified":"2024-11-04T15:14:03","modified_gmt":"2024-11-04T18:14:03","slug":"sistema-saponificante-amerex","status":"publish","type":"page","link":"https:\/\/www.argus-engenharia.com.br\/site\/sistema-saponificante-amerex\/","title":{"rendered":"Sistema Saponificante Amerex"},"content":{"rendered":"<h1>SISTEMA SAPONIFICANTE AMEREX<\/h1>\n<div>Sistema de Combate a Inc\u00eandios para Restaurantes, Cozinhas Profissionais e Comerciais<\/div>\n<div>O sistema autom\u00e1tico de combate a inc\u00eandios em cozinhas profissionais protege a coifa, o duto e os eletrodom\u00e9sticos instalados abaixo da coifa. O Agente Supressor L\u00edquido Contra Inc\u00eandios Amerex\u00ae KP \u00e9 uma solu\u00e7\u00e3o a base de acetato de pot\u00e1ssio espec\u00edfico para supress\u00e3o de inc\u00eandios, que t\u00eam como principais combust\u00edveis \u00f3leos ou gorduras de origem vegetal ou animal. O Agente Supressor Amerex\u00ae KP atua tanto por meio de saponifica\u00e7\u00e3o quanto por resfriamento, possui pH 9 ou menor e n\u00e3o prejudica superf\u00edcies de a\u00e7o inoxid\u00e1vel.<\/div>\n<p><img decoding=\"async\" src=\"\/site\/wp-content\/uploads\/2024\/03\/coifas-01.jpg\" alt=\"\"><\/p>\n<div>Certificado pelas normas UL 300, ABNT NBR 14518, NFPA 96 e 17A, o sistema saponificante Amerex oferece total conformidade com os mais rigorosos padr\u00f5es de seguran\u00e7a, com \u00eanfase na certifica\u00e7\u00e3o UL 300, reconhecida internacionalmente como a norma fundamental para sistemas de supress\u00e3o de inc\u00eandios em cozinhas comerciais. A certifica\u00e7\u00e3o UL 300 assegura que o sistema de supress\u00e3o de inc\u00eandios foi testado e aprovado de acordo com os mais altos padr\u00f5es de desempenho e seguran\u00e7a, garantindo que o equipamento \u00e9 capaz de extinguir eficazmente inc\u00eandios de gordura em cozinhas comerciais. Com um m\u00f3dulo de acionamento automatizado, o sistema detecta rapidamente o inc\u00eandio e atua imediatamente, interrompendo o fornecimento de g\u00e1s e\/ou eletricidade para os equipamentos da cozinha. Al\u00e9m disso, o dispositivo de libera\u00e7\u00e3o do agente de supress\u00e3o \u00e9 ativado, dispersando o agente de forma eficiente na coifa, no duto e nos eletrodom\u00e9sticos, combatendo o fogo de maneira r\u00e1pida e eficaz, enquanto resfria o combust\u00edvel, garantindo uma resposta \u00e1gil e segura em situa\u00e7\u00f5es de emerg\u00eancia.<\/div>\n<h5>O sistema pode ser atuado automaticamente ou manualmente, funcionando conforme descrito a seguir:<\/h5>\n<ul>\n<li>\n<div>Quando um inc\u00eandio come\u00e7a, a rede de detec\u00e7\u00e3o, que consiste de elos fus\u00edveis (sistema mec\u00e2nico) ou de tubula\u00e7\u00e3o pneum\u00e1tica (sistema pneum\u00e1tico), detectar\u00e1 automaticamente o inc\u00eandio.<\/div>\n<\/li>\n<li>\n<div>Liberado o agente saponificante Amerex\u00ae KP, o mesmo atuar\u00e1 combatendo rapidamente o fogo e realizando o resfriamento do combust\u00edvel.<\/div>\n<\/li>\n<\/ul>\n<div>\n<div>Realizada a detec\u00e7\u00e3o do inc\u00eandio, o m\u00f3dulo de acionamento (pneum\u00e1tico ou mec\u00e2nico) atuar\u00e1 interrompendo o fornecimento de g\u00e1s e\/ou eletricidade para os equipamentos da cozinha e tamb\u00e9m acionar\u00e1 o dispositivo de libera\u00e7\u00e3o do agente de supress\u00e3o na coifa, no duto e nos eletrodom\u00e9sticos. Esse mesmo processo ocorre quando o sistema for acionado atrav\u00e9s do acionador manual.<\/div>\n<\/div>\n<p>\n    <a href=\"\/site\/contato\/\">FALE CONOSCO<\/a>\n<\/p>\n<p><!--more--><br \/>\n<!-- {\"type\":\"layout\",\"children\":[{\"type\":\"section\",\"props\":{\"id\":\"sistemas\",\"image_position\":\"center-center\",\"style\":\"default\",\"title_breakpoint\":\"xl\",\"title_position\":\"top-left\",\"title_rotation\":\"left\",\"vertical_align\":\"middle\",\"width\":\"default\"},\"children\":[{\"type\":\"row\",\"props\":{\"id\":\"firepro\"},\"children\":[{\"type\":\"column\",\"props\":{\"image_position\":\"center-center\",\"padding\":\"xsmall\",\"position_sticky_breakpoint\":\"m\"},\"children\":[{\"type\":\"headline\",\"props\":{\"content\":\"SISTEMA SAPONIFICANTE AMEREX\",\"title_color\":\"primary\",\"title_decoration\":\"bullet\",\"title_element\":\"h1\",\"title_style\":\"h2\"}}]}]},{\"type\":\"row\",\"props\":{\"layout\":\"1-2,1-2\"},\"children\":[{\"type\":\"column\",\"props\":{\"image_position\":\"center-center\",\"position_sticky_breakpoint\":\"m\",\"vertical_align\":\"middle\",\"width_medium\":\"1-2\"},\"children\":[{\"type\":\"text\",\"props\":{\"column_breakpoint\":\"m\",\"content\":\"Sistema de Combate a Inc\\u00eandios para Restaurantes, Cozinhas Profissionais e Comerciais\",\"margin\":\"default\",\"text_style\":\"lead\"}},{\"type\":\"text\",\"props\":{\"column_breakpoint\":\"m\",\"content\":\"O sistema autom\\u00e1tico de combate a inc\\u00eandios em cozinhas profissionais protege a coifa, o duto e os eletrodom\\u00e9sticos instalados abaixo da coifa. O Agente Supressor L\\u00edquido Contra Inc\\u00eandios Amerex\\u00ae KP \\u00e9 uma solu\\u00e7\\u00e3o a base de acetato de pot\\u00e1ssio espec\\u00edfico para supress\\u00e3o de inc\\u00eandios, que t\\u00eam como principais combust\\u00edveis \\u00f3leos ou gorduras de origem vegetal ou animal. O Agente Supressor Amerex\\u00ae KP atua tanto por meio de saponifica\\u00e7\\u00e3o quanto por resfriamento, possui pH 9 ou menor e n\\u00e3o prejudica superf\\u00edcies de a\\u00e7o inoxid\\u00e1vel.\",\"margin\":\"default\"}}]},{\"type\":\"column\",\"props\":{\"image_position\":\"center-center\",\"position_sticky_breakpoint\":\"m\",\"width_medium\":\"1-2\"},\"children\":[{\"type\":\"image\",\"props\":{\"image\":\"wp-content\\\/uploads\\\/2024\\\/03\\\/coifas-01.jpg\",\"image_svg_color\":\"emphasis\",\"margin\":\"default\"}}]}]},{\"type\":\"row\",\"children\":[{\"type\":\"column\",\"props\":{\"image_position\":\"center-center\",\"position_sticky_breakpoint\":\"m\"},\"children\":[{\"type\":\"text\",\"props\":{\"column\":\"1-2\",\"column_breakpoint\":\"m\",\"column_divider\":true,\"content\":\"Certificado pelas normas UL 300, ABNT NBR 14518, NFPA 96 e 17A, o sistema saponificante Amerex oferece total conformidade com os mais rigorosos padr\\u00f5es de seguran\\u00e7a, com \\u00eanfase na certifica\\u00e7\\u00e3o UL 300, reconhecida internacionalmente como a norma fundamental para sistemas de supress\\u00e3o de inc\\u00eandios em cozinhas comerciais. A certifica\\u00e7\\u00e3o UL 300 assegura que o sistema de supress\\u00e3o de inc\\u00eandios foi testado e aprovado de acordo com os mais altos padr\\u00f5es de desempenho e seguran\\u00e7a, garantindo que o equipamento \\u00e9 capaz de extinguir eficazmente inc\\u00eandios de gordura em cozinhas comerciais. Com um m\\u00f3dulo de acionamento automatizado, o sistema detecta rapidamente o inc\\u00eandio e atua imediatamente, interrompendo o fornecimento de g\\u00e1s e\\\/ou eletricidade para os equipamentos da cozinha. Al\\u00e9m disso, o dispositivo de libera\\u00e7\\u00e3o do agente de supress\\u00e3o \\u00e9 ativado, dispersando o agente de forma eficiente na coifa, no duto e nos eletrodom\\u00e9sticos, combatendo o fogo de maneira r\\u00e1pida e eficaz, enquanto resfria o combust\\u00edvel, garantindo uma resposta \\u00e1gil e segura em situa\\u00e7\\u00f5es de emerg\\u00eancia.\",\"margin\":\"default\"}}]}]}],\"name\":\"SISTEMAS-OLD\"},{\"type\":\"section\",\"props\":{\"image\":\"wp-content\\\/uploads\\\/2023\\\/10\\\/bg-red-sobre.jpg\",\"image_effect\":\"fixed\",\"image_position\":\"center-center\",\"image_size\":\"cover\",\"padding\":\"large\",\"style\":\"primary\",\"title_breakpoint\":\"xl\",\"title_position\":\"top-left\",\"title_rotation\":\"left\",\"vertical_align\":\"middle\",\"width\":\"default\"},\"children\":[{\"type\":\"row\",\"children\":[{\"type\":\"column\",\"props\":{\"image_position\":\"center-center\",\"position_sticky_breakpoint\":\"m\"},\"children\":[{\"type\":\"headline\",\"props\":{\"content\":\"O sistema pode ser atuado automaticamente ou manualmente, funcionando conforme descrito a seguir:\",\"title_element\":\"h5\",\"title_style\":\"h5\"}}]}]},{\"type\":\"row\",\"props\":{\"column_gap\":\"large\",\"divider\":true,\"layout\":\"1-2,1-2\"},\"children\":[{\"type\":\"column\",\"props\":{\"image_position\":\"center-center\",\"position_sticky_breakpoint\":\"m\",\"vertical_align\":\"middle\",\"width_medium\":\"1-2\"},\"children\":[{\"type\":\"list\",\"props\":{\"column_breakpoint\":\"m\",\"icon\":\"arrow-right\",\"image_align\":\"left\",\"image_svg_color\":\"emphasis\",\"image_vertical_align\":false,\"list_element\":\"ul\",\"list_horizontal_separator\":\", \",\"list_size\":\"large\",\"list_style\":\"divider\",\"list_type\":\"vertical\",\"show_image\":true,\"show_link\":true},\"children\":[{\"type\":\"list_item\",\"props\":{\"content\":\"Quando um inc\\u00eandio come\\u00e7a, a rede de detec\\u00e7\\u00e3o, que consiste de elos fus\\u00edveis (sistema mec\\u00e2nico) ou de tubula\\u00e7\\u00e3o pneum\\u00e1tica (sistema pneum\\u00e1tico), detectar\\u00e1 automaticamente o inc\\u00eandio.\"}},{\"type\":\"list_item\",\"props\":{\"content\":\"Liberado o agente saponificante Amerex\\u00ae KP, o mesmo atuar\\u00e1 combatendo rapidamente o fogo e realizando o resfriamento do combust\\u00edvel.\"}}]}]},{\"type\":\"column\",\"props\":{\"image_position\":\"center-center\",\"position_sticky_breakpoint\":\"m\",\"width_medium\":\"1-2\"},\"children\":[{\"type\":\"list\",\"props\":{\"column_breakpoint\":\"m\",\"icon\":\"arrow-right\",\"image_align\":\"left\",\"image_svg_color\":\"emphasis\",\"image_vertical_align\":false,\"list_element\":\"ul\",\"list_horizontal_separator\":\", \",\"list_size\":\"large\",\"list_style\":\"divider\",\"list_type\":\"vertical\",\"show_image\":true,\"show_link\":true},\"children\":[{\"type\":\"list_item\",\"props\":{\"content\":\"Realizada a detec\\u00e7\\u00e3o do inc\\u00eandio, o m\\u00f3dulo de acionamento (pneum\\u00e1tico ou mec\\u00e2nico) atuar\\u00e1 interrompendo o fornecimento de g\\u00e1s e\\\/ou eletricidade para os equipamentos da cozinha e tamb\\u00e9m acionar\\u00e1 o dispositivo de libera\\u00e7\\u00e3o do agente de supress\\u00e3o na coifa, no duto e nos eletrodom\\u00e9sticos. Esse mesmo processo ocorre quando o sistema for acionado atrav\\u00e9s do acionador manual.\"}}]}]}]},{\"type\":\"row\",\"children\":[{\"type\":\"column\",\"props\":{\"image_position\":\"center-center\",\"position_sticky_breakpoint\":\"m\"},\"children\":[{\"type\":\"button\",\"props\":{\"button_size\":\"large\",\"grid_column_gap\":\"small\",\"grid_row_gap\":\"small\",\"margin\":\"default\",\"text_align\":\"center\"},\"children\":[{\"type\":\"button_item\",\"props\":{\"button_style\":\"default\",\"content\":\"FALE CONOSCO\",\"icon\":\"comment\",\"icon_align\":\"left\",\"link\":\"contato\\\/\"}}]}]}]}]}],\"version\":\"4.1.3\"} --><\/p>\n","protected":false},"excerpt":{"rendered":"<p>SISTEMA SAPONIFICANTE AMEREX Sistema de Combate a Inc\u00eandios para Restaurantes, Cozinhas Profissionais e Comerciais O sistema autom\u00e1tico de combate a inc\u00eandios em cozinhas profissionais protege a coifa, o duto e os eletrodom\u00e9sticos instalados abaixo da coifa. O Agente Supressor L\u00edquido Contra Inc\u00eandios Amerex\u00ae KP \u00e9 uma solu\u00e7\u00e3o a base de acetato de pot\u00e1ssio espec\u00edfico para [&hellip;]<\/p>\n","protected":false},"author":1,"featured_media":0,"parent":0,"menu_order":0,"comment_status":"closed","ping_status":"closed","template":"","meta":{"_joinchat":[],"footnotes":""},"class_list":["post-523","page","type-page","status-publish","hentry"],"yoast_head":"<!-- This site is optimized with the Yoast SEO plugin v27.4 - https:\/\/yoast.com\/product\/yoast-seo-wordpress\/ -->\n<title>Sistema Saponificante Amerex - Argus Engenharia<\/title>\n<meta name=\"robots\" content=\"index, follow, max-snippet:-1, max-image-preview:large, max-video-preview:-1\" \/>\n<link rel=\"canonical\" href=\"https:\/\/www.argus-engenharia.com.br\/site\/sistema-saponificante-amerex\/\" \/>\n<meta property=\"og:locale\" content=\"pt_BR\" \/>\n<meta property=\"og:type\" content=\"article\" \/>\n<meta property=\"og:title\" content=\"Sistema Saponificante Amerex - Argus Engenharia\" \/>\n<meta property=\"og:description\" content=\"SISTEMA SAPONIFICANTE AMEREX Sistema de Combate a Inc\u00eandios para Restaurantes, Cozinhas Profissionais e Comerciais O sistema autom\u00e1tico de combate a inc\u00eandios em cozinhas profissionais protege a coifa, o duto e os eletrodom\u00e9sticos instalados abaixo da coifa. O Agente Supressor L\u00edquido Contra Inc\u00eandios Amerex\u00ae KP \u00e9 uma solu\u00e7\u00e3o a base de acetato de pot\u00e1ssio espec\u00edfico para [&hellip;]\" \/>\n<meta property=\"og:url\" content=\"https:\/\/www.argus-engenharia.com.br\/site\/sistema-saponificante-amerex\/\" \/>\n<meta property=\"og:site_name\" content=\"Argus Engenharia\" \/>\n<meta property=\"article:modified_time\" content=\"2024-11-04T18:14:03+00:00\" \/>\n<meta name=\"twitter:card\" content=\"summary_large_image\" \/>\n<meta name=\"twitter:label1\" content=\"Est. tempo de leitura\" \/>\n\t<meta name=\"twitter:data1\" content=\"2 minutos\" \/>\n<script type=\"application\/ld+json\" class=\"yoast-schema-graph\">{\"@context\":\"https:\\\/\\\/schema.org\",\"@graph\":[{\"@type\":\"WebPage\",\"@id\":\"https:\\\/\\\/www.argus-engenharia.com.br\\\/site\\\/sistema-saponificante-amerex\\\/\",\"url\":\"https:\\\/\\\/www.argus-engenharia.com.br\\\/site\\\/sistema-saponificante-amerex\\\/\",\"name\":\"Sistema Saponificante Amerex - Argus Engenharia\",\"isPartOf\":{\"@id\":\"http:\\\/\\\/www.argus-engenharia.com.br\\\/#website\"},\"datePublished\":\"2024-01-25T19:27:16+00:00\",\"dateModified\":\"2024-11-04T18:14:03+00:00\",\"breadcrumb\":{\"@id\":\"https:\\\/\\\/www.argus-engenharia.com.br\\\/site\\\/sistema-saponificante-amerex\\\/#breadcrumb\"},\"inLanguage\":\"pt-BR\",\"potentialAction\":[{\"@type\":\"ReadAction\",\"target\":[\"https:\\\/\\\/www.argus-engenharia.com.br\\\/site\\\/sistema-saponificante-amerex\\\/\"]}]},{\"@type\":\"BreadcrumbList\",\"@id\":\"https:\\\/\\\/www.argus-engenharia.com.br\\\/site\\\/sistema-saponificante-amerex\\\/#breadcrumb\",\"itemListElement\":[{\"@type\":\"ListItem\",\"position\":1,\"name\":\"In\u00edcio\",\"item\":\"http:\\\/\\\/www.argus-engenharia.com.br\\\/\"},{\"@type\":\"ListItem\",\"position\":2,\"name\":\"Sistema Saponificante Amerex\"}]},{\"@type\":\"WebSite\",\"@id\":\"http:\\\/\\\/www.argus-engenharia.com.br\\\/#website\",\"url\":\"http:\\\/\\\/www.argus-engenharia.com.br\\\/\",\"name\":\"Argus Engenharia\",\"description\":\"Produtos e Sistemas contra Inc\u00eandio\",\"publisher\":{\"@id\":\"http:\\\/\\\/www.argus-engenharia.com.br\\\/#organization\"},\"potentialAction\":[{\"@type\":\"SearchAction\",\"target\":{\"@type\":\"EntryPoint\",\"urlTemplate\":\"http:\\\/\\\/www.argus-engenharia.com.br\\\/?s={search_term_string}\"},\"query-input\":{\"@type\":\"PropertyValueSpecification\",\"valueRequired\":true,\"valueName\":\"search_term_string\"}}],\"inLanguage\":\"pt-BR\"},{\"@type\":\"Organization\",\"@id\":\"http:\\\/\\\/www.argus-engenharia.com.br\\\/#organization\",\"name\":\"Argus Engenharia\",\"url\":\"http:\\\/\\\/www.argus-engenharia.com.br\\\/\",\"logo\":{\"@type\":\"ImageObject\",\"inLanguage\":\"pt-BR\",\"@id\":\"http:\\\/\\\/www.argus-engenharia.com.br\\\/#\\\/schema\\\/logo\\\/image\\\/\",\"url\":\"http:\\\/\\\/www.argus-engenharia.com.br\\\/site\\\/wp-content\\\/uploads\\\/2023\\\/10\\\/arg-logo-cor.svg\",\"contentUrl\":\"http:\\\/\\\/www.argus-engenharia.com.br\\\/site\\\/wp-content\\\/uploads\\\/2023\\\/10\\\/arg-logo-cor.svg\",\"width\":1,\"height\":1,\"caption\":\"Argus Engenharia\"},\"image\":{\"@id\":\"http:\\\/\\\/www.argus-engenharia.com.br\\\/#\\\/schema\\\/logo\\\/image\\\/\"},\"sameAs\":[\"https:\\\/\\\/www.linkedin.com\\\/company\\\/argus-produtos-e-sistemas-contra-inc-ndio\\\/\",\"https:\\\/\\\/www.instagram.com\\\/argusengenhariabrasil\"]}]}<\/script>\n<!-- \/ Yoast SEO plugin. -->","yoast_head_json":{"title":"Sistema Saponificante Amerex - Argus Engenharia","robots":{"index":"index","follow":"follow","max-snippet":"max-snippet:-1","max-image-preview":"max-image-preview:large","max-video-preview":"max-video-preview:-1"},"canonical":"https:\/\/www.argus-engenharia.com.br\/site\/sistema-saponificante-amerex\/","og_locale":"pt_BR","og_type":"article","og_title":"Sistema Saponificante Amerex - Argus Engenharia","og_description":"SISTEMA SAPONIFICANTE AMEREX Sistema de Combate a Inc\u00eandios para Restaurantes, Cozinhas Profissionais e Comerciais O sistema autom\u00e1tico de combate a inc\u00eandios em cozinhas profissionais protege a coifa, o duto e os eletrodom\u00e9sticos instalados abaixo da coifa. O Agente Supressor L\u00edquido Contra Inc\u00eandios Amerex\u00ae KP \u00e9 uma solu\u00e7\u00e3o a base de acetato de pot\u00e1ssio espec\u00edfico para [&hellip;]","og_url":"https:\/\/www.argus-engenharia.com.br\/site\/sistema-saponificante-amerex\/","og_site_name":"Argus Engenharia","article_modified_time":"2024-11-04T18:14:03+00:00","twitter_card":"summary_large_image","twitter_misc":{"Est. tempo de leitura":"2 minutos"},"schema":{"@context":"https:\/\/schema.org","@graph":[{"@type":"WebPage","@id":"https:\/\/www.argus-engenharia.com.br\/site\/sistema-saponificante-amerex\/","url":"https:\/\/www.argus-engenharia.com.br\/site\/sistema-saponificante-amerex\/","name":"Sistema Saponificante Amerex - Argus Engenharia","isPartOf":{"@id":"http:\/\/www.argus-engenharia.com.br\/#website"},"datePublished":"2024-01-25T19:27:16+00:00","dateModified":"2024-11-04T18:14:03+00:00","breadcrumb":{"@id":"https:\/\/www.argus-engenharia.com.br\/site\/sistema-saponificante-amerex\/#breadcrumb"},"inLanguage":"pt-BR","potentialAction":[{"@type":"ReadAction","target":["https:\/\/www.argus-engenharia.com.br\/site\/sistema-saponificante-amerex\/"]}]},{"@type":"BreadcrumbList","@id":"https:\/\/www.argus-engenharia.com.br\/site\/sistema-saponificante-amerex\/#breadcrumb","itemListElement":[{"@type":"ListItem","position":1,"name":"In\u00edcio","item":"http:\/\/www.argus-engenharia.com.br\/"},{"@type":"ListItem","position":2,"name":"Sistema Saponificante Amerex"}]},{"@type":"WebSite","@id":"http:\/\/www.argus-engenharia.com.br\/#website","url":"http:\/\/www.argus-engenharia.com.br\/","name":"Argus Engenharia","description":"Produtos e Sistemas contra Inc\u00eandio","publisher":{"@id":"http:\/\/www.argus-engenharia.com.br\/#organization"},"potentialAction":[{"@type":"SearchAction","target":{"@type":"EntryPoint","urlTemplate":"http:\/\/www.argus-engenharia.com.br\/?s={search_term_string}"},"query-input":{"@type":"PropertyValueSpecification","valueRequired":true,"valueName":"search_term_string"}}],"inLanguage":"pt-BR"},{"@type":"Organization","@id":"http:\/\/www.argus-engenharia.com.br\/#organization","name":"Argus Engenharia","url":"http:\/\/www.argus-engenharia.com.br\/","logo":{"@type":"ImageObject","inLanguage":"pt-BR","@id":"http:\/\/www.argus-engenharia.com.br\/#\/schema\/logo\/image\/","url":"http:\/\/www.argus-engenharia.com.br\/site\/wp-content\/uploads\/2023\/10\/arg-logo-cor.svg","contentUrl":"http:\/\/www.argus-engenharia.com.br\/site\/wp-content\/uploads\/2023\/10\/arg-logo-cor.svg","width":1,"height":1,"caption":"Argus Engenharia"},"image":{"@id":"http:\/\/www.argus-engenharia.com.br\/#\/schema\/logo\/image\/"},"sameAs":["https:\/\/www.linkedin.com\/company\/argus-produtos-e-sistemas-contra-inc-ndio\/","https:\/\/www.instagram.com\/argusengenhariabrasil"]}]}},"_links":{"self":[{"href":"https:\/\/www.argus-engenharia.com.br\/site\/wp-json\/wp\/v2\/pages\/523","targetHints":{"allow":["GET"]}}],"collection":[{"href":"https:\/\/www.argus-engenharia.com.br\/site\/wp-json\/wp\/v2\/pages"}],"about":[{"href":"https:\/\/www.argus-engenharia.com.br\/site\/wp-json\/wp\/v2\/types\/page"}],"author":[{"embeddable":true,"href":"https:\/\/www.argus-engenharia.com.br\/site\/wp-json\/wp\/v2\/users\/1"}],"replies":[{"embeddable":true,"href":"https:\/\/www.argus-engenharia.com.br\/site\/wp-json\/wp\/v2\/comments?post=523"}],"version-history":[{"count":8,"href":"https:\/\/www.argus-engenharia.com.br\/site\/wp-json\/wp\/v2\/pages\/523\/revisions"}],"predecessor-version":[{"id":1018,"href":"https:\/\/www.argus-engenharia.com.br\/site\/wp-json\/wp\/v2\/pages\/523\/revisions\/1018"}],"wp:attachment":[{"href":"https:\/\/www.argus-engenharia.com.br\/site\/wp-json\/wp\/v2\/media?parent=523"}],"curies":[{"name":"wp","href":"https:\/\/api.w.org\/{rel}","templated":true}]}}