{"id":331,"date":"2023-11-24T16:34:02","date_gmt":"2023-11-24T19:34:02","guid":{"rendered":"https:\/\/www.argus-engenharia.com.br\/site\/?page_id=331"},"modified":"2025-05-08T16:06:31","modified_gmt":"2025-05-08T19:06:31","slug":"vesda-xtralis","status":"publish","type":"page","link":"https:\/\/www.argus-engenharia.com.br\/site\/vesda-xtralis\/","title":{"rendered":"Vesda Xtralis"},"content":{"rendered":"<h1>DETEC\u00c7\u00c3O POR ASPIRA\u00c7\u00c3O VESDA\u2122<\/h1>\n<div>A Detec\u00e7\u00e3o por Aspira\u00e7\u00e3o VESDA\u2122 \u00e9 um sistema para detec\u00e7\u00e3o de fuma\u00e7a, que analisa permanentemente amostras do ar de uma \u00e1rea protegida e monitora as amostras para determinar o grau de part\u00edculas de fuma\u00e7a existentes. Gra\u00e7as a sua alta sensibilidade, ele \u00e9 capaz de perceber quantidades m\u00ednimas de part\u00edculas de fuma\u00e7a, o que permite detectar o inc\u00eandio em seu princ\u00edpio. \u00c9 ideal para grandes ambientes fechados, onde uma eventual fuma\u00e7a proveniente de um inc\u00eandio demoraria a ser identificada, como teatros, museus, est\u00e1dios cobertos, armaz\u00e9ns, centros de conven\u00e7\u00f5es e igrejas.<\/div>\n<p><img decoding=\"async\" src=\"\/site\/wp-content\/uploads\/2024\/02\/arg-vesda.jpg\" alt=\"\"><br \/>\n<img decoding=\"async\" src=\"\/site\/wp-content\/uploads\/2024\/02\/arg-vesda-int.jpg\" alt=\"\"><\/p>\n<div>O sistema de detec\u00e7\u00e3o por aspira\u00e7\u00e3o VESDA\u2122 \u00e9 um sistema ativo de alta sensibilidade para detec\u00e7\u00e3o de fuma\u00e7a, que toma permanentemente amostras do ar de uma \u00e1rea protegida e monitora e analisa as amostras para determinar o grau de part\u00edculas de fuma\u00e7a existentes.<\/div>\n<div>Este detector tem sensibilidade entre 0,005%\/metro at\u00e9 20%\/metro, proporcionando maior flexibilidade nas instala\u00e7\u00f5es e alta confiabilidade no funcionamento do sistema.<\/div>\n<h1>Principais Benef\u00edcios<\/h1>\n<ul>\n<li>\n<div>Proporciona uma detec\u00e7\u00e3o precoce dos riscos com elevado grau de confiabilidade e tecnologia;<\/div>\n<\/li>\n<li>\n<div>Disponibiliza ferramentas que permitem a an\u00e1lise eficiente de uma localiza\u00e7\u00e3o central, projeto e comissionamento;<\/div>\n<\/li>\n<li>\n<div>Flexibilidade de comunica\u00e7\u00e3o e controle;<\/div>\n<\/li>\n<li>\n<div>Habilidade de minimizar e prevenir eventuais danos.<\/div>\n<\/li>\n<\/ul>\n<ul>\n<li>\n        <a href=\"\/site\/contato\/\">FALE CONOSCO<\/a>\n    <\/li>\n<li>\n        <a href=\"https:\/\/www.argus-engenharia.com.br\/site\/wp-content\/uploads\/2025\/03\/Catalogo-Silent-Knight-Notifier-Vesda-e-FirePro.pdf#page=16\">CAT\u00c1LOGO<\/a>\n    <\/li>\n<\/ul>\n<p><!--more--><br \/>\n<!-- {\"type\":\"layout\",\"children\":[{\"type\":\"section\",\"props\":{\"id\":\"sistemas\",\"image_position\":\"center-center\",\"style\":\"default\",\"title_breakpoint\":\"xl\",\"title_position\":\"top-left\",\"title_rotation\":\"left\",\"vertical_align\":\"middle\",\"width\":\"default\"},\"children\":[{\"type\":\"row\",\"props\":{\"id\":\"firepro\"},\"children\":[{\"type\":\"column\",\"props\":{\"image_position\":\"center-center\",\"padding\":\"xsmall\",\"position_sticky_breakpoint\":\"m\"},\"children\":[{\"type\":\"headline\",\"props\":{\"content\":\"DETEC\\u00c7\\u00c3O POR ASPIRA\\u00c7\\u00c3O VESDA\\u2122\",\"title_color\":\"primary\",\"title_decoration\":\"bullet\",\"title_element\":\"h1\",\"title_style\":\"h2\"}}]}]},{\"type\":\"row\",\"props\":{\"layout\":\"1-2,1-2\"},\"children\":[{\"type\":\"column\",\"props\":{\"image_position\":\"center-center\",\"position_sticky_breakpoint\":\"m\",\"vertical_align\":\"middle\",\"width_medium\":\"1-2\"},\"children\":[{\"type\":\"text\",\"props\":{\"column_breakpoint\":\"m\",\"content\":\"A Detec\\u00e7\\u00e3o por Aspira\\u00e7\\u00e3o VESDA\\u2122 \\u00e9 um sistema para detec\\u00e7\\u00e3o de fuma\\u00e7a, que analisa permanentemente amostras do ar de uma \\u00e1rea protegida e monitora as amostras para determinar o grau de part\\u00edculas de fuma\\u00e7a existentes. Gra\\u00e7as a sua alta sensibilidade, ele \\u00e9 capaz de perceber quantidades m\\u00ednimas de part\\u00edculas de fuma\\u00e7a, o que permite detectar o inc\\u00eandio em seu princ\\u00edpio. \\u00c9 ideal para grandes ambientes fechados, onde uma eventual fuma\\u00e7a proveniente de um inc\\u00eandio demoraria a ser identificada, como teatros, museus, est\\u00e1dios cobertos, armaz\\u00e9ns, centros de conven\\u00e7\\u00f5es e igrejas.\",\"margin\":\"default\"}}]},{\"type\":\"column\",\"props\":{\"image_position\":\"center-center\",\"position_sticky_breakpoint\":\"m\",\"width_medium\":\"1-2\"},\"children\":[{\"type\":\"image\",\"props\":{\"image\":\"wp-content\\\/uploads\\\/2024\\\/02\\\/arg-vesda.jpg\",\"image_svg_color\":\"emphasis\",\"margin\":\"default\"}}]}]}],\"name\":\"SISTEMAS-OLD\"},{\"type\":\"section\",\"props\":{\"image\":\"wp-content\\\/uploads\\\/2023\\\/10\\\/bg-red-sobre.jpg\",\"image_effect\":\"fixed\",\"image_position\":\"center-center\",\"image_size\":\"cover\",\"padding\":\"large\",\"style\":\"primary\",\"title_breakpoint\":\"xl\",\"title_position\":\"top-left\",\"title_rotation\":\"left\",\"vertical_align\":\"middle\",\"width\":\"default\"},\"children\":[{\"type\":\"row\",\"props\":{\"column_gap\":\"large\",\"divider\":true,\"layout\":\"1-2,1-2\"},\"children\":[{\"type\":\"column\",\"props\":{\"image_position\":\"center-center\",\"position_sticky_breakpoint\":\"m\",\"vertical_align\":\"middle\",\"width_medium\":\"1-2\"},\"children\":[{\"type\":\"image\",\"props\":{\"image\":\"wp-content\\\/uploads\\\/2024\\\/02\\\/arg-vesda-int.jpg\",\"image_svg_color\":\"emphasis\",\"margin\":\"default\"}},{\"type\":\"text\",\"props\":{\"column_breakpoint\":\"m\",\"content\":\"O sistema de detec\\u00e7\\u00e3o por aspira\\u00e7\\u00e3o VESDA\\u2122 \\u00e9 um sistema ativo de alta sensibilidade para detec\\u00e7\\u00e3o de fuma\\u00e7a, que toma permanentemente amostras do ar de uma \\u00e1rea protegida e monitora e analisa as amostras para determinar o grau de part\\u00edculas de fuma\\u00e7a existentes.\",\"margin\":\"default\"}}]},{\"type\":\"column\",\"props\":{\"image_position\":\"center-center\",\"position_sticky_breakpoint\":\"m\",\"vertical_align\":\"middle\",\"width_medium\":\"1-2\"},\"children\":[{\"type\":\"text\",\"props\":{\"column_breakpoint\":\"m\",\"content\":\"Este detector tem sensibilidade entre 0,005%\\\/metro at\\u00e9 20%\\\/metro, proporcionando maior flexibilidade nas instala\\u00e7\\u00f5es e alta confiabilidade no funcionamento do sistema.\",\"margin\":\"default\"}},{\"type\":\"headline\",\"props\":{\"content\":\"Principais Benef\\u00edcios\",\"title_element\":\"h1\",\"title_style\":\"h3\"}},{\"type\":\"list\",\"props\":{\"column_breakpoint\":\"m\",\"icon\":\"arrow-right\",\"image_align\":\"left\",\"image_svg_color\":\"emphasis\",\"image_vertical_align\":false,\"list_element\":\"ul\",\"list_horizontal_separator\":\", \",\"list_size\":\"large\",\"list_style\":\"divider\",\"list_type\":\"vertical\",\"show_image\":true,\"show_link\":true},\"children\":[{\"type\":\"list_item\",\"props\":{\"content\":\"Proporciona uma detec\\u00e7\\u00e3o precoce dos riscos com elevado grau de confiabilidade e tecnologia;\"}},{\"type\":\"list_item\",\"props\":{\"content\":\"Disponibiliza ferramentas que permitem a an\\u00e1lise eficiente de uma localiza\\u00e7\\u00e3o central, projeto e comissionamento;\"}},{\"type\":\"list_item\",\"props\":{\"content\":\"Flexibilidade de comunica\\u00e7\\u00e3o e controle;\"}},{\"type\":\"list_item\",\"props\":{\"content\":\"Habilidade de minimizar e prevenir eventuais danos.\"}}]}]}]},{\"type\":\"row\",\"children\":[{\"type\":\"column\",\"props\":{\"image_position\":\"center-center\",\"position_sticky_breakpoint\":\"m\"},\"children\":[{\"type\":\"button\",\"props\":{\"button_size\":\"large\",\"grid_column_gap\":\"small\",\"grid_row_gap\":\"small\",\"margin\":\"default\",\"text_align\":\"center\"},\"children\":[{\"type\":\"button_item\",\"props\":{\"button_style\":\"default\",\"content\":\"FALE CONOSCO\",\"icon\":\"comment\",\"icon_align\":\"left\",\"link\":\"contato\\\/\"}},{\"type\":\"button_item\",\"props\":{\"button_style\":\"default\",\"content\":\"CAT\\u00c1LOGO\",\"icon\":\"file-pdf\",\"icon_align\":\"left\",\"link\":\"https:\\\/\\\/www.argus-engenharia.com.br\\\/site\\\/wp-content\\\/uploads\\\/2025\\\/03\\\/Catalogo-Silent-Knight-Notifier-Vesda-e-FirePro.pdf#page=16\"}}]}]}]}]}],\"version\":\"4.1.3\"} --><\/p>\n","protected":false},"excerpt":{"rendered":"<p>DETEC\u00c7\u00c3O POR ASPIRA\u00c7\u00c3O VESDA\u2122 A Detec\u00e7\u00e3o por Aspira\u00e7\u00e3o VESDA\u2122 \u00e9 um sistema para detec\u00e7\u00e3o de fuma\u00e7a, que analisa permanentemente amostras do ar de uma \u00e1rea protegida e monitora as amostras para determinar o grau de part\u00edculas de fuma\u00e7a existentes. Gra\u00e7as a sua alta sensibilidade, ele \u00e9 capaz de perceber quantidades m\u00ednimas de part\u00edculas de fuma\u00e7a, [&hellip;]<\/p>\n","protected":false},"author":1,"featured_media":0,"parent":0,"menu_order":0,"comment_status":"closed","ping_status":"closed","template":"","meta":{"_joinchat":[],"footnotes":""},"class_list":["post-331","page","type-page","status-publish","hentry"],"yoast_head":"<!-- This site is optimized with the Yoast SEO plugin v27.5 - https:\/\/yoast.com\/product\/yoast-seo-wordpress\/ -->\n<title>Vesda Xtralis - Argus Engenharia<\/title>\n<meta name=\"robots\" content=\"index, follow, max-snippet:-1, max-image-preview:large, max-video-preview:-1\" \/>\n<link rel=\"canonical\" href=\"http:\/\/www.argus-engenharia.com.br\/vesda-xtralis\/\" \/>\n<meta property=\"og:locale\" content=\"pt_BR\" \/>\n<meta property=\"og:type\" content=\"article\" \/>\n<meta property=\"og:title\" content=\"Vesda Xtralis - Argus Engenharia\" \/>\n<meta property=\"og:description\" content=\"DETEC\u00c7\u00c3O POR ASPIRA\u00c7\u00c3O VESDA\u2122 A Detec\u00e7\u00e3o por Aspira\u00e7\u00e3o VESDA\u2122 \u00e9 um sistema para detec\u00e7\u00e3o de fuma\u00e7a, que analisa permanentemente amostras do ar de uma \u00e1rea protegida e monitora as amostras para determinar o grau de part\u00edculas de fuma\u00e7a existentes. Gra\u00e7as a sua alta sensibilidade, ele \u00e9 capaz de perceber quantidades m\u00ednimas de part\u00edculas de fuma\u00e7a, [&hellip;]\" \/>\n<meta property=\"og:url\" content=\"http:\/\/www.argus-engenharia.com.br\/vesda-xtralis\/\" \/>\n<meta property=\"og:site_name\" content=\"Argus Engenharia\" \/>\n<meta property=\"article:modified_time\" content=\"2025-05-08T19:06:31+00:00\" \/>\n<meta name=\"twitter:card\" content=\"summary_large_image\" \/>\n<meta name=\"twitter:label1\" content=\"Est. tempo de leitura\" \/>\n\t<meta name=\"twitter:data1\" content=\"1 minuto\" \/>\n<script type=\"application\/ld+json\" class=\"yoast-schema-graph\">{\"@context\":\"https:\\\/\\\/schema.org\",\"@graph\":[{\"@type\":\"WebPage\",\"@id\":\"http:\\\/\\\/www.argus-engenharia.com.br\\\/vesda-xtralis\\\/\",\"url\":\"http:\\\/\\\/www.argus-engenharia.com.br\\\/vesda-xtralis\\\/\",\"name\":\"Vesda Xtralis - Argus Engenharia\",\"isPartOf\":{\"@id\":\"http:\\\/\\\/www.argus-engenharia.com.br\\\/#website\"},\"datePublished\":\"2023-11-24T19:34:02+00:00\",\"dateModified\":\"2025-05-08T19:06:31+00:00\",\"breadcrumb\":{\"@id\":\"http:\\\/\\\/www.argus-engenharia.com.br\\\/vesda-xtralis\\\/#breadcrumb\"},\"inLanguage\":\"pt-BR\",\"potentialAction\":[{\"@type\":\"ReadAction\",\"target\":[\"http:\\\/\\\/www.argus-engenharia.com.br\\\/vesda-xtralis\\\/\"]}]},{\"@type\":\"BreadcrumbList\",\"@id\":\"http:\\\/\\\/www.argus-engenharia.com.br\\\/vesda-xtralis\\\/#breadcrumb\",\"itemListElement\":[{\"@type\":\"ListItem\",\"position\":1,\"name\":\"In\u00edcio\",\"item\":\"http:\\\/\\\/www.argus-engenharia.com.br\\\/\"},{\"@type\":\"ListItem\",\"position\":2,\"name\":\"Vesda Xtralis\"}]},{\"@type\":\"WebSite\",\"@id\":\"http:\\\/\\\/www.argus-engenharia.com.br\\\/#website\",\"url\":\"http:\\\/\\\/www.argus-engenharia.com.br\\\/\",\"name\":\"Argus Engenharia\",\"description\":\"Produtos e Sistemas contra Inc\u00eandio\",\"publisher\":{\"@id\":\"http:\\\/\\\/www.argus-engenharia.com.br\\\/#organization\"},\"potentialAction\":[{\"@type\":\"SearchAction\",\"target\":{\"@type\":\"EntryPoint\",\"urlTemplate\":\"http:\\\/\\\/www.argus-engenharia.com.br\\\/?s={search_term_string}\"},\"query-input\":{\"@type\":\"PropertyValueSpecification\",\"valueRequired\":true,\"valueName\":\"search_term_string\"}}],\"inLanguage\":\"pt-BR\"},{\"@type\":\"Organization\",\"@id\":\"http:\\\/\\\/www.argus-engenharia.com.br\\\/#organization\",\"name\":\"Argus Engenharia\",\"url\":\"http:\\\/\\\/www.argus-engenharia.com.br\\\/\",\"logo\":{\"@type\":\"ImageObject\",\"inLanguage\":\"pt-BR\",\"@id\":\"http:\\\/\\\/www.argus-engenharia.com.br\\\/#\\\/schema\\\/logo\\\/image\\\/\",\"url\":\"http:\\\/\\\/www.argus-engenharia.com.br\\\/site\\\/wp-content\\\/uploads\\\/2023\\\/10\\\/arg-logo-cor.svg\",\"contentUrl\":\"http:\\\/\\\/www.argus-engenharia.com.br\\\/site\\\/wp-content\\\/uploads\\\/2023\\\/10\\\/arg-logo-cor.svg\",\"width\":1,\"height\":1,\"caption\":\"Argus Engenharia\"},\"image\":{\"@id\":\"http:\\\/\\\/www.argus-engenharia.com.br\\\/#\\\/schema\\\/logo\\\/image\\\/\"},\"sameAs\":[\"https:\\\/\\\/www.linkedin.com\\\/company\\\/argus-produtos-e-sistemas-contra-inc-ndio\\\/\",\"https:\\\/\\\/www.instagram.com\\\/argusengenhariabrasil\"]}]}<\/script>\n<!-- \/ Yoast SEO plugin. -->","yoast_head_json":{"title":"Vesda Xtralis - Argus Engenharia","robots":{"index":"index","follow":"follow","max-snippet":"max-snippet:-1","max-image-preview":"max-image-preview:large","max-video-preview":"max-video-preview:-1"},"canonical":"http:\/\/www.argus-engenharia.com.br\/vesda-xtralis\/","og_locale":"pt_BR","og_type":"article","og_title":"Vesda Xtralis - Argus Engenharia","og_description":"DETEC\u00c7\u00c3O POR ASPIRA\u00c7\u00c3O VESDA\u2122 A Detec\u00e7\u00e3o por Aspira\u00e7\u00e3o VESDA\u2122 \u00e9 um sistema para detec\u00e7\u00e3o de fuma\u00e7a, que analisa permanentemente amostras do ar de uma \u00e1rea protegida e monitora as amostras para determinar o grau de part\u00edculas de fuma\u00e7a existentes. Gra\u00e7as a sua alta sensibilidade, ele \u00e9 capaz de perceber quantidades m\u00ednimas de part\u00edculas de fuma\u00e7a, [&hellip;]","og_url":"http:\/\/www.argus-engenharia.com.br\/vesda-xtralis\/","og_site_name":"Argus Engenharia","article_modified_time":"2025-05-08T19:06:31+00:00","twitter_card":"summary_large_image","twitter_misc":{"Est. tempo de leitura":"1 minuto"},"schema":{"@context":"https:\/\/schema.org","@graph":[{"@type":"WebPage","@id":"http:\/\/www.argus-engenharia.com.br\/vesda-xtralis\/","url":"http:\/\/www.argus-engenharia.com.br\/vesda-xtralis\/","name":"Vesda Xtralis - Argus Engenharia","isPartOf":{"@id":"http:\/\/www.argus-engenharia.com.br\/#website"},"datePublished":"2023-11-24T19:34:02+00:00","dateModified":"2025-05-08T19:06:31+00:00","breadcrumb":{"@id":"http:\/\/www.argus-engenharia.com.br\/vesda-xtralis\/#breadcrumb"},"inLanguage":"pt-BR","potentialAction":[{"@type":"ReadAction","target":["http:\/\/www.argus-engenharia.com.br\/vesda-xtralis\/"]}]},{"@type":"BreadcrumbList","@id":"http:\/\/www.argus-engenharia.com.br\/vesda-xtralis\/#breadcrumb","itemListElement":[{"@type":"ListItem","position":1,"name":"In\u00edcio","item":"http:\/\/www.argus-engenharia.com.br\/"},{"@type":"ListItem","position":2,"name":"Vesda Xtralis"}]},{"@type":"WebSite","@id":"http:\/\/www.argus-engenharia.com.br\/#website","url":"http:\/\/www.argus-engenharia.com.br\/","name":"Argus Engenharia","description":"Produtos e Sistemas contra Inc\u00eandio","publisher":{"@id":"http:\/\/www.argus-engenharia.com.br\/#organization"},"potentialAction":[{"@type":"SearchAction","target":{"@type":"EntryPoint","urlTemplate":"http:\/\/www.argus-engenharia.com.br\/?s={search_term_string}"},"query-input":{"@type":"PropertyValueSpecification","valueRequired":true,"valueName":"search_term_string"}}],"inLanguage":"pt-BR"},{"@type":"Organization","@id":"http:\/\/www.argus-engenharia.com.br\/#organization","name":"Argus Engenharia","url":"http:\/\/www.argus-engenharia.com.br\/","logo":{"@type":"ImageObject","inLanguage":"pt-BR","@id":"http:\/\/www.argus-engenharia.com.br\/#\/schema\/logo\/image\/","url":"http:\/\/www.argus-engenharia.com.br\/site\/wp-content\/uploads\/2023\/10\/arg-logo-cor.svg","contentUrl":"http:\/\/www.argus-engenharia.com.br\/site\/wp-content\/uploads\/2023\/10\/arg-logo-cor.svg","width":1,"height":1,"caption":"Argus Engenharia"},"image":{"@id":"http:\/\/www.argus-engenharia.com.br\/#\/schema\/logo\/image\/"},"sameAs":["https:\/\/www.linkedin.com\/company\/argus-produtos-e-sistemas-contra-inc-ndio\/","https:\/\/www.instagram.com\/argusengenhariabrasil"]}]}},"_links":{"self":[{"href":"https:\/\/www.argus-engenharia.com.br\/site\/wp-json\/wp\/v2\/pages\/331","targetHints":{"allow":["GET"]}}],"collection":[{"href":"https:\/\/www.argus-engenharia.com.br\/site\/wp-json\/wp\/v2\/pages"}],"about":[{"href":"https:\/\/www.argus-engenharia.com.br\/site\/wp-json\/wp\/v2\/types\/page"}],"author":[{"embeddable":true,"href":"https:\/\/www.argus-engenharia.com.br\/site\/wp-json\/wp\/v2\/users\/1"}],"replies":[{"embeddable":true,"href":"https:\/\/www.argus-engenharia.com.br\/site\/wp-json\/wp\/v2\/comments?post=331"}],"version-history":[{"count":7,"href":"https:\/\/www.argus-engenharia.com.br\/site\/wp-json\/wp\/v2\/pages\/331\/revisions"}],"predecessor-version":[{"id":1337,"href":"https:\/\/www.argus-engenharia.com.br\/site\/wp-json\/wp\/v2\/pages\/331\/revisions\/1337"}],"wp:attachment":[{"href":"https:\/\/www.argus-engenharia.com.br\/site\/wp-json\/wp\/v2\/media?parent=331"}],"curies":[{"name":"wp","href":"https:\/\/api.w.org\/{rel}","templated":true}]}}