{"id":329,"date":"2023-11-24T16:33:52","date_gmt":"2023-11-24T19:33:52","guid":{"rendered":"https:\/\/www.argus-engenharia.com.br\/site\/?page_id=329"},"modified":"2024-05-14T16:56:57","modified_gmt":"2024-05-14T19:56:57","slug":"honeywell-analytics","status":"publish","type":"page","link":"https:\/\/www.argus-engenharia.com.br\/site\/honeywell-analytics\/","title":{"rendered":"Honeywell Analytics"},"content":{"rendered":"<h1>SISTEMA DE CHAMA E GAS \u2013 HONEYWELL ANALYTICS <\/h1>\n<div>A Argus comercializa uma linha completa de detectores de g\u00e1s e chama, constantemente aprimorada para aplica\u00e7\u00f5es industriais, fabricados pela Honeywell Analytics, especialista mundial em detec\u00e7\u00e3o de g\u00e1s e tecnologias de detec\u00e7\u00e3o.<\/div>\n<div>A Honeywell Analytics tem d\u00e9cadas de experi\u00eancia e um compromisso com a inova\u00e7\u00e3o, garantindo que cada um de seus produtos seja fabricado com os mais altos padr\u00f5es de qualidade e confiabilidade. O resultado \u00e9 prote\u00e7\u00e3o total para pessoas, propriedades e processos \u2014 nas condi\u00e7\u00f5es mais severas e nos ambientes mais extremos.<\/div>\n<p><img decoding=\"async\" src=\"\/site\/wp-content\/uploads\/2024\/01\/arg-honeywell.jpg\" alt=\"\"><br \/>\n<img decoding=\"async\" src=\"\/site\/wp-content\/uploads\/2024\/01\/Honeywell-Logo.png\" alt=\"\"><\/p>\n<h1>Detectores de Chama<\/h1>\n<div>Geram um sinal de alarme quando expostos \u00e0 energia radiante da chama. Como esta energia radiante viaja na velocidade da luz, os detectores de chama t\u00eam potencial para serem de a\u00e7\u00e3o extremamente r\u00e1pida. Pela sua capacidade de detec\u00e7\u00e3o r\u00e1pida, s\u00e3o em geral usados onde existe um risco significativo, como \u00e1reas de armazenamento e transfer\u00eancia de combust\u00edvel, \u00e1reas de processamento industrial e em situa\u00e7\u00f5es em que podem ocorrer explos\u00f5es ou fogos de progress\u00e3o muito r\u00e1pida.<\/div>\n<h1>Detectores de G\u00e1s<\/h1>\n<div>Medem e indicam a concentra\u00e7\u00e3o de determinados gases no ar para impedir a exposi\u00e7\u00e3o a subst\u00e2ncias t\u00f3xicas e inc\u00eandio. Eles s\u00e3o fabricados como unidades port\u00e1teis ou estacion\u00e1rias (fixas) e servem podem ter indicadores vis\u00edveis ou aud\u00edveis, como alarmes, luzes ou uma combina\u00e7\u00e3o de sinais. Os dispositivos s\u00e3o multifuncionais, isto \u00e9, s\u00e3o capazes de detectar v\u00e1rios gases ao mesmo tempo. Este sistema \u00e9 indicado para prevenir e detectar inc\u00eandios em locais que armazenem gases potencialmente inflam\u00e1veis ou para atuar como sistema de alerta em locais que armazenem gases potencialmente t\u00f3xicos para seres humanos.<\/div>\n<h1>Sensor Catal\u00edtico<\/h1>\n<div>Um pequeno sensor \u00e9 capaz de captar a quantidade de g\u00e1s no ambiente. Por ser muito simples, \u00e9 de baixo custo. Este sistema n\u00e3o \u00e9 afetado pela alta umidade, mudan\u00e7as da temperatura ou mudan\u00e7a de press\u00e3o ambientes. F\u00e1cil de instalar, de baixa manuten\u00e7\u00e3o e tempo de vida \u00fatil longo. Tem poucas restri\u00e7\u00f5es, n\u00e3o sendo indicado apenas para ambientes no quais sejam expostos a subst\u00e2ncias que alteram seu sistema de medi\u00e7\u00e3o, envenenando o medidor, como por exemplo produtos \u00e0 base de silicone, lubrificantes, aditivos gasosos, chumbo e compostos de enxofre.<\/div>\n<p>\n    <a href=\"\/site\/contato\/\">FALE CONOSCO<\/a>\n<\/p>\n<p><!--more--><br \/>\n<!-- {\"type\":\"layout\",\"children\":[{\"type\":\"section\",\"props\":{\"id\":\"sistemas\",\"image_position\":\"center-center\",\"style\":\"default\",\"title_breakpoint\":\"xl\",\"title_position\":\"top-left\",\"title_rotation\":\"left\",\"vertical_align\":\"middle\",\"width\":\"default\"},\"children\":[{\"type\":\"row\",\"props\":{\"id\":\"firepro\"},\"children\":[{\"type\":\"column\",\"props\":{\"image_position\":\"center-center\",\"padding\":\"xsmall\",\"position_sticky_breakpoint\":\"m\"},\"children\":[{\"type\":\"headline\",\"props\":{\"content\":\"SISTEMA DE CHAMA E GAS \\u2013 HONEYWELL ANALYTICS \",\"title_color\":\"primary\",\"title_decoration\":\"bullet\",\"title_element\":\"h1\",\"title_style\":\"h2\"}}]}]},{\"type\":\"row\",\"props\":{\"layout\":\"1-2,1-2\"},\"children\":[{\"type\":\"column\",\"props\":{\"image_position\":\"center-center\",\"position_sticky_breakpoint\":\"m\",\"vertical_align\":\"middle\",\"width_medium\":\"1-2\"},\"children\":[{\"type\":\"text\",\"props\":{\"column_breakpoint\":\"m\",\"content\":\"A Argus comercializa uma linha completa de detectores de g\\u00e1s e chama, constantemente aprimorada para aplica\\u00e7\\u00f5es industriais, fabricados pela Honeywell Analytics, especialista mundial em detec\\u00e7\\u00e3o de g\\u00e1s e tecnologias de detec\\u00e7\\u00e3o.\",\"margin\":\"default\"}},{\"type\":\"text\",\"props\":{\"column_breakpoint\":\"m\",\"content\":\"A Honeywell Analytics tem d\\u00e9cadas de experi\\u00eancia e um compromisso com a inova\\u00e7\\u00e3o, garantindo que cada um de seus produtos seja fabricado com os mais altos padr\\u00f5es de qualidade e confiabilidade. O resultado \\u00e9 prote\\u00e7\\u00e3o total para pessoas, propriedades e processos \\u2014 nas condi\\u00e7\\u00f5es mais severas e nos ambientes mais extremos.\",\"margin\":\"default\"}}]},{\"type\":\"column\",\"props\":{\"image_position\":\"center-center\",\"position_sticky_breakpoint\":\"m\",\"width_medium\":\"1-2\"},\"children\":[{\"type\":\"image\",\"props\":{\"image\":\"wp-content\\\/uploads\\\/2024\\\/01\\\/arg-honeywell.jpg\",\"image_svg_color\":\"emphasis\",\"margin\":\"default\"}}]}]}],\"name\":\"SISTEMAS-OLD\"},{\"type\":\"section\",\"props\":{\"image\":\"wp-content\\\/uploads\\\/2023\\\/10\\\/bg-red-sobre.jpg\",\"image_effect\":\"fixed\",\"image_position\":\"center-center\",\"image_size\":\"cover\",\"padding\":\"large\",\"style\":\"primary\",\"title_breakpoint\":\"xl\",\"title_position\":\"top-left\",\"title_rotation\":\"left\",\"vertical_align\":\"middle\",\"width\":\"default\"},\"children\":[{\"type\":\"row\",\"children\":[{\"type\":\"column\",\"props\":{\"image_position\":\"center-center\",\"position_sticky_breakpoint\":\"m\"},\"children\":[{\"type\":\"image\",\"props\":{\"image\":\"wp-content\\\/uploads\\\/2024\\\/01\\\/Honeywell-Logo.png\",\"image_svg_color\":\"emphasis\",\"image_width\":\"600\",\"margin\":\"default\",\"text_align\":\"center\"}}]}]},{\"type\":\"row\",\"props\":{\"column_gap\":\"large\",\"divider\":true,\"layout\":\"1-3,1-3,1-3\"},\"children\":[{\"type\":\"column\",\"props\":{\"image_position\":\"center-center\",\"position_sticky_breakpoint\":\"m\",\"width_medium\":\"1-3\"},\"children\":[{\"type\":\"headline\",\"props\":{\"content\":\"Detectores de Chama\",\"title_element\":\"h1\",\"title_style\":\"h3\"}},{\"type\":\"text\",\"props\":{\"column_breakpoint\":\"m\",\"content\":\"Geram um sinal de alarme quando expostos \\u00e0 energia radiante da chama. Como esta energia radiante viaja na velocidade da luz, os detectores de chama t\\u00eam potencial para serem de a\\u00e7\\u00e3o extremamente r\\u00e1pida. Pela sua capacidade de detec\\u00e7\\u00e3o r\\u00e1pida, s\\u00e3o em geral usados onde existe um risco significativo, como \\u00e1reas de armazenamento e transfer\\u00eancia de combust\\u00edvel, \\u00e1reas de processamento industrial e em situa\\u00e7\\u00f5es em que podem ocorrer explos\\u00f5es ou fogos de progress\\u00e3o muito r\\u00e1pida.\",\"margin\":\"default\"}}]},{\"type\":\"column\",\"props\":{\"image_position\":\"center-center\",\"position_sticky_breakpoint\":\"m\",\"width_medium\":\"1-3\"},\"children\":[{\"type\":\"headline\",\"props\":{\"content\":\"Detectores de G\\u00e1s\",\"title_element\":\"h1\",\"title_style\":\"h3\"}},{\"type\":\"text\",\"props\":{\"column_breakpoint\":\"m\",\"content\":\"Medem e indicam a concentra\\u00e7\\u00e3o de determinados gases no ar para impedir a exposi\\u00e7\\u00e3o a subst\\u00e2ncias t\\u00f3xicas e inc\\u00eandio. Eles s\\u00e3o fabricados como unidades port\\u00e1teis ou estacion\\u00e1rias (fixas) e servem podem ter indicadores vis\\u00edveis ou aud\\u00edveis, como alarmes, luzes ou uma combina\\u00e7\\u00e3o de sinais. Os dispositivos s\\u00e3o multifuncionais, isto \\u00e9, s\\u00e3o capazes de detectar v\\u00e1rios gases ao mesmo tempo. Este sistema \\u00e9 indicado para prevenir e detectar inc\\u00eandios em locais que armazenem gases potencialmente inflam\\u00e1veis ou para atuar como sistema de alerta em locais que armazenem gases potencialmente t\\u00f3xicos para seres humanos.\",\"margin\":\"default\"}}]},{\"type\":\"column\",\"props\":{\"image_position\":\"center-center\",\"position_sticky_breakpoint\":\"m\",\"width_medium\":\"1-3\"},\"children\":[{\"type\":\"headline\",\"props\":{\"content\":\"Sensor Catal\\u00edtico\",\"title_element\":\"h1\",\"title_style\":\"h3\"}},{\"type\":\"text\",\"props\":{\"column_breakpoint\":\"m\",\"content\":\"Um pequeno sensor \\u00e9 capaz de captar a quantidade de g\\u00e1s no ambiente. Por ser muito simples, \\u00e9 de baixo custo. Este sistema n\\u00e3o \\u00e9 afetado pela alta umidade, mudan\\u00e7as da temperatura ou mudan\\u00e7a de press\\u00e3o ambientes. F\\u00e1cil de instalar, de baixa manuten\\u00e7\\u00e3o e tempo de vida \\u00fatil longo. Tem poucas restri\\u00e7\\u00f5es, n\\u00e3o sendo indicado apenas para ambientes no quais sejam expostos a subst\\u00e2ncias que alteram seu sistema de medi\\u00e7\\u00e3o, envenenando o medidor, como por exemplo produtos \\u00e0 base de silicone, lubrificantes, aditivos gasosos, chumbo e compostos de enxofre.\",\"margin\":\"default\"}}]}]},{\"type\":\"row\",\"children\":[{\"type\":\"column\",\"props\":{\"image_position\":\"center-center\",\"position_sticky_breakpoint\":\"m\"},\"children\":[{\"type\":\"button\",\"props\":{\"button_size\":\"large\",\"grid_column_gap\":\"small\",\"grid_row_gap\":\"small\",\"margin\":\"default\",\"text_align\":\"center\"},\"children\":[{\"type\":\"button_item\",\"props\":{\"button_style\":\"default\",\"content\":\"FALE CONOSCO\",\"icon\":\"comment\",\"icon_align\":\"left\",\"link\":\"contato\\\/\"}}]}]}]}]}],\"version\":\"4.1.3\"} --><\/p>\n","protected":false},"excerpt":{"rendered":"<p>SISTEMA DE CHAMA E GAS \u2013 HONEYWELL ANALYTICS A Argus comercializa uma linha completa de detectores de g\u00e1s e chama, constantemente aprimorada para aplica\u00e7\u00f5es industriais, fabricados pela Honeywell Analytics, especialista mundial em detec\u00e7\u00e3o de g\u00e1s e tecnologias de detec\u00e7\u00e3o. A Honeywell Analytics tem d\u00e9cadas de experi\u00eancia e um compromisso com a inova\u00e7\u00e3o, garantindo que cada [&hellip;]<\/p>\n","protected":false},"author":1,"featured_media":0,"parent":0,"menu_order":0,"comment_status":"closed","ping_status":"closed","template":"","meta":{"_joinchat":[],"footnotes":""},"class_list":["post-329","page","type-page","status-publish","hentry"],"yoast_head":"<!-- This site is optimized with the Yoast SEO plugin v27.3 - https:\/\/yoast.com\/product\/yoast-seo-wordpress\/ -->\n<title>Honeywell Analytics - Argus Engenharia<\/title>\n<meta name=\"robots\" content=\"index, follow, max-snippet:-1, max-image-preview:large, max-video-preview:-1\" \/>\n<link rel=\"canonical\" href=\"https:\/\/www.argus-engenharia.com.br\/site\/honeywell-analytics\/\" \/>\n<meta property=\"og:locale\" content=\"pt_BR\" \/>\n<meta property=\"og:type\" content=\"article\" \/>\n<meta property=\"og:title\" content=\"Honeywell Analytics - Argus Engenharia\" \/>\n<meta property=\"og:description\" content=\"SISTEMA DE CHAMA E GAS \u2013 HONEYWELL ANALYTICS A Argus comercializa uma linha completa de detectores de g\u00e1s e chama, constantemente aprimorada para aplica\u00e7\u00f5es industriais, fabricados pela Honeywell Analytics, especialista mundial em detec\u00e7\u00e3o de g\u00e1s e tecnologias de detec\u00e7\u00e3o. A Honeywell Analytics tem d\u00e9cadas de experi\u00eancia e um compromisso com a inova\u00e7\u00e3o, garantindo que cada [&hellip;]\" \/>\n<meta property=\"og:url\" content=\"https:\/\/www.argus-engenharia.com.br\/site\/honeywell-analytics\/\" \/>\n<meta property=\"og:site_name\" content=\"Argus Engenharia\" \/>\n<meta property=\"article:modified_time\" content=\"2024-05-14T19:56:57+00:00\" \/>\n<meta name=\"twitter:card\" content=\"summary_large_image\" \/>\n<meta name=\"twitter:label1\" content=\"Est. tempo de leitura\" \/>\n\t<meta name=\"twitter:data1\" content=\"2 minutos\" \/>\n<script type=\"application\/ld+json\" class=\"yoast-schema-graph\">{\"@context\":\"https:\\\/\\\/schema.org\",\"@graph\":[{\"@type\":\"WebPage\",\"@id\":\"https:\\\/\\\/www.argus-engenharia.com.br\\\/site\\\/honeywell-analytics\\\/\",\"url\":\"https:\\\/\\\/www.argus-engenharia.com.br\\\/site\\\/honeywell-analytics\\\/\",\"name\":\"Honeywell Analytics - Argus Engenharia\",\"isPartOf\":{\"@id\":\"https:\\\/\\\/www.argus-engenharia.com.br\\\/site\\\/#website\"},\"datePublished\":\"2023-11-24T19:33:52+00:00\",\"dateModified\":\"2024-05-14T19:56:57+00:00\",\"breadcrumb\":{\"@id\":\"https:\\\/\\\/www.argus-engenharia.com.br\\\/site\\\/honeywell-analytics\\\/#breadcrumb\"},\"inLanguage\":\"pt-BR\",\"potentialAction\":[{\"@type\":\"ReadAction\",\"target\":[\"https:\\\/\\\/www.argus-engenharia.com.br\\\/site\\\/honeywell-analytics\\\/\"]}]},{\"@type\":\"BreadcrumbList\",\"@id\":\"https:\\\/\\\/www.argus-engenharia.com.br\\\/site\\\/honeywell-analytics\\\/#breadcrumb\",\"itemListElement\":[{\"@type\":\"ListItem\",\"position\":1,\"name\":\"In\u00edcio\",\"item\":\"https:\\\/\\\/www.argus-engenharia.com.br\\\/site\\\/\"},{\"@type\":\"ListItem\",\"position\":2,\"name\":\"Honeywell Analytics\"}]},{\"@type\":\"WebSite\",\"@id\":\"https:\\\/\\\/www.argus-engenharia.com.br\\\/site\\\/#website\",\"url\":\"https:\\\/\\\/www.argus-engenharia.com.br\\\/site\\\/\",\"name\":\"Argus Engenharia\",\"description\":\"Produtos e Sistemas contra Inc\u00eandio\",\"publisher\":{\"@id\":\"https:\\\/\\\/www.argus-engenharia.com.br\\\/site\\\/#organization\"},\"potentialAction\":[{\"@type\":\"SearchAction\",\"target\":{\"@type\":\"EntryPoint\",\"urlTemplate\":\"https:\\\/\\\/www.argus-engenharia.com.br\\\/site\\\/?s={search_term_string}\"},\"query-input\":{\"@type\":\"PropertyValueSpecification\",\"valueRequired\":true,\"valueName\":\"search_term_string\"}}],\"inLanguage\":\"pt-BR\"},{\"@type\":\"Organization\",\"@id\":\"https:\\\/\\\/www.argus-engenharia.com.br\\\/site\\\/#organization\",\"name\":\"Argus Engenharia\",\"url\":\"https:\\\/\\\/www.argus-engenharia.com.br\\\/site\\\/\",\"logo\":{\"@type\":\"ImageObject\",\"inLanguage\":\"pt-BR\",\"@id\":\"https:\\\/\\\/www.argus-engenharia.com.br\\\/site\\\/#\\\/schema\\\/logo\\\/image\\\/\",\"url\":\"http:\\\/\\\/www.argus-engenharia.com.br\\\/site\\\/wp-content\\\/uploads\\\/2023\\\/10\\\/arg-logo-cor.svg\",\"contentUrl\":\"http:\\\/\\\/www.argus-engenharia.com.br\\\/site\\\/wp-content\\\/uploads\\\/2023\\\/10\\\/arg-logo-cor.svg\",\"width\":1,\"height\":1,\"caption\":\"Argus Engenharia\"},\"image\":{\"@id\":\"https:\\\/\\\/www.argus-engenharia.com.br\\\/site\\\/#\\\/schema\\\/logo\\\/image\\\/\"},\"sameAs\":[\"https:\\\/\\\/www.linkedin.com\\\/company\\\/argus-produtos-e-sistemas-contra-inc-ndio\\\/\",\"https:\\\/\\\/www.instagram.com\\\/argusengenhariabrasil\"]}]}<\/script>\n<!-- \/ Yoast SEO plugin. -->","yoast_head_json":{"title":"Honeywell Analytics - Argus Engenharia","robots":{"index":"index","follow":"follow","max-snippet":"max-snippet:-1","max-image-preview":"max-image-preview:large","max-video-preview":"max-video-preview:-1"},"canonical":"https:\/\/www.argus-engenharia.com.br\/site\/honeywell-analytics\/","og_locale":"pt_BR","og_type":"article","og_title":"Honeywell Analytics - Argus Engenharia","og_description":"SISTEMA DE CHAMA E GAS \u2013 HONEYWELL ANALYTICS A Argus comercializa uma linha completa de detectores de g\u00e1s e chama, constantemente aprimorada para aplica\u00e7\u00f5es industriais, fabricados pela Honeywell Analytics, especialista mundial em detec\u00e7\u00e3o de g\u00e1s e tecnologias de detec\u00e7\u00e3o. A Honeywell Analytics tem d\u00e9cadas de experi\u00eancia e um compromisso com a inova\u00e7\u00e3o, garantindo que cada [&hellip;]","og_url":"https:\/\/www.argus-engenharia.com.br\/site\/honeywell-analytics\/","og_site_name":"Argus Engenharia","article_modified_time":"2024-05-14T19:56:57+00:00","twitter_card":"summary_large_image","twitter_misc":{"Est. tempo de leitura":"2 minutos"},"schema":{"@context":"https:\/\/schema.org","@graph":[{"@type":"WebPage","@id":"https:\/\/www.argus-engenharia.com.br\/site\/honeywell-analytics\/","url":"https:\/\/www.argus-engenharia.com.br\/site\/honeywell-analytics\/","name":"Honeywell Analytics - Argus Engenharia","isPartOf":{"@id":"https:\/\/www.argus-engenharia.com.br\/site\/#website"},"datePublished":"2023-11-24T19:33:52+00:00","dateModified":"2024-05-14T19:56:57+00:00","breadcrumb":{"@id":"https:\/\/www.argus-engenharia.com.br\/site\/honeywell-analytics\/#breadcrumb"},"inLanguage":"pt-BR","potentialAction":[{"@type":"ReadAction","target":["https:\/\/www.argus-engenharia.com.br\/site\/honeywell-analytics\/"]}]},{"@type":"BreadcrumbList","@id":"https:\/\/www.argus-engenharia.com.br\/site\/honeywell-analytics\/#breadcrumb","itemListElement":[{"@type":"ListItem","position":1,"name":"In\u00edcio","item":"https:\/\/www.argus-engenharia.com.br\/site\/"},{"@type":"ListItem","position":2,"name":"Honeywell Analytics"}]},{"@type":"WebSite","@id":"https:\/\/www.argus-engenharia.com.br\/site\/#website","url":"https:\/\/www.argus-engenharia.com.br\/site\/","name":"Argus Engenharia","description":"Produtos e Sistemas contra Inc\u00eandio","publisher":{"@id":"https:\/\/www.argus-engenharia.com.br\/site\/#organization"},"potentialAction":[{"@type":"SearchAction","target":{"@type":"EntryPoint","urlTemplate":"https:\/\/www.argus-engenharia.com.br\/site\/?s={search_term_string}"},"query-input":{"@type":"PropertyValueSpecification","valueRequired":true,"valueName":"search_term_string"}}],"inLanguage":"pt-BR"},{"@type":"Organization","@id":"https:\/\/www.argus-engenharia.com.br\/site\/#organization","name":"Argus Engenharia","url":"https:\/\/www.argus-engenharia.com.br\/site\/","logo":{"@type":"ImageObject","inLanguage":"pt-BR","@id":"https:\/\/www.argus-engenharia.com.br\/site\/#\/schema\/logo\/image\/","url":"http:\/\/www.argus-engenharia.com.br\/site\/wp-content\/uploads\/2023\/10\/arg-logo-cor.svg","contentUrl":"http:\/\/www.argus-engenharia.com.br\/site\/wp-content\/uploads\/2023\/10\/arg-logo-cor.svg","width":1,"height":1,"caption":"Argus Engenharia"},"image":{"@id":"https:\/\/www.argus-engenharia.com.br\/site\/#\/schema\/logo\/image\/"},"sameAs":["https:\/\/www.linkedin.com\/company\/argus-produtos-e-sistemas-contra-inc-ndio\/","https:\/\/www.instagram.com\/argusengenhariabrasil"]}]}},"_links":{"self":[{"href":"https:\/\/www.argus-engenharia.com.br\/site\/wp-json\/wp\/v2\/pages\/329","targetHints":{"allow":["GET"]}}],"collection":[{"href":"https:\/\/www.argus-engenharia.com.br\/site\/wp-json\/wp\/v2\/pages"}],"about":[{"href":"https:\/\/www.argus-engenharia.com.br\/site\/wp-json\/wp\/v2\/types\/page"}],"author":[{"embeddable":true,"href":"https:\/\/www.argus-engenharia.com.br\/site\/wp-json\/wp\/v2\/users\/1"}],"replies":[{"embeddable":true,"href":"https:\/\/www.argus-engenharia.com.br\/site\/wp-json\/wp\/v2\/comments?post=329"}],"version-history":[{"count":5,"href":"https:\/\/www.argus-engenharia.com.br\/site\/wp-json\/wp\/v2\/pages\/329\/revisions"}],"predecessor-version":[{"id":895,"href":"https:\/\/www.argus-engenharia.com.br\/site\/wp-json\/wp\/v2\/pages\/329\/revisions\/895"}],"wp:attachment":[{"href":"https:\/\/www.argus-engenharia.com.br\/site\/wp-json\/wp\/v2\/media?parent=329"}],"curies":[{"name":"wp","href":"https:\/\/api.w.org\/{rel}","templated":true}]}}