{"id":2124,"date":"2026-04-17T11:27:42","date_gmt":"2026-04-17T14:27:42","guid":{"rendered":"http:\/\/www.argus-engenharia.com.br\/?page_id=2124"},"modified":"2026-04-17T11:41:53","modified_gmt":"2026-04-17T14:41:53","slug":"datasheets-lge-liquido-gerador-de-espuma","status":"publish","type":"page","link":"https:\/\/www.argus-engenharia.com.br\/site\/datasheets-todos\/datasheets-lge-liquido-gerador-de-espuma\/","title":{"rendered":"Datasheets &#8211; LGE &#8211; L\u00edquido Gerador de Espuma"},"content":{"rendered":"<p>\n    <a href=\"\/site\/datasheets-todos\/\">VOLTAR<\/a>\n<\/p>\n<h1><a href=\"\/site\/datasheets-todos\/\">Datasheets<\/a><\/h1>\n<h1>LGE &#8211; L\u00edquido Gerador de Espuma<\/h1>\n<ul>\n<li>\n<p>        <img decoding=\"async\" src=\"\/site\/wp-content\/uploads\/2026\/04\/ARGUS-PRIME-AGENTE-INIBIDOR-PARA-LGES.jpg\" alt=\"\"><\/p>\n<h3>ARGUS PRIME AGENTE INIBIDOR PARA LGES<\/h3>\n<p><a href=\"\/site\/wp-content\/uploads\/2026\/04\/DSE-0175-ARGUS-PRIME-AGENTE-INIBIDOR-PARA-LGEs.pdf\">Download<\/a><\/p>\n<\/li>\n<li>\n<p>        <img decoding=\"async\" src=\"\/site\/wp-content\/uploads\/2026\/04\/LIQUIDO-GERADOR-DE-ESPUMA-LGE-CLASSE-A-2.jpg\" alt=\"\"><\/p>\n<h3>L\u00cdQUIDO GERADOR DE ESPUMA LGE CLASSE A FIRE-BREAK<\/h3>\n<p><a href=\"\/site\/wp-content\/uploads\/2026\/04\/DSE-0190-REV02-LGE-CLASSE-A-FIREBREAK.pdf\">Download<\/a><\/p>\n<\/li>\n<li>\n<p>        <img decoding=\"async\" src=\"\/site\/wp-content\/uploads\/2026\/04\/LIQUIDO-GERADOR-DE-ESPUMA-LGE-CLASSE-A-3.jpg\" alt=\"\"><\/p>\n<h3>L\u00cdQUIDO GERADOR DE ESPUMA LGE CLASSE A SOLBERG<\/h3>\n<p><a href=\"\/site\/wp-content\/uploads\/2026\/04\/liquido_gerador-_espuma_lge_classe_a_incendios_florestais-Fire-Brake.pdf\">Download<\/a><\/p>\n<\/li>\n<li>\n<p>        <img decoding=\"async\" src=\"\/site\/wp-content\/uploads\/2026\/04\/Liquido-Gerador-de-Espuma-LGE-CLASSE-A.jpg\" alt=\"\"><\/p>\n<h3>L\u00edquido Gerador de Espuma LGE CLASSE A AMEREX<\/h3>\n<p><a href=\"\/site\/wp-content\/uploads\/2026\/04\/DSE-0190-LIQUIDO-GERADOR-DE-ESPUMA-LGE-CLASSE-A.pdf\">Download<\/a><\/p>\n<\/li>\n<li>\n<p>        <img decoding=\"async\" src=\"\/site\/wp-content\/uploads\/2026\/04\/LIQUIDO-GERADOR-DE-ESPUMA-DE-ALTA-EXPANSAO-EXPANDOL.jpg\" alt=\"\"><\/p>\n<h3>L\u00cdQUIDO GERADOR DE ESPUMA DE ALTA EXPANS\u00c3O EXPANDOL<\/h3>\n<p><a href=\"\/site\/wp-content\/uploads\/2026\/04\/DSE-0309-LGE-DE-ALTA-EXPANSAO-EXPANDOL.pdf\">Download<\/a><\/p>\n<\/li>\n<li>\n<p>        <img decoding=\"async\" src=\"\/site\/wp-content\/uploads\/2026\/04\/Concentrado-sem-fluor-LGE-JetFoam-%E2%80%93-AV-6.jpg\" alt=\"\"><\/p>\n<h3>Concentrado sem fl\u00faor LGE JetFoam \u2013 AV 6%<\/h3>\n<p><a href=\"\/site\/wp-content\/uploads\/2026\/04\/DSE-0310-JetFoam.pdf\">Download<\/a><\/p>\n<\/li>\n<li>\n<p>        <img decoding=\"async\" src=\"\/site\/wp-content\/uploads\/2026\/04\/ARGUS-PRIME-LGE-AFFF-1-HC-TP1.jpg\" alt=\"\"><\/p>\n<h3>ARGUS PRIME LGE AFFF 1% HC TP1<\/h3>\n<p><a href=\"\/site\/wp-content\/uploads\/2026\/04\/DSE-0050-ARGUS-PRIME-LGE-AFFF-1%EF%BF%BD-HC-TP1.pdf\">Download<\/a><\/p>\n<\/li>\n<li>\n<p>        <img decoding=\"async\" src=\"\/site\/wp-content\/uploads\/2026\/04\/ARGUS-PRIME-LGE-AFFF-3-HC-TP1.jpg\" alt=\"\"><\/p>\n<h3>ARGUS PRIME LGE AFFF 3% HC TP1<\/h3>\n<p><a href=\"\/site\/wp-content\/uploads\/2026\/04\/DSE-0051-ARGUS-PRIME-LGE-AFFF-3%EF%BF%BD-HC-TP1.pdf\">Download<\/a><\/p>\n<\/li>\n<li>\n<p>        <img decoding=\"async\" src=\"\/site\/wp-content\/uploads\/2026\/04\/ARGUS-PRIME-LGE-AFFF-6-HC-TP1.jpg\" alt=\"\"><\/p>\n<h3>ARGUS PRIME LGE AFFF 6% HC TP1<\/h3>\n<p><a href=\"\/site\/wp-content\/uploads\/2026\/04\/DSE-0052-ARGUS-PRIME-LGE-AFFF-6%EF%BF%BD-HC-TP1.pdf\">Download<\/a><\/p>\n<\/li>\n<li>\n<p>        <img decoding=\"async\" src=\"\/site\/wp-content\/uploads\/2026\/04\/ARGUS-PRIME-LGE-AFFF-3-AV-TP2.jpg\" alt=\"\"><\/p>\n<h3>ARGUS PRIME LGE AFFF 3% AV TP2<\/h3>\n<p><a href=\"\/site\/wp-content\/uploads\/2026\/04\/DSE-0054-ARGUS-PRIME-LGE-3%EF%BF%BD-AV-TP2.pdf\">Download<\/a><\/p>\n<\/li>\n<li>\n<p>        <img decoding=\"async\" src=\"\/site\/wp-content\/uploads\/2026\/04\/ARGUS-PRIME-LGE-AFFF-6-AV-TP2.jpg\" alt=\"\"><\/p>\n<h3>ARGUS PRIME LGE AFFF 6% AV TP2<\/h3>\n<p><a href=\"\/site\/wp-content\/uploads\/2026\/04\/ARGUS-PRIME-LGE-AFFF-6-HC-AV-TP3-1.jpg\">Download<\/a><\/p>\n<\/li>\n<li>\n<p>        <img decoding=\"async\" src=\"\/site\/wp-content\/uploads\/2026\/04\/ARGUS-PRIME-LGE-AFFF-3-HC-AV-TP3.jpg\" alt=\"\"><\/p>\n<h3>ARGUS PRIME LGE AFFF 3% HC-AV TP3<\/h3>\n<p><a href=\"\/site\/wp-content\/uploads\/2026\/04\/DSE-0057-ARGUS-PRIME-LGE-AFFF-3%EF%BF%BD-HC-AV-TP3.pdf\">Download<\/a><\/p>\n<\/li>\n<li>\n<p>        <img decoding=\"async\" src=\"\/site\/wp-content\/uploads\/2026\/04\/ARGUS-PRIME-LGE-AFFF-6-HC-AV-TP3.jpg\" alt=\"\"><\/p>\n<h3>ARGUS PRIME LGE AFFF 6% HC-AV TP3<\/h3>\n<p><a href=\"\/site\/wp-content\/uploads\/2026\/04\/DSE-0057-ARGUS-PRIME-LGE-AFFF-3%EF%BF%BD-HC-AV-TP3.pdf\">Download<\/a><\/p>\n<\/li>\n<li>\n<p>        <img decoding=\"async\" src=\"\/site\/wp-content\/uploads\/2026\/04\/LIQUIDO-GERADOR-DE-ESPUMA-LGE-AFFF-3-AR-TP4.jpg\" alt=\"\"><\/p>\n<h3>L\u00cdQUIDO GERADOR DE ESPUMA LGE AFFF 3% AR TP4<\/h3>\n<p><a href=\"\/site\/wp-content\/uploads\/2026\/04\/DSE-0271-REV01-ARGUS-PRIME-LGE-AFFF-3-AR-TP4.pdf\">Download<\/a><\/p>\n<\/li>\n<li>\n<p>        <img decoding=\"async\" src=\"\/site\/wp-content\/uploads\/2026\/04\/ARGUS-PRIME-LGE-AFFF-AR-1-3-HC-AR-TP5.jpg\" alt=\"\"><\/p>\n<h3>ARGUS PRIME LGE AFFF AR 1%-3% HC-AR TP5<\/h3>\n<p><a href=\"\/site\/wp-content\/uploads\/2026\/04\/DSE-0059-ARGUS-PRIME-LGE-AFFF-AR-1%EF%BF%BD-3%EF%BF%BD-HC-AR-TP5.pdf\">Download<\/a><\/p>\n<\/li>\n<li>\n<p>        <img decoding=\"async\" src=\"\/site\/wp-content\/uploads\/2026\/04\/ARGUS-PRIME-LGE-AFFF-AR-3-3-HC-AR-TP5.jpg\" alt=\"\"><\/p>\n<h3>ARGUS PRIME LGE AFFF AR 3%-3% HC-AR TP5<\/h3>\n<p><a href=\"\/site\/wp-content\/uploads\/2026\/04\/DSE-0062-ARGUS-PRIME-LGE-AFFF-AR-3%EF%BF%BD-3%EF%BF%BD-HC-AR-TP5.pdf\">Download<\/a><\/p>\n<\/li>\n<li>\n<p>        <img decoding=\"async\" src=\"\/site\/wp-content\/uploads\/2026\/04\/ARGUS-PRIME-LGE-AFFF-AR-3-6-HC-AR-TP5.jpg\" alt=\"\"><\/p>\n<h3>ARGUS PRIME LGE AFFF AR 3%-6% HC-AR TP5<\/h3>\n<p><a href=\"\/site\/wp-content\/uploads\/2026\/04\/DSE-0063-ARGUS-PRIME-LGE-AFFF-AR-3%EF%BF%BD-6%EF%BF%BD-HC-AR-TP5.pdf\">Download<\/a><\/p>\n<\/li>\n<\/ul>\n<p><!--more--><br \/>\n<!-- {\"type\":\"layout\",\"children\":[{\"type\":\"section\",\"props\":{\"image_position\":\"center-center\",\"style\":\"default\",\"title_breakpoint\":\"xl\",\"title_position\":\"top-left\",\"title_rotation\":\"left\",\"vertical_align\":\"middle\",\"width\":\"default\"},\"children\":[{\"type\":\"row\",\"children\":[{\"type\":\"column\",\"props\":{\"image_position\":\"center-center\",\"position_sticky_breakpoint\":\"m\"},\"children\":[{\"type\":\"button\",\"props\":{\"grid_column_gap\":\"small\",\"grid_row_gap\":\"small\",\"margin\":\"default\",\"margin_remove_bottom\":true},\"children\":[{\"type\":\"button_item\",\"props\":{\"button_style\":\"link-text\",\"content\":\"VOLTAR\",\"icon\":\"arrow-left\",\"icon_align\":\"left\",\"link\":\"datasheets-todos\\\/\"}}]},{\"type\":\"headline\",\"props\":{\"content\":\"Datasheets\",\"link\":\"datasheets-todos\\\/\",\"margin\":\"remove-vertical\",\"margin_remove_bottom\":true,\"title_element\":\"h1\"}},{\"type\":\"headline\",\"props\":{\"content\":\"LGE - L\\u00edquido Gerador de Espuma\",\"margin\":\"remove-vertical\",\"title_color\":\"primary\",\"title_element\":\"h1\",\"title_style\":\"h2\"}}]}]}]},{\"type\":\"section\",\"props\":{\"image_position\":\"center-center\",\"padding_remove_top\":true,\"style\":\"default\",\"title_breakpoint\":\"xl\",\"title_position\":\"top-left\",\"title_rotation\":\"left\",\"vertical_align\":\"middle\",\"width\":\"default\"},\"children\":[{\"type\":\"row\",\"children\":[{\"type\":\"column\",\"props\":{\"image_position\":\"center-center\",\"position_sticky_breakpoint\":\"m\"},\"children\":[{\"type\":\"grid\",\"props\":{\"content_column_breakpoint\":\"m\",\"content_dropcap\":false,\"filter\":true,\"filter_align\":\"left\",\"filter_all\":true,\"filter_all_label\":\"Todos\",\"filter_grid_breakpoint\":\"m\",\"filter_grid_width\":\"auto\",\"filter_position\":\"top\",\"filter_style\":\"tab\",\"grid_column_gap\":\"medium\",\"grid_default\":\"2\",\"grid_medium\":\"5\",\"grid_parallax_justify\":false,\"grid_row_gap\":\"medium\",\"grid_small\":\"3\",\"icon_width\":80,\"image_align\":\"top\",\"image_grid_breakpoint\":\"m\",\"image_grid_width\":\"1-2\",\"image_svg_color\":\"emphasis\",\"item_animation\":true,\"link_margin\":\"small\",\"link_size\":\"small\",\"link_style\":\"primary\",\"link_target\":true,\"link_text\":\"Download\",\"margin\":\"default\",\"meta_align\":\"below-title\",\"meta_element\":\"div\",\"meta_style\":\"text-meta\",\"panel_image_no_padding\":true,\"panel_link\":true,\"show_content\":true,\"show_image\":true,\"show_link\":true,\"show_meta\":true,\"show_title\":true,\"text_align\":\"center\",\"title_align\":\"top\",\"title_element\":\"h3\",\"title_font_family\":\"primary\",\"title_grid_breakpoint\":\"m\",\"title_grid_width\":\"1-2\",\"title_hover_style\":\"reset\",\"title_style\":\"h6\"},\"children\":[{\"type\":\"grid_item\",\"props\":{\"image\":\"wp-content\\\/uploads\\\/2026\\\/04\\\/ARGUS-PRIME-AGENTE-INIBIDOR-PARA-LGES.jpg\",\"link\":\"wp-content\\\/uploads\\\/2026\\\/04\\\/DSE-0175-ARGUS-PRIME-AGENTE-INIBIDOR-PARA-LGEs.pdf\",\"tags\":\"Inibidor de Espuma\",\"title\":\"ARGUS PRIME AGENTE INIBIDOR PARA LGES\"}},{\"type\":\"grid_item\",\"props\":{\"image\":\"wp-content\\\/uploads\\\/2026\\\/04\\\/LIQUIDO-GERADOR-DE-ESPUMA-LGE-CLASSE-A-2.jpg\",\"link\":\"wp-content\\\/uploads\\\/2026\\\/04\\\/DSE-0190-REV02-LGE-CLASSE-A-FIREBREAK.pdf\",\"tags\":\"Inc\\u00eandios Florestais, Classe A\",\"title\":\"L\\u00cdQUIDO GERADOR DE ESPUMA LGE CLASSE A FIRE-BREAK\"}},{\"type\":\"grid_item\",\"props\":{\"image\":\"wp-content\\\/uploads\\\/2026\\\/04\\\/LIQUIDO-GERADOR-DE-ESPUMA-LGE-CLASSE-A-3.jpg\",\"link\":\"wp-content\\\/uploads\\\/2026\\\/04\\\/liquido_gerador-_espuma_lge_classe_a_incendios_florestais-Fire-Brake.pdf\",\"tags\":\"Inc\\u00eandios Florestais, Classe A\",\"title\":\"L\\u00cdQUIDO GERADOR DE ESPUMA LGE CLASSE A SOLBERG\"}},{\"type\":\"grid_item\",\"props\":{\"image\":\"wp-content\\\/uploads\\\/2026\\\/04\\\/Liquido-Gerador-de-Espuma-LGE-CLASSE-A.jpg\",\"link\":\"wp-content\\\/uploads\\\/2026\\\/04\\\/DSE-0190-LIQUIDO-GERADOR-DE-ESPUMA-LGE-CLASSE-A.pdf\",\"tags\":\"Inc\\u00eandios Florestais, Classe A\",\"title\":\"L\\u00edquido Gerador de Espuma LGE CLASSE A AMEREX\"}},{\"type\":\"grid_item\",\"props\":{\"image\":\"wp-content\\\/uploads\\\/2026\\\/04\\\/LIQUIDO-GERADOR-DE-ESPUMA-DE-ALTA-EXPANSAO-EXPANDOL.jpg\",\"link\":\"wp-content\\\/uploads\\\/2026\\\/04\\\/DSE-0309-LGE-DE-ALTA-EXPANSAO-EXPANDOL.pdf\",\"tags\":\"Alta Expans\\u00e3o\",\"title\":\"L\\u00cdQUIDO GERADOR DE ESPUMA DE ALTA EXPANS\\u00c3O EXPANDOL\"}},{\"type\":\"grid_item\",\"props\":{\"image\":\"wp-content\\\/uploads\\\/2026\\\/04\\\/Concentrado-sem-fluor-LGE-JetFoam-\\u2013-AV-6.jpg\",\"link\":\"wp-content\\\/uploads\\\/2026\\\/04\\\/DSE-0310-JetFoam.pdf\",\"tags\":\"Sem Fl\\u00faor\",\"title\":\"Concentrado sem fl\\u00faor LGE JetFoam \\u2013 AV 6%\"}},{\"type\":\"grid_item\",\"props\":{\"image\":\"wp-content\\\/uploads\\\/2026\\\/04\\\/ARGUS-PRIME-LGE-AFFF-1-HC-TP1.jpg\",\"link\":\"wp-content\\\/uploads\\\/2026\\\/04\\\/DSE-0050-ARGUS-PRIME-LGE-AFFF-1\\ufffd-HC-TP1.pdf\",\"tags\":\"Tipo 1, Hidrocarbonetos\",\"title\":\"ARGUS PRIME LGE AFFF 1% HC TP1\"}},{\"type\":\"grid_item\",\"props\":{\"image\":\"wp-content\\\/uploads\\\/2026\\\/04\\\/ARGUS-PRIME-LGE-AFFF-3-HC-TP1.jpg\",\"link\":\"wp-content\\\/uploads\\\/2026\\\/04\\\/DSE-0051-ARGUS-PRIME-LGE-AFFF-3\\ufffd-HC-TP1.pdf\",\"tags\":\"Tipo 1, Hidrocarbonetos\",\"title\":\"ARGUS PRIME LGE AFFF 3% HC TP1\"}},{\"type\":\"grid_item\",\"props\":{\"image\":\"wp-content\\\/uploads\\\/2026\\\/04\\\/ARGUS-PRIME-LGE-AFFF-6-HC-TP1.jpg\",\"link\":\"wp-content\\\/uploads\\\/2026\\\/04\\\/DSE-0052-ARGUS-PRIME-LGE-AFFF-6\\ufffd-HC-TP1.pdf\",\"tags\":\"Tipo 1, Hidrocarbonetos\",\"title\":\"ARGUS PRIME LGE AFFF 6% HC TP1\"}},{\"type\":\"grid_item\",\"props\":{\"image\":\"wp-content\\\/uploads\\\/2026\\\/04\\\/ARGUS-PRIME-LGE-AFFF-3-AV-TP2.jpg\",\"link\":\"wp-content\\\/uploads\\\/2026\\\/04\\\/DSE-0054-ARGUS-PRIME-LGE-3\\ufffd-AV-TP2.pdf\",\"tags\":\"Tipo 2, Aeroportos\",\"title\":\"ARGUS PRIME LGE AFFF 3% AV TP2\"}},{\"type\":\"grid_item\",\"props\":{\"image\":\"wp-content\\\/uploads\\\/2026\\\/04\\\/ARGUS-PRIME-LGE-AFFF-6-AV-TP2.jpg\",\"link\":\"wp-content\\\/uploads\\\/2026\\\/04\\\/ARGUS-PRIME-LGE-AFFF-6-HC-AV-TP3-1.jpg\",\"tags\":\"Tipo 2, Aeroportos\",\"title\":\"ARGUS PRIME LGE AFFF 6% AV TP2\"}},{\"type\":\"grid_item\",\"props\":{\"image\":\"wp-content\\\/uploads\\\/2026\\\/04\\\/ARGUS-PRIME-LGE-AFFF-3-HC-AV-TP3.jpg\",\"link\":\"wp-content\\\/uploads\\\/2026\\\/04\\\/DSE-0057-ARGUS-PRIME-LGE-AFFF-3\\ufffd-HC-AV-TP3.pdf\",\"tags\":\"Tipo 3, Aeroportos, Hidrocarbonetos\",\"title\":\"ARGUS PRIME LGE AFFF 3% HC-AV TP3\"}},{\"type\":\"grid_item\",\"props\":{\"image\":\"wp-content\\\/uploads\\\/2026\\\/04\\\/ARGUS-PRIME-LGE-AFFF-6-HC-AV-TP3.jpg\",\"link\":\"wp-content\\\/uploads\\\/2026\\\/04\\\/DSE-0057-ARGUS-PRIME-LGE-AFFF-3\\ufffd-HC-AV-TP3.pdf\",\"tags\":\"Tipo 3, Aeroportos, Hidrocarbonetos\",\"title\":\"ARGUS PRIME LGE AFFF 6% HC-AV TP3\"}},{\"type\":\"grid_item\",\"props\":{\"image\":\"wp-content\\\/uploads\\\/2026\\\/04\\\/LIQUIDO-GERADOR-DE-ESPUMA-LGE-AFFF-3-AR-TP4.jpg\",\"link\":\"wp-content\\\/uploads\\\/2026\\\/04\\\/DSE-0271-REV01-ARGUS-PRIME-LGE-AFFF-3-AR-TP4.pdf\",\"tags\":\"Tipo 4, \\u00c1lcool, Polivalente\",\"title\":\"L\\u00cdQUIDO GERADOR DE ESPUMA LGE AFFF 3% AR TP4\"}},{\"type\":\"grid_item\",\"props\":{\"image\":\"wp-content\\\/uploads\\\/2026\\\/04\\\/ARGUS-PRIME-LGE-AFFF-AR-1-3-HC-AR-TP5.jpg\",\"link\":\"wp-content\\\/uploads\\\/2026\\\/04\\\/DSE-0059-ARGUS-PRIME-LGE-AFFF-AR-1\\ufffd-3\\ufffd-HC-AR-TP5.pdf\",\"tags\":\"Tipo 5, \\u00c1lcool, Hidrocarbonetos, Polivalente\",\"title\":\"ARGUS PRIME LGE AFFF AR 1%-3% HC-AR TP5\"}},{\"type\":\"grid_item\",\"props\":{\"image\":\"wp-content\\\/uploads\\\/2026\\\/04\\\/ARGUS-PRIME-LGE-AFFF-AR-3-3-HC-AR-TP5.jpg\",\"link\":\"wp-content\\\/uploads\\\/2026\\\/04\\\/DSE-0062-ARGUS-PRIME-LGE-AFFF-AR-3\\ufffd-3\\ufffd-HC-AR-TP5.pdf\",\"tags\":\"Tipo 5, \\u00c1lcool, Hidrocarbonetos, Polivalente\",\"title\":\"ARGUS PRIME LGE AFFF AR 3%-3% HC-AR TP5\"}},{\"type\":\"grid_item\",\"props\":{\"image\":\"wp-content\\\/uploads\\\/2026\\\/04\\\/ARGUS-PRIME-LGE-AFFF-AR-3-6-HC-AR-TP5.jpg\",\"link\":\"wp-content\\\/uploads\\\/2026\\\/04\\\/DSE-0063-ARGUS-PRIME-LGE-AFFF-AR-3\\ufffd-6\\ufffd-HC-AR-TP5.pdf\",\"tags\":\"Tipo 5, \\u00c1lcool, Hidrocarbonetos, Polivalente\",\"title\":\"ARGUS PRIME LGE AFFF AR 3%-6% HC-AR TP5\"}}]}]}]}]}],\"version\":\"4.1.3\"} --><\/p>\n","protected":false},"excerpt":{"rendered":"<p>VOLTAR Datasheets LGE &#8211; L\u00edquido Gerador de Espuma ARGUS PRIME AGENTE INIBIDOR PARA LGES Download L\u00cdQUIDO GERADOR DE ESPUMA LGE CLASSE A FIRE-BREAK Download L\u00cdQUIDO GERADOR DE ESPUMA LGE CLASSE A SOLBERG Download L\u00edquido Gerador de Espuma LGE CLASSE A AMEREX Download L\u00cdQUIDO GERADOR DE ESPUMA DE ALTA EXPANS\u00c3O EXPANDOL Download Concentrado sem fl\u00faor LGE [&hellip;]<\/p>\n","protected":false},"author":1,"featured_media":0,"parent":1747,"menu_order":0,"comment_status":"closed","ping_status":"closed","template":"","meta":{"_joinchat":[],"footnotes":""},"class_list":["post-2124","page","type-page","status-publish","hentry"],"yoast_head":"<!-- This site is optimized with the Yoast SEO plugin v27.4 - https:\/\/yoast.com\/product\/yoast-seo-wordpress\/ -->\n<title>Datasheets - LGE - L\u00edquido Gerador de Espuma - Argus Engenharia<\/title>\n<meta name=\"robots\" content=\"index, follow, max-snippet:-1, max-image-preview:large, max-video-preview:-1\" \/>\n<link rel=\"canonical\" href=\"https:\/\/www.argus-engenharia.com.br\/site\/datasheets-todos\/datasheets-lge-liquido-gerador-de-espuma\/\" \/>\n<meta property=\"og:locale\" content=\"pt_BR\" \/>\n<meta property=\"og:type\" content=\"article\" \/>\n<meta property=\"og:title\" content=\"Datasheets - LGE - L\u00edquido Gerador de Espuma - Argus Engenharia\" \/>\n<meta property=\"og:description\" content=\"VOLTAR Datasheets LGE &#8211; L\u00edquido Gerador de Espuma ARGUS PRIME AGENTE INIBIDOR PARA LGES Download L\u00cdQUIDO GERADOR DE ESPUMA LGE CLASSE A FIRE-BREAK Download L\u00cdQUIDO GERADOR DE ESPUMA LGE CLASSE A SOLBERG Download L\u00edquido Gerador de Espuma LGE CLASSE A AMEREX Download L\u00cdQUIDO GERADOR DE ESPUMA DE ALTA EXPANS\u00c3O EXPANDOL Download Concentrado sem fl\u00faor LGE [&hellip;]\" \/>\n<meta property=\"og:url\" content=\"https:\/\/www.argus-engenharia.com.br\/site\/datasheets-todos\/datasheets-lge-liquido-gerador-de-espuma\/\" \/>\n<meta property=\"og:site_name\" content=\"Argus Engenharia\" \/>\n<meta property=\"article:modified_time\" content=\"2026-04-17T14:41:53+00:00\" \/>\n<meta name=\"twitter:card\" content=\"summary_large_image\" \/>\n<script type=\"application\/ld+json\" class=\"yoast-schema-graph\">{\"@context\":\"https:\\\/\\\/schema.org\",\"@graph\":[{\"@type\":\"WebPage\",\"@id\":\"https:\\\/\\\/www.argus-engenharia.com.br\\\/site\\\/datasheets-todos\\\/datasheets-lge-liquido-gerador-de-espuma\\\/\",\"url\":\"https:\\\/\\\/www.argus-engenharia.com.br\\\/site\\\/datasheets-todos\\\/datasheets-lge-liquido-gerador-de-espuma\\\/\",\"name\":\"Datasheets - LGE - L\u00edquido Gerador de Espuma - Argus Engenharia\",\"isPartOf\":{\"@id\":\"http:\\\/\\\/www.argus-engenharia.com.br\\\/#website\"},\"datePublished\":\"2026-04-17T14:27:42+00:00\",\"dateModified\":\"2026-04-17T14:41:53+00:00\",\"breadcrumb\":{\"@id\":\"https:\\\/\\\/www.argus-engenharia.com.br\\\/site\\\/datasheets-todos\\\/datasheets-lge-liquido-gerador-de-espuma\\\/#breadcrumb\"},\"inLanguage\":\"pt-BR\",\"potentialAction\":[{\"@type\":\"ReadAction\",\"target\":[\"https:\\\/\\\/www.argus-engenharia.com.br\\\/site\\\/datasheets-todos\\\/datasheets-lge-liquido-gerador-de-espuma\\\/\"]}]},{\"@type\":\"BreadcrumbList\",\"@id\":\"https:\\\/\\\/www.argus-engenharia.com.br\\\/site\\\/datasheets-todos\\\/datasheets-lge-liquido-gerador-de-espuma\\\/#breadcrumb\",\"itemListElement\":[{\"@type\":\"ListItem\",\"position\":1,\"name\":\"In\u00edcio\",\"item\":\"http:\\\/\\\/www.argus-engenharia.com.br\\\/\"},{\"@type\":\"ListItem\",\"position\":2,\"name\":\"Datasheets &#8211; Todos\",\"item\":\"https:\\\/\\\/www.argus-engenharia.com.br\\\/site\\\/datasheets-todos\\\/\"},{\"@type\":\"ListItem\",\"position\":3,\"name\":\"Datasheets &#8211; LGE &#8211; L\u00edquido Gerador de Espuma\"}]},{\"@type\":\"WebSite\",\"@id\":\"http:\\\/\\\/www.argus-engenharia.com.br\\\/#website\",\"url\":\"http:\\\/\\\/www.argus-engenharia.com.br\\\/\",\"name\":\"Argus Engenharia\",\"description\":\"Produtos e Sistemas contra Inc\u00eandio\",\"publisher\":{\"@id\":\"http:\\\/\\\/www.argus-engenharia.com.br\\\/#organization\"},\"potentialAction\":[{\"@type\":\"SearchAction\",\"target\":{\"@type\":\"EntryPoint\",\"urlTemplate\":\"http:\\\/\\\/www.argus-engenharia.com.br\\\/?s={search_term_string}\"},\"query-input\":{\"@type\":\"PropertyValueSpecification\",\"valueRequired\":true,\"valueName\":\"search_term_string\"}}],\"inLanguage\":\"pt-BR\"},{\"@type\":\"Organization\",\"@id\":\"http:\\\/\\\/www.argus-engenharia.com.br\\\/#organization\",\"name\":\"Argus Engenharia\",\"url\":\"http:\\\/\\\/www.argus-engenharia.com.br\\\/\",\"logo\":{\"@type\":\"ImageObject\",\"inLanguage\":\"pt-BR\",\"@id\":\"http:\\\/\\\/www.argus-engenharia.com.br\\\/#\\\/schema\\\/logo\\\/image\\\/\",\"url\":\"http:\\\/\\\/www.argus-engenharia.com.br\\\/site\\\/wp-content\\\/uploads\\\/2023\\\/10\\\/arg-logo-cor.svg\",\"contentUrl\":\"http:\\\/\\\/www.argus-engenharia.com.br\\\/site\\\/wp-content\\\/uploads\\\/2023\\\/10\\\/arg-logo-cor.svg\",\"width\":1,\"height\":1,\"caption\":\"Argus Engenharia\"},\"image\":{\"@id\":\"http:\\\/\\\/www.argus-engenharia.com.br\\\/#\\\/schema\\\/logo\\\/image\\\/\"},\"sameAs\":[\"https:\\\/\\\/www.linkedin.com\\\/company\\\/argus-produtos-e-sistemas-contra-inc-ndio\\\/\",\"https:\\\/\\\/www.instagram.com\\\/argusengenhariabrasil\"]}]}<\/script>\n<!-- \/ Yoast SEO plugin. -->","yoast_head_json":{"title":"Datasheets - LGE - L\u00edquido Gerador de Espuma - Argus Engenharia","robots":{"index":"index","follow":"follow","max-snippet":"max-snippet:-1","max-image-preview":"max-image-preview:large","max-video-preview":"max-video-preview:-1"},"canonical":"https:\/\/www.argus-engenharia.com.br\/site\/datasheets-todos\/datasheets-lge-liquido-gerador-de-espuma\/","og_locale":"pt_BR","og_type":"article","og_title":"Datasheets - LGE - L\u00edquido Gerador de Espuma - Argus Engenharia","og_description":"VOLTAR Datasheets LGE &#8211; L\u00edquido Gerador de Espuma ARGUS PRIME AGENTE INIBIDOR PARA LGES Download L\u00cdQUIDO GERADOR DE ESPUMA LGE CLASSE A FIRE-BREAK Download L\u00cdQUIDO GERADOR DE ESPUMA LGE CLASSE A SOLBERG Download L\u00edquido Gerador de Espuma LGE CLASSE A AMEREX Download L\u00cdQUIDO GERADOR DE ESPUMA DE ALTA EXPANS\u00c3O EXPANDOL Download Concentrado sem fl\u00faor LGE [&hellip;]","og_url":"https:\/\/www.argus-engenharia.com.br\/site\/datasheets-todos\/datasheets-lge-liquido-gerador-de-espuma\/","og_site_name":"Argus Engenharia","article_modified_time":"2026-04-17T14:41:53+00:00","twitter_card":"summary_large_image","schema":{"@context":"https:\/\/schema.org","@graph":[{"@type":"WebPage","@id":"https:\/\/www.argus-engenharia.com.br\/site\/datasheets-todos\/datasheets-lge-liquido-gerador-de-espuma\/","url":"https:\/\/www.argus-engenharia.com.br\/site\/datasheets-todos\/datasheets-lge-liquido-gerador-de-espuma\/","name":"Datasheets - LGE - L\u00edquido Gerador de Espuma - Argus Engenharia","isPartOf":{"@id":"http:\/\/www.argus-engenharia.com.br\/#website"},"datePublished":"2026-04-17T14:27:42+00:00","dateModified":"2026-04-17T14:41:53+00:00","breadcrumb":{"@id":"https:\/\/www.argus-engenharia.com.br\/site\/datasheets-todos\/datasheets-lge-liquido-gerador-de-espuma\/#breadcrumb"},"inLanguage":"pt-BR","potentialAction":[{"@type":"ReadAction","target":["https:\/\/www.argus-engenharia.com.br\/site\/datasheets-todos\/datasheets-lge-liquido-gerador-de-espuma\/"]}]},{"@type":"BreadcrumbList","@id":"https:\/\/www.argus-engenharia.com.br\/site\/datasheets-todos\/datasheets-lge-liquido-gerador-de-espuma\/#breadcrumb","itemListElement":[{"@type":"ListItem","position":1,"name":"In\u00edcio","item":"http:\/\/www.argus-engenharia.com.br\/"},{"@type":"ListItem","position":2,"name":"Datasheets &#8211; Todos","item":"https:\/\/www.argus-engenharia.com.br\/site\/datasheets-todos\/"},{"@type":"ListItem","position":3,"name":"Datasheets &#8211; LGE &#8211; L\u00edquido Gerador de Espuma"}]},{"@type":"WebSite","@id":"http:\/\/www.argus-engenharia.com.br\/#website","url":"http:\/\/www.argus-engenharia.com.br\/","name":"Argus Engenharia","description":"Produtos e Sistemas contra Inc\u00eandio","publisher":{"@id":"http:\/\/www.argus-engenharia.com.br\/#organization"},"potentialAction":[{"@type":"SearchAction","target":{"@type":"EntryPoint","urlTemplate":"http:\/\/www.argus-engenharia.com.br\/?s={search_term_string}"},"query-input":{"@type":"PropertyValueSpecification","valueRequired":true,"valueName":"search_term_string"}}],"inLanguage":"pt-BR"},{"@type":"Organization","@id":"http:\/\/www.argus-engenharia.com.br\/#organization","name":"Argus Engenharia","url":"http:\/\/www.argus-engenharia.com.br\/","logo":{"@type":"ImageObject","inLanguage":"pt-BR","@id":"http:\/\/www.argus-engenharia.com.br\/#\/schema\/logo\/image\/","url":"http:\/\/www.argus-engenharia.com.br\/site\/wp-content\/uploads\/2023\/10\/arg-logo-cor.svg","contentUrl":"http:\/\/www.argus-engenharia.com.br\/site\/wp-content\/uploads\/2023\/10\/arg-logo-cor.svg","width":1,"height":1,"caption":"Argus Engenharia"},"image":{"@id":"http:\/\/www.argus-engenharia.com.br\/#\/schema\/logo\/image\/"},"sameAs":["https:\/\/www.linkedin.com\/company\/argus-produtos-e-sistemas-contra-inc-ndio\/","https:\/\/www.instagram.com\/argusengenhariabrasil"]}]}},"_links":{"self":[{"href":"https:\/\/www.argus-engenharia.com.br\/site\/wp-json\/wp\/v2\/pages\/2124","targetHints":{"allow":["GET"]}}],"collection":[{"href":"https:\/\/www.argus-engenharia.com.br\/site\/wp-json\/wp\/v2\/pages"}],"about":[{"href":"https:\/\/www.argus-engenharia.com.br\/site\/wp-json\/wp\/v2\/types\/page"}],"author":[{"embeddable":true,"href":"https:\/\/www.argus-engenharia.com.br\/site\/wp-json\/wp\/v2\/users\/1"}],"replies":[{"embeddable":true,"href":"https:\/\/www.argus-engenharia.com.br\/site\/wp-json\/wp\/v2\/comments?post=2124"}],"version-history":[{"count":3,"href":"https:\/\/www.argus-engenharia.com.br\/site\/wp-json\/wp\/v2\/pages\/2124\/revisions"}],"predecessor-version":[{"id":2161,"href":"https:\/\/www.argus-engenharia.com.br\/site\/wp-json\/wp\/v2\/pages\/2124\/revisions\/2161"}],"up":[{"embeddable":true,"href":"https:\/\/www.argus-engenharia.com.br\/site\/wp-json\/wp\/v2\/pages\/1747"}],"wp:attachment":[{"href":"https:\/\/www.argus-engenharia.com.br\/site\/wp-json\/wp\/v2\/media?parent=2124"}],"curies":[{"name":"wp","href":"https:\/\/api.w.org\/{rel}","templated":true}]}}