{"id":1862,"date":"2026-04-17T03:49:24","date_gmt":"2026-04-17T06:49:24","guid":{"rendered":"http:\/\/www.argus-engenharia.com.br\/?page_id=1862"},"modified":"2026-04-17T04:09:10","modified_gmt":"2026-04-17T07:09:10","slug":"datasheets-colunas-de-hidrante-e-valvulas-angulares","status":"publish","type":"page","link":"https:\/\/www.argus-engenharia.com.br\/site\/datasheets-todos\/datasheets-colunas-de-hidrante-e-valvulas-angulares\/","title":{"rendered":"Datasheets &#8211; Colunas de Hidrante e V\u00e1lvulas Angulares"},"content":{"rendered":"<p>\n    <a href=\"\/site\/datasheets-todos\/\">VOLTAR<\/a>\n<\/p>\n<h1><a href=\"\/site\/datasheets-todos\/\">Datasheets<\/a><\/h1>\n<h1>Colunas de Hidrante e V\u00e1lvulas Angulares<\/h1>\n<ul>\n<li>\n<p>        <img decoding=\"async\" src=\"\/site\/wp-content\/uploads\/2026\/04\/Coluna-de-Hidrante-ARGUS-TIPO-LEVE.jpg\" alt=\"\"><\/p>\n<h3>Coluna de Hidrante ARGUS TIPO LEVE<\/h3>\n<p><a href=\"\/site\/wp-content\/uploads\/2026\/04\/DSE-0085-COLUNA-DE-HIDRANTE-ARGUS-LEVE.pdf\">Download<\/a><\/p>\n<\/li>\n<li>\n<p>        <img decoding=\"async\" src=\"\/site\/wp-content\/uploads\/2026\/04\/COLUNA-DE-HIDRANTE-INDUSTRIAL-ARGUS-1.jpg\" alt=\"\"><\/p>\n<h3>COLUNA DE HIDRANTE INDUSTRIAL ARGUS 1<\/h3>\n<p><a href=\"\/site\/wp-content\/uploads\/2026\/04\/DSE-0086-REV01-COLUNAS-DE-HIDRANTE-INDUSTRIAIS-ARGUS.pdf\">Download<\/a><\/p>\n<\/li>\n<li>\n<p>        <img decoding=\"async\" src=\"\/site\/wp-content\/uploads\/2026\/04\/COLUNA-DE-HIDRANTE-INDUSTRIAL-ARGUS-2.jpg\" alt=\"\"><\/p>\n<h3>COLUNA DE HIDRANTE INDUSTRIAL ARGUS 2<\/h3>\n<p><a href=\"\/site\/wp-content\/uploads\/2026\/04\/DSE-0086-REV01-COLUNAS-DE-HIDRANTE-INDUSTRIAIS-ARGUS.pdf\">Download<\/a><\/p>\n<\/li>\n<li>\n<p>        <img decoding=\"async\" src=\"\/site\/wp-content\/uploads\/2026\/04\/Coluna-de-Hidrante-TIPO-I.jpg\" alt=\"\"><\/p>\n<h3>Coluna de Hidrante TIPO I<\/h3>\n<p><a href=\"\/site\/wp-content\/uploads\/2026\/04\/DSE-0168-COLUNA-DE-HIDRANTE-TIPO-I-.pdf\">Download<\/a><\/p>\n<\/li>\n<li>\n<p>        <img decoding=\"async\" src=\"\/site\/wp-content\/uploads\/2026\/04\/Coluna-de-Hidrante-TIPO-II.jpg\" alt=\"\"><\/p>\n<h3>Coluna de Hidrante TIPO II<\/h3>\n<p><a href=\"\/site\/wp-content\/uploads\/2026\/04\/DSE-0169-COLUNA-DE-HIDRANTE-TIPO-II.pdf\">Download<\/a><\/p>\n<\/li>\n<li>\n<p>        <img decoding=\"async\" src=\"\/site\/wp-content\/uploads\/2026\/04\/Coluna-de-Hidrante-TIPO-III.jpg\" alt=\"\"><\/p>\n<h3>Coluna de Hidrante TIPO III<\/h3>\n<p><a href=\"\/site\/wp-content\/uploads\/2026\/04\/DSE-0170-COLUNA-DE-HIDRANTE-TIPO-III.pdf\">Download<\/a><\/p>\n<\/li>\n<li>\n<p>        <img decoding=\"async\" src=\"\/site\/wp-content\/uploads\/2026\/04\/Coluna-de-Hidrante-TIPO-IV.jpg\" alt=\"\"><\/p>\n<h3>Coluna de Hidrante TIPO IV<\/h3>\n<p><a href=\"\/site\/wp-content\/uploads\/2026\/04\/DSE-0171-COLUNA-DE-HIDRANTE-TIPO-IV.pdf\">Download<\/a><\/p>\n<\/li>\n<li>\n<p>        <img decoding=\"async\" src=\"\/site\/wp-content\/uploads\/2026\/04\/Coluna-de-Hidrante-TIPO-V.jpg\" alt=\"\"><\/p>\n<h3>Coluna de Hidrante TIPO V<\/h3>\n<p><a href=\"\/site\/wp-content\/uploads\/2026\/04\/DSE-0172-COLUNA-DE-HIDRANTE-TIPO-V.pdf\">Download<\/a><\/p>\n<\/li>\n<li>\n<p>        <img decoding=\"async\" src=\"\/site\/wp-content\/uploads\/2026\/04\/Coluna-de-Hidrante-TIPO-VI.jpg\" alt=\"\"><\/p>\n<h3>Coluna de Hidrante TIPO VI<\/h3>\n<p><a href=\"\/site\/wp-content\/uploads\/2026\/04\/DSE-0172-COLUNA-DE-HIDRANTE-TIPO-VI.pdf\">Download<\/a><\/p>\n<\/li>\n<li>\n<p>        <img decoding=\"async\" src=\"\/site\/wp-content\/uploads\/2026\/04\/Coluna-de-Hidrante-TIPO-VII.jpg\" alt=\"\"><\/p>\n<h3>Coluna de Hidrante TIPO VII<\/h3>\n<p><a href=\"\/site\/wp-content\/uploads\/2026\/04\/DSE-0174-COLUNA-DE-HIDRANTE-TIPO-VII.pdf\">Download<\/a><\/p>\n<\/li>\n<li>\n<p>        <img decoding=\"async\" src=\"\/site\/wp-content\/uploads\/2026\/04\/VALVULA-ANGULAR-REDUTORA-DE-PRESSAO-90-RP-UR.jpg\" alt=\"\"><\/p>\n<h3>V\u00c1LVULA ANGULAR REDUTORA DE PRESS\u00c3O 90 RP UR<\/h3>\n<p><a href=\"\/site\/wp-content\/uploads\/2026\/04\/DSE-0264-VALVULA-ANGULAR-REDUTORA-DE-PRESSAO-UR.pdf\">Download<\/a><\/p>\n<\/li>\n<li>\n<p>        <img decoding=\"async\" src=\"\/site\/wp-content\/uploads\/2026\/04\/VALVULA-DE-ALIVIO-E-QUEBRA-VACUO-ARGUS-AV-2.jpg\" alt=\"\"><\/p>\n<h3>V\u00c1LVULA DE AL\u00cdVIO E QUEBRA V\u00c1CUO ARGUS AV-2<\/h3>\n<p><a href=\"\/site\/wp-content\/uploads\/2026\/04\/DSE-0080-VALVULA-ARGUS-AV-2.pdf\">Download<\/a><\/p>\n<\/li>\n<li>\n<p>        <img decoding=\"async\" src=\"\/site\/wp-content\/uploads\/2026\/04\/VALVULA-ON-OFF-COM-ACIONAMENTO-HIDRAULICO-51FP-MH1.jpg\" alt=\"\"><\/p>\n<h3>V\u00c1LVULA ON-OFF COM ACIONAMENTO HIDR\u00c1ULICO 51FP MH1<\/h3>\n<p><a href=\"\/site\/wp-content\/uploads\/2026\/04\/DSE-0195-VALVULA-PARA-HIDRANTE-250-LBS-CRANE.pdf\">Download<\/a><\/p>\n<\/li>\n<li>\n<p>        <img decoding=\"async\" src=\"\/site\/wp-content\/uploads\/2026\/04\/Valvula-para-Hidrante-com-Restricao-de-Abertura-MODELO-A90-IRO.jpg\" alt=\"\"><\/p>\n<h3>V\u00e1lvula para Hidrante com Restri\u00e7\u00e3o de Abertura MODELO A90-IRO<\/h3>\n<p><a href=\"\/site\/wp-content\/uploads\/2026\/04\/DSE-0220-VALVULA-PARA-HIDRANTE-COM-RESTRICAO-DE-ABERTURA-MODELO-A90-IRO.pdf\">Download<\/a><\/p>\n<\/li>\n<li>\n<p>        <img decoding=\"async\" src=\"\/site\/wp-content\/uploads\/2026\/04\/Valvula-para-Hidrante-MODELO-A45-I.jpg\" alt=\"\"><\/p>\n<h3>V\u00e1lvula para Hidrante MODELO A45-I<\/h3>\n<p><a href=\"\/site\/wp-content\/uploads\/2026\/04\/DSE-0180-VALVULA-PARA-HIDRANTE-MODELO-A45-I.pdf\">Download<\/a><\/p>\n<\/li>\n<li>\n<p>        <img decoding=\"async\" src=\"\/site\/wp-content\/uploads\/2026\/04\/Valvula-para-Hidrante-MODELO-A45-L.jpg\" alt=\"\"><\/p>\n<h3>V\u00e1lvula para Hidrante MODELO A45-L<\/h3>\n<p><a href=\"\/site\/wp-content\/uploads\/2026\/04\/DSE-0181-VALVULA-PARA-HIDRANTE-MODELO-A45-L.pdf\">Download<\/a><\/p>\n<\/li>\n<li>\n<p>        <img decoding=\"async\" src=\"\/site\/wp-content\/uploads\/2026\/04\/Valvula-para-Hidrante-MODELO-A90-I.jpg\" alt=\"\"><\/p>\n<h3>V\u00e1lvula para Hidrante MODELO A90-I<\/h3>\n<p><a href=\"\/site\/wp-content\/uploads\/2026\/04\/DSE-0065-VALVULA-PARA-HIDRANTE-MODELO-A90-I.pdf\">Download<\/a><\/p>\n<\/li>\n<li>\n<p>        <img decoding=\"async\" src=\"\/site\/wp-content\/uploads\/2026\/04\/DERIVANTE-DY-300N.jpg\" alt=\"\"><\/p>\n<h3>DERIVANTE DY-300N<\/h3>\n<p><a href=\"\/site\/wp-content\/uploads\/2026\/04\/DSE-0245-DERIVANTE-DY-300N.pdf\">Download<\/a><\/p>\n<\/li>\n<\/ul>\n<p><!--more--><br \/>\n<!-- {\"type\":\"layout\",\"children\":[{\"type\":\"section\",\"props\":{\"image_position\":\"center-center\",\"style\":\"default\",\"title_breakpoint\":\"xl\",\"title_position\":\"top-left\",\"title_rotation\":\"left\",\"vertical_align\":\"middle\",\"width\":\"default\"},\"children\":[{\"type\":\"row\",\"children\":[{\"type\":\"column\",\"props\":{\"image_position\":\"center-center\",\"position_sticky_breakpoint\":\"m\"},\"children\":[{\"type\":\"button\",\"props\":{\"grid_column_gap\":\"small\",\"grid_row_gap\":\"small\",\"margin\":\"default\",\"margin_remove_bottom\":true},\"children\":[{\"type\":\"button_item\",\"props\":{\"button_style\":\"link-text\",\"content\":\"VOLTAR\",\"icon\":\"arrow-left\",\"icon_align\":\"left\",\"link\":\"datasheets-todos\\\/\"}}]},{\"type\":\"headline\",\"props\":{\"content\":\"Datasheets\",\"link\":\"datasheets-todos\\\/\",\"margin\":\"remove-vertical\",\"margin_remove_bottom\":true,\"title_element\":\"h1\"}},{\"type\":\"headline\",\"props\":{\"content\":\"Colunas de Hidrante e V\\u00e1lvulas Angulares\",\"margin\":\"remove-vertical\",\"title_color\":\"primary\",\"title_element\":\"h1\",\"title_style\":\"h2\"}}]}]}]},{\"type\":\"section\",\"props\":{\"image_position\":\"center-center\",\"padding_remove_top\":true,\"style\":\"default\",\"title_breakpoint\":\"xl\",\"title_position\":\"top-left\",\"title_rotation\":\"left\",\"vertical_align\":\"middle\",\"width\":\"default\"},\"children\":[{\"type\":\"row\",\"children\":[{\"type\":\"column\",\"props\":{\"image_position\":\"center-center\",\"position_sticky_breakpoint\":\"m\"},\"children\":[{\"type\":\"grid\",\"props\":{\"content_column_breakpoint\":\"m\",\"content_dropcap\":false,\"filter\":true,\"filter_align\":\"left\",\"filter_all\":true,\"filter_all_label\":\"Todos\",\"filter_grid_breakpoint\":\"m\",\"filter_grid_width\":\"auto\",\"filter_position\":\"top\",\"filter_style\":\"tab\",\"grid_column_gap\":\"medium\",\"grid_default\":\"2\",\"grid_medium\":\"5\",\"grid_parallax_justify\":false,\"grid_row_gap\":\"medium\",\"grid_small\":\"3\",\"icon_width\":80,\"image_align\":\"top\",\"image_grid_breakpoint\":\"m\",\"image_grid_width\":\"1-2\",\"image_svg_color\":\"emphasis\",\"item_animation\":true,\"link_margin\":\"small\",\"link_size\":\"small\",\"link_style\":\"primary\",\"link_target\":true,\"link_text\":\"Download\",\"margin\":\"default\",\"meta_align\":\"below-title\",\"meta_element\":\"div\",\"meta_style\":\"text-meta\",\"panel_image_no_padding\":true,\"panel_link\":true,\"show_content\":true,\"show_image\":true,\"show_link\":true,\"show_meta\":true,\"show_title\":true,\"text_align\":\"center\",\"title_align\":\"top\",\"title_element\":\"h3\",\"title_font_family\":\"primary\",\"title_grid_breakpoint\":\"m\",\"title_grid_width\":\"1-2\",\"title_hover_style\":\"reset\",\"title_style\":\"h6\"},\"children\":[{\"type\":\"grid_item\",\"props\":{\"image\":\"wp-content\\\/uploads\\\/2026\\\/04\\\/Coluna-de-Hidrante-ARGUS-TIPO-LEVE.jpg\",\"link\":\"wp-content\\\/uploads\\\/2026\\\/04\\\/DSE-0085-COLUNA-DE-HIDRANTE-ARGUS-LEVE.pdf\",\"tags\":\"Colunas de Hidrante\",\"title\":\"Coluna de Hidrante ARGUS TIPO LEVE\"}},{\"type\":\"grid_item\",\"props\":{\"image\":\"wp-content\\\/uploads\\\/2026\\\/04\\\/COLUNA-DE-HIDRANTE-INDUSTRIAL-ARGUS-1.jpg\",\"link\":\"wp-content\\\/uploads\\\/2026\\\/04\\\/DSE-0086-REV01-COLUNAS-DE-HIDRANTE-INDUSTRIAIS-ARGUS.pdf\",\"tags\":\"Colunas de Hidrante\",\"title\":\"COLUNA DE HIDRANTE INDUSTRIAL ARGUS 1\"}},{\"type\":\"grid_item\",\"props\":{\"image\":\"wp-content\\\/uploads\\\/2026\\\/04\\\/COLUNA-DE-HIDRANTE-INDUSTRIAL-ARGUS-2.jpg\",\"link\":\"wp-content\\\/uploads\\\/2026\\\/04\\\/DSE-0086-REV01-COLUNAS-DE-HIDRANTE-INDUSTRIAIS-ARGUS.pdf\",\"tags\":\"Colunas de Hidrante\",\"title\":\"COLUNA DE HIDRANTE INDUSTRIAL ARGUS 2\"}},{\"type\":\"grid_item\",\"props\":{\"image\":\"wp-content\\\/uploads\\\/2026\\\/04\\\/Coluna-de-Hidrante-TIPO-I.jpg\",\"link\":\"wp-content\\\/uploads\\\/2026\\\/04\\\/DSE-0168-COLUNA-DE-HIDRANTE-TIPO-I-.pdf\",\"tags\":\"Colunas de Hidrante\",\"title\":\"Coluna de Hidrante TIPO I\"}},{\"type\":\"grid_item\",\"props\":{\"image\":\"wp-content\\\/uploads\\\/2026\\\/04\\\/Coluna-de-Hidrante-TIPO-II.jpg\",\"link\":\"wp-content\\\/uploads\\\/2026\\\/04\\\/DSE-0169-COLUNA-DE-HIDRANTE-TIPO-II.pdf\",\"tags\":\"Colunas de Hidrante\",\"title\":\"Coluna de Hidrante TIPO II\"}},{\"type\":\"grid_item\",\"props\":{\"image\":\"wp-content\\\/uploads\\\/2026\\\/04\\\/Coluna-de-Hidrante-TIPO-III.jpg\",\"link\":\"wp-content\\\/uploads\\\/2026\\\/04\\\/DSE-0170-COLUNA-DE-HIDRANTE-TIPO-III.pdf\",\"tags\":\"Colunas de Hidrante\",\"title\":\"Coluna de Hidrante TIPO III\"}},{\"type\":\"grid_item\",\"props\":{\"image\":\"wp-content\\\/uploads\\\/2026\\\/04\\\/Coluna-de-Hidrante-TIPO-IV.jpg\",\"link\":\"wp-content\\\/uploads\\\/2026\\\/04\\\/DSE-0171-COLUNA-DE-HIDRANTE-TIPO-IV.pdf\",\"tags\":\"Colunas de Hidrante\",\"title\":\"Coluna de Hidrante TIPO IV\"}},{\"type\":\"grid_item\",\"props\":{\"image\":\"wp-content\\\/uploads\\\/2026\\\/04\\\/Coluna-de-Hidrante-TIPO-V.jpg\",\"link\":\"wp-content\\\/uploads\\\/2026\\\/04\\\/DSE-0172-COLUNA-DE-HIDRANTE-TIPO-V.pdf\",\"tags\":\"Colunas de Hidrante\",\"title\":\"Coluna de Hidrante TIPO V\"}},{\"type\":\"grid_item\",\"props\":{\"image\":\"wp-content\\\/uploads\\\/2026\\\/04\\\/Coluna-de-Hidrante-TIPO-VI.jpg\",\"link\":\"wp-content\\\/uploads\\\/2026\\\/04\\\/DSE-0172-COLUNA-DE-HIDRANTE-TIPO-VI.pdf\",\"tags\":\"Colunas de Hidrante\",\"title\":\"Coluna de Hidrante TIPO VI\"}},{\"type\":\"grid_item\",\"props\":{\"image\":\"wp-content\\\/uploads\\\/2026\\\/04\\\/Coluna-de-Hidrante-TIPO-VII.jpg\",\"link\":\"wp-content\\\/uploads\\\/2026\\\/04\\\/DSE-0174-COLUNA-DE-HIDRANTE-TIPO-VII.pdf\",\"tags\":\"Colunas de Hidrante\",\"title\":\"Coluna de Hidrante TIPO VII\"}},{\"type\":\"grid_item\",\"props\":{\"image\":\"wp-content\\\/uploads\\\/2026\\\/04\\\/VALVULA-ANGULAR-REDUTORA-DE-PRESSAO-90-RP-UR.jpg\",\"link\":\"wp-content\\\/uploads\\\/2026\\\/04\\\/DSE-0264-VALVULA-ANGULAR-REDUTORA-DE-PRESSAO-UR.pdf\",\"tags\":\"V\\u00e1lvulas Angulares\",\"title\":\"V\\u00c1LVULA ANGULAR REDUTORA DE PRESS\\u00c3O 90 RP UR\"}},{\"type\":\"grid_item\",\"props\":{\"image\":\"wp-content\\\/uploads\\\/2026\\\/04\\\/VALVULA-DE-ALIVIO-E-QUEBRA-VACUO-ARGUS-AV-2.jpg\",\"link\":\"wp-content\\\/uploads\\\/2026\\\/04\\\/DSE-0080-VALVULA-ARGUS-AV-2.pdf\",\"tags\":\"V\\u00e1lvulas Angulares\",\"title\":\"V\\u00c1LVULA DE AL\\u00cdVIO E QUEBRA V\\u00c1CUO ARGUS AV-2\"}},{\"type\":\"grid_item\",\"props\":{\"image\":\"wp-content\\\/uploads\\\/2026\\\/04\\\/VALVULA-ON-OFF-COM-ACIONAMENTO-HIDRAULICO-51FP-MH1.jpg\",\"link\":\"wp-content\\\/uploads\\\/2026\\\/04\\\/DSE-0195-VALVULA-PARA-HIDRANTE-250-LBS-CRANE.pdf\",\"tags\":\"V\\u00e1lvulas Angulares\",\"title\":\"V\\u00c1LVULA ON-OFF COM ACIONAMENTO HIDR\\u00c1ULICO 51FP MH1\"}},{\"type\":\"grid_item\",\"props\":{\"image\":\"wp-content\\\/uploads\\\/2026\\\/04\\\/Valvula-para-Hidrante-com-Restricao-de-Abertura-MODELO-A90-IRO.jpg\",\"link\":\"wp-content\\\/uploads\\\/2026\\\/04\\\/DSE-0220-VALVULA-PARA-HIDRANTE-COM-RESTRICAO-DE-ABERTURA-MODELO-A90-IRO.pdf\",\"tags\":\"V\\u00e1lvulas Angulares\",\"title\":\"V\\u00e1lvula para Hidrante com Restri\\u00e7\\u00e3o de Abertura MODELO A90-IRO\"}},{\"type\":\"grid_item\",\"props\":{\"image\":\"wp-content\\\/uploads\\\/2026\\\/04\\\/Valvula-para-Hidrante-MODELO-A45-I.jpg\",\"link\":\"wp-content\\\/uploads\\\/2026\\\/04\\\/DSE-0180-VALVULA-PARA-HIDRANTE-MODELO-A45-I.pdf\",\"tags\":\"V\\u00e1lvulas Angulares\",\"title\":\"V\\u00e1lvula para Hidrante MODELO A45-I\"}},{\"type\":\"grid_item\",\"props\":{\"image\":\"wp-content\\\/uploads\\\/2026\\\/04\\\/Valvula-para-Hidrante-MODELO-A45-L.jpg\",\"link\":\"wp-content\\\/uploads\\\/2026\\\/04\\\/DSE-0181-VALVULA-PARA-HIDRANTE-MODELO-A45-L.pdf\",\"tags\":\"V\\u00e1lvulas Angulares\",\"title\":\"V\\u00e1lvula para Hidrante MODELO A45-L\"}},{\"type\":\"grid_item\",\"props\":{\"image\":\"wp-content\\\/uploads\\\/2026\\\/04\\\/Valvula-para-Hidrante-MODELO-A90-I.jpg\",\"link\":\"wp-content\\\/uploads\\\/2026\\\/04\\\/DSE-0065-VALVULA-PARA-HIDRANTE-MODELO-A90-I.pdf\",\"tags\":\"V\\u00e1lvulas Angulares\",\"title\":\"V\\u00e1lvula para Hidrante MODELO A90-I\"}},{\"type\":\"grid_item\",\"props\":{\"image\":\"wp-content\\\/uploads\\\/2026\\\/04\\\/DERIVANTE-DY-300N.jpg\",\"link\":\"wp-content\\\/uploads\\\/2026\\\/04\\\/DSE-0245-DERIVANTE-DY-300N.pdf\",\"tags\":\"Derivante\",\"title\":\"DERIVANTE DY-300N\"}}]}]}]}]}],\"version\":\"4.1.3\"} --><\/p>\n","protected":false},"excerpt":{"rendered":"<p>VOLTAR Datasheets Colunas de Hidrante e V\u00e1lvulas Angulares Coluna de Hidrante ARGUS TIPO LEVE Download COLUNA DE HIDRANTE INDUSTRIAL ARGUS 1 Download COLUNA DE HIDRANTE INDUSTRIAL ARGUS 2 Download Coluna de Hidrante TIPO I Download Coluna de Hidrante TIPO II Download Coluna de Hidrante TIPO III Download Coluna de Hidrante TIPO IV Download Coluna de [&hellip;]<\/p>\n","protected":false},"author":1,"featured_media":0,"parent":1747,"menu_order":0,"comment_status":"closed","ping_status":"closed","template":"","meta":{"_joinchat":[],"footnotes":""},"class_list":["post-1862","page","type-page","status-publish","hentry"],"yoast_head":"<!-- This site is optimized with the Yoast SEO plugin v27.4 - https:\/\/yoast.com\/product\/yoast-seo-wordpress\/ -->\n<title>Datasheets - Colunas de Hidrante e V\u00e1lvulas Angulares - Argus Engenharia<\/title>\n<meta name=\"robots\" content=\"index, follow, max-snippet:-1, max-image-preview:large, max-video-preview:-1\" \/>\n<link rel=\"canonical\" href=\"https:\/\/www.argus-engenharia.com.br\/site\/datasheets-todos\/datasheets-colunas-de-hidrante-e-valvulas-angulares\/\" \/>\n<meta property=\"og:locale\" content=\"pt_BR\" \/>\n<meta property=\"og:type\" content=\"article\" \/>\n<meta property=\"og:title\" content=\"Datasheets - Colunas de Hidrante e V\u00e1lvulas Angulares - Argus Engenharia\" \/>\n<meta property=\"og:description\" content=\"VOLTAR Datasheets Colunas de Hidrante e V\u00e1lvulas Angulares Coluna de Hidrante ARGUS TIPO LEVE Download COLUNA DE HIDRANTE INDUSTRIAL ARGUS 1 Download COLUNA DE HIDRANTE INDUSTRIAL ARGUS 2 Download Coluna de Hidrante TIPO I Download Coluna de Hidrante TIPO II Download Coluna de Hidrante TIPO III Download Coluna de Hidrante TIPO IV Download Coluna de [&hellip;]\" \/>\n<meta property=\"og:url\" content=\"https:\/\/www.argus-engenharia.com.br\/site\/datasheets-todos\/datasheets-colunas-de-hidrante-e-valvulas-angulares\/\" \/>\n<meta property=\"og:site_name\" content=\"Argus Engenharia\" \/>\n<meta property=\"article:modified_time\" content=\"2026-04-17T07:09:10+00:00\" \/>\n<meta name=\"twitter:card\" content=\"summary_large_image\" \/>\n<script type=\"application\/ld+json\" class=\"yoast-schema-graph\">{\"@context\":\"https:\\\/\\\/schema.org\",\"@graph\":[{\"@type\":\"WebPage\",\"@id\":\"https:\\\/\\\/www.argus-engenharia.com.br\\\/site\\\/datasheets-todos\\\/datasheets-colunas-de-hidrante-e-valvulas-angulares\\\/\",\"url\":\"https:\\\/\\\/www.argus-engenharia.com.br\\\/site\\\/datasheets-todos\\\/datasheets-colunas-de-hidrante-e-valvulas-angulares\\\/\",\"name\":\"Datasheets - Colunas de Hidrante e V\u00e1lvulas Angulares - Argus Engenharia\",\"isPartOf\":{\"@id\":\"http:\\\/\\\/www.argus-engenharia.com.br\\\/#website\"},\"datePublished\":\"2026-04-17T06:49:24+00:00\",\"dateModified\":\"2026-04-17T07:09:10+00:00\",\"breadcrumb\":{\"@id\":\"https:\\\/\\\/www.argus-engenharia.com.br\\\/site\\\/datasheets-todos\\\/datasheets-colunas-de-hidrante-e-valvulas-angulares\\\/#breadcrumb\"},\"inLanguage\":\"pt-BR\",\"potentialAction\":[{\"@type\":\"ReadAction\",\"target\":[\"https:\\\/\\\/www.argus-engenharia.com.br\\\/site\\\/datasheets-todos\\\/datasheets-colunas-de-hidrante-e-valvulas-angulares\\\/\"]}]},{\"@type\":\"BreadcrumbList\",\"@id\":\"https:\\\/\\\/www.argus-engenharia.com.br\\\/site\\\/datasheets-todos\\\/datasheets-colunas-de-hidrante-e-valvulas-angulares\\\/#breadcrumb\",\"itemListElement\":[{\"@type\":\"ListItem\",\"position\":1,\"name\":\"In\u00edcio\",\"item\":\"http:\\\/\\\/www.argus-engenharia.com.br\\\/\"},{\"@type\":\"ListItem\",\"position\":2,\"name\":\"Datasheets &#8211; Todos\",\"item\":\"https:\\\/\\\/www.argus-engenharia.com.br\\\/site\\\/datasheets-todos\\\/\"},{\"@type\":\"ListItem\",\"position\":3,\"name\":\"Datasheets &#8211; Colunas de Hidrante e V\u00e1lvulas Angulares\"}]},{\"@type\":\"WebSite\",\"@id\":\"http:\\\/\\\/www.argus-engenharia.com.br\\\/#website\",\"url\":\"http:\\\/\\\/www.argus-engenharia.com.br\\\/\",\"name\":\"Argus Engenharia\",\"description\":\"Produtos e Sistemas contra Inc\u00eandio\",\"publisher\":{\"@id\":\"http:\\\/\\\/www.argus-engenharia.com.br\\\/#organization\"},\"potentialAction\":[{\"@type\":\"SearchAction\",\"target\":{\"@type\":\"EntryPoint\",\"urlTemplate\":\"http:\\\/\\\/www.argus-engenharia.com.br\\\/?s={search_term_string}\"},\"query-input\":{\"@type\":\"PropertyValueSpecification\",\"valueRequired\":true,\"valueName\":\"search_term_string\"}}],\"inLanguage\":\"pt-BR\"},{\"@type\":\"Organization\",\"@id\":\"http:\\\/\\\/www.argus-engenharia.com.br\\\/#organization\",\"name\":\"Argus Engenharia\",\"url\":\"http:\\\/\\\/www.argus-engenharia.com.br\\\/\",\"logo\":{\"@type\":\"ImageObject\",\"inLanguage\":\"pt-BR\",\"@id\":\"http:\\\/\\\/www.argus-engenharia.com.br\\\/#\\\/schema\\\/logo\\\/image\\\/\",\"url\":\"http:\\\/\\\/www.argus-engenharia.com.br\\\/site\\\/wp-content\\\/uploads\\\/2023\\\/10\\\/arg-logo-cor.svg\",\"contentUrl\":\"http:\\\/\\\/www.argus-engenharia.com.br\\\/site\\\/wp-content\\\/uploads\\\/2023\\\/10\\\/arg-logo-cor.svg\",\"width\":1,\"height\":1,\"caption\":\"Argus Engenharia\"},\"image\":{\"@id\":\"http:\\\/\\\/www.argus-engenharia.com.br\\\/#\\\/schema\\\/logo\\\/image\\\/\"},\"sameAs\":[\"https:\\\/\\\/www.linkedin.com\\\/company\\\/argus-produtos-e-sistemas-contra-inc-ndio\\\/\",\"https:\\\/\\\/www.instagram.com\\\/argusengenhariabrasil\"]}]}<\/script>\n<!-- \/ Yoast SEO plugin. -->","yoast_head_json":{"title":"Datasheets - Colunas de Hidrante e V\u00e1lvulas Angulares - Argus Engenharia","robots":{"index":"index","follow":"follow","max-snippet":"max-snippet:-1","max-image-preview":"max-image-preview:large","max-video-preview":"max-video-preview:-1"},"canonical":"https:\/\/www.argus-engenharia.com.br\/site\/datasheets-todos\/datasheets-colunas-de-hidrante-e-valvulas-angulares\/","og_locale":"pt_BR","og_type":"article","og_title":"Datasheets - Colunas de Hidrante e V\u00e1lvulas Angulares - Argus Engenharia","og_description":"VOLTAR Datasheets Colunas de Hidrante e V\u00e1lvulas Angulares Coluna de Hidrante ARGUS TIPO LEVE Download COLUNA DE HIDRANTE INDUSTRIAL ARGUS 1 Download COLUNA DE HIDRANTE INDUSTRIAL ARGUS 2 Download Coluna de Hidrante TIPO I Download Coluna de Hidrante TIPO II Download Coluna de Hidrante TIPO III Download Coluna de Hidrante TIPO IV Download Coluna de [&hellip;]","og_url":"https:\/\/www.argus-engenharia.com.br\/site\/datasheets-todos\/datasheets-colunas-de-hidrante-e-valvulas-angulares\/","og_site_name":"Argus Engenharia","article_modified_time":"2026-04-17T07:09:10+00:00","twitter_card":"summary_large_image","schema":{"@context":"https:\/\/schema.org","@graph":[{"@type":"WebPage","@id":"https:\/\/www.argus-engenharia.com.br\/site\/datasheets-todos\/datasheets-colunas-de-hidrante-e-valvulas-angulares\/","url":"https:\/\/www.argus-engenharia.com.br\/site\/datasheets-todos\/datasheets-colunas-de-hidrante-e-valvulas-angulares\/","name":"Datasheets - Colunas de Hidrante e V\u00e1lvulas Angulares - Argus Engenharia","isPartOf":{"@id":"http:\/\/www.argus-engenharia.com.br\/#website"},"datePublished":"2026-04-17T06:49:24+00:00","dateModified":"2026-04-17T07:09:10+00:00","breadcrumb":{"@id":"https:\/\/www.argus-engenharia.com.br\/site\/datasheets-todos\/datasheets-colunas-de-hidrante-e-valvulas-angulares\/#breadcrumb"},"inLanguage":"pt-BR","potentialAction":[{"@type":"ReadAction","target":["https:\/\/www.argus-engenharia.com.br\/site\/datasheets-todos\/datasheets-colunas-de-hidrante-e-valvulas-angulares\/"]}]},{"@type":"BreadcrumbList","@id":"https:\/\/www.argus-engenharia.com.br\/site\/datasheets-todos\/datasheets-colunas-de-hidrante-e-valvulas-angulares\/#breadcrumb","itemListElement":[{"@type":"ListItem","position":1,"name":"In\u00edcio","item":"http:\/\/www.argus-engenharia.com.br\/"},{"@type":"ListItem","position":2,"name":"Datasheets &#8211; Todos","item":"https:\/\/www.argus-engenharia.com.br\/site\/datasheets-todos\/"},{"@type":"ListItem","position":3,"name":"Datasheets &#8211; Colunas de Hidrante e V\u00e1lvulas Angulares"}]},{"@type":"WebSite","@id":"http:\/\/www.argus-engenharia.com.br\/#website","url":"http:\/\/www.argus-engenharia.com.br\/","name":"Argus Engenharia","description":"Produtos e Sistemas contra Inc\u00eandio","publisher":{"@id":"http:\/\/www.argus-engenharia.com.br\/#organization"},"potentialAction":[{"@type":"SearchAction","target":{"@type":"EntryPoint","urlTemplate":"http:\/\/www.argus-engenharia.com.br\/?s={search_term_string}"},"query-input":{"@type":"PropertyValueSpecification","valueRequired":true,"valueName":"search_term_string"}}],"inLanguage":"pt-BR"},{"@type":"Organization","@id":"http:\/\/www.argus-engenharia.com.br\/#organization","name":"Argus Engenharia","url":"http:\/\/www.argus-engenharia.com.br\/","logo":{"@type":"ImageObject","inLanguage":"pt-BR","@id":"http:\/\/www.argus-engenharia.com.br\/#\/schema\/logo\/image\/","url":"http:\/\/www.argus-engenharia.com.br\/site\/wp-content\/uploads\/2023\/10\/arg-logo-cor.svg","contentUrl":"http:\/\/www.argus-engenharia.com.br\/site\/wp-content\/uploads\/2023\/10\/arg-logo-cor.svg","width":1,"height":1,"caption":"Argus Engenharia"},"image":{"@id":"http:\/\/www.argus-engenharia.com.br\/#\/schema\/logo\/image\/"},"sameAs":["https:\/\/www.linkedin.com\/company\/argus-produtos-e-sistemas-contra-inc-ndio\/","https:\/\/www.instagram.com\/argusengenhariabrasil"]}]}},"_links":{"self":[{"href":"https:\/\/www.argus-engenharia.com.br\/site\/wp-json\/wp\/v2\/pages\/1862","targetHints":{"allow":["GET"]}}],"collection":[{"href":"https:\/\/www.argus-engenharia.com.br\/site\/wp-json\/wp\/v2\/pages"}],"about":[{"href":"https:\/\/www.argus-engenharia.com.br\/site\/wp-json\/wp\/v2\/types\/page"}],"author":[{"embeddable":true,"href":"https:\/\/www.argus-engenharia.com.br\/site\/wp-json\/wp\/v2\/users\/1"}],"replies":[{"embeddable":true,"href":"https:\/\/www.argus-engenharia.com.br\/site\/wp-json\/wp\/v2\/comments?post=1862"}],"version-history":[{"count":4,"href":"https:\/\/www.argus-engenharia.com.br\/site\/wp-json\/wp\/v2\/pages\/1862\/revisions"}],"predecessor-version":[{"id":1901,"href":"https:\/\/www.argus-engenharia.com.br\/site\/wp-json\/wp\/v2\/pages\/1862\/revisions\/1901"}],"up":[{"embeddable":true,"href":"https:\/\/www.argus-engenharia.com.br\/site\/wp-json\/wp\/v2\/pages\/1747"}],"wp:attachment":[{"href":"https:\/\/www.argus-engenharia.com.br\/site\/wp-json\/wp\/v2\/media?parent=1862"}],"curies":[{"name":"wp","href":"https:\/\/api.w.org\/{rel}","templated":true}]}}