{"id":1747,"date":"2026-04-17T03:01:15","date_gmt":"2026-04-17T06:01:15","guid":{"rendered":"http:\/\/www.argus-engenharia.com.br\/?page_id=1747"},"modified":"2026-04-22T16:25:12","modified_gmt":"2026-04-22T19:25:12","slug":"datasheets-todos","status":"publish","type":"page","link":"https:\/\/www.argus-engenharia.com.br\/site\/datasheets-todos\/","title":{"rendered":"Datasheets &#8211; Todos"},"content":{"rendered":"<h1>Datasheets<\/h1>\n<div>Selecione a categoria e acesse a p\u00e1gina com os arquivos para download.<\/div>\n<ul>\n<li>\n<p>        <img decoding=\"async\" src=\"\/site\/wp-content\/uploads\/2026\/04\/Armario-para-Mangueiras-de-Incendio.jpg\" alt=\"\"><\/p>\n<h3>Arm\u00e1rios para Mangueira<\/h3>\n<p><a href=\"\/site\/datasheets-todos\/datasheets-armarios-para-mangueiras\/\">Ver Todos<\/a><\/p>\n<\/li>\n<li>\n<p>        <img decoding=\"async\" src=\"\/site\/wp-content\/uploads\/2026\/04\/Camara-de-Espuma-Argus-TIPO-MCS-1.jpg\" alt=\"\"><\/p>\n<h3>C\u00e2maras e Geradores de Espuma<\/h3>\n<p><a href=\"\/site\/datasheets-todos\/datasheets-camaras-e-geradores-de-espuma\/\">Ver Todos<\/a><\/p>\n<\/li>\n<li>\n<p>        <img decoding=\"async\" src=\"\/site\/wp-content\/uploads\/2026\/04\/CANHAO-MONITOR-FIXO-MODELO-SCORPION-DV-1.jpg\" alt=\"\"><\/p>\n<h3>Canh\u00f5es Monitores<\/h3>\n<p><a href=\"\/site\/datasheets-todos\/datasheets-canhoes-monitores\/\">Ver Todos<\/a><\/p>\n<\/li>\n<li>\n<p>        <img decoding=\"async\" src=\"\/site\/wp-content\/uploads\/2026\/04\/CARRETA-DE-LGE-ARGUS-150-1.jpg\" alt=\"\"><\/p>\n<h3>Carretas e Trailers<\/h3>\n<p><a href=\"\/site\/datasheets-todos\/datasheets-carretas-e-trailers\/\">Ver Todos<\/a><\/p>\n<\/li>\n<li>\n<p>        <img decoding=\"async\" src=\"\/site\/wp-content\/uploads\/2026\/04\/Coluna-de-Hidrante-TIPO-I-1.jpg\" alt=\"\"><\/p>\n<h3>Colunas de Hidrante e V\u00e1lvulas Angulares<\/h3>\n<p><a href=\"\/site\/datasheets-todos\/datasheets-colunas-de-hidrante-e-valvulas-angulares\/\">Ver Todos<\/a><\/p>\n<\/li>\n<li>\n<p>        <img decoding=\"async\" src=\"\/site\/wp-content\/uploads\/2026\/04\/MODELO-SENSE-POINT-XCD-DETECTOR-DE-GAS-INFLAMAVEL-TOXICO-E-OXIGENIO-COM-TRANSMISSOR-PARA-USO-INDUSTRIAL-1.jpg\" alt=\"\"><\/p>\n<h3>Detectores de Chama e G\u00e1s<\/h3>\n<p><a href=\"\/site\/datasheets-todos\/datasheets-detectores-de-chama-e-gas\/\">Ver Todos<\/a><\/p>\n<\/li>\n<li>\n<p>        <img decoding=\"async\" src=\"\/site\/wp-content\/uploads\/2026\/04\/Esguicho-Automatico-MODELO-SM-1250-1.jpg\" alt=\"\"><\/p>\n<h3>Esguichos<\/h3>\n<p><a href=\"\/site\/datasheets-todos\/datasheets-esguichos\/\">Ver Todos<\/a><\/p>\n<\/li>\n<li>\n<p>        <img decoding=\"async\" src=\"\/site\/wp-content\/uploads\/2026\/04\/Sistemas-de-Filtracao-FILTROS-AF-800-Y-IN-1.jpg\" alt=\"\"><\/p>\n<h3>Filtros Y Semiautom\u00e1ticos<\/h3>\n<p><a href=\"\/site\/datasheets-todos\/datasheets-filtros-y-semiautomaticos\/\">Ver Todos<\/a><\/p>\n<\/li>\n<li>\n<p>        <img decoding=\"async\" src=\"\/site\/wp-content\/uploads\/2026\/04\/ARGUS-PRIME-LGE-AFFF-AR-1-3-HC-AR-TP5-1.jpg\" alt=\"\"><\/p>\n<h3>LGE &#8211; L\u00edquido Gerador de Espuma<\/h3>\n<p><a href=\"\/site\/datasheets-todos\/datasheets-lge-liquido-gerador-de-espuma\/\">Ver Todos<\/a><\/p>\n<\/li>\n<li>\n<p>        <img decoding=\"async\" src=\"\/site\/wp-content\/uploads\/2026\/02\/Derivante-1.jpg\" alt=\"\"><\/p>\n<h3>Linha Hidr\u00e1ulica<\/h3>\n<p><a href=\"\/site\/datasheets-linha-hidraulica\/\">Ver Todos<\/a><\/p>\n<\/li>\n<li>\n<p>        <img decoding=\"async\" src=\"\/site\/wp-content\/uploads\/2026\/04\/Mangueira-de-Incendio-Argus-Tipo-I-1.jpg\" alt=\"\"><\/p>\n<h3>Mangueiras de Inc\u00eandio<\/h3>\n<p><a href=\"\/site\/datasheets-todos\/datasheets-mangueiras\/\">Ver Todos<\/a><\/p>\n<\/li>\n<li>\n<p>        <img decoding=\"async\" src=\"\/site\/wp-content\/uploads\/2026\/04\/Projetores-de-Media-Velocidade-MODELO-MV-A-e-MV-AS-1.jpg\" alt=\"\"><\/p>\n<h3>Projetores e Aspersores<\/h3>\n<p><a href=\"\/site\/datasheets-todos\/datasheets-projetores-e-aspersores\/\">Ver Todos<\/a><\/p>\n<\/li>\n<li>\n<p>        <img decoding=\"async\" src=\"\/site\/wp-content\/uploads\/2026\/04\/Proporcionador-de-Linha-TIPO-LP-1.jpg\" alt=\"\"><\/p>\n<h3>Sistemas de Proporcionamento<\/h3>\n<p><a href=\"\/site\/datasheets-todos\/datasheets-sistemas-de-proporcionamento\/\">Ver Todos<\/a><\/p>\n<\/li>\n<li>\n<p>        <img decoding=\"async\" src=\"\/site\/wp-content\/uploads\/2026\/04\/SPRINKLER-PARA-AGUA-E-ESPUMA-F-N-1.jpg\" alt=\"\"><\/p>\n<h3>Sprinklers<\/h3>\n<p><a href=\"\/site\/datasheets-todos\/datasheets-sprinklers\/\">Ver Todos<\/a><\/p>\n<\/li>\n<li>\n<p>        <img decoding=\"async\" src=\"\/site\/wp-content\/uploads\/2026\/04\/Tanques-Atmosfericos-em-Polietileno-PEMD-1.jpg\" alt=\"\"><\/p>\n<h3>Tanques Atmosf\u00e9ricos<\/h3>\n<p><a href=\"\/site\/datasheets-todos\/datasheets-tanques-atmosfericos\/\">Ver Todos<\/a><\/p>\n<\/li>\n<li>\n<p>        <img decoding=\"async\" src=\"\/site\/wp-content\/uploads\/2026\/04\/VALVULA-DILUVIO-COM-REDUCAO-DE-PRESSAO-E-ACIONAMENTO-ELETRICO-6031FP-PE0-1.jpg\" alt=\"\"><\/p>\n<h3>V\u00e1lvulas<\/h3>\n<p><a href=\"\/site\/datasheets-todos\/datasheets-valvulas\/\">Ver Todos<\/a><\/p>\n<\/li>\n<li>\n<p>        <img decoding=\"async\" src=\"\/site\/wp-content\/uploads\/2026\/04\/DATA-FIKE.jpg\" alt=\"\"><\/p>\n<h3>Fike<\/h3>\n<p><a href=\"http:\/\/www.argus-engenharia.com.br\/datasheets\/?d=L0Zpa2U%3D&#038;m1dll_index_get=0\">Ver Todos<\/a><\/p>\n<\/li>\n<li>\n<p>        <img decoding=\"async\" src=\"\/site\/wp-content\/uploads\/2026\/04\/DATA-FIREPRO.jpg\" alt=\"\"><\/p>\n<h3>FirePro<\/h3>\n<p><a href=\"http:\/\/www.argus-engenharia.com.br\/datasheets\/?d=L0ZpcmVwcm8%3D&#038;m1dll_index_get=0\">Ver Todos<\/a><\/p>\n<\/li>\n<li>\n<p>        <img decoding=\"async\" src=\"\/site\/wp-content\/uploads\/2026\/04\/DATA-NOTIFIER.jpg\" alt=\"\"><\/p>\n<h3>Notifier<\/h3>\n<p><a href=\"http:\/\/www.argus-engenharia.com.br\/datasheets\/?d=L05vdGlmaWVy&#038;m1dll_index_get=0\">Ver Todos<\/a><\/p>\n<\/li>\n<li>\n<p>        <img decoding=\"async\" src=\"\/site\/wp-content\/uploads\/2026\/04\/DATA-PROTECTOWIRE.jpg\" alt=\"\"><\/p>\n<h3>Protectowire<\/h3>\n<p><a href=\"http:\/\/www.argus-engenharia.com.br\/datasheets\/?d=L1Byb3RlY3Rvd2lyZQ%3D%3D&#038;m1dll_index_get=0\">Ver Todos<\/a><\/p>\n<\/li>\n<li>\n<p>        <img decoding=\"async\" src=\"\/site\/wp-content\/uploads\/2026\/04\/DATA-VESDA.jpg\" alt=\"\"><\/p>\n<h3>Vesda<\/h3>\n<p><a href=\"http:\/\/www.argus-engenharia.com.br\/datasheets\/?d=L1gtVHJhbGlz&#038;m1dll_index_get=0\">Ver Todos<\/a><\/p>\n<\/li>\n<\/ul>\n<p><!--more--><br \/>\n<!-- {\"type\":\"layout\",\"children\":[{\"type\":\"section\",\"props\":{\"image_position\":\"center-center\",\"style\":\"default\",\"title_breakpoint\":\"xl\",\"title_position\":\"top-left\",\"title_rotation\":\"left\",\"vertical_align\":\"middle\",\"width\":\"default\"},\"children\":[{\"type\":\"row\",\"children\":[{\"type\":\"column\",\"props\":{\"image_position\":\"center-center\",\"position_sticky_breakpoint\":\"m\"},\"children\":[{\"type\":\"headline\",\"props\":{\"content\":\"Datasheets\",\"margin\":\"remove-vertical\",\"margin_remove_bottom\":true,\"title_element\":\"h1\"}},{\"type\":\"text\",\"props\":{\"column_breakpoint\":\"m\",\"content\":\"Selecione a categoria e acesse a p\\u00e1gina com os arquivos para download.\",\"margin\":\"default\",\"margin_remove_top\":true,\"text_color\":\"primary\",\"text_style\":\"lead\"}}]}]}]},{\"type\":\"section\",\"props\":{\"image_position\":\"center-center\",\"padding_remove_top\":true,\"style\":\"default\",\"title_breakpoint\":\"xl\",\"title_position\":\"top-left\",\"title_rotation\":\"left\",\"vertical_align\":\"middle\",\"width\":\"default\"},\"children\":[{\"type\":\"row\",\"children\":[{\"type\":\"column\",\"props\":{\"image_position\":\"center-center\",\"position_sticky_breakpoint\":\"m\"},\"children\":[{\"type\":\"grid\",\"props\":{\"content_column_breakpoint\":\"m\",\"filter\":true,\"filter_align\":\"left\",\"filter_all\":true,\"filter_all_label\":\"Todos\",\"filter_grid_breakpoint\":\"m\",\"filter_grid_width\":\"auto\",\"filter_position\":\"top\",\"filter_style\":\"tab\",\"grid_column_gap\":\"medium\",\"grid_default\":\"2\",\"grid_medium\":\"5\",\"grid_parallax_justify\":false,\"grid_row_gap\":\"medium\",\"grid_small\":\"3\",\"icon_width\":80,\"image_align\":\"top\",\"image_grid_breakpoint\":\"m\",\"image_grid_width\":\"1-2\",\"image_svg_color\":\"emphasis\",\"item_animation\":true,\"link_margin\":\"small\",\"link_style\":\"primary\",\"link_target\":true,\"link_text\":\"Ver Todos\",\"margin\":\"default\",\"meta_align\":\"below-title\",\"meta_element\":\"div\",\"meta_style\":\"text-meta\",\"panel_image_no_padding\":true,\"panel_link\":true,\"show_content\":true,\"show_image\":true,\"show_link\":true,\"show_meta\":true,\"show_title\":true,\"text_align\":\"center\",\"title_align\":\"top\",\"title_element\":\"h3\",\"title_font_family\":\"primary\",\"title_grid_breakpoint\":\"m\",\"title_grid_width\":\"1-2\",\"title_hover_style\":\"reset\",\"title_style\":\"h6\"},\"children\":[{\"type\":\"grid_item\",\"props\":{\"image\":\"wp-content\\\/uploads\\\/2026\\\/04\\\/Armario-para-Mangueiras-de-Incendio.jpg\",\"link\":\"datasheets-todos\\\/datasheets-armarios-para-mangueiras\\\/\",\"title\":\"Arm\\u00e1rios para Mangueira\"}},{\"type\":\"grid_item\",\"props\":{\"image\":\"wp-content\\\/uploads\\\/2026\\\/04\\\/Camara-de-Espuma-Argus-TIPO-MCS-1.jpg\",\"link\":\"datasheets-todos\\\/datasheets-camaras-e-geradores-de-espuma\\\/\",\"title\":\"C\\u00e2maras e Geradores de Espuma\"}},{\"type\":\"grid_item\",\"props\":{\"image\":\"wp-content\\\/uploads\\\/2026\\\/04\\\/CANHAO-MONITOR-FIXO-MODELO-SCORPION-DV-1.jpg\",\"link\":\"datasheets-todos\\\/datasheets-canhoes-monitores\\\/\",\"title\":\"Canh\\u00f5es Monitores\"}},{\"type\":\"grid_item\",\"props\":{\"image\":\"wp-content\\\/uploads\\\/2026\\\/04\\\/CARRETA-DE-LGE-ARGUS-150-1.jpg\",\"link\":\"datasheets-todos\\\/datasheets-carretas-e-trailers\\\/\",\"title\":\"Carretas e Trailers\"}},{\"type\":\"grid_item\",\"props\":{\"image\":\"wp-content\\\/uploads\\\/2026\\\/04\\\/Coluna-de-Hidrante-TIPO-I-1.jpg\",\"link\":\"datasheets-todos\\\/datasheets-colunas-de-hidrante-e-valvulas-angulares\\\/\",\"title\":\"Colunas de Hidrante e V\\u00e1lvulas Angulares\"}},{\"type\":\"grid_item\",\"props\":{\"image\":\"wp-content\\\/uploads\\\/2026\\\/04\\\/MODELO-SENSE-POINT-XCD-DETECTOR-DE-GAS-INFLAMAVEL-TOXICO-E-OXIGENIO-COM-TRANSMISSOR-PARA-USO-INDUSTRIAL-1.jpg\",\"link\":\"datasheets-todos\\\/datasheets-detectores-de-chama-e-gas\\\/\",\"title\":\"Detectores de Chama e G\\u00e1s\"}},{\"type\":\"grid_item\",\"props\":{\"image\":\"wp-content\\\/uploads\\\/2026\\\/04\\\/Esguicho-Automatico-MODELO-SM-1250-1.jpg\",\"link\":\"datasheets-todos\\\/datasheets-esguichos\\\/\",\"title\":\"Esguichos\"}},{\"type\":\"grid_item\",\"props\":{\"image\":\"wp-content\\\/uploads\\\/2026\\\/04\\\/Sistemas-de-Filtracao-FILTROS-AF-800-Y-IN-1.jpg\",\"link\":\"datasheets-todos\\\/datasheets-filtros-y-semiautomaticos\\\/\",\"title\":\"Filtros Y Semiautom\\u00e1ticos\"}},{\"type\":\"grid_item\",\"props\":{\"image\":\"wp-content\\\/uploads\\\/2026\\\/04\\\/ARGUS-PRIME-LGE-AFFF-AR-1-3-HC-AR-TP5-1.jpg\",\"link\":\"datasheets-todos\\\/datasheets-lge-liquido-gerador-de-espuma\\\/\",\"title\":\"LGE - L\\u00edquido Gerador de Espuma\"}},{\"type\":\"grid_item\",\"props\":{\"image\":\"wp-content\\\/uploads\\\/2026\\\/02\\\/Derivante-1.jpg\",\"link\":\"datasheets-linha-hidraulica\\\/\",\"title\":\"Linha Hidr\\u00e1ulica\"}},{\"type\":\"grid_item\",\"props\":{\"image\":\"wp-content\\\/uploads\\\/2026\\\/04\\\/Mangueira-de-Incendio-Argus-Tipo-I-1.jpg\",\"link\":\"datasheets-todos\\\/datasheets-mangueiras\\\/\",\"title\":\"Mangueiras de Inc\\u00eandio\"}},{\"type\":\"grid_item\",\"props\":{\"image\":\"wp-content\\\/uploads\\\/2026\\\/04\\\/Projetores-de-Media-Velocidade-MODELO-MV-A-e-MV-AS-1.jpg\",\"link\":\"datasheets-todos\\\/datasheets-projetores-e-aspersores\\\/\",\"title\":\"Projetores e Aspersores\"}},{\"type\":\"grid_item\",\"props\":{\"image\":\"wp-content\\\/uploads\\\/2026\\\/04\\\/Proporcionador-de-Linha-TIPO-LP-1.jpg\",\"link\":\"datasheets-todos\\\/datasheets-sistemas-de-proporcionamento\\\/\",\"title\":\"Sistemas de Proporcionamento\"}},{\"type\":\"grid_item\",\"props\":{\"image\":\"wp-content\\\/uploads\\\/2026\\\/04\\\/SPRINKLER-PARA-AGUA-E-ESPUMA-F-N-1.jpg\",\"link\":\"datasheets-todos\\\/datasheets-sprinklers\\\/\",\"title\":\"Sprinklers\"}},{\"type\":\"grid_item\",\"props\":{\"image\":\"wp-content\\\/uploads\\\/2026\\\/04\\\/Tanques-Atmosfericos-em-Polietileno-PEMD-1.jpg\",\"link\":\"datasheets-todos\\\/datasheets-tanques-atmosfericos\\\/\",\"title\":\"Tanques Atmosf\\u00e9ricos\"}},{\"type\":\"grid_item\",\"props\":{\"image\":\"wp-content\\\/uploads\\\/2026\\\/04\\\/VALVULA-DILUVIO-COM-REDUCAO-DE-PRESSAO-E-ACIONAMENTO-ELETRICO-6031FP-PE0-1.jpg\",\"link\":\"datasheets-todos\\\/datasheets-valvulas\\\/\",\"title\":\"V\\u00e1lvulas\"}},{\"type\":\"grid_item\",\"props\":{\"image\":\"wp-content\\\/uploads\\\/2026\\\/04\\\/DATA-FIKE.jpg\",\"link\":\"http:\\\/\\\/www.argus-engenharia.com.br\\\/datasheets\\\/?d=L0Zpa2U%3D&m1dll_index_get=0\",\"title\":\"Fike\"}},{\"type\":\"grid_item\",\"props\":{\"image\":\"wp-content\\\/uploads\\\/2026\\\/04\\\/DATA-FIREPRO.jpg\",\"link\":\"http:\\\/\\\/www.argus-engenharia.com.br\\\/datasheets\\\/?d=L0ZpcmVwcm8%3D&m1dll_index_get=0\",\"title\":\"FirePro\"}},{\"type\":\"grid_item\",\"props\":{\"image\":\"wp-content\\\/uploads\\\/2026\\\/04\\\/DATA-NOTIFIER.jpg\",\"link\":\"http:\\\/\\\/www.argus-engenharia.com.br\\\/datasheets\\\/?d=L05vdGlmaWVy&m1dll_index_get=0\",\"title\":\"Notifier\"}},{\"type\":\"grid_item\",\"props\":{\"image\":\"wp-content\\\/uploads\\\/2026\\\/04\\\/DATA-PROTECTOWIRE.jpg\",\"link\":\"http:\\\/\\\/www.argus-engenharia.com.br\\\/datasheets\\\/?d=L1Byb3RlY3Rvd2lyZQ%3D%3D&m1dll_index_get=0\",\"title\":\"Protectowire\"}},{\"type\":\"grid_item\",\"props\":{\"image\":\"wp-content\\\/uploads\\\/2026\\\/04\\\/DATA-VESDA.jpg\",\"link\":\"http:\\\/\\\/www.argus-engenharia.com.br\\\/datasheets\\\/?d=L1gtVHJhbGlz&m1dll_index_get=0\",\"title\":\"Vesda\"}}]}]}]}]}],\"version\":\"4.1.3\"} --><\/p>\n","protected":false},"excerpt":{"rendered":"<p>Datasheets Selecione a categoria e acesse a p\u00e1gina com os arquivos para download. Arm\u00e1rios para Mangueira Ver Todos C\u00e2maras e Geradores de Espuma Ver Todos Canh\u00f5es Monitores Ver Todos Carretas e Trailers Ver Todos Colunas de Hidrante e V\u00e1lvulas Angulares Ver Todos Detectores de Chama e G\u00e1s Ver Todos Esguichos Ver Todos Filtros Y Semiautom\u00e1ticos [&hellip;]<\/p>\n","protected":false},"author":1,"featured_media":0,"parent":0,"menu_order":0,"comment_status":"closed","ping_status":"closed","template":"","meta":{"_joinchat":[],"footnotes":""},"class_list":["post-1747","page","type-page","status-publish","hentry"],"yoast_head":"<!-- This site is optimized with the Yoast SEO plugin v27.4 - https:\/\/yoast.com\/product\/yoast-seo-wordpress\/ -->\n<title>Datasheets - Todos - Argus Engenharia<\/title>\n<meta name=\"robots\" content=\"index, follow, max-snippet:-1, max-image-preview:large, max-video-preview:-1\" \/>\n<link rel=\"canonical\" href=\"https:\/\/www.argus-engenharia.com.br\/site\/datasheets-todos\/\" \/>\n<meta property=\"og:locale\" content=\"pt_BR\" \/>\n<meta property=\"og:type\" content=\"article\" \/>\n<meta property=\"og:title\" content=\"Datasheets - Todos - Argus Engenharia\" \/>\n<meta property=\"og:description\" content=\"Datasheets Selecione a categoria e acesse a p\u00e1gina com os arquivos para download. Arm\u00e1rios para Mangueira Ver Todos C\u00e2maras e Geradores de Espuma Ver Todos Canh\u00f5es Monitores Ver Todos Carretas e Trailers Ver Todos Colunas de Hidrante e V\u00e1lvulas Angulares Ver Todos Detectores de Chama e G\u00e1s Ver Todos Esguichos Ver Todos Filtros Y Semiautom\u00e1ticos [&hellip;]\" \/>\n<meta property=\"og:url\" content=\"https:\/\/www.argus-engenharia.com.br\/site\/datasheets-todos\/\" \/>\n<meta property=\"og:site_name\" content=\"Argus Engenharia\" \/>\n<meta property=\"article:modified_time\" content=\"2026-04-22T19:25:12+00:00\" \/>\n<meta name=\"twitter:card\" content=\"summary_large_image\" \/>\n<script type=\"application\/ld+json\" class=\"yoast-schema-graph\">{\"@context\":\"https:\\\/\\\/schema.org\",\"@graph\":[{\"@type\":\"WebPage\",\"@id\":\"https:\\\/\\\/www.argus-engenharia.com.br\\\/site\\\/datasheets-todos\\\/\",\"url\":\"https:\\\/\\\/www.argus-engenharia.com.br\\\/site\\\/datasheets-todos\\\/\",\"name\":\"Datasheets - Todos - Argus Engenharia\",\"isPartOf\":{\"@id\":\"http:\\\/\\\/www.argus-engenharia.com.br\\\/#website\"},\"datePublished\":\"2026-04-17T06:01:15+00:00\",\"dateModified\":\"2026-04-22T19:25:12+00:00\",\"breadcrumb\":{\"@id\":\"https:\\\/\\\/www.argus-engenharia.com.br\\\/site\\\/datasheets-todos\\\/#breadcrumb\"},\"inLanguage\":\"pt-BR\",\"potentialAction\":[{\"@type\":\"ReadAction\",\"target\":[\"https:\\\/\\\/www.argus-engenharia.com.br\\\/site\\\/datasheets-todos\\\/\"]}]},{\"@type\":\"BreadcrumbList\",\"@id\":\"https:\\\/\\\/www.argus-engenharia.com.br\\\/site\\\/datasheets-todos\\\/#breadcrumb\",\"itemListElement\":[{\"@type\":\"ListItem\",\"position\":1,\"name\":\"In\u00edcio\",\"item\":\"http:\\\/\\\/www.argus-engenharia.com.br\\\/\"},{\"@type\":\"ListItem\",\"position\":2,\"name\":\"Datasheets &#8211; Todos\"}]},{\"@type\":\"WebSite\",\"@id\":\"http:\\\/\\\/www.argus-engenharia.com.br\\\/#website\",\"url\":\"http:\\\/\\\/www.argus-engenharia.com.br\\\/\",\"name\":\"Argus Engenharia\",\"description\":\"Produtos e Sistemas contra Inc\u00eandio\",\"publisher\":{\"@id\":\"http:\\\/\\\/www.argus-engenharia.com.br\\\/#organization\"},\"potentialAction\":[{\"@type\":\"SearchAction\",\"target\":{\"@type\":\"EntryPoint\",\"urlTemplate\":\"http:\\\/\\\/www.argus-engenharia.com.br\\\/?s={search_term_string}\"},\"query-input\":{\"@type\":\"PropertyValueSpecification\",\"valueRequired\":true,\"valueName\":\"search_term_string\"}}],\"inLanguage\":\"pt-BR\"},{\"@type\":\"Organization\",\"@id\":\"http:\\\/\\\/www.argus-engenharia.com.br\\\/#organization\",\"name\":\"Argus Engenharia\",\"url\":\"http:\\\/\\\/www.argus-engenharia.com.br\\\/\",\"logo\":{\"@type\":\"ImageObject\",\"inLanguage\":\"pt-BR\",\"@id\":\"http:\\\/\\\/www.argus-engenharia.com.br\\\/#\\\/schema\\\/logo\\\/image\\\/\",\"url\":\"http:\\\/\\\/www.argus-engenharia.com.br\\\/site\\\/wp-content\\\/uploads\\\/2023\\\/10\\\/arg-logo-cor.svg\",\"contentUrl\":\"http:\\\/\\\/www.argus-engenharia.com.br\\\/site\\\/wp-content\\\/uploads\\\/2023\\\/10\\\/arg-logo-cor.svg\",\"width\":1,\"height\":1,\"caption\":\"Argus Engenharia\"},\"image\":{\"@id\":\"http:\\\/\\\/www.argus-engenharia.com.br\\\/#\\\/schema\\\/logo\\\/image\\\/\"},\"sameAs\":[\"https:\\\/\\\/www.linkedin.com\\\/company\\\/argus-produtos-e-sistemas-contra-inc-ndio\\\/\",\"https:\\\/\\\/www.instagram.com\\\/argusengenhariabrasil\"]}]}<\/script>\n<!-- \/ Yoast SEO plugin. -->","yoast_head_json":{"title":"Datasheets - Todos - Argus Engenharia","robots":{"index":"index","follow":"follow","max-snippet":"max-snippet:-1","max-image-preview":"max-image-preview:large","max-video-preview":"max-video-preview:-1"},"canonical":"https:\/\/www.argus-engenharia.com.br\/site\/datasheets-todos\/","og_locale":"pt_BR","og_type":"article","og_title":"Datasheets - Todos - Argus Engenharia","og_description":"Datasheets Selecione a categoria e acesse a p\u00e1gina com os arquivos para download. Arm\u00e1rios para Mangueira Ver Todos C\u00e2maras e Geradores de Espuma Ver Todos Canh\u00f5es Monitores Ver Todos Carretas e Trailers Ver Todos Colunas de Hidrante e V\u00e1lvulas Angulares Ver Todos Detectores de Chama e G\u00e1s Ver Todos Esguichos Ver Todos Filtros Y Semiautom\u00e1ticos [&hellip;]","og_url":"https:\/\/www.argus-engenharia.com.br\/site\/datasheets-todos\/","og_site_name":"Argus Engenharia","article_modified_time":"2026-04-22T19:25:12+00:00","twitter_card":"summary_large_image","schema":{"@context":"https:\/\/schema.org","@graph":[{"@type":"WebPage","@id":"https:\/\/www.argus-engenharia.com.br\/site\/datasheets-todos\/","url":"https:\/\/www.argus-engenharia.com.br\/site\/datasheets-todos\/","name":"Datasheets - Todos - Argus Engenharia","isPartOf":{"@id":"http:\/\/www.argus-engenharia.com.br\/#website"},"datePublished":"2026-04-17T06:01:15+00:00","dateModified":"2026-04-22T19:25:12+00:00","breadcrumb":{"@id":"https:\/\/www.argus-engenharia.com.br\/site\/datasheets-todos\/#breadcrumb"},"inLanguage":"pt-BR","potentialAction":[{"@type":"ReadAction","target":["https:\/\/www.argus-engenharia.com.br\/site\/datasheets-todos\/"]}]},{"@type":"BreadcrumbList","@id":"https:\/\/www.argus-engenharia.com.br\/site\/datasheets-todos\/#breadcrumb","itemListElement":[{"@type":"ListItem","position":1,"name":"In\u00edcio","item":"http:\/\/www.argus-engenharia.com.br\/"},{"@type":"ListItem","position":2,"name":"Datasheets &#8211; Todos"}]},{"@type":"WebSite","@id":"http:\/\/www.argus-engenharia.com.br\/#website","url":"http:\/\/www.argus-engenharia.com.br\/","name":"Argus Engenharia","description":"Produtos e Sistemas contra Inc\u00eandio","publisher":{"@id":"http:\/\/www.argus-engenharia.com.br\/#organization"},"potentialAction":[{"@type":"SearchAction","target":{"@type":"EntryPoint","urlTemplate":"http:\/\/www.argus-engenharia.com.br\/?s={search_term_string}"},"query-input":{"@type":"PropertyValueSpecification","valueRequired":true,"valueName":"search_term_string"}}],"inLanguage":"pt-BR"},{"@type":"Organization","@id":"http:\/\/www.argus-engenharia.com.br\/#organization","name":"Argus Engenharia","url":"http:\/\/www.argus-engenharia.com.br\/","logo":{"@type":"ImageObject","inLanguage":"pt-BR","@id":"http:\/\/www.argus-engenharia.com.br\/#\/schema\/logo\/image\/","url":"http:\/\/www.argus-engenharia.com.br\/site\/wp-content\/uploads\/2023\/10\/arg-logo-cor.svg","contentUrl":"http:\/\/www.argus-engenharia.com.br\/site\/wp-content\/uploads\/2023\/10\/arg-logo-cor.svg","width":1,"height":1,"caption":"Argus Engenharia"},"image":{"@id":"http:\/\/www.argus-engenharia.com.br\/#\/schema\/logo\/image\/"},"sameAs":["https:\/\/www.linkedin.com\/company\/argus-produtos-e-sistemas-contra-inc-ndio\/","https:\/\/www.instagram.com\/argusengenhariabrasil"]}]}},"_links":{"self":[{"href":"https:\/\/www.argus-engenharia.com.br\/site\/wp-json\/wp\/v2\/pages\/1747","targetHints":{"allow":["GET"]}}],"collection":[{"href":"https:\/\/www.argus-engenharia.com.br\/site\/wp-json\/wp\/v2\/pages"}],"about":[{"href":"https:\/\/www.argus-engenharia.com.br\/site\/wp-json\/wp\/v2\/types\/page"}],"author":[{"embeddable":true,"href":"https:\/\/www.argus-engenharia.com.br\/site\/wp-json\/wp\/v2\/users\/1"}],"replies":[{"embeddable":true,"href":"https:\/\/www.argus-engenharia.com.br\/site\/wp-json\/wp\/v2\/comments?post=1747"}],"version-history":[{"count":6,"href":"https:\/\/www.argus-engenharia.com.br\/site\/wp-json\/wp\/v2\/pages\/1747\/revisions"}],"predecessor-version":[{"id":2360,"href":"https:\/\/www.argus-engenharia.com.br\/site\/wp-json\/wp\/v2\/pages\/1747\/revisions\/2360"}],"wp:attachment":[{"href":"https:\/\/www.argus-engenharia.com.br\/site\/wp-json\/wp\/v2\/media?parent=1747"}],"curies":[{"name":"wp","href":"https:\/\/api.w.org\/{rel}","templated":true}]}}