{"id":1278,"date":"2025-04-15T15:54:43","date_gmt":"2025-04-15T18:54:43","guid":{"rendered":"http:\/\/www.argus-engenharia.com.br\/?page_id=1278"},"modified":"2026-01-28T17:32:52","modified_gmt":"2026-01-28T20:32:52","slug":"valvulas","status":"publish","type":"page","link":"https:\/\/www.argus-engenharia.com.br\/site\/produtos\/valvulas\/","title":{"rendered":"V\u00e1lvulas"},"content":{"rendered":"<p>\n    <a href=\"\/site\/produtos\/\">PRODUTOS<\/a>\n<\/p>\n<h1>V\u00e1lvulas<\/h1>\n<h1>A Argus tem uma linha completa de produtos para combate a inc\u00eandio:<\/h1>\n<div>Nossos produtos s\u00e3o certificados pela ABNT, listados e aprovados UL e FM.<\/div>\n<p><img decoding=\"async\" src=\"\/site\/wp-content\/uploads\/2024\/01\/arg-prod-colunas-valvulas.jpg\" alt=\"\"><\/p>\n<h1> Colunas de Hidrantes e V\u00e1lvulas Angulares <\/h1>\n<div>A Argus projeta e fabrica colunas de hidrante para todos os tipos de aplica\u00e7\u00f5es: Colunas de Hidrante Tipo Leve, Colunas de Hidrante Industriais e Colunas de Hidrante Tipo Petrobras.Tamb\u00e9m comercializamos v\u00e1lvulas angulares para colunas de hidrante para as mais diversas classes de press\u00e3o.<\/div>\n<p>\n    <a href=\"https:\/\/www.argus-engenharia.com.br\/datasheets\/?d=L0NvbHVuYXMgZGUgSGlkcmFudGUgZSBWw6FsdnVsYXMgQW5ndWxhcmVz&#038;m1dll_index_get=0\">DATASHEETS<\/a>\n<\/p>\n<ul>\n<li>\n<p>        <img decoding=\"async\" src=\"\/site\/wp-content\/uploads\/2025\/07\/arg-valv-alarme.jpg\" alt=\"\"><\/p>\n<h3>arg-valv-alarme<\/h3>\n<\/li>\n<li>\n<p>        <img decoding=\"async\" src=\"\/site\/wp-content\/uploads\/2024\/01\/arg-prod-valvulas.jpg\" alt=\"\"><\/p>\n<h3>arg-prod-valvulas<\/h3>\n<\/li>\n<\/ul>\n<h1> V\u00e1lvulas de Alarme e Acess\u00f3rios <\/h1>\n<div>A linha de Arm\u00e1rios e Abrigos para extintores e mangueiras de combate a inc\u00eandio da Argus contempla equipamentos fabricados nos mais diversos tipos de materiais (a\u00e7o carbono com pintura em ep\u00f3xi eletrost\u00e1tico, PRFV (pl\u00e1stico refor\u00e7ado em fibra de vidro), a\u00e7o inoxid\u00e1vel e polietileno, para todos os tipos de aplica\u00e7\u00f5es: hot\u00e9is, condom\u00ednios resid\u00eancias, ind\u00fastria em geral, mercado de petr\u00f3leo, \u00f3leo e g\u00e1s, aplica\u00e7\u00e3o off-shore e atendimento a norma Petrobras N-1203.<\/div>\n<p>\n    <a href=\"https:\/\/www.argus-engenharia.com.br\/datasheets\/?d=L1bDoWx2dWxhcw%3D%3D&#038;m1dll_index_get=0\">DATASHEETS<\/a>\n<\/p>\n<ul>\n<li>\n<p>        <img decoding=\"async\" src=\"\/site\/wp-content\/uploads\/2025\/07\/arg-valv-hidra-01.jpg\" alt=\"\"><\/p>\n<h3>arg-valv-hidra-01<\/h3>\n<\/li>\n<li>\n<p>        <img decoding=\"async\" src=\"\/site\/wp-content\/uploads\/2025\/07\/arg-valv-hidra-02.jpg\" alt=\"\"><\/p>\n<h3>arg-valv-hidra-02<\/h3>\n<\/li>\n<li>\n<p>        <img decoding=\"async\" src=\"\/site\/wp-content\/uploads\/2025\/07\/arg-valv-hidra-03.jpg\" alt=\"\"><\/p>\n<h3>arg-valv-hidra-03<\/h3>\n<\/li>\n<\/ul>\n<h1> V\u00e1lvulas Hidr\u00e1ulicas <\/h1>\n<div>As v\u00e1lvulas hidr\u00e1ulicas dil\u00favio s\u00e3o projetadas para atuar como mecanismos de controle de inunda\u00e7\u00e3o em sistemas hidr\u00e1ulicos. Quando ocorre uma eleva\u00e7\u00e3o do n\u00edvel de \u00e1gua al\u00e9m de um ponto predefinido, essas v\u00e1lvulas entram em a\u00e7\u00e3o, interrompendo o fluxo e impedindo que a \u00e1gua indesejada penetre nas \u00e1reas protegidas. O funcionamento \u00e9 baseado na resposta \u00e0s mudan\u00e7as de press\u00e3o exercidas pela \u00e1gua em situa\u00e7\u00f5es de enchentes e enchentes repentinas.<\/div>\n<p>\n    <a href=\"https:\/\/www.argus-engenharia.com.br\/datasheets\/?d=L1bDoWx2dWxhcy9Ww4FMVlVMQVMgSElEUsOBVUxJQ0FT&#038;m1dll_index_get=0\">DATASHEETS<\/a>\n<\/p>\n<p><!--more--><br \/>\n<!-- {\"type\":\"layout\",\"children\":[{\"type\":\"section\",\"props\":{\"id\":\"produtos\",\"image_position\":\"center-center\",\"style\":\"default\",\"title_breakpoint\":\"xl\",\"title_position\":\"top-left\",\"title_rotation\":\"left\",\"vertical_align\":\"middle\",\"width\":\"default\"},\"children\":[{\"type\":\"row\",\"children\":[{\"type\":\"column\",\"props\":{\"image_position\":\"center-center\",\"position_sticky_breakpoint\":\"m\"},\"children\":[{\"type\":\"button\",\"props\":{\"button_size\":\"small\",\"grid_column_gap\":\"small\",\"grid_row_gap\":\"small\",\"margin\":\"default\"},\"children\":[{\"type\":\"button_item\",\"props\":{\"button_style\":\"secondary\",\"content\":\"PRODUTOS\",\"icon\":\"arrow-left\",\"icon_align\":\"left\",\"link\":\"produtos\\\/\"}}],\"name\":\"voltar-produtos\"},{\"type\":\"headline\",\"props\":{\"content\":\"V\\u00e1lvulas\",\"margin\":\"remove-vertical\",\"title_color\":\"primary\",\"title_element\":\"h1\",\"title_style\":\"heading-small\"}},{\"type\":\"headline\",\"props\":{\"content\":\"A Argus tem uma linha completa de produtos para combate a inc\\u00eandio:\",\"margin\":\"remove-vertical\",\"title_element\":\"h1\",\"title_style\":\"text-lead\"}},{\"type\":\"text\",\"props\":{\"column_breakpoint\":\"m\",\"content\":\"Nossos produtos s\\u00e3o certificados pela ABNT, listados e aprovados UL e FM.\",\"margin\":\"remove-vertical\",\"text_style\":\"meta\"}}]}]}],\"name\":\"LISTA-PRODUTOS\"},{\"type\":\"section\",\"props\":{\"image_position\":\"center-center\",\"padding_remove_top\":true,\"style\":\"default\",\"title_breakpoint\":\"xl\",\"title_position\":\"top-left\",\"title_rotation\":\"left\",\"vertical_align\":\"middle\",\"width\":\"default\"},\"children\":[{\"type\":\"row\",\"props\":{\"column_gap\":\"collapse\",\"layout\":\"1-2,1-2\"},\"children\":[{\"type\":\"column\",\"props\":{\"image_position\":\"center-center\",\"position_sticky_breakpoint\":\"m\",\"vertical_align\":\"middle\",\"width_medium\":\"1-2\"},\"children\":[{\"type\":\"image\",\"props\":{\"id\":\"colunas-hidrantes\",\"image\":\"wp-content\\\/uploads\\\/2024\\\/01\\\/arg-prod-colunas-valvulas.jpg\",\"image_svg_color\":\"emphasis\",\"margin\":\"default\"}}]},{\"type\":\"column\",\"props\":{\"image_position\":\"center-center\",\"position_sticky_breakpoint\":\"m\",\"style\":\"card-hover\",\"width_medium\":\"1-2\"},\"children\":[{\"type\":\"headline\",\"props\":{\"content\":\" Colunas de Hidrantes e V\\u00e1lvulas Angulares \",\"title_element\":\"h1\",\"title_font_family\":\"primary\",\"title_style\":\"h4\"}},{\"type\":\"text\",\"props\":{\"column_breakpoint\":\"m\",\"content\":\"A Argus projeta e fabrica colunas de hidrante para todos os tipos de aplica\\u00e7\\u00f5es: Colunas de Hidrante Tipo Leve, Colunas de Hidrante Industriais e Colunas de Hidrante Tipo Petrobras.Tamb\\u00e9m comercializamos v\\u00e1lvulas angulares para colunas de hidrante para as mais diversas classes de press\\u00e3o.\",\"margin\":\"default\"}},{\"type\":\"button\",\"props\":{\"grid_column_gap\":\"small\",\"grid_row_gap\":\"small\",\"margin\":\"default\"},\"children\":[{\"type\":\"button_item\",\"props\":{\"button_style\":\"primary\",\"content\":\"DATASHEETS\",\"icon\":\"arrow-right\",\"icon_align\":\"right\",\"link\":\"https:\\\/\\\/www.argus-engenharia.com.br\\\/datasheets\\\/?d=L0NvbHVuYXMgZGUgSGlkcmFudGUgZSBWw6FsdnVsYXMgQW5ndWxhcmVz&m1dll_index_get=0\"}}]}]}]},{\"type\":\"row\",\"props\":{\"column_gap\":\"collapse\",\"layout\":\"1-2,1-2\"},\"children\":[{\"type\":\"column\",\"props\":{\"image_position\":\"center-center\",\"position_sticky_breakpoint\":\"m\",\"vertical_align\":\"middle\",\"width_medium\":\"1-2\"},\"children\":[{\"type\":\"slideshow\",\"props\":{\"id\":\"alarme-acessorios\",\"link_style\":\"default\",\"link_text\":\"Read more\",\"margin\":\"default\",\"meta_align\":\"below-title\",\"meta_element\":\"div\",\"meta_style\":\"text-meta\",\"nav\":\"dotnav\",\"nav_align\":\"center\",\"nav_breakpoint\":\"s\",\"nav_position\":\"bottom-center\",\"nav_position_margin\":\"medium\",\"overlay_animation\":\"parallax\",\"overlay_position\":\"center-left\",\"show_content\":false,\"show_link\":false,\"show_meta\":false,\"show_thumbnail\":false,\"show_title\":false,\"slidenav\":\"default\",\"slidenav_breakpoint\":\"s\",\"slidenav_margin\":\"medium\",\"slidenav_outside_breakpoint\":\"xl\",\"slideshow_autoplay\":true,\"slideshow_autoplay_pause\":true,\"slideshow_min_height\":300,\"thumbnav_height\":\"75\",\"thumbnav_svg_color\":\"emphasis\",\"thumbnav_width\":\"100\",\"title_element\":\"h3\"},\"children\":[{\"type\":\"slideshow_item\",\"props\":{\"image\":\"wp-content\\\/uploads\\\/2025\\\/07\\\/arg-valv-alarme.jpg\",\"title\":\"arg-valv-alarme\"}},{\"type\":\"slideshow_item\",\"props\":{\"image\":\"wp-content\\\/uploads\\\/2024\\\/01\\\/arg-prod-valvulas.jpg\",\"title\":\"arg-prod-valvulas\"}}]}]},{\"type\":\"column\",\"props\":{\"image_position\":\"center-center\",\"position_sticky_breakpoint\":\"m\",\"style\":\"card-hover\",\"width_medium\":\"1-2\"},\"children\":[{\"type\":\"headline\",\"props\":{\"content\":\" V\\u00e1lvulas de Alarme e Acess\\u00f3rios \",\"title_element\":\"h1\",\"title_font_family\":\"primary\",\"title_style\":\"h4\"}},{\"type\":\"text\",\"props\":{\"column_breakpoint\":\"m\",\"content\":\"A linha de Arm\\u00e1rios e Abrigos para extintores e mangueiras de combate a inc\\u00eandio da Argus contempla equipamentos fabricados nos mais diversos tipos de materiais (a\\u00e7o carbono com pintura em ep\\u00f3xi eletrost\\u00e1tico, PRFV (pl\\u00e1stico refor\\u00e7ado em fibra de vidro), a\\u00e7o inoxid\\u00e1vel e polietileno, para todos os tipos de aplica\\u00e7\\u00f5es: hot\\u00e9is, condom\\u00ednios resid\\u00eancias, ind\\u00fastria em geral, mercado de petr\\u00f3leo, \\u00f3leo e g\\u00e1s, aplica\\u00e7\\u00e3o off-shore e atendimento a norma Petrobras N-1203.\",\"margin\":\"default\"}},{\"type\":\"button\",\"props\":{\"grid_column_gap\":\"small\",\"grid_row_gap\":\"small\",\"margin\":\"default\"},\"children\":[{\"type\":\"button_item\",\"props\":{\"button_style\":\"primary\",\"content\":\"DATASHEETS\",\"icon\":\"arrow-right\",\"icon_align\":\"right\",\"link\":\"https:\\\/\\\/www.argus-engenharia.com.br\\\/datasheets\\\/?d=L1bDoWx2dWxhcw%3D%3D&m1dll_index_get=0\"}}]}]}]},{\"type\":\"row\",\"props\":{\"column_gap\":\"collapse\",\"layout\":\"1-2,1-2\"},\"children\":[{\"type\":\"column\",\"props\":{\"image_position\":\"center-center\",\"position_sticky_breakpoint\":\"m\",\"vertical_align\":\"middle\",\"width_medium\":\"1-2\"},\"children\":[{\"type\":\"slideshow\",\"props\":{\"id\":\"hidraulicas\",\"link_style\":\"default\",\"link_text\":\"Read more\",\"margin\":\"default\",\"meta_align\":\"below-title\",\"meta_element\":\"div\",\"meta_style\":\"text-meta\",\"nav\":\"dotnav\",\"nav_align\":\"center\",\"nav_breakpoint\":\"s\",\"nav_position\":\"bottom-center\",\"nav_position_margin\":\"medium\",\"overlay_animation\":\"parallax\",\"overlay_position\":\"center-left\",\"show_content\":false,\"show_link\":false,\"show_meta\":false,\"show_thumbnail\":false,\"show_title\":false,\"slidenav\":\"default\",\"slidenav_breakpoint\":\"s\",\"slidenav_margin\":\"medium\",\"slidenav_outside_breakpoint\":\"xl\",\"slideshow_autoplay\":true,\"slideshow_autoplay_pause\":true,\"slideshow_min_height\":300,\"thumbnav_height\":\"75\",\"thumbnav_svg_color\":\"emphasis\",\"thumbnav_width\":\"100\",\"title_element\":\"h3\"},\"children\":[{\"type\":\"slideshow_item\",\"props\":{\"image\":\"wp-content\\\/uploads\\\/2025\\\/07\\\/arg-valv-hidra-01.jpg\",\"title\":\"arg-valv-hidra-01\"}},{\"type\":\"slideshow_item\",\"props\":{\"image\":\"wp-content\\\/uploads\\\/2025\\\/07\\\/arg-valv-hidra-02.jpg\",\"title\":\"arg-valv-hidra-02\"}},{\"type\":\"slideshow_item\",\"props\":{\"image\":\"wp-content\\\/uploads\\\/2025\\\/07\\\/arg-valv-hidra-03.jpg\",\"title\":\"arg-valv-hidra-03\"}}]}]},{\"type\":\"column\",\"props\":{\"image_position\":\"center-center\",\"position_sticky_breakpoint\":\"m\",\"style\":\"card-hover\",\"width_medium\":\"1-2\"},\"children\":[{\"type\":\"headline\",\"props\":{\"content\":\" V\\u00e1lvulas Hidr\\u00e1ulicas \",\"title_element\":\"h1\",\"title_font_family\":\"primary\",\"title_style\":\"h4\"}},{\"type\":\"text\",\"props\":{\"column_breakpoint\":\"m\",\"content\":\"As v\\u00e1lvulas hidr\\u00e1ulicas dil\\u00favio s\\u00e3o projetadas para atuar como mecanismos de controle de inunda\\u00e7\\u00e3o em sistemas hidr\\u00e1ulicos. Quando ocorre uma eleva\\u00e7\\u00e3o do n\\u00edvel de \\u00e1gua al\\u00e9m de um ponto predefinido, essas v\\u00e1lvulas entram em a\\u00e7\\u00e3o, interrompendo o fluxo e impedindo que a \\u00e1gua indesejada penetre nas \\u00e1reas protegidas. O funcionamento \\u00e9 baseado na resposta \\u00e0s mudan\\u00e7as de press\\u00e3o exercidas pela \\u00e1gua em situa\\u00e7\\u00f5es de enchentes e enchentes repentinas.\",\"margin\":\"default\"}},{\"type\":\"button\",\"props\":{\"grid_column_gap\":\"small\",\"grid_row_gap\":\"small\",\"margin\":\"default\"},\"children\":[{\"type\":\"button_item\",\"props\":{\"button_style\":\"primary\",\"content\":\"DATASHEETS\",\"icon\":\"arrow-right\",\"icon_align\":\"right\",\"link\":\"https:\\\/\\\/www.argus-engenharia.com.br\\\/datasheets\\\/?d=L1bDoWx2dWxhcy9Ww4FMVlVMQVMgSElEUsOBVUxJQ0FT&m1dll_index_get=0\"}}]}]}]}],\"name\":\"PRODUTOS-PAGE-CERTO\"}],\"version\":\"4.1.3\"} --><\/p>\n","protected":false},"excerpt":{"rendered":"<p>PRODUTOS V\u00e1lvulas A Argus tem uma linha completa de produtos para combate a inc\u00eandio: Nossos produtos s\u00e3o certificados pela ABNT, listados e aprovados UL e FM. Colunas de Hidrantes e V\u00e1lvulas Angulares A Argus projeta e fabrica colunas de hidrante para todos os tipos de aplica\u00e7\u00f5es: Colunas de Hidrante Tipo Leve, Colunas de Hidrante Industriais [&hellip;]<\/p>\n","protected":false},"author":1,"featured_media":0,"parent":1135,"menu_order":0,"comment_status":"closed","ping_status":"closed","template":"","meta":{"_joinchat":[],"footnotes":""},"class_list":["post-1278","page","type-page","status-publish","hentry"],"yoast_head":"<!-- This site is optimized with the Yoast SEO plugin v27.5 - https:\/\/yoast.com\/product\/yoast-seo-wordpress\/ -->\n<title>V\u00e1lvulas - Argus Engenharia<\/title>\n<meta name=\"robots\" content=\"index, follow, max-snippet:-1, max-image-preview:large, max-video-preview:-1\" \/>\n<link rel=\"canonical\" href=\"https:\/\/www.argus-engenharia.com.br\/site\/produtos\/valvulas\/\" \/>\n<meta property=\"og:locale\" content=\"pt_BR\" \/>\n<meta property=\"og:type\" content=\"article\" \/>\n<meta property=\"og:title\" content=\"V\u00e1lvulas - Argus Engenharia\" \/>\n<meta property=\"og:description\" content=\"PRODUTOS V\u00e1lvulas A Argus tem uma linha completa de produtos para combate a inc\u00eandio: Nossos produtos s\u00e3o certificados pela ABNT, listados e aprovados UL e FM. Colunas de Hidrantes e V\u00e1lvulas Angulares A Argus projeta e fabrica colunas de hidrante para todos os tipos de aplica\u00e7\u00f5es: Colunas de Hidrante Tipo Leve, Colunas de Hidrante Industriais [&hellip;]\" \/>\n<meta property=\"og:url\" content=\"https:\/\/www.argus-engenharia.com.br\/site\/produtos\/valvulas\/\" \/>\n<meta property=\"og:site_name\" content=\"Argus Engenharia\" \/>\n<meta property=\"article:modified_time\" content=\"2026-01-28T20:32:52+00:00\" \/>\n<meta name=\"twitter:card\" content=\"summary_large_image\" \/>\n<script type=\"application\/ld+json\" class=\"yoast-schema-graph\">{\"@context\":\"https:\\\/\\\/schema.org\",\"@graph\":[{\"@type\":\"WebPage\",\"@id\":\"https:\\\/\\\/www.argus-engenharia.com.br\\\/site\\\/produtos\\\/valvulas\\\/\",\"url\":\"https:\\\/\\\/www.argus-engenharia.com.br\\\/site\\\/produtos\\\/valvulas\\\/\",\"name\":\"V\u00e1lvulas - Argus Engenharia\",\"isPartOf\":{\"@id\":\"http:\\\/\\\/www.argus-engenharia.com.br\\\/#website\"},\"datePublished\":\"2025-04-15T18:54:43+00:00\",\"dateModified\":\"2026-01-28T20:32:52+00:00\",\"breadcrumb\":{\"@id\":\"https:\\\/\\\/www.argus-engenharia.com.br\\\/site\\\/produtos\\\/valvulas\\\/#breadcrumb\"},\"inLanguage\":\"pt-BR\",\"potentialAction\":[{\"@type\":\"ReadAction\",\"target\":[\"https:\\\/\\\/www.argus-engenharia.com.br\\\/site\\\/produtos\\\/valvulas\\\/\"]}]},{\"@type\":\"BreadcrumbList\",\"@id\":\"https:\\\/\\\/www.argus-engenharia.com.br\\\/site\\\/produtos\\\/valvulas\\\/#breadcrumb\",\"itemListElement\":[{\"@type\":\"ListItem\",\"position\":1,\"name\":\"In\u00edcio\",\"item\":\"http:\\\/\\\/www.argus-engenharia.com.br\\\/\"},{\"@type\":\"ListItem\",\"position\":2,\"name\":\"Produtos\",\"item\":\"http:\\\/\\\/www.argus-engenharia.com.br\\\/produtos\\\/\"},{\"@type\":\"ListItem\",\"position\":3,\"name\":\"V\u00e1lvulas\"}]},{\"@type\":\"WebSite\",\"@id\":\"http:\\\/\\\/www.argus-engenharia.com.br\\\/#website\",\"url\":\"http:\\\/\\\/www.argus-engenharia.com.br\\\/\",\"name\":\"Argus Engenharia\",\"description\":\"Produtos e Sistemas contra Inc\u00eandio\",\"publisher\":{\"@id\":\"http:\\\/\\\/www.argus-engenharia.com.br\\\/#organization\"},\"potentialAction\":[{\"@type\":\"SearchAction\",\"target\":{\"@type\":\"EntryPoint\",\"urlTemplate\":\"http:\\\/\\\/www.argus-engenharia.com.br\\\/?s={search_term_string}\"},\"query-input\":{\"@type\":\"PropertyValueSpecification\",\"valueRequired\":true,\"valueName\":\"search_term_string\"}}],\"inLanguage\":\"pt-BR\"},{\"@type\":\"Organization\",\"@id\":\"http:\\\/\\\/www.argus-engenharia.com.br\\\/#organization\",\"name\":\"Argus Engenharia\",\"url\":\"http:\\\/\\\/www.argus-engenharia.com.br\\\/\",\"logo\":{\"@type\":\"ImageObject\",\"inLanguage\":\"pt-BR\",\"@id\":\"http:\\\/\\\/www.argus-engenharia.com.br\\\/#\\\/schema\\\/logo\\\/image\\\/\",\"url\":\"http:\\\/\\\/www.argus-engenharia.com.br\\\/site\\\/wp-content\\\/uploads\\\/2023\\\/10\\\/arg-logo-cor.svg\",\"contentUrl\":\"http:\\\/\\\/www.argus-engenharia.com.br\\\/site\\\/wp-content\\\/uploads\\\/2023\\\/10\\\/arg-logo-cor.svg\",\"width\":1,\"height\":1,\"caption\":\"Argus Engenharia\"},\"image\":{\"@id\":\"http:\\\/\\\/www.argus-engenharia.com.br\\\/#\\\/schema\\\/logo\\\/image\\\/\"},\"sameAs\":[\"https:\\\/\\\/www.linkedin.com\\\/company\\\/argus-produtos-e-sistemas-contra-inc-ndio\\\/\",\"https:\\\/\\\/www.instagram.com\\\/argusengenhariabrasil\"]}]}<\/script>\n<!-- \/ Yoast SEO plugin. -->","yoast_head_json":{"title":"V\u00e1lvulas - Argus Engenharia","robots":{"index":"index","follow":"follow","max-snippet":"max-snippet:-1","max-image-preview":"max-image-preview:large","max-video-preview":"max-video-preview:-1"},"canonical":"https:\/\/www.argus-engenharia.com.br\/site\/produtos\/valvulas\/","og_locale":"pt_BR","og_type":"article","og_title":"V\u00e1lvulas - Argus Engenharia","og_description":"PRODUTOS V\u00e1lvulas A Argus tem uma linha completa de produtos para combate a inc\u00eandio: Nossos produtos s\u00e3o certificados pela ABNT, listados e aprovados UL e FM. Colunas de Hidrantes e V\u00e1lvulas Angulares A Argus projeta e fabrica colunas de hidrante para todos os tipos de aplica\u00e7\u00f5es: Colunas de Hidrante Tipo Leve, Colunas de Hidrante Industriais [&hellip;]","og_url":"https:\/\/www.argus-engenharia.com.br\/site\/produtos\/valvulas\/","og_site_name":"Argus Engenharia","article_modified_time":"2026-01-28T20:32:52+00:00","twitter_card":"summary_large_image","schema":{"@context":"https:\/\/schema.org","@graph":[{"@type":"WebPage","@id":"https:\/\/www.argus-engenharia.com.br\/site\/produtos\/valvulas\/","url":"https:\/\/www.argus-engenharia.com.br\/site\/produtos\/valvulas\/","name":"V\u00e1lvulas - Argus Engenharia","isPartOf":{"@id":"http:\/\/www.argus-engenharia.com.br\/#website"},"datePublished":"2025-04-15T18:54:43+00:00","dateModified":"2026-01-28T20:32:52+00:00","breadcrumb":{"@id":"https:\/\/www.argus-engenharia.com.br\/site\/produtos\/valvulas\/#breadcrumb"},"inLanguage":"pt-BR","potentialAction":[{"@type":"ReadAction","target":["https:\/\/www.argus-engenharia.com.br\/site\/produtos\/valvulas\/"]}]},{"@type":"BreadcrumbList","@id":"https:\/\/www.argus-engenharia.com.br\/site\/produtos\/valvulas\/#breadcrumb","itemListElement":[{"@type":"ListItem","position":1,"name":"In\u00edcio","item":"http:\/\/www.argus-engenharia.com.br\/"},{"@type":"ListItem","position":2,"name":"Produtos","item":"http:\/\/www.argus-engenharia.com.br\/produtos\/"},{"@type":"ListItem","position":3,"name":"V\u00e1lvulas"}]},{"@type":"WebSite","@id":"http:\/\/www.argus-engenharia.com.br\/#website","url":"http:\/\/www.argus-engenharia.com.br\/","name":"Argus Engenharia","description":"Produtos e Sistemas contra Inc\u00eandio","publisher":{"@id":"http:\/\/www.argus-engenharia.com.br\/#organization"},"potentialAction":[{"@type":"SearchAction","target":{"@type":"EntryPoint","urlTemplate":"http:\/\/www.argus-engenharia.com.br\/?s={search_term_string}"},"query-input":{"@type":"PropertyValueSpecification","valueRequired":true,"valueName":"search_term_string"}}],"inLanguage":"pt-BR"},{"@type":"Organization","@id":"http:\/\/www.argus-engenharia.com.br\/#organization","name":"Argus Engenharia","url":"http:\/\/www.argus-engenharia.com.br\/","logo":{"@type":"ImageObject","inLanguage":"pt-BR","@id":"http:\/\/www.argus-engenharia.com.br\/#\/schema\/logo\/image\/","url":"http:\/\/www.argus-engenharia.com.br\/site\/wp-content\/uploads\/2023\/10\/arg-logo-cor.svg","contentUrl":"http:\/\/www.argus-engenharia.com.br\/site\/wp-content\/uploads\/2023\/10\/arg-logo-cor.svg","width":1,"height":1,"caption":"Argus Engenharia"},"image":{"@id":"http:\/\/www.argus-engenharia.com.br\/#\/schema\/logo\/image\/"},"sameAs":["https:\/\/www.linkedin.com\/company\/argus-produtos-e-sistemas-contra-inc-ndio\/","https:\/\/www.instagram.com\/argusengenhariabrasil"]}]}},"_links":{"self":[{"href":"https:\/\/www.argus-engenharia.com.br\/site\/wp-json\/wp\/v2\/pages\/1278","targetHints":{"allow":["GET"]}}],"collection":[{"href":"https:\/\/www.argus-engenharia.com.br\/site\/wp-json\/wp\/v2\/pages"}],"about":[{"href":"https:\/\/www.argus-engenharia.com.br\/site\/wp-json\/wp\/v2\/types\/page"}],"author":[{"embeddable":true,"href":"https:\/\/www.argus-engenharia.com.br\/site\/wp-json\/wp\/v2\/users\/1"}],"replies":[{"embeddable":true,"href":"https:\/\/www.argus-engenharia.com.br\/site\/wp-json\/wp\/v2\/comments?post=1278"}],"version-history":[{"count":10,"href":"https:\/\/www.argus-engenharia.com.br\/site\/wp-json\/wp\/v2\/pages\/1278\/revisions"}],"predecessor-version":[{"id":1664,"href":"https:\/\/www.argus-engenharia.com.br\/site\/wp-json\/wp\/v2\/pages\/1278\/revisions\/1664"}],"up":[{"embeddable":true,"href":"https:\/\/www.argus-engenharia.com.br\/site\/wp-json\/wp\/v2\/pages\/1135"}],"wp:attachment":[{"href":"https:\/\/www.argus-engenharia.com.br\/site\/wp-json\/wp\/v2\/media?parent=1278"}],"curies":[{"name":"wp","href":"https:\/\/api.w.org\/{rel}","templated":true}]}}