{"id":1276,"date":"2025-04-15T15:54:16","date_gmt":"2025-04-15T18:54:16","guid":{"rendered":"http:\/\/www.argus-engenharia.com.br\/?page_id=1276"},"modified":"2026-01-28T17:22:28","modified_gmt":"2026-01-28T20:22:28","slug":"canhoes-monitores-e-esguichos","status":"publish","type":"page","link":"https:\/\/www.argus-engenharia.com.br\/site\/produtos\/canhoes-monitores-e-esguichos\/","title":{"rendered":"Canh\u00f5es Monitores e Esguichos"},"content":{"rendered":"<p>\n    <a href=\"\/site\/produtos\/\">PRODUTOS<\/a>\n<\/p>\n<h1>Canh\u00f5es Monitores e Esguichos<\/h1>\n<h1>A Argus tem uma linha completa de produtos para combate a inc\u00eandio:<\/h1>\n<div>Nossos produtos s\u00e3o certificados pela ABNT, listados e aprovados UL e FM.<\/div>\n<ul>\n<li>\n<p>        <img decoding=\"async\" src=\"\/site\/wp-content\/uploads\/2025\/07\/arg-monitor-01.jpg\" alt=\"\"><\/p>\n<h3>arg-monitor-01<\/h3>\n<\/li>\n<li>\n<p>        <img decoding=\"async\" src=\"\/site\/wp-content\/uploads\/2025\/07\/arg-monitor-02.jpg\" alt=\"\"><\/p>\n<h3>arg-monitor-02<\/h3>\n<\/li>\n<li>\n<p>        <img decoding=\"async\" src=\"\/site\/wp-content\/uploads\/2025\/07\/arg-monitor-03.jpg\" alt=\"\"><\/p>\n<h3>arg-monitor-03<\/h3>\n<\/li>\n<li>\n<p>        <img decoding=\"async\" src=\"\/site\/wp-content\/uploads\/2025\/07\/arg-monitor-04.jpg\" alt=\"\"><\/p>\n<h3>arg-monitor-04<\/h3>\n<\/li>\n<li>\n<p>        <img decoding=\"async\" src=\"\/site\/wp-content\/uploads\/2025\/07\/arg-monitor-05.jpg\" alt=\"\"><\/p>\n<h3>arg-monitor-05<\/h3>\n<\/li>\n<li>\n<p>        <img decoding=\"async\" src=\"\/site\/wp-content\/uploads\/2025\/07\/arg-monitor-06.jpg\" alt=\"\"><\/p>\n<h3>arg-monitor-06<\/h3>\n<\/li>\n<li>\n<p>        <img decoding=\"async\" src=\"\/site\/wp-content\/uploads\/2025\/07\/arg-monitor-07.jpg\" alt=\"\"><\/p>\n<h3>arg-monitor-07<\/h3>\n<\/li>\n<li>\n<p>        <img decoding=\"async\" src=\"\/site\/wp-content\/uploads\/2025\/07\/arg-monitor-08.jpg\" alt=\"\"><\/p>\n<h3>arg-monitor-08<\/h3>\n<\/li>\n<li>\n<p>        <img decoding=\"async\" src=\"\/site\/wp-content\/uploads\/2025\/07\/arg-monitor-09.jpg\" alt=\"\"><\/p>\n<h3>arg-monitor-09<\/h3>\n<\/li>\n<\/ul>\n<h1> Canh\u00f5es Monitores <\/h1>\n<div>Equipamentos cuja fun\u00e7\u00e3o \u00e9 a forma\u00e7\u00e3o da espuma de combate a inc\u00eandio, promovendo a expans\u00e3o necess\u00e1ria da solu\u00e7\u00e3o de espuma e sua introdu\u00e7\u00e3o no interior das \u00e1reas sinistradas. A Argus possui c\u00e2maras de espuma e geradores de espuma para todas as aplica\u00e7\u00f5es, atendendo as mais diversas normas: NFPA 11, Petrobras N-1203, Instru\u00e7\u00f5es e Normas T\u00e9cnicas dos Corpos de Bombeiros e NBR 17505.<\/div>\n<p>\n    <a href=\"https:\/\/www.argus-engenharia.com.br\/datasheets\/?d=L0NhbmjDtWVzIE1vbml0b3Jlcw%3D%3D&#038;m1dll_index_get=0\">DATASHEETS<\/a>\n<\/p>\n<ul>\n<li>\n<p>        <img decoding=\"async\" src=\"\/site\/wp-content\/uploads\/2025\/07\/arg-esgman-01.jpg\" alt=\"\"><\/p>\n<h3>arg-esgman-01<\/h3>\n<\/li>\n<li>\n<p>        <img decoding=\"async\" src=\"\/site\/wp-content\/uploads\/2025\/07\/arg-esgman-02.jpg\" alt=\"\"><\/p>\n<h3>arg-esgman-02<\/h3>\n<\/li>\n<li>\n<p>        <img decoding=\"async\" src=\"\/site\/wp-content\/uploads\/2025\/07\/arg-esgman-03.jpg\" alt=\"\"><\/p>\n<h3>arg-esgman-03<\/h3>\n<\/li>\n<li>\n<p>        <img decoding=\"async\" src=\"\/site\/wp-content\/uploads\/2025\/07\/arg-esgman-04.jpg\" alt=\"\"><\/p>\n<h3>arg-esgman-04<\/h3>\n<\/li>\n<\/ul>\n<h1> Esguichos Manuais <\/h1>\n<div>A linha de Esguichos Manuais da Argus compreende todos os modelos especificados nas normas NFPA 1964 e NBR 14870, fornecidos com conex\u00e3o tipo engate r\u00e1pido de 1.1\/2\u201d ou 2.1\/2\u201d, com uma extensa gama de op\u00e7\u00f5es de vaz\u00e3o e para utiliza\u00e7\u00e3o com \u00e1gua ou espuma.<\/div>\n<p>\n    <a href=\"https:\/\/www.argus-engenharia.com.br\/datasheets\/?d=L0VzZ3VpY2hvcy9Fc2d1aWNob3MgTWFudWFpcw%3D%3D&#038;m1dll_index_get=0\">DATASHEETS<\/a>\n<\/p>\n<ul>\n<li>\n<p>        <img decoding=\"async\" src=\"\/site\/wp-content\/uploads\/2025\/07\/arg-esgcan-01.jpg\" alt=\"\"><\/p>\n<h3>arg-esgcan-01<\/h3>\n<\/li>\n<li>\n<p>        <img decoding=\"async\" src=\"\/site\/wp-content\/uploads\/2025\/07\/arg-esgcan-02.jpg\" alt=\"\"><\/p>\n<h3>arg-esgcan-02<\/h3>\n<\/li>\n<li>\n<p>        <img decoding=\"async\" src=\"\/site\/wp-content\/uploads\/2025\/07\/arg-esgcan-03.jpg\" alt=\"\"><\/p>\n<h3>arg-esgcan-03<\/h3>\n<\/li>\n<li>\n<p>        <img decoding=\"async\" src=\"\/site\/wp-content\/uploads\/2025\/07\/arg-esgcan-04.jpg\" alt=\"\"><\/p>\n<h3>arg-esgcan-04<\/h3>\n<\/li>\n<li>\n<p>        <img decoding=\"async\" src=\"\/site\/wp-content\/uploads\/2025\/07\/arg-esgcan-05.jpg\" alt=\"\"><\/p>\n<h3>arg-esgcan-05<\/h3>\n<\/li>\n<li>\n<p>        <img decoding=\"async\" src=\"\/site\/wp-content\/uploads\/2025\/07\/arg-esgcan-06.jpg\" alt=\"\"><\/p>\n<h3>arg-esgcan-06<\/h3>\n<\/li>\n<li>\n<p>        <img decoding=\"async\" src=\"\/site\/wp-content\/uploads\/2025\/07\/arg-esgcan-07.jpg\" alt=\"\"><\/p>\n<h3>arg-esgcan-07<\/h3>\n<\/li>\n<\/ul>\n<h1> Esguichos para Canh\u00f5es <\/h1>\n<div>A Argus possui esguichos para todos os tipos de canh\u00f5es monitores: esguichos para canh\u00f5es monitores port\u00e1teis; esguichos para canh\u00f5es monitores fixos; esguichos para canh\u00f5es monitores tipo auto-oscilat\u00f3rios e esguichos para canh\u00f5es monitores de controle remoto.<\/div>\n<p>\n    <a href=\"https:\/\/www.argus-engenharia.com.br\/datasheets\/?d=L0VzZ3VpY2hvcy9Fc2d1aWNob3MgcGFyYSBDYW5ow7Vlcw%3D%3D&#038;m1dll_index_get=0\">DATASHEETS<\/a>\n<\/p>\n<p><!--more--><br \/>\n<!-- {\"type\":\"layout\",\"children\":[{\"type\":\"section\",\"props\":{\"id\":\"produtos\",\"image_position\":\"center-center\",\"style\":\"default\",\"title_breakpoint\":\"xl\",\"title_position\":\"top-left\",\"title_rotation\":\"left\",\"vertical_align\":\"middle\",\"width\":\"default\"},\"children\":[{\"type\":\"row\",\"children\":[{\"type\":\"column\",\"props\":{\"image_position\":\"center-center\",\"position_sticky_breakpoint\":\"m\"},\"children\":[{\"type\":\"button\",\"props\":{\"button_size\":\"small\",\"grid_column_gap\":\"small\",\"grid_row_gap\":\"small\",\"margin\":\"default\"},\"children\":[{\"type\":\"button_item\",\"props\":{\"button_style\":\"secondary\",\"content\":\"PRODUTOS\",\"icon\":\"arrow-left\",\"icon_align\":\"left\",\"link\":\"produtos\\\/\"}}]},{\"type\":\"headline\",\"props\":{\"content\":\"Canh\\u00f5es Monitores e Esguichos\",\"margin\":\"remove-vertical\",\"title_color\":\"primary\",\"title_element\":\"h1\",\"title_style\":\"heading-small\"}},{\"type\":\"headline\",\"props\":{\"content\":\"A Argus tem uma linha completa de produtos para combate a inc\\u00eandio:\",\"margin\":\"remove-vertical\",\"title_element\":\"h1\",\"title_style\":\"text-lead\"}},{\"type\":\"text\",\"props\":{\"column_breakpoint\":\"m\",\"content\":\"Nossos produtos s\\u00e3o certificados pela ABNT, listados e aprovados UL e FM.\",\"margin\":\"remove-vertical\",\"text_style\":\"meta\"}}]}]}],\"name\":\"LISTA-PRODUTOS\"},{\"type\":\"section\",\"props\":{\"image_position\":\"center-center\",\"padding_remove_top\":true,\"style\":\"default\",\"title_breakpoint\":\"xl\",\"title_position\":\"top-left\",\"title_rotation\":\"left\",\"vertical_align\":\"middle\",\"width\":\"default\"},\"children\":[{\"type\":\"row\",\"props\":{\"column_gap\":\"collapse\",\"layout\":\"1-2,1-2\"},\"children\":[{\"type\":\"column\",\"props\":{\"image_position\":\"center-center\",\"position_sticky_breakpoint\":\"m\",\"vertical_align\":\"middle\",\"width_medium\":\"1-2\"},\"children\":[{\"type\":\"slideshow\",\"props\":{\"id\":\"canhoes-monitores\",\"link_style\":\"default\",\"link_text\":\"Read more\",\"margin\":\"default\",\"meta_align\":\"below-title\",\"meta_element\":\"div\",\"meta_style\":\"text-meta\",\"nav\":\"dotnav\",\"nav_align\":\"center\",\"nav_breakpoint\":\"s\",\"nav_position\":\"bottom-center\",\"nav_position_margin\":\"medium\",\"overlay_animation\":\"parallax\",\"overlay_position\":\"center-left\",\"show_content\":false,\"show_link\":false,\"show_meta\":false,\"show_thumbnail\":false,\"show_title\":false,\"slidenav\":\"default\",\"slidenav_breakpoint\":\"s\",\"slidenav_margin\":\"medium\",\"slidenav_outside_breakpoint\":\"xl\",\"slideshow_autoplay\":true,\"slideshow_autoplay_pause\":true,\"slideshow_min_height\":300,\"thumbnav_height\":\"75\",\"thumbnav_svg_color\":\"emphasis\",\"thumbnav_width\":\"100\",\"title_element\":\"h3\"},\"children\":[{\"type\":\"slideshow_item\",\"props\":{\"image\":\"wp-content\\\/uploads\\\/2025\\\/07\\\/arg-monitor-01.jpg\",\"title\":\"arg-monitor-01\"}},{\"type\":\"slideshow_item\",\"props\":{\"image\":\"wp-content\\\/uploads\\\/2025\\\/07\\\/arg-monitor-02.jpg\",\"title\":\"arg-monitor-02\"}},{\"type\":\"slideshow_item\",\"props\":{\"image\":\"wp-content\\\/uploads\\\/2025\\\/07\\\/arg-monitor-03.jpg\",\"title\":\"arg-monitor-03\"}},{\"type\":\"slideshow_item\",\"props\":{\"image\":\"wp-content\\\/uploads\\\/2025\\\/07\\\/arg-monitor-04.jpg\",\"title\":\"arg-monitor-04\"}},{\"type\":\"slideshow_item\",\"props\":{\"image\":\"wp-content\\\/uploads\\\/2025\\\/07\\\/arg-monitor-05.jpg\",\"title\":\"arg-monitor-05\"}},{\"type\":\"slideshow_item\",\"props\":{\"image\":\"wp-content\\\/uploads\\\/2025\\\/07\\\/arg-monitor-06.jpg\",\"title\":\"arg-monitor-06\"}},{\"type\":\"slideshow_item\",\"props\":{\"image\":\"wp-content\\\/uploads\\\/2025\\\/07\\\/arg-monitor-07.jpg\",\"title\":\"arg-monitor-07\"}},{\"type\":\"slideshow_item\",\"props\":{\"image\":\"wp-content\\\/uploads\\\/2025\\\/07\\\/arg-monitor-08.jpg\",\"title\":\"arg-monitor-08\"}},{\"type\":\"slideshow_item\",\"props\":{\"image\":\"wp-content\\\/uploads\\\/2025\\\/07\\\/arg-monitor-09.jpg\",\"title\":\"arg-monitor-09\"}}]}]},{\"type\":\"column\",\"props\":{\"image_position\":\"center-center\",\"position_sticky_breakpoint\":\"m\",\"style\":\"card-hover\",\"width_medium\":\"1-2\"},\"children\":[{\"type\":\"headline\",\"props\":{\"content\":\" Canh\\u00f5es Monitores \",\"title_element\":\"h1\",\"title_font_family\":\"primary\",\"title_style\":\"h4\"}},{\"type\":\"text\",\"props\":{\"column_breakpoint\":\"m\",\"content\":\"Equipamentos cuja fun\\u00e7\\u00e3o \\u00e9 a forma\\u00e7\\u00e3o da espuma de combate a inc\\u00eandio, promovendo a expans\\u00e3o necess\\u00e1ria da solu\\u00e7\\u00e3o de espuma e sua introdu\\u00e7\\u00e3o no interior das \\u00e1reas sinistradas. A Argus possui c\\u00e2maras de espuma e geradores de espuma para todas as aplica\\u00e7\\u00f5es, atendendo as mais diversas normas: NFPA 11, Petrobras N-1203, Instru\\u00e7\\u00f5es e Normas T\\u00e9cnicas dos Corpos de Bombeiros e NBR 17505.\",\"margin\":\"default\"}},{\"type\":\"button\",\"props\":{\"grid_column_gap\":\"small\",\"grid_row_gap\":\"small\",\"margin\":\"default\"},\"children\":[{\"type\":\"button_item\",\"props\":{\"button_style\":\"primary\",\"content\":\"DATASHEETS\",\"icon\":\"arrow-right\",\"icon_align\":\"right\",\"link\":\"https:\\\/\\\/www.argus-engenharia.com.br\\\/datasheets\\\/?d=L0NhbmjDtWVzIE1vbml0b3Jlcw%3D%3D&m1dll_index_get=0\"}}]}]}]},{\"type\":\"row\",\"props\":{\"column_gap\":\"collapse\",\"layout\":\"1-2,1-2\"},\"children\":[{\"type\":\"column\",\"props\":{\"image_position\":\"center-center\",\"position_sticky_breakpoint\":\"m\",\"vertical_align\":\"middle\",\"width_medium\":\"1-2\"},\"children\":[{\"type\":\"slideshow\",\"props\":{\"id\":\"esguichos-manuais\",\"link_style\":\"default\",\"link_text\":\"Read more\",\"margin\":\"default\",\"meta_align\":\"below-title\",\"meta_element\":\"div\",\"meta_style\":\"text-meta\",\"nav\":\"dotnav\",\"nav_align\":\"center\",\"nav_breakpoint\":\"s\",\"nav_position\":\"bottom-center\",\"nav_position_margin\":\"medium\",\"overlay_animation\":\"parallax\",\"overlay_position\":\"center-left\",\"show_content\":false,\"show_link\":false,\"show_meta\":false,\"show_thumbnail\":false,\"show_title\":false,\"slidenav\":\"default\",\"slidenav_breakpoint\":\"s\",\"slidenav_margin\":\"medium\",\"slidenav_outside_breakpoint\":\"xl\",\"slideshow_autoplay\":true,\"slideshow_autoplay_pause\":true,\"slideshow_min_height\":300,\"thumbnav_height\":\"75\",\"thumbnav_svg_color\":\"emphasis\",\"thumbnav_width\":\"100\",\"title_element\":\"h3\"},\"children\":[{\"type\":\"slideshow_item\",\"props\":{\"image\":\"wp-content\\\/uploads\\\/2025\\\/07\\\/arg-esgman-01.jpg\",\"title\":\"arg-esgman-01\"}},{\"type\":\"slideshow_item\",\"props\":{\"image\":\"wp-content\\\/uploads\\\/2025\\\/07\\\/arg-esgman-02.jpg\",\"title\":\"arg-esgman-02\"}},{\"type\":\"slideshow_item\",\"props\":{\"image\":\"wp-content\\\/uploads\\\/2025\\\/07\\\/arg-esgman-03.jpg\",\"title\":\"arg-esgman-03\"}},{\"type\":\"slideshow_item\",\"props\":{\"image\":\"wp-content\\\/uploads\\\/2025\\\/07\\\/arg-esgman-04.jpg\",\"title\":\"arg-esgman-04\"}}]}]},{\"type\":\"column\",\"props\":{\"image_position\":\"center-center\",\"position_sticky_breakpoint\":\"m\",\"style\":\"card-hover\",\"width_medium\":\"1-2\"},\"children\":[{\"type\":\"headline\",\"props\":{\"content\":\" Esguichos Manuais \",\"title_element\":\"h1\",\"title_font_family\":\"primary\",\"title_style\":\"h4\"}},{\"type\":\"text\",\"props\":{\"column_breakpoint\":\"m\",\"content\":\"A linha de Esguichos Manuais da Argus compreende todos os modelos especificados nas normas NFPA 1964 e NBR 14870, fornecidos com conex\\u00e3o tipo engate r\\u00e1pido de 1.1\\\/2\\u201d ou 2.1\\\/2\\u201d, com uma extensa gama de op\\u00e7\\u00f5es de vaz\\u00e3o e para utiliza\\u00e7\\u00e3o com \\u00e1gua ou espuma.\",\"margin\":\"default\"}},{\"type\":\"button\",\"props\":{\"grid_column_gap\":\"small\",\"grid_row_gap\":\"small\",\"margin\":\"default\"},\"children\":[{\"type\":\"button_item\",\"props\":{\"button_style\":\"primary\",\"content\":\"DATASHEETS\",\"icon\":\"arrow-right\",\"icon_align\":\"right\",\"link\":\"https:\\\/\\\/www.argus-engenharia.com.br\\\/datasheets\\\/?d=L0VzZ3VpY2hvcy9Fc2d1aWNob3MgTWFudWFpcw%3D%3D&m1dll_index_get=0\"}}]}]}]},{\"type\":\"row\",\"props\":{\"column_gap\":\"collapse\",\"layout\":\"1-2,1-2\"},\"children\":[{\"type\":\"column\",\"props\":{\"image_position\":\"center-center\",\"position_sticky_breakpoint\":\"m\",\"vertical_align\":\"middle\",\"width_medium\":\"1-2\"},\"children\":[{\"type\":\"slideshow\",\"props\":{\"id\":\"esguichos-canhoes\",\"link_style\":\"default\",\"link_text\":\"Read more\",\"margin\":\"default\",\"meta_align\":\"below-title\",\"meta_element\":\"div\",\"meta_style\":\"text-meta\",\"nav\":\"dotnav\",\"nav_align\":\"center\",\"nav_breakpoint\":\"s\",\"nav_position\":\"bottom-center\",\"nav_position_margin\":\"medium\",\"overlay_animation\":\"parallax\",\"overlay_position\":\"center-left\",\"show_content\":false,\"show_link\":false,\"show_meta\":false,\"show_thumbnail\":false,\"show_title\":false,\"slidenav\":\"default\",\"slidenav_breakpoint\":\"s\",\"slidenav_margin\":\"medium\",\"slidenav_outside_breakpoint\":\"xl\",\"slideshow_autoplay\":true,\"slideshow_autoplay_pause\":true,\"slideshow_min_height\":300,\"thumbnav_height\":\"75\",\"thumbnav_svg_color\":\"emphasis\",\"thumbnav_width\":\"100\",\"title_element\":\"h3\"},\"children\":[{\"type\":\"slideshow_item\",\"props\":{\"image\":\"wp-content\\\/uploads\\\/2025\\\/07\\\/arg-esgcan-01.jpg\",\"title\":\"arg-esgcan-01\"}},{\"type\":\"slideshow_item\",\"props\":{\"image\":\"wp-content\\\/uploads\\\/2025\\\/07\\\/arg-esgcan-02.jpg\",\"title\":\"arg-esgcan-02\"}},{\"type\":\"slideshow_item\",\"props\":{\"image\":\"wp-content\\\/uploads\\\/2025\\\/07\\\/arg-esgcan-03.jpg\",\"title\":\"arg-esgcan-03\"}},{\"type\":\"slideshow_item\",\"props\":{\"image\":\"wp-content\\\/uploads\\\/2025\\\/07\\\/arg-esgcan-04.jpg\",\"title\":\"arg-esgcan-04\"}},{\"type\":\"slideshow_item\",\"props\":{\"image\":\"wp-content\\\/uploads\\\/2025\\\/07\\\/arg-esgcan-05.jpg\",\"title\":\"arg-esgcan-05\"}},{\"type\":\"slideshow_item\",\"props\":{\"image\":\"wp-content\\\/uploads\\\/2025\\\/07\\\/arg-esgcan-06.jpg\",\"title\":\"arg-esgcan-06\"}},{\"type\":\"slideshow_item\",\"props\":{\"image\":\"wp-content\\\/uploads\\\/2025\\\/07\\\/arg-esgcan-07.jpg\",\"title\":\"arg-esgcan-07\"}}]}]},{\"type\":\"column\",\"props\":{\"image_position\":\"center-center\",\"position_sticky_breakpoint\":\"m\",\"style\":\"card-hover\",\"width_medium\":\"1-2\"},\"children\":[{\"type\":\"headline\",\"props\":{\"content\":\" Esguichos para Canh\\u00f5es \",\"title_element\":\"h1\",\"title_font_family\":\"primary\",\"title_style\":\"h4\"}},{\"type\":\"text\",\"props\":{\"column_breakpoint\":\"m\",\"content\":\"A Argus possui esguichos para todos os tipos de canh\\u00f5es monitores: esguichos para canh\\u00f5es monitores port\\u00e1teis; esguichos para canh\\u00f5es monitores fixos; esguichos para canh\\u00f5es monitores tipo auto-oscilat\\u00f3rios e esguichos para canh\\u00f5es monitores de controle remoto.\",\"margin\":\"default\"}},{\"type\":\"button\",\"props\":{\"grid_column_gap\":\"small\",\"grid_row_gap\":\"small\",\"margin\":\"default\"},\"children\":[{\"type\":\"button_item\",\"props\":{\"button_style\":\"primary\",\"content\":\"DATASHEETS\",\"icon\":\"arrow-right\",\"icon_align\":\"right\",\"link\":\"https:\\\/\\\/www.argus-engenharia.com.br\\\/datasheets\\\/?d=L0VzZ3VpY2hvcy9Fc2d1aWNob3MgcGFyYSBDYW5ow7Vlcw%3D%3D&m1dll_index_get=0\"}}]}]}]}],\"name\":\"PRODUTOS-PAGE-CERTO\"}],\"version\":\"4.1.3\"} --><\/p>\n","protected":false},"excerpt":{"rendered":"<p>PRODUTOS Canh\u00f5es Monitores e Esguichos A Argus tem uma linha completa de produtos para combate a inc\u00eandio: Nossos produtos s\u00e3o certificados pela ABNT, listados e aprovados UL e FM. arg-monitor-01 arg-monitor-02 arg-monitor-03 arg-monitor-04 arg-monitor-05 arg-monitor-06 arg-monitor-07 arg-monitor-08 arg-monitor-09 Canh\u00f5es Monitores Equipamentos cuja fun\u00e7\u00e3o \u00e9 a forma\u00e7\u00e3o da espuma de combate a inc\u00eandio, promovendo a expans\u00e3o [&hellip;]<\/p>\n","protected":false},"author":1,"featured_media":0,"parent":1135,"menu_order":0,"comment_status":"closed","ping_status":"closed","template":"","meta":{"_joinchat":[],"footnotes":""},"class_list":["post-1276","page","type-page","status-publish","hentry"],"yoast_head":"<!-- This site is optimized with the Yoast SEO plugin v27.5 - https:\/\/yoast.com\/product\/yoast-seo-wordpress\/ -->\n<title>Canh\u00f5es Monitores e Esguichos - Argus Engenharia<\/title>\n<meta name=\"robots\" content=\"index, follow, max-snippet:-1, max-image-preview:large, max-video-preview:-1\" \/>\n<link rel=\"canonical\" href=\"https:\/\/www.argus-engenharia.com.br\/site\/produtos\/canhoes-monitores-e-esguichos\/\" \/>\n<meta property=\"og:locale\" content=\"pt_BR\" \/>\n<meta property=\"og:type\" content=\"article\" \/>\n<meta property=\"og:title\" content=\"Canh\u00f5es Monitores e Esguichos - Argus Engenharia\" \/>\n<meta property=\"og:description\" content=\"PRODUTOS Canh\u00f5es Monitores e Esguichos A Argus tem uma linha completa de produtos para combate a inc\u00eandio: Nossos produtos s\u00e3o certificados pela ABNT, listados e aprovados UL e FM. arg-monitor-01 arg-monitor-02 arg-monitor-03 arg-monitor-04 arg-monitor-05 arg-monitor-06 arg-monitor-07 arg-monitor-08 arg-monitor-09 Canh\u00f5es Monitores Equipamentos cuja fun\u00e7\u00e3o \u00e9 a forma\u00e7\u00e3o da espuma de combate a inc\u00eandio, promovendo a expans\u00e3o [&hellip;]\" \/>\n<meta property=\"og:url\" content=\"https:\/\/www.argus-engenharia.com.br\/site\/produtos\/canhoes-monitores-e-esguichos\/\" \/>\n<meta property=\"og:site_name\" content=\"Argus Engenharia\" \/>\n<meta property=\"article:modified_time\" content=\"2026-01-28T20:22:28+00:00\" \/>\n<meta name=\"twitter:card\" content=\"summary_large_image\" \/>\n<script type=\"application\/ld+json\" class=\"yoast-schema-graph\">{\"@context\":\"https:\\\/\\\/schema.org\",\"@graph\":[{\"@type\":\"WebPage\",\"@id\":\"https:\\\/\\\/www.argus-engenharia.com.br\\\/site\\\/produtos\\\/canhoes-monitores-e-esguichos\\\/\",\"url\":\"https:\\\/\\\/www.argus-engenharia.com.br\\\/site\\\/produtos\\\/canhoes-monitores-e-esguichos\\\/\",\"name\":\"Canh\u00f5es Monitores e Esguichos - Argus Engenharia\",\"isPartOf\":{\"@id\":\"http:\\\/\\\/www.argus-engenharia.com.br\\\/#website\"},\"datePublished\":\"2025-04-15T18:54:16+00:00\",\"dateModified\":\"2026-01-28T20:22:28+00:00\",\"breadcrumb\":{\"@id\":\"https:\\\/\\\/www.argus-engenharia.com.br\\\/site\\\/produtos\\\/canhoes-monitores-e-esguichos\\\/#breadcrumb\"},\"inLanguage\":\"pt-BR\",\"potentialAction\":[{\"@type\":\"ReadAction\",\"target\":[\"https:\\\/\\\/www.argus-engenharia.com.br\\\/site\\\/produtos\\\/canhoes-monitores-e-esguichos\\\/\"]}]},{\"@type\":\"BreadcrumbList\",\"@id\":\"https:\\\/\\\/www.argus-engenharia.com.br\\\/site\\\/produtos\\\/canhoes-monitores-e-esguichos\\\/#breadcrumb\",\"itemListElement\":[{\"@type\":\"ListItem\",\"position\":1,\"name\":\"In\u00edcio\",\"item\":\"http:\\\/\\\/www.argus-engenharia.com.br\\\/\"},{\"@type\":\"ListItem\",\"position\":2,\"name\":\"Produtos\",\"item\":\"http:\\\/\\\/www.argus-engenharia.com.br\\\/produtos\\\/\"},{\"@type\":\"ListItem\",\"position\":3,\"name\":\"Canh\u00f5es Monitores e Esguichos\"}]},{\"@type\":\"WebSite\",\"@id\":\"http:\\\/\\\/www.argus-engenharia.com.br\\\/#website\",\"url\":\"http:\\\/\\\/www.argus-engenharia.com.br\\\/\",\"name\":\"Argus Engenharia\",\"description\":\"Produtos e Sistemas contra Inc\u00eandio\",\"publisher\":{\"@id\":\"http:\\\/\\\/www.argus-engenharia.com.br\\\/#organization\"},\"potentialAction\":[{\"@type\":\"SearchAction\",\"target\":{\"@type\":\"EntryPoint\",\"urlTemplate\":\"http:\\\/\\\/www.argus-engenharia.com.br\\\/?s={search_term_string}\"},\"query-input\":{\"@type\":\"PropertyValueSpecification\",\"valueRequired\":true,\"valueName\":\"search_term_string\"}}],\"inLanguage\":\"pt-BR\"},{\"@type\":\"Organization\",\"@id\":\"http:\\\/\\\/www.argus-engenharia.com.br\\\/#organization\",\"name\":\"Argus Engenharia\",\"url\":\"http:\\\/\\\/www.argus-engenharia.com.br\\\/\",\"logo\":{\"@type\":\"ImageObject\",\"inLanguage\":\"pt-BR\",\"@id\":\"http:\\\/\\\/www.argus-engenharia.com.br\\\/#\\\/schema\\\/logo\\\/image\\\/\",\"url\":\"http:\\\/\\\/www.argus-engenharia.com.br\\\/site\\\/wp-content\\\/uploads\\\/2023\\\/10\\\/arg-logo-cor.svg\",\"contentUrl\":\"http:\\\/\\\/www.argus-engenharia.com.br\\\/site\\\/wp-content\\\/uploads\\\/2023\\\/10\\\/arg-logo-cor.svg\",\"width\":1,\"height\":1,\"caption\":\"Argus Engenharia\"},\"image\":{\"@id\":\"http:\\\/\\\/www.argus-engenharia.com.br\\\/#\\\/schema\\\/logo\\\/image\\\/\"},\"sameAs\":[\"https:\\\/\\\/www.linkedin.com\\\/company\\\/argus-produtos-e-sistemas-contra-inc-ndio\\\/\",\"https:\\\/\\\/www.instagram.com\\\/argusengenhariabrasil\"]}]}<\/script>\n<!-- \/ Yoast SEO plugin. -->","yoast_head_json":{"title":"Canh\u00f5es Monitores e Esguichos - Argus Engenharia","robots":{"index":"index","follow":"follow","max-snippet":"max-snippet:-1","max-image-preview":"max-image-preview:large","max-video-preview":"max-video-preview:-1"},"canonical":"https:\/\/www.argus-engenharia.com.br\/site\/produtos\/canhoes-monitores-e-esguichos\/","og_locale":"pt_BR","og_type":"article","og_title":"Canh\u00f5es Monitores e Esguichos - Argus Engenharia","og_description":"PRODUTOS Canh\u00f5es Monitores e Esguichos A Argus tem uma linha completa de produtos para combate a inc\u00eandio: Nossos produtos s\u00e3o certificados pela ABNT, listados e aprovados UL e FM. arg-monitor-01 arg-monitor-02 arg-monitor-03 arg-monitor-04 arg-monitor-05 arg-monitor-06 arg-monitor-07 arg-monitor-08 arg-monitor-09 Canh\u00f5es Monitores Equipamentos cuja fun\u00e7\u00e3o \u00e9 a forma\u00e7\u00e3o da espuma de combate a inc\u00eandio, promovendo a expans\u00e3o [&hellip;]","og_url":"https:\/\/www.argus-engenharia.com.br\/site\/produtos\/canhoes-monitores-e-esguichos\/","og_site_name":"Argus Engenharia","article_modified_time":"2026-01-28T20:22:28+00:00","twitter_card":"summary_large_image","schema":{"@context":"https:\/\/schema.org","@graph":[{"@type":"WebPage","@id":"https:\/\/www.argus-engenharia.com.br\/site\/produtos\/canhoes-monitores-e-esguichos\/","url":"https:\/\/www.argus-engenharia.com.br\/site\/produtos\/canhoes-monitores-e-esguichos\/","name":"Canh\u00f5es Monitores e Esguichos - Argus Engenharia","isPartOf":{"@id":"http:\/\/www.argus-engenharia.com.br\/#website"},"datePublished":"2025-04-15T18:54:16+00:00","dateModified":"2026-01-28T20:22:28+00:00","breadcrumb":{"@id":"https:\/\/www.argus-engenharia.com.br\/site\/produtos\/canhoes-monitores-e-esguichos\/#breadcrumb"},"inLanguage":"pt-BR","potentialAction":[{"@type":"ReadAction","target":["https:\/\/www.argus-engenharia.com.br\/site\/produtos\/canhoes-monitores-e-esguichos\/"]}]},{"@type":"BreadcrumbList","@id":"https:\/\/www.argus-engenharia.com.br\/site\/produtos\/canhoes-monitores-e-esguichos\/#breadcrumb","itemListElement":[{"@type":"ListItem","position":1,"name":"In\u00edcio","item":"http:\/\/www.argus-engenharia.com.br\/"},{"@type":"ListItem","position":2,"name":"Produtos","item":"http:\/\/www.argus-engenharia.com.br\/produtos\/"},{"@type":"ListItem","position":3,"name":"Canh\u00f5es Monitores e Esguichos"}]},{"@type":"WebSite","@id":"http:\/\/www.argus-engenharia.com.br\/#website","url":"http:\/\/www.argus-engenharia.com.br\/","name":"Argus Engenharia","description":"Produtos e Sistemas contra Inc\u00eandio","publisher":{"@id":"http:\/\/www.argus-engenharia.com.br\/#organization"},"potentialAction":[{"@type":"SearchAction","target":{"@type":"EntryPoint","urlTemplate":"http:\/\/www.argus-engenharia.com.br\/?s={search_term_string}"},"query-input":{"@type":"PropertyValueSpecification","valueRequired":true,"valueName":"search_term_string"}}],"inLanguage":"pt-BR"},{"@type":"Organization","@id":"http:\/\/www.argus-engenharia.com.br\/#organization","name":"Argus Engenharia","url":"http:\/\/www.argus-engenharia.com.br\/","logo":{"@type":"ImageObject","inLanguage":"pt-BR","@id":"http:\/\/www.argus-engenharia.com.br\/#\/schema\/logo\/image\/","url":"http:\/\/www.argus-engenharia.com.br\/site\/wp-content\/uploads\/2023\/10\/arg-logo-cor.svg","contentUrl":"http:\/\/www.argus-engenharia.com.br\/site\/wp-content\/uploads\/2023\/10\/arg-logo-cor.svg","width":1,"height":1,"caption":"Argus Engenharia"},"image":{"@id":"http:\/\/www.argus-engenharia.com.br\/#\/schema\/logo\/image\/"},"sameAs":["https:\/\/www.linkedin.com\/company\/argus-produtos-e-sistemas-contra-inc-ndio\/","https:\/\/www.instagram.com\/argusengenhariabrasil"]}]}},"_links":{"self":[{"href":"https:\/\/www.argus-engenharia.com.br\/site\/wp-json\/wp\/v2\/pages\/1276","targetHints":{"allow":["GET"]}}],"collection":[{"href":"https:\/\/www.argus-engenharia.com.br\/site\/wp-json\/wp\/v2\/pages"}],"about":[{"href":"https:\/\/www.argus-engenharia.com.br\/site\/wp-json\/wp\/v2\/types\/page"}],"author":[{"embeddable":true,"href":"https:\/\/www.argus-engenharia.com.br\/site\/wp-json\/wp\/v2\/users\/1"}],"replies":[{"embeddable":true,"href":"https:\/\/www.argus-engenharia.com.br\/site\/wp-json\/wp\/v2\/comments?post=1276"}],"version-history":[{"count":9,"href":"https:\/\/www.argus-engenharia.com.br\/site\/wp-json\/wp\/v2\/pages\/1276\/revisions"}],"predecessor-version":[{"id":1655,"href":"https:\/\/www.argus-engenharia.com.br\/site\/wp-json\/wp\/v2\/pages\/1276\/revisions\/1655"}],"up":[{"embeddable":true,"href":"https:\/\/www.argus-engenharia.com.br\/site\/wp-json\/wp\/v2\/pages\/1135"}],"wp:attachment":[{"href":"https:\/\/www.argus-engenharia.com.br\/site\/wp-json\/wp\/v2\/media?parent=1276"}],"curies":[{"name":"wp","href":"https:\/\/api.w.org\/{rel}","templated":true}]}}