{"id":1229,"date":"2025-03-21T16:42:29","date_gmt":"2025-03-21T19:42:29","guid":{"rendered":"http:\/\/www.argus-engenharia.com.br\/?page_id=1229"},"modified":"2025-03-27T14:33:53","modified_gmt":"2025-03-27T17:33:53","slug":"silent-knight","status":"publish","type":"page","link":"https:\/\/www.argus-engenharia.com.br\/site\/silent-knight\/","title":{"rendered":"Silent Knight"},"content":{"rendered":"<h1>Honeywell Silent Knight<\/h1>\n<h1>Sistemas de Controle de Alarme de Inc\u00eandio<\/h1>\n<div>A Honeywell Silent Knight projeta e fabrica sistemas comerciais de alarme de inc\u00eandio e seguran\u00e7a da vida. L\u00edder no setor de alarmes de inc\u00eandio, a Silent Knight oferece um amplo portf\u00f3lio de produtos com recursos e capacidades avan\u00e7adas.<\/div>\n<ul>\n<li>\n        <a href=\"#sobre\">SAIBA MAIS<\/a>\n    <\/li>\n<li>\n        <a href=\"\/site\/wp-content\/uploads\/2025\/03\/Catalogo-Silent-Knight-Notifier-Vesda-e-FirePro.pdf\">CAT\u00c1LOGO<\/a>\n    <\/li>\n<\/ul>\n<h1>FA\u00c7A SEU OR\u00c7AMENTO<\/h1>\n<h1>SEM COMPROMISSO<\/h1>\n<div>\n\n<div class=\"wpcf7 no-js\" id=\"wpcf7-f1253-o1\" lang=\"pt-BR\" dir=\"ltr\" data-wpcf7-id=\"1253\">\n<div class=\"screen-reader-response\"><p role=\"status\" aria-live=\"polite\" aria-atomic=\"true\"><\/p> <ul><\/ul><\/div>\n<form action=\"\/site\/wp-json\/wp\/v2\/pages\/1229#wpcf7-f1253-o1\" method=\"post\" class=\"wpcf7-form init\" aria-label=\"Formul\u00e1rios de contato\" novalidate=\"novalidate\" data-status=\"init\">\n<fieldset class=\"hidden-fields-container\"><input type=\"hidden\" name=\"_wpcf7\" value=\"1253\" \/><input type=\"hidden\" name=\"_wpcf7_version\" value=\"6.1.5\" \/><input type=\"hidden\" name=\"_wpcf7_locale\" value=\"pt_BR\" \/><input type=\"hidden\" name=\"_wpcf7_unit_tag\" value=\"wpcf7-f1253-o1\" \/><input type=\"hidden\" name=\"_wpcf7_container_post\" value=\"0\" \/><input type=\"hidden\" name=\"_wpcf7_posted_data_hash\" value=\"\" \/><input type=\"hidden\" name=\"_wpcf7_recaptcha_response\" value=\"\" \/>\n<\/fieldset>\n<div class=\"uk-margin\">\n\t<p><span class=\"wpcf7-form-control-wrap\" data-name=\"arg-nome\"><input size=\"40\" maxlength=\"400\" class=\"wpcf7-form-control wpcf7-text wpcf7-validates-as-required uk-input\" aria-required=\"true\" aria-invalid=\"false\" placeholder=\"Seu nome\" value=\"\" type=\"text\" name=\"arg-nome\" \/><\/span>\n\t<\/p>\n<\/div>\n<div class=\"uk-margin\">\n\t<p><span class=\"wpcf7-form-control-wrap\" data-name=\"arg-empr\"><input size=\"40\" maxlength=\"400\" class=\"wpcf7-form-control wpcf7-text wpcf7-validates-as-required uk-input\" aria-required=\"true\" aria-invalid=\"false\" placeholder=\"Nome da empresa\" value=\"\" type=\"text\" name=\"arg-empr\" \/><\/span>\n\t<\/p>\n<\/div>\n<div class=\"uk-margin\">\n\t<p><span class=\"wpcf7-form-control-wrap\" data-name=\"arg-cnpj\"><input size=\"40\" maxlength=\"400\" class=\"wpcf7-form-control wpcf7-text wpcf7-validates-as-required uk-input\" aria-required=\"true\" aria-invalid=\"false\" placeholder=\"CNPJ\" value=\"\" type=\"text\" name=\"arg-cnpj\" \/><\/span>\n\t<\/p>\n<\/div>\n<div class=\"uk-margin\">\n\t<p><span class=\"wpcf7-form-control-wrap\" data-name=\"arg-mail\"><input size=\"40\" maxlength=\"400\" class=\"wpcf7-form-control wpcf7-email wpcf7-validates-as-required wpcf7-text wpcf7-validates-as-email uk-input\" aria-required=\"true\" aria-invalid=\"false\" placeholder=\"Seu e-mail\" value=\"\" type=\"email\" name=\"arg-mail\" \/><\/span>\n\t<\/p>\n<\/div>\n<div class=\"uk-margin\">\n\t<p><span class=\"wpcf7-form-control-wrap\" data-name=\"arg-fone\"><input size=\"40\" maxlength=\"400\" class=\"wpcf7-form-control wpcf7-text uk-input\" aria-invalid=\"false\" placeholder=\"Seu telefone\" value=\"\" type=\"text\" name=\"arg-fone\" \/><\/span>\n\t<\/p>\n<\/div>\n<div class=\"uk-margin\">\n\t<p><span class=\"wpcf7-form-control-wrap\" data-name=\"arg-msg\"><textarea cols=\"40\" rows=\"3\" maxlength=\"2000\" class=\"wpcf7-form-control wpcf7-textarea wpcf7-validates-as-required uk-textarea\" aria-required=\"true\" aria-invalid=\"false\" placeholder=\"Sua mensagem\" name=\"arg-msg\"><\/textarea><\/span>\n\t<\/p>\n<\/div>\n<div class=\"uk-margin\">\n\t<p><input class=\"wpcf7-form-control wpcf7-submit has-spinner uk-button uk-button-default\" type=\"submit\" value=\"Enviar\" \/>\n\t<\/p>\n<\/div><div class=\"wpcf7-response-output\" aria-hidden=\"true\"><\/div>\n<\/form>\n<\/div>\n<\/div>\n<p><img decoding=\"async\" src=\"\/site\/wp-content\/uploads\/2025\/03\/produtos.jpg\" alt=\"\"><br \/>\n<img decoding=\"async\" src=\"\/site\/wp-content\/uploads\/2025\/03\/honeywell-silent-knight-logo.webp\" alt=\"\"><\/p>\n<p>\n    <a href=\"\/site\/wp-content\/uploads\/2025\/03\/Catalogo-Silent-Knight-Notifier-Vesda-e-FirePro.pdf\">CAT\u00c1LOGO<\/a>\n<\/p>\n<h1>Quando a Silent Knight est\u00e1 de guarda, voc\u00ea n\u00e3o ser\u00e1 pego desprevenido. Os sistemas de inc\u00eandio da Silent Knight oferecem:<\/h1>\n<ul>\n<li>\n<div>At\u00e9 1.100 pontos endere\u00e7\u00e1veis com funcionalidade vers\u00e1til de Circuito de Linha de Sinaliza\u00e7\u00e3o (SLC \u2013 Signaling Line Circuit).<\/div>\n<\/li>\n<li>\n<div>Compatibilidade com dispositivos System Sensor\u00ae e Hochiki\u00ae.<\/div>\n<\/li>\n<li>\n<div>Painel de controle de alarme de inc\u00eandio combinado com sistema de voz de emerg\u00eancia para notifica\u00e7\u00e3o em massa.<\/div>\n<\/li>\n<li>\n<div>Capacidade de conectar pain\u00e9is endere\u00e7\u00e1veis para visualiza\u00e7\u00e3o em um \u00fanico ponto.<\/div>\n<\/li>\n<li>\n<div>Treinamento completo em sala de aula\/on-line, servi\u00e7os<br \/>\nt\u00e9cnicos, autoprograma\u00e7\u00e3o Jumpstart\u2122, configura\u00e7\u00e3o SKST e ferramentas HFSS.<\/div>\n<\/li>\n<\/ul>\n<h1>Aplica\u00e7\u00f5es<\/h1>\n<div>Desde a conex\u00e3o de pain\u00e9is at\u00e9 a utiliza\u00e7\u00e3o de sistemas de comunica\u00e7\u00e3o de emerg\u00eancia, voc\u00ea confere abaixo alguns exemplos de como os produtos da Silent Knight podem ser usados para aplica\u00e7\u00f5es espec\u00edficas.<\/div>\n<div>\n<h3>Sistemas Integrados FACP e de Voz de Emerg\u00eancia<\/h3>\n<div>Hospedados em um \u00fanico painel com perif\u00e9ricos associados; atendem aos requisitos da UL 2572 para notifica\u00e7\u00e3o\u00a0em\u00a0massa.<\/div>\n<\/div>\n<div>\n<h3>Sistemas de Inc\u00eandio para Edif\u00edcios Conectados<\/h3>\n<div>Melhore o acesso a indicadores cr\u00edticos e reduza custos de monitoramento conectando o sistema de inc\u00eandio ao utilizar fibra \u00f3ptica ou fio de cobre, com um painel gerenciando as comunica\u00e7\u00f5es para todos os pain\u00e9is conectados. As comunica\u00e7\u00f5es com a Central de Monitoramento podem ser iniciadas usando Contact ID com Alarmnet\u00ae ou protocolos SIA.<\/div>\n<\/div>\n<p><!--more--><br \/>\n<!-- {\"type\":\"layout\",\"children\":[{\"type\":\"section\",\"props\":{\"header_transparent\":\"dark\",\"image\":\"wp-content\\\/uploads\\\/2025\\\/03\\\/arg-silent.jpg\",\"image_effect\":\"parallax\",\"image_parallax_bgx\":\"200\",\"image_position\":\"center-center\",\"image_size\":\"cover\",\"padding\":\"large\",\"style\":\"default\",\"title_breakpoint\":\"xl\",\"title_position\":\"top-left\",\"title_rotation\":\"left\",\"vertical_align\":\"middle\",\"width\":\"default\"},\"children\":[{\"type\":\"row\",\"children\":[{\"type\":\"column\",\"props\":{\"image_position\":\"center-center\",\"position_sticky_breakpoint\":\"m\",\"vertical_align\":\"middle\",\"width_medium\":\"3-5\"},\"children\":[{\"type\":\"headline\",\"props\":{\"content\":\"Honeywell Silent Knight\",\"title_color\":\"primary\",\"title_element\":\"h1\",\"title_style\":\"heading-small\"}},{\"type\":\"headline\",\"props\":{\"content\":\"Sistemas de Controle de Alarme de Inc\\u00eandio\",\"margin_remove_top\":true,\"title_element\":\"h1\",\"title_style\":\"h3\"}},{\"type\":\"text\",\"props\":{\"column_breakpoint\":\"m\",\"content\":\"A Honeywell Silent Knight projeta e fabrica sistemas comerciais de alarme de inc\\u00eandio e seguran\\u00e7a da vida. L\\u00edder no setor de alarmes de inc\\u00eandio, a Silent Knight oferece um amplo portf\\u00f3lio de produtos com recursos e capacidades avan\\u00e7adas.\",\"margin\":\"default\",\"text_style\":\"lead\"}},{\"type\":\"button\",\"props\":{\"grid_column_gap\":\"small\",\"grid_row_gap\":\"small\",\"margin\":\"default\"},\"children\":[{\"type\":\"button_item\",\"props\":{\"button_style\":\"primary\",\"content\":\"SAIBA MAIS\",\"icon\":\"arrow-down\",\"icon_align\":\"right\",\"link\":\"#sobre\"}},{\"type\":\"button_item\",\"props\":{\"button_style\":\"primary\",\"content\":\"CAT\\u00c1LOGO\",\"icon\":\"file-pdf\",\"icon_align\":\"right\",\"link\":\"wp-content\\\/uploads\\\/2025\\\/03\\\/Catalogo-Silent-Knight-Notifier-Vesda-e-FirePro.pdf\",\"link_target\":\"blank\"}}]}]},{\"type\":\"column\",\"props\":{\"image_position\":\"center-center\",\"padding\":\"xsmall\",\"position_sticky_breakpoint\":\"m\",\"style\":\"tile-default\",\"width_medium\":\"2-5\"},\"children\":[{\"type\":\"headline\",\"props\":{\"content\":\"FA\\u00c7A SEU OR\\u00c7AMENTO\",\"margin_remove_bottom\":true,\"text_align\":\"center\",\"title_color\":\"muted\",\"title_element\":\"h1\",\"title_style\":\"h4\"}},{\"type\":\"headline\",\"props\":{\"content\":\"SEM COMPROMISSO\",\"margin\":\"remove-vertical\",\"text_align\":\"center\",\"title_color\":\"muted\",\"title_element\":\"h1\",\"title_style\":\"text-meta\"}},{\"type\":\"html\",\"props\":{\"content\":\"[contact-form-7 id=\\\"272998a\\\" title=\\\"Contato Silent Knight\\\"]\"}}]}],\"props\":{\"layout\":\"3-5,2-5\"}}]},{\"type\":\"section\",\"props\":{\"id\":\"sobre\",\"image_position\":\"center-center\",\"style\":\"default\",\"title_breakpoint\":\"xl\",\"title_position\":\"top-left\",\"title_rotation\":\"left\",\"vertical_align\":\"middle\",\"width\":\"default\"},\"children\":[{\"type\":\"row\",\"props\":{\"layout\":\"1-3,2-3\"},\"children\":[{\"type\":\"column\",\"props\":{\"image_position\":\"center-center\",\"position_sticky_breakpoint\":\"m\",\"vertical_align\":\"middle\",\"width_medium\":\"1-3\"},\"children\":[{\"type\":\"image\",\"props\":{\"image\":\"wp-content\\\/uploads\\\/2025\\\/03\\\/produtos.jpg\",\"image_svg_color\":\"emphasis\",\"margin\":\"default\"}},{\"type\":\"image\",\"props\":{\"image\":\"wp-content\\\/uploads\\\/2025\\\/03\\\/honeywell-silent-knight-logo.webp\",\"image_svg_color\":\"emphasis\",\"margin\":\"default\"}},{\"type\":\"button\",\"props\":{\"button_size\":\"large\",\"fullwidth\":true,\"grid_column_gap\":\"small\",\"grid_row_gap\":\"small\",\"margin\":\"medium\"},\"children\":[{\"type\":\"button_item\",\"props\":{\"button_style\":\"primary\",\"content\":\"CAT\\u00c1LOGO\",\"icon\":\"file-pdf\",\"icon_align\":\"right\",\"link\":\"wp-content\\\/uploads\\\/2025\\\/03\\\/Catalogo-Silent-Knight-Notifier-Vesda-e-FirePro.pdf\"}}]}]},{\"type\":\"column\",\"props\":{\"image_position\":\"center-center\",\"position_sticky_breakpoint\":\"m\",\"style\":\"card-primary\",\"width_medium\":\"2-3\"},\"children\":[{\"type\":\"headline\",\"props\":{\"content\":\"Quando a Silent Knight est\\u00e1 de guarda, voc\\u00ea n\\u00e3o ser\\u00e1 pego desprevenido. Os sistemas de inc\\u00eandio da Silent Knight oferecem:\",\"title_element\":\"h1\",\"title_style\":\"h5\"}},{\"type\":\"list\",\"props\":{\"column_breakpoint\":\"m\",\"icon\":\"triangle-right\",\"icon_color\":\"primary\",\"icon_width\":\"30\",\"image_align\":\"left\",\"image_svg_color\":\"emphasis\",\"image_vertical_align\":true,\"list_element\":\"ul\",\"list_horizontal_separator\":\", \",\"list_style\":\"divider\",\"list_type\":\"vertical\",\"show_image\":true,\"show_link\":true},\"children\":[{\"type\":\"list_item\",\"props\":{\"content\":\"At\\u00e9 1.100 pontos endere\\u00e7\\u00e1veis com funcionalidade vers\\u00e1til de Circuito de Linha de Sinaliza\\u00e7\\u00e3o (SLC \\u2013 Signaling Line Circuit).\"}},{\"type\":\"list_item\",\"props\":{\"content\":\"Compatibilidade com dispositivos System Sensor\\u00ae e Hochiki\\u00ae.\"}},{\"type\":\"list_item\",\"props\":{\"content\":\"Painel de controle de alarme de inc\\u00eandio combinado com sistema de voz de emerg\\u00eancia para notifica\\u00e7\\u00e3o em massa.\"}},{\"type\":\"list_item\",\"props\":{\"content\":\"Capacidade de conectar pain\\u00e9is endere\\u00e7\\u00e1veis para visualiza\\u00e7\\u00e3o em um \\u00fanico ponto.\"}},{\"type\":\"list_item\",\"props\":{\"content\":\"Treinamento completo em sala de aula\\\/on-line, servi\\u00e7os\\nt\\u00e9cnicos, autoprograma\\u00e7\\u00e3o Jumpstart\\u2122, configura\\u00e7\\u00e3o SKST e ferramentas HFSS.\"}}]}]}]},{\"type\":\"row\",\"children\":[{\"type\":\"column\",\"props\":{\"image_position\":\"center-center\",\"position_sticky_breakpoint\":\"m\"},\"children\":[{\"type\":\"headline\",\"props\":{\"content\":\"Aplica\\u00e7\\u00f5es\",\"text_align\":\"center\",\"title_decoration\":\"divider\",\"title_element\":\"h1\"}},{\"type\":\"text\",\"props\":{\"block_align\":\"center\",\"column_breakpoint\":\"m\",\"content\":\"Desde a conex\\u00e3o de pain\\u00e9is at\\u00e9 a utiliza\\u00e7\\u00e3o de sistemas de comunica\\u00e7\\u00e3o de emerg\\u00eancia, voc\\u00ea confere abaixo alguns exemplos de como os produtos da Silent Knight podem ser usados para aplica\\u00e7\\u00f5es espec\\u00edficas.\",\"margin\":\"default\",\"text_align\":\"center\",\"text_color\":\"primary\",\"text_style\":\"lead\"}}]}]},{\"type\":\"row\",\"props\":{\"layout\":\"1-2,1-2\"},\"children\":[{\"type\":\"column\",\"props\":{\"image_position\":\"center-center\",\"position_sticky_breakpoint\":\"m\",\"width_medium\":\"1-2\"},\"children\":[{\"type\":\"panel\",\"props\":{\"content\":\"Hospedados em um \\u00fanico painel com perif\\u00e9ricos associados; atendem aos requisitos da UL 2572 para notifica\\u00e7\\u00e3o\\u00a0em\\u00a0massa.\",\"content_column_breakpoint\":\"m\",\"icon_width\":80,\"image_align\":\"top\",\"image_grid_breakpoint\":\"m\",\"image_grid_width\":\"1-2\",\"image_svg_color\":\"emphasis\",\"link_style\":\"default\",\"link_text\":\"Read more\",\"margin\":\"default\",\"meta_align\":\"below-title\",\"meta_element\":\"div\",\"meta_style\":\"text-meta\",\"panel_padding\":\"default\",\"panel_style\":\"tile-muted\",\"title\":\"Sistemas Integrados FACP e de Voz de Emerg\\u00eancia\",\"title_align\":\"top\",\"title_element\":\"h3\",\"title_grid_breakpoint\":\"m\",\"title_grid_width\":\"1-2\",\"title_hover_style\":\"reset\"}}]},{\"type\":\"column\",\"props\":{\"image_position\":\"center-center\",\"position_sticky_breakpoint\":\"m\",\"width_medium\":\"1-2\"},\"children\":[{\"type\":\"panel\",\"props\":{\"content\":\"Melhore o acesso a indicadores cr\\u00edticos e reduza custos de monitoramento conectando o sistema de inc\\u00eandio ao utilizar fibra \\u00f3ptica ou fio de cobre, com um painel gerenciando as comunica\\u00e7\\u00f5es para todos os pain\\u00e9is conectados. As comunica\\u00e7\\u00f5es com a Central de Monitoramento podem ser iniciadas usando Contact ID com Alarmnet\\u00ae ou protocolos SIA.\",\"content_column_breakpoint\":\"m\",\"icon_width\":80,\"image_align\":\"top\",\"image_grid_breakpoint\":\"m\",\"image_grid_width\":\"1-2\",\"image_svg_color\":\"emphasis\",\"link_style\":\"default\",\"link_text\":\"Read more\",\"margin\":\"default\",\"meta_align\":\"below-title\",\"meta_element\":\"div\",\"meta_style\":\"text-meta\",\"panel_padding\":\"default\",\"panel_style\":\"tile-muted\",\"title\":\"Sistemas de Inc\\u00eandio para Edif\\u00edcios Conectados\",\"title_align\":\"top\",\"title_element\":\"h3\",\"title_grid_breakpoint\":\"m\",\"title_grid_width\":\"1-2\",\"title_hover_style\":\"reset\"}}]}]}]}],\"version\":\"4.1.3\"} --><\/p>\n","protected":false},"excerpt":{"rendered":"<p>Honeywell Silent Knight Sistemas de Controle de Alarme de Inc\u00eandio A Honeywell Silent Knight projeta e fabrica sistemas comerciais de alarme de inc\u00eandio e seguran\u00e7a da vida. L\u00edder no setor de alarmes de inc\u00eandio, a Silent Knight oferece um amplo portf\u00f3lio de produtos com recursos e capacidades avan\u00e7adas. SAIBA MAIS CAT\u00c1LOGO FA\u00c7A SEU OR\u00c7AMENTO SEM [&hellip;]<\/p>\n","protected":false},"author":1,"featured_media":0,"parent":0,"menu_order":0,"comment_status":"closed","ping_status":"closed","template":"","meta":{"_joinchat":[],"footnotes":""},"class_list":["post-1229","page","type-page","status-publish","hentry"],"yoast_head":"<!-- This site is optimized with the Yoast SEO plugin v27.4 - https:\/\/yoast.com\/product\/yoast-seo-wordpress\/ -->\n<title>Silent Knight - Argus Engenharia<\/title>\n<meta name=\"robots\" content=\"index, follow, max-snippet:-1, max-image-preview:large, max-video-preview:-1\" \/>\n<link rel=\"canonical\" href=\"https:\/\/www.argus-engenharia.com.br\/site\/silent-knight\/\" \/>\n<meta property=\"og:locale\" content=\"pt_BR\" \/>\n<meta property=\"og:type\" content=\"article\" \/>\n<meta property=\"og:title\" content=\"Silent Knight - Argus Engenharia\" \/>\n<meta property=\"og:description\" content=\"Honeywell Silent Knight Sistemas de Controle de Alarme de Inc\u00eandio A Honeywell Silent Knight projeta e fabrica sistemas comerciais de alarme de inc\u00eandio e seguran\u00e7a da vida. L\u00edder no setor de alarmes de inc\u00eandio, a Silent Knight oferece um amplo portf\u00f3lio de produtos com recursos e capacidades avan\u00e7adas. SAIBA MAIS CAT\u00c1LOGO FA\u00c7A SEU OR\u00c7AMENTO SEM [&hellip;]\" \/>\n<meta property=\"og:url\" content=\"https:\/\/www.argus-engenharia.com.br\/site\/silent-knight\/\" \/>\n<meta property=\"og:site_name\" content=\"Argus Engenharia\" \/>\n<meta property=\"article:modified_time\" content=\"2025-03-27T17:33:53+00:00\" \/>\n<meta name=\"twitter:card\" content=\"summary_large_image\" \/>\n<script type=\"application\/ld+json\" class=\"yoast-schema-graph\">{\"@context\":\"https:\\\/\\\/schema.org\",\"@graph\":[{\"@type\":\"WebPage\",\"@id\":\"https:\\\/\\\/www.argus-engenharia.com.br\\\/site\\\/silent-knight\\\/\",\"url\":\"https:\\\/\\\/www.argus-engenharia.com.br\\\/site\\\/silent-knight\\\/\",\"name\":\"Silent Knight - Argus Engenharia\",\"isPartOf\":{\"@id\":\"https:\\\/\\\/www.argus-engenharia.com.br\\\/site\\\/#website\"},\"datePublished\":\"2025-03-21T19:42:29+00:00\",\"dateModified\":\"2025-03-27T17:33:53+00:00\",\"breadcrumb\":{\"@id\":\"https:\\\/\\\/www.argus-engenharia.com.br\\\/site\\\/silent-knight\\\/#breadcrumb\"},\"inLanguage\":\"pt-BR\",\"potentialAction\":[{\"@type\":\"ReadAction\",\"target\":[\"https:\\\/\\\/www.argus-engenharia.com.br\\\/site\\\/silent-knight\\\/\"]}]},{\"@type\":\"BreadcrumbList\",\"@id\":\"https:\\\/\\\/www.argus-engenharia.com.br\\\/site\\\/silent-knight\\\/#breadcrumb\",\"itemListElement\":[{\"@type\":\"ListItem\",\"position\":1,\"name\":\"In\u00edcio\",\"item\":\"https:\\\/\\\/www.argus-engenharia.com.br\\\/site\\\/\"},{\"@type\":\"ListItem\",\"position\":2,\"name\":\"Silent Knight\"}]},{\"@type\":\"WebSite\",\"@id\":\"https:\\\/\\\/www.argus-engenharia.com.br\\\/site\\\/#website\",\"url\":\"https:\\\/\\\/www.argus-engenharia.com.br\\\/site\\\/\",\"name\":\"Argus Engenharia\",\"description\":\"Produtos e Sistemas contra Inc\u00eandio\",\"publisher\":{\"@id\":\"https:\\\/\\\/www.argus-engenharia.com.br\\\/site\\\/#organization\"},\"potentialAction\":[{\"@type\":\"SearchAction\",\"target\":{\"@type\":\"EntryPoint\",\"urlTemplate\":\"https:\\\/\\\/www.argus-engenharia.com.br\\\/site\\\/?s={search_term_string}\"},\"query-input\":{\"@type\":\"PropertyValueSpecification\",\"valueRequired\":true,\"valueName\":\"search_term_string\"}}],\"inLanguage\":\"pt-BR\"},{\"@type\":\"Organization\",\"@id\":\"https:\\\/\\\/www.argus-engenharia.com.br\\\/site\\\/#organization\",\"name\":\"Argus Engenharia\",\"url\":\"https:\\\/\\\/www.argus-engenharia.com.br\\\/site\\\/\",\"logo\":{\"@type\":\"ImageObject\",\"inLanguage\":\"pt-BR\",\"@id\":\"https:\\\/\\\/www.argus-engenharia.com.br\\\/site\\\/#\\\/schema\\\/logo\\\/image\\\/\",\"url\":\"http:\\\/\\\/www.argus-engenharia.com.br\\\/site\\\/wp-content\\\/uploads\\\/2023\\\/10\\\/arg-logo-cor.svg\",\"contentUrl\":\"http:\\\/\\\/www.argus-engenharia.com.br\\\/site\\\/wp-content\\\/uploads\\\/2023\\\/10\\\/arg-logo-cor.svg\",\"width\":1,\"height\":1,\"caption\":\"Argus Engenharia\"},\"image\":{\"@id\":\"https:\\\/\\\/www.argus-engenharia.com.br\\\/site\\\/#\\\/schema\\\/logo\\\/image\\\/\"},\"sameAs\":[\"https:\\\/\\\/www.linkedin.com\\\/company\\\/argus-produtos-e-sistemas-contra-inc-ndio\\\/\",\"https:\\\/\\\/www.instagram.com\\\/argusengenhariabrasil\"]}]}<\/script>\n<!-- \/ Yoast SEO plugin. -->","yoast_head_json":{"title":"Silent Knight - Argus Engenharia","robots":{"index":"index","follow":"follow","max-snippet":"max-snippet:-1","max-image-preview":"max-image-preview:large","max-video-preview":"max-video-preview:-1"},"canonical":"https:\/\/www.argus-engenharia.com.br\/site\/silent-knight\/","og_locale":"pt_BR","og_type":"article","og_title":"Silent Knight - Argus Engenharia","og_description":"Honeywell Silent Knight Sistemas de Controle de Alarme de Inc\u00eandio A Honeywell Silent Knight projeta e fabrica sistemas comerciais de alarme de inc\u00eandio e seguran\u00e7a da vida. L\u00edder no setor de alarmes de inc\u00eandio, a Silent Knight oferece um amplo portf\u00f3lio de produtos com recursos e capacidades avan\u00e7adas. SAIBA MAIS CAT\u00c1LOGO FA\u00c7A SEU OR\u00c7AMENTO SEM [&hellip;]","og_url":"https:\/\/www.argus-engenharia.com.br\/site\/silent-knight\/","og_site_name":"Argus Engenharia","article_modified_time":"2025-03-27T17:33:53+00:00","twitter_card":"summary_large_image","schema":{"@context":"https:\/\/schema.org","@graph":[{"@type":"WebPage","@id":"https:\/\/www.argus-engenharia.com.br\/site\/silent-knight\/","url":"https:\/\/www.argus-engenharia.com.br\/site\/silent-knight\/","name":"Silent Knight - Argus Engenharia","isPartOf":{"@id":"https:\/\/www.argus-engenharia.com.br\/site\/#website"},"datePublished":"2025-03-21T19:42:29+00:00","dateModified":"2025-03-27T17:33:53+00:00","breadcrumb":{"@id":"https:\/\/www.argus-engenharia.com.br\/site\/silent-knight\/#breadcrumb"},"inLanguage":"pt-BR","potentialAction":[{"@type":"ReadAction","target":["https:\/\/www.argus-engenharia.com.br\/site\/silent-knight\/"]}]},{"@type":"BreadcrumbList","@id":"https:\/\/www.argus-engenharia.com.br\/site\/silent-knight\/#breadcrumb","itemListElement":[{"@type":"ListItem","position":1,"name":"In\u00edcio","item":"https:\/\/www.argus-engenharia.com.br\/site\/"},{"@type":"ListItem","position":2,"name":"Silent Knight"}]},{"@type":"WebSite","@id":"https:\/\/www.argus-engenharia.com.br\/site\/#website","url":"https:\/\/www.argus-engenharia.com.br\/site\/","name":"Argus Engenharia","description":"Produtos e Sistemas contra Inc\u00eandio","publisher":{"@id":"https:\/\/www.argus-engenharia.com.br\/site\/#organization"},"potentialAction":[{"@type":"SearchAction","target":{"@type":"EntryPoint","urlTemplate":"https:\/\/www.argus-engenharia.com.br\/site\/?s={search_term_string}"},"query-input":{"@type":"PropertyValueSpecification","valueRequired":true,"valueName":"search_term_string"}}],"inLanguage":"pt-BR"},{"@type":"Organization","@id":"https:\/\/www.argus-engenharia.com.br\/site\/#organization","name":"Argus Engenharia","url":"https:\/\/www.argus-engenharia.com.br\/site\/","logo":{"@type":"ImageObject","inLanguage":"pt-BR","@id":"https:\/\/www.argus-engenharia.com.br\/site\/#\/schema\/logo\/image\/","url":"http:\/\/www.argus-engenharia.com.br\/site\/wp-content\/uploads\/2023\/10\/arg-logo-cor.svg","contentUrl":"http:\/\/www.argus-engenharia.com.br\/site\/wp-content\/uploads\/2023\/10\/arg-logo-cor.svg","width":1,"height":1,"caption":"Argus Engenharia"},"image":{"@id":"https:\/\/www.argus-engenharia.com.br\/site\/#\/schema\/logo\/image\/"},"sameAs":["https:\/\/www.linkedin.com\/company\/argus-produtos-e-sistemas-contra-inc-ndio\/","https:\/\/www.instagram.com\/argusengenhariabrasil"]}]}},"_links":{"self":[{"href":"https:\/\/www.argus-engenharia.com.br\/site\/wp-json\/wp\/v2\/pages\/1229","targetHints":{"allow":["GET"]}}],"collection":[{"href":"https:\/\/www.argus-engenharia.com.br\/site\/wp-json\/wp\/v2\/pages"}],"about":[{"href":"https:\/\/www.argus-engenharia.com.br\/site\/wp-json\/wp\/v2\/types\/page"}],"author":[{"embeddable":true,"href":"https:\/\/www.argus-engenharia.com.br\/site\/wp-json\/wp\/v2\/users\/1"}],"replies":[{"embeddable":true,"href":"https:\/\/www.argus-engenharia.com.br\/site\/wp-json\/wp\/v2\/comments?post=1229"}],"version-history":[{"count":10,"href":"https:\/\/www.argus-engenharia.com.br\/site\/wp-json\/wp\/v2\/pages\/1229\/revisions"}],"predecessor-version":[{"id":1254,"href":"https:\/\/www.argus-engenharia.com.br\/site\/wp-json\/wp\/v2\/pages\/1229\/revisions\/1254"}],"wp:attachment":[{"href":"https:\/\/www.argus-engenharia.com.br\/site\/wp-json\/wp\/v2\/media?parent=1229"}],"curies":[{"name":"wp","href":"https:\/\/api.w.org\/{rel}","templated":true}]}}